{"id":899,"date":"2015-07-24T11:06:42","date_gmt":"2015-07-24T09:06:42","guid":{"rendered":"http:\/\/www.klaunika.eu\/?page_id=899"},"modified":"2016-06-19T13:07:32","modified_gmt":"2016-06-19T11:07:32","slug":"vytvarne-umeni","status":"publish","type":"page","link":"https:\/\/www.klaunika.eu\/?page_id=899","title":{"rendered":"V\u00ddTVARN\u00c9 UM\u011aN\u00cd 2015"},"content":{"rendered":"<p>&nbsp;<\/p>\n<p><span style=\"color: #ff0000;\">1. 8. &#8211; 17:30\u00a0<span style=\"color: #000000;\">V<img decoding=\"async\" class=\" wp-image-901 alignleft\" src=\"https:\/\/www.klaunika.eu\/wp-content\/uploads\/2015\/07\/mirka-300x147.jpg\" alt=\"mirka\" width=\"233\" height=\"114\" srcset=\"https:\/\/www.klaunika.eu\/wp-content\/uploads\/2015\/07\/mirka-300x147.jpg 300w, https:\/\/www.klaunika.eu\/wp-content\/uploads\/2015\/07\/mirka.jpg 640w\" sizes=\"(max-width: 233px) 100vw, 233px\" \/>ernis\u00e1\u017e obraz\u016f\u00a0<strong>Miroslavy Oberreiterov\u00e9\u00a0<\/strong>se uskute\u010dn\u00ed v Ryt\u00ed\u0159sk\u00e9m s\u00e1le hradu Lipnice. V\u00edce o mal\u00ed\u0159ce <a title=\"MIROSLAVA OBERREITEROV\u00c1\" href=\"https:\/\/www.klaunika.eu\/?page_id=906\">zde<\/a>.<\/span><\/span><\/p>\n<p>&nbsp;<\/p>\n<p>D\u00e1le bude v r\u00e1mci festivalu k vid\u011bn\u00ed v\u00fdstava <strong>ArtBrut<\/strong> autistick\u00e9ho tv\u016frce <strong>Vojt\u011bcha \u0160\u016fry<\/strong>.<\/p>\n<address>\u2192 <a href=\"https:\/\/www.klaunika.eu\/?page_id=243\">Zp\u011bt<\/a><\/address>\n","protected":false},"excerpt":{"rendered":"<p>&nbsp; 1. 8. &#8211; 17:30\u00a0Vernis\u00e1\u017e obraz\u016f\u00a0Miroslavy Oberreiterov\u00e9\u00a0se uskute\u010dn\u00ed v Ryt\u00ed\u0159sk\u00e9m s\u00e1le hradu Lipnice. V\u00edce o mal\u00ed\u0159ce zde. &nbsp; D\u00e1le bude v r\u00e1mci festivalu k vid\u011bn\u00ed v\u00fdstava ArtBrut autistick\u00e9ho tv\u016frce Vojt\u011bcha \u0160\u016fry. \u2192 Zp\u011bt<\/p>\n","protected":false},"author":1,"featured_media":907,"parent":0,"menu_order":0,"comment_status":"closed","ping_status":"open","template":"","meta":{"footnotes":""},"class_list":["post-899","page","type-page","status-publish","has-post-thumbnail","hentry"],"yoast_head":"<!-- This site is optimized with the Yoast SEO plugin v27.5 - https:\/\/yoast.com\/product\/yoast-seo-wordpress\/ -->\n<title>V\u00ddTVARN\u00c9 UM\u011aN\u00cd 2015 - DIVADLO KLAUNIKY BRNO<\/title>\n<meta name=\"robots\" content=\"index, follow, max-snippet:-1, max-image-preview:large, max-video-preview:-1\" \/>\n<link rel=\"canonical\" href=\"https:\/\/www.klaunika.eu\/?page_id=899\" \/>\n<meta property=\"og:locale\" content=\"cs_CZ\" \/>\n<meta property=\"og:type\" content=\"article\" \/>\n<meta property=\"og:title\" content=\"V\u00ddTVARN\u00c9 UM\u011aN\u00cd 2015 - DIVADLO KLAUNIKY BRNO\" \/>\n<meta property=\"og:description\" content=\"&nbsp; 1. 8. &#8211; 17:30\u00a0Vernis\u00e1\u017e obraz\u016f\u00a0Miroslavy Oberreiterov\u00e9\u00a0se uskute\u010dn\u00ed v Ryt\u00ed\u0159sk\u00e9m s\u00e1le hradu Lipnice. V\u00edce o mal\u00ed\u0159ce zde. &nbsp; D\u00e1le bude v r\u00e1mci festivalu k vid\u011bn\u00ed v\u00fdstava ArtBrut autistick\u00e9ho tv\u016frce Vojt\u011bcha \u0160\u016fry. \u2192 Zp\u011bt\" \/>\n<meta property=\"og:url\" content=\"https:\/\/www.klaunika.eu\/?page_id=899\" \/>\n<meta property=\"og:site_name\" content=\"DIVADLO KLAUNIKY BRNO\" \/>\n<meta property=\"article:modified_time\" content=\"2016-06-19T11:07:32+00:00\" \/>\n<meta property=\"og:image\" content=\"https:\/\/www.klaunika.eu\/wp-content\/uploads\/2015\/07\/obraz\u010db.jpg\" \/>\n\t<meta property=\"og:image:width\" content=\"800\" \/>\n\t<meta property=\"og:image:height\" content=\"534\" \/>\n\t<meta property=\"og:image:type\" content=\"image\/jpeg\" \/>\n<meta name=\"twitter:card\" content=\"summary_large_image\" \/>\n<script type=\"application\/ld+json\" class=\"yoast-schema-graph\">{\"@context\":\"https:\\\/\\\/schema.org\",\"@graph\":[{\"@type\":\"WebPage\",\"@id\":\"https:\\\/\\\/www.klaunika.eu\\\/?page_id=899\",\"url\":\"https:\\\/\\\/www.klaunika.eu\\\/?page_id=899\",\"name\":\"V\u00ddTVARN\u00c9 UM\u011aN\u00cd 2015 - DIVADLO KLAUNIKY BRNO\",\"isPartOf\":{\"@id\":\"https:\\\/\\\/www.klaunika.eu\\\/#website\"},\"primaryImageOfPage\":{\"@id\":\"https:\\\/\\\/www.klaunika.eu\\\/?page_id=899#primaryimage\"},\"image\":{\"@id\":\"https:\\\/\\\/www.klaunika.eu\\\/?page_id=899#primaryimage\"},\"thumbnailUrl\":\"https:\\\/\\\/www.klaunika.eu\\\/wp-content\\\/uploads\\\/2015\\\/07\\\/obraz\u010db.jpg\",\"datePublished\":\"2015-07-24T09:06:42+00:00\",\"dateModified\":\"2016-06-19T11:07:32+00:00\",\"breadcrumb\":{\"@id\":\"https:\\\/\\\/www.klaunika.eu\\\/?page_id=899#breadcrumb\"},\"inLanguage\":\"cs\",\"potentialAction\":[{\"@type\":\"ReadAction\",\"target\":[\"https:\\\/\\\/www.klaunika.eu\\\/?page_id=899\"]}]},{\"@type\":\"ImageObject\",\"inLanguage\":\"cs\",\"@id\":\"https:\\\/\\\/www.klaunika.eu\\\/?page_id=899#primaryimage\",\"url\":\"https:\\\/\\\/www.klaunika.eu\\\/wp-content\\\/uploads\\\/2015\\\/07\\\/obraz\u010db.jpg\",\"contentUrl\":\"https:\\\/\\\/www.klaunika.eu\\\/wp-content\\\/uploads\\\/2015\\\/07\\\/obraz\u010db.jpg\",\"width\":800,\"height\":534},{\"@type\":\"BreadcrumbList\",\"@id\":\"https:\\\/\\\/www.klaunika.eu\\\/?page_id=899#breadcrumb\",\"itemListElement\":[{\"@type\":\"ListItem\",\"position\":1,\"name\":\"Dom\u016f\",\"item\":\"https:\\\/\\\/www.klaunika.eu\\\/\"},{\"@type\":\"ListItem\",\"position\":2,\"name\":\"V\u00ddTVARN\u00c9 UM\u011aN\u00cd 2015\"}]},{\"@type\":\"WebSite\",\"@id\":\"https:\\\/\\\/www.klaunika.eu\\\/#website\",\"url\":\"https:\\\/\\\/www.klaunika.eu\\\/\",\"name\":\"DIVADLO KLAUNIKY BRNO\",\"description\":\"SOUKROM\u00c1 SC\u00c9NA HUMORU\",\"publisher\":{\"@id\":\"https:\\\/\\\/www.klaunika.eu\\\/#organization\"},\"potentialAction\":[{\"@type\":\"SearchAction\",\"target\":{\"@type\":\"EntryPoint\",\"urlTemplate\":\"https:\\\/\\\/www.klaunika.eu\\\/?s={search_term_string}\"},\"query-input\":{\"@type\":\"PropertyValueSpecification\",\"valueRequired\":true,\"valueName\":\"search_term_string\"}}],\"inLanguage\":\"cs\"},{\"@type\":\"Organization\",\"@id\":\"https:\\\/\\\/www.klaunika.eu\\\/#organization\",\"name\":\"DIVADLO KLAUNIKY BRNO\",\"url\":\"https:\\\/\\\/www.klaunika.eu\\\/\",\"logo\":{\"@type\":\"ImageObject\",\"inLanguage\":\"cs\",\"@id\":\"https:\\\/\\\/www.klaunika.eu\\\/#\\\/schema\\\/logo\\\/image\\\/\",\"url\":\"https:\\\/\\\/www.klaunika.eu\\\/wp-content\\\/uploads\\\/2021\\\/11\\\/cropped-cropped-PSX_20211123_210259.jpg\",\"contentUrl\":\"https:\\\/\\\/www.klaunika.eu\\\/wp-content\\\/uploads\\\/2021\\\/11\\\/cropped-cropped-PSX_20211123_210259.jpg\",\"width\":248,\"height\":248,\"caption\":\"DIVADLO KLAUNIKY BRNO\"},\"image\":{\"@id\":\"https:\\\/\\\/www.klaunika.eu\\\/#\\\/schema\\\/logo\\\/image\\\/\"}}]}<\/script>\n<!-- \/ Yoast SEO plugin. -->","yoast_head_json":{"title":"V\u00ddTVARN\u00c9 UM\u011aN\u00cd 2015 - DIVADLO KLAUNIKY BRNO","robots":{"index":"index","follow":"follow","max-snippet":"max-snippet:-1","max-image-preview":"max-image-preview:large","max-video-preview":"max-video-preview:-1"},"canonical":"https:\/\/www.klaunika.eu\/?page_id=899","og_locale":"cs_CZ","og_type":"article","og_title":"V\u00ddTVARN\u00c9 UM\u011aN\u00cd 2015 - DIVADLO KLAUNIKY BRNO","og_description":"&nbsp; 1. 8. &#8211; 17:30\u00a0Vernis\u00e1\u017e obraz\u016f\u00a0Miroslavy Oberreiterov\u00e9\u00a0se uskute\u010dn\u00ed v Ryt\u00ed\u0159sk\u00e9m s\u00e1le hradu Lipnice. V\u00edce o mal\u00ed\u0159ce zde. &nbsp; D\u00e1le bude v r\u00e1mci festivalu k vid\u011bn\u00ed v\u00fdstava ArtBrut autistick\u00e9ho tv\u016frce Vojt\u011bcha \u0160\u016fry. \u2192 Zp\u011bt","og_url":"https:\/\/www.klaunika.eu\/?page_id=899","og_site_name":"DIVADLO KLAUNIKY BRNO","article_modified_time":"2016-06-19T11:07:32+00:00","og_image":[{"width":800,"height":534,"url":"https:\/\/www.klaunika.eu\/wp-content\/uploads\/2015\/07\/obraz\u010db.jpg","type":"image\/jpeg"}],"twitter_card":"summary_large_image","schema":{"@context":"https:\/\/schema.org","@graph":[{"@type":"WebPage","@id":"https:\/\/www.klaunika.eu\/?page_id=899","url":"https:\/\/www.klaunika.eu\/?page_id=899","name":"V\u00ddTVARN\u00c9 UM\u011aN\u00cd 2015 - DIVADLO KLAUNIKY BRNO","isPartOf":{"@id":"https:\/\/www.klaunika.eu\/#website"},"primaryImageOfPage":{"@id":"https:\/\/www.klaunika.eu\/?page_id=899#primaryimage"},"image":{"@id":"https:\/\/www.klaunika.eu\/?page_id=899#primaryimage"},"thumbnailUrl":"https:\/\/www.klaunika.eu\/wp-content\/uploads\/2015\/07\/obraz\u010db.jpg","datePublished":"2015-07-24T09:06:42+00:00","dateModified":"2016-06-19T11:07:32+00:00","breadcrumb":{"@id":"https:\/\/www.klaunika.eu\/?page_id=899#breadcrumb"},"inLanguage":"cs","potentialAction":[{"@type":"ReadAction","target":["https:\/\/www.klaunika.eu\/?page_id=899"]}]},{"@type":"ImageObject","inLanguage":"cs","@id":"https:\/\/www.klaunika.eu\/?page_id=899#primaryimage","url":"https:\/\/www.klaunika.eu\/wp-content\/uploads\/2015\/07\/obraz\u010db.jpg","contentUrl":"https:\/\/www.klaunika.eu\/wp-content\/uploads\/2015\/07\/obraz\u010db.jpg","width":800,"height":534},{"@type":"BreadcrumbList","@id":"https:\/\/www.klaunika.eu\/?page_id=899#breadcrumb","itemListElement":[{"@type":"ListItem","position":1,"name":"Dom\u016f","item":"https:\/\/www.klaunika.eu\/"},{"@type":"ListItem","position":2,"name":"V\u00ddTVARN\u00c9 UM\u011aN\u00cd 2015"}]},{"@type":"WebSite","@id":"https:\/\/www.klaunika.eu\/#website","url":"https:\/\/www.klaunika.eu\/","name":"DIVADLO KLAUNIKY BRNO","description":"SOUKROM\u00c1 SC\u00c9NA HUMORU","publisher":{"@id":"https:\/\/www.klaunika.eu\/#organization"},"potentialAction":[{"@type":"SearchAction","target":{"@type":"EntryPoint","urlTemplate":"https:\/\/www.klaunika.eu\/?s={search_term_string}"},"query-input":{"@type":"PropertyValueSpecification","valueRequired":true,"valueName":"search_term_string"}}],"inLanguage":"cs"},{"@type":"Organization","@id":"https:\/\/www.klaunika.eu\/#organization","name":"DIVADLO KLAUNIKY BRNO","url":"https:\/\/www.klaunika.eu\/","logo":{"@type":"ImageObject","inLanguage":"cs","@id":"https:\/\/www.klaunika.eu\/#\/schema\/logo\/image\/","url":"https:\/\/www.klaunika.eu\/wp-content\/uploads\/2021\/11\/cropped-cropped-PSX_20211123_210259.jpg","contentUrl":"https:\/\/www.klaunika.eu\/wp-content\/uploads\/2021\/11\/cropped-cropped-PSX_20211123_210259.jpg","width":248,"height":248,"caption":"DIVADLO KLAUNIKY BRNO"},"image":{"@id":"https:\/\/www.klaunika.eu\/#\/schema\/logo\/image\/"}}]}},"_links":{"self":[{"href":"https:\/\/www.klaunika.eu\/index.php?rest_route=\/wp\/v2\/pages\/899","targetHints":{"allow":["GET"]}}],"collection":[{"href":"https:\/\/www.klaunika.eu\/index.php?rest_route=\/wp\/v2\/pages"}],"about":[{"href":"https:\/\/www.klaunika.eu\/index.php?rest_route=\/wp\/v2\/types\/page"}],"author":[{"embeddable":true,"href":"https:\/\/www.klaunika.eu\/index.php?rest_route=\/wp\/v2\/users\/1"}],"replies":[{"embeddable":true,"href":"https:\/\/www.klaunika.eu\/index.php?rest_route=%2Fwp%2Fv2%2Fcomments&post=899"}],"version-history":[{"count":3,"href":"https:\/\/www.klaunika.eu\/index.php?rest_route=\/wp\/v2\/pages\/899\/revisions"}],"predecessor-version":[{"id":1357,"href":"https:\/\/www.klaunika.eu\/index.php?rest_route=\/wp\/v2\/pages\/899\/revisions\/1357"}],"wp:featuredmedia":[{"embeddable":true,"href":"https:\/\/www.klaunika.eu\/index.php?rest_route=\/wp\/v2\/media\/907"}],"wp:attachment":[{"href":"https:\/\/www.klaunika.eu\/index.php?rest_route=%2Fwp%2Fv2%2Fmedia&parent=899"}],"curies":[{"name":"wp","href":"https:\/\/api.w.org\/{rel}","templated":true}]}}