{"id":882,"date":"2015-07-11T20:26:05","date_gmt":"2015-07-11T18:26:05","guid":{"rendered":"http:\/\/www.klaunika.eu\/?page_id=882"},"modified":"2015-07-11T20:26:05","modified_gmt":"2015-07-11T18:26:05","slug":"jana-koubkova","status":"publish","type":"page","link":"https:\/\/www.klaunika.eu\/?page_id=882","title":{"rendered":"JANA KOUBKOV\u00c1"},"content":{"rendered":"<h2 style=\"text-align: justify;\">Smrt standardizmu!<\/h2>\n<p style=\"text-align: justify;\">je nov\u00fd projekt, kter\u00fd se s tradi\u010dn\u00edm pojet\u00edm jazzu zcela rozch\u00e1z\u00ed. A pokud se p\u0159eci jen n\u011bjak\u00fd standard v reperto\u00e1ru objev\u00ed, bude v nestandardn\u00edm proveden\u00ed. Projekt krystalizoval dlouho. Jedn\u00edm z <a href=\"https:\/\/www.klaunika.eu\/wp-content\/uploads\/2015\/07\/Smrt-standardizmu-ikona.png\"><img fetchpriority=\"high\" decoding=\"async\" class=\"size-medium wp-image-884 alignleft\" src=\"https:\/\/www.klaunika.eu\/wp-content\/uploads\/2015\/07\/Smrt-standardizmu-ikona-300x216.png\" alt=\"Smrt-standardizmu-ikona\" width=\"300\" height=\"216\" srcset=\"https:\/\/www.klaunika.eu\/wp-content\/uploads\/2015\/07\/Smrt-standardizmu-ikona-300x216.png 300w, https:\/\/www.klaunika.eu\/wp-content\/uploads\/2015\/07\/Smrt-standardizmu-ikona.png 804w\" sizes=\"(max-width: 300px) 100vw, 300px\" \/><\/a>fin\u00e1ln\u00edch impulz\u016f k jeho vzniku bylo zp\u011bva\u010d\u010dino rozhodnut\u00ed vydat v roce 2014 kn\u00ed\u017eku jej\u00edch text\u016f a post\u0159eh\u016f. Sou\u010d\u00e1st\u00ed knihy, p\u0159ipravovan\u00e9 k p\u0159\u00edle\u017eitosti zp\u011bva\u010d\u010din\u00fdch sedmdes\u00e1tin, bude CD s vybran\u00fdmi zhudebn\u011bn\u00fdmi texty. K jejich ztv\u00e1rn\u011bn\u00ed si Jana Koubkov\u00e1 p\u0159izvala kytaristu Romana Hampachera a buben\u00edka Jana \u010cervenku. Vzniklo tak netypick\u00e9 trio, kter\u00e9 zp\u011bva\u010dku p\u0159edstavuje v mnohem subtiln\u011bj\u0161\u00edch a z\u00e1rove\u0148 syrov\u011bj\u0161\u00edch poloh\u00e1ch a hudebn\u011b d\u00e1v\u00e1 maxim\u00e1ln\u011b vyniknout jej\u00edm autorsk\u00fdm text\u016fm.<\/p>\n<p style=\"text-align: justify;\">Nov\u00e1 sestava vlastn\u011b odr\u00e1\u017e\u00ed trochu drsn\u011bj\u0161\u00ed pohled na \u017eivot,\u00a0 zp\u011bva\u010dka se t\u00edmto daleko v\u00edc p\u0159ibl\u00ed\u017eila blues a \u0161ansonu, jednotliv\u00e9 skladby jsou v\u00fdrazn\u011b p\u00edsni\u010dkov\u011bj\u0161\u00ed, hudba v\u00edce slou\u017e\u00ed textu, v\u0161e je syrov\u011bj\u0161\u00ed a vypr\u00e1zdn\u011bn\u011bj\u0161\u00ed, bez zbyte\u010dn\u00fdch not.<\/p>\n<p style=\"text-align: justify;\"><a href=\"https:\/\/www.klaunika.eu\/wp-content\/uploads\/2015\/07\/koubkova.jpg\"><img decoding=\"async\" class=\"wp-image-857 alignleft\" src=\"https:\/\/www.klaunika.eu\/wp-content\/uploads\/2015\/07\/koubkova-300x225.jpg\" alt=\"koubkova\" width=\"216\" height=\"162\" srcset=\"https:\/\/www.klaunika.eu\/wp-content\/uploads\/2015\/07\/koubkova-300x225.jpg 300w, https:\/\/www.klaunika.eu\/wp-content\/uploads\/2015\/07\/koubkova.jpg 485w\" sizes=\"(max-width: 216px) 100vw, 216px\" \/><\/a>Aktu\u00e1ln\u00ed trio nab\u00edz\u00ed nov\u00fd zvukov\u00fd v\u00fdraz \u2013 Roman Hampacher pou\u017e\u00edv\u00e1 nam\u00edsto elektrick\u00e9 kytary kytaru elektroakustickou, vrstv\u00ed zvuky ve smy\u010dk\u00e1ch a vytv\u00e1\u0159\u00ed nov\u00e9 hudebn\u00ed barvy, Jan \u010cervenka krom\u011b klasick\u00e9 bic\u00ed soupravy pou\u017e\u00edv\u00e1 \u0159adu perkus\u00ed \u2013 od cajonu po prastarou zvonkohru, v\u0161e je maxim\u00e1ln\u011b \u00fa\u010deln\u00e9, aby co nejv\u00edce vynikla s\u00edla text\u016f Koubkov\u00e9 i \u0161irok\u00e1 \u0161k\u00e1la jej\u00edch hlasov\u00fdch poloh, od nitern\u00fdch pas\u00e1\u017e\u00ed a\u017e po freejazzovou smr\u0161\u0165.<\/p>\n<p style=\"text-align: justify;\">Uk\u00e1zky z projektu si m\u016f\u017eete poslechnout <a href=\"http:\/\/www.janakoubkova.cz\/audio\">zde.<\/a><\/p>\n<p style=\"text-align: justify;\">V\u00edce o Jan\u011b Koubkov\u00e9 <a href=\"http:\/\/www.janakoubkova.cz\/o-jane\">zde<\/a>.<\/p>\n<p style=\"text-align: justify;\"><div class=\"su-custom-gallery su-custom-gallery-align-left su-custom-gallery-title-never su-lightbox-gallery\"><div class=\"su-custom-gallery-slide\" style=\"width:100px;height:100px\"><a href=\"https:\/\/www.klaunika.eu\/wp-content\/uploads\/2015\/07\/kou1.jpg\" title=\"kou1\"><img decoding=\"async\" src=\"https:\/\/www.klaunika.eu\/wp-content\/uploads\/2015\/07\/kou1-100x100.jpg\" alt=\"kou1\" width=\"100\" height=\"100\" \/><span class=\"su-custom-gallery-title\">kou1<\/span><\/a><\/div><div class=\"su-custom-gallery-slide\" style=\"width:100px;height:100px\"><a href=\"https:\/\/www.klaunika.eu\/wp-content\/uploads\/2015\/07\/kou3.jpg\" title=\"kou3\"><img loading=\"lazy\" decoding=\"async\" src=\"https:\/\/www.klaunika.eu\/wp-content\/uploads\/2015\/07\/kou3-100x100.jpg\" alt=\"kou3\" width=\"100\" height=\"100\" \/><span class=\"su-custom-gallery-title\">kou3<\/span><\/a><\/div><div class=\"su-custom-gallery-slide\" style=\"width:100px;height:100px\"><a href=\"https:\/\/www.klaunika.eu\/wp-content\/uploads\/2015\/07\/kou4.jpg\" title=\"kou4\"><img loading=\"lazy\" decoding=\"async\" src=\"https:\/\/www.klaunika.eu\/wp-content\/uploads\/2015\/07\/kou4-100x100.jpg\" alt=\"kou4\" width=\"100\" height=\"100\" \/><span class=\"su-custom-gallery-title\">kou4<\/span><\/a><\/div><div class=\"su-custom-gallery-slide\" style=\"width:100px;height:100px\"><a href=\"https:\/\/www.klaunika.eu\/wp-content\/uploads\/2015\/07\/koubkov\u011b.jpg\" title=\"koubkov\u011b\"><img loading=\"lazy\" decoding=\"async\" src=\"https:\/\/www.klaunika.eu\/wp-content\/uploads\/2015\/07\/koubkov\u011b-100x100.jpg\" alt=\"koubkov\u011b\" width=\"100\" height=\"100\" \/><span class=\"su-custom-gallery-title\">koubkov\u011b<\/span><\/a><\/div><div class=\"su-custom-gallery-slide\" style=\"width:100px;height:100px\"><a href=\"https:\/\/www.klaunika.eu\/wp-content\/uploads\/2015\/07\/koubkov1.jpg\" title=\"koubkov\"><img loading=\"lazy\" decoding=\"async\" src=\"https:\/\/www.klaunika.eu\/wp-content\/uploads\/2015\/07\/koubkov1-100x100.jpg\" alt=\"koubkov\" width=\"100\" height=\"100\" \/><span class=\"su-custom-gallery-title\">koubkov<\/span><\/a><\/div><div class=\"su-custom-gallery-slide\" style=\"width:100px;height:100px\"><a href=\"https:\/\/www.klaunika.eu\/wp-content\/uploads\/2015\/07\/koubkov2.jpg\" title=\"koubkov2\"><img loading=\"lazy\" decoding=\"async\" src=\"https:\/\/www.klaunika.eu\/wp-content\/uploads\/2015\/07\/koubkov2-100x100.jpg\" alt=\"koubkov2\" width=\"100\" height=\"100\" \/><span class=\"su-custom-gallery-title\">koubkov2<\/span><\/a><\/div><div class=\"su-custom-gallery-slide\" style=\"width:100px;height:100px\"><a href=\"https:\/\/www.klaunika.eu\/wp-content\/uploads\/2015\/07\/koubkov3.jpg\" title=\"koubkov3\"><img loading=\"lazy\" decoding=\"async\" src=\"https:\/\/www.klaunika.eu\/wp-content\/uploads\/2015\/07\/koubkov3-100x100.jpg\" alt=\"koubkov3\" width=\"100\" height=\"100\" \/><span class=\"su-custom-gallery-title\">koubkov3<\/span><\/a><\/div><div class=\"su-custom-gallery-slide\" style=\"width:100px;height:100px\"><a href=\"https:\/\/www.klaunika.eu\/wp-content\/uploads\/2015\/07\/p-78549-full.jpg\" title=\"p-78549-full\"><img loading=\"lazy\" decoding=\"async\" src=\"https:\/\/www.klaunika.eu\/wp-content\/uploads\/2015\/07\/p-78549-full-100x100.jpg\" alt=\"p-78549-full\" width=\"100\" height=\"100\" \/><span class=\"su-custom-gallery-title\">p-78549-full<\/span><\/a><\/div><div class=\"su-custom-gallery-slide\" style=\"width:100px;height:100px\"><a href=\"https:\/\/www.klaunika.eu\/wp-content\/uploads\/2015\/07\/koubkova-kytara.jpg\" title=\"koubkova+kytara\"><img loading=\"lazy\" decoding=\"async\" src=\"https:\/\/www.klaunika.eu\/wp-content\/uploads\/2015\/07\/koubkova-kytara-100x100.jpg\" alt=\"koubkova+kytara\" width=\"100\" height=\"100\" \/><span class=\"su-custom-gallery-title\">koubkova+kytara<\/span><\/a><\/div><div class=\"su-custom-gallery-slide\" style=\"width:100px;height:100px\"><a href=\"https:\/\/www.klaunika.eu\/wp-content\/uploads\/2015\/07\/koubkova.jpg\" title=\"koubkova\"><img loading=\"lazy\" decoding=\"async\" src=\"https:\/\/www.klaunika.eu\/wp-content\/uploads\/2015\/07\/koubkova-100x100.jpg\" alt=\"koubkova\" width=\"100\" height=\"100\" \/><span class=\"su-custom-gallery-title\">koubkova<\/span><\/a><\/div><div class=\"su-custom-gallery-slide\" style=\"width:100px;height:100px\"><a href=\"https:\/\/www.klaunika.eu\/wp-content\/uploads\/2015\/07\/koubko1.jpg\" title=\"koubko1\"><img loading=\"lazy\" decoding=\"async\" src=\"https:\/\/www.klaunika.eu\/wp-content\/uploads\/2015\/07\/koubko1-100x100.jpg\" alt=\"koubko1\" width=\"100\" height=\"100\" \/><span class=\"su-custom-gallery-title\">koubko1<\/span><\/a><\/div><div class=\"su-clear\"><\/div><\/div>\n","protected":false},"excerpt":{"rendered":"<p>Smrt standardizmu! je nov\u00fd projekt, kter\u00fd se s tradi\u010dn\u00edm pojet\u00edm jazzu zcela rozch\u00e1z\u00ed. A pokud se p\u0159eci jen n\u011bjak\u00fd standard v reperto\u00e1ru objev\u00ed, bude v nestandardn\u00edm proveden\u00ed. Projekt krystalizoval dlouho. Jedn\u00edm z fin\u00e1ln\u00edch impulz\u016f k jeho vzniku bylo zp\u011bva\u010d\u010dino rozhodnut\u00ed vydat v roce 2014 kn\u00ed\u017eku jej\u00edch text\u016f a post\u0159eh\u016f. Sou\u010d\u00e1st\u00ed knihy, p\u0159ipravovan\u00e9 k p\u0159\u00edle\u017eitosti zp\u011bva\u010d\u010din\u00fdch [&hellip;]<\/p>\n","protected":false},"author":1,"featured_media":883,"parent":0,"menu_order":0,"comment_status":"closed","ping_status":"open","template":"","meta":{"footnotes":""},"class_list":["post-882","page","type-page","status-publish","has-post-thumbnail","hentry"],"yoast_head":"<!-- This site is optimized with the Yoast SEO plugin v27.5 - https:\/\/yoast.com\/product\/yoast-seo-wordpress\/ -->\n<title>JANA KOUBKOV\u00c1 - DIVADLO KLAUNIKY BRNO<\/title>\n<meta name=\"robots\" content=\"index, follow, max-snippet:-1, max-image-preview:large, max-video-preview:-1\" \/>\n<link rel=\"canonical\" href=\"https:\/\/www.klaunika.eu\/?page_id=882\" \/>\n<meta property=\"og:locale\" content=\"cs_CZ\" \/>\n<meta property=\"og:type\" content=\"article\" \/>\n<meta property=\"og:title\" content=\"JANA KOUBKOV\u00c1 - DIVADLO KLAUNIKY BRNO\" \/>\n<meta property=\"og:description\" content=\"Smrt standardizmu! je nov\u00fd projekt, kter\u00fd se s tradi\u010dn\u00edm pojet\u00edm jazzu zcela rozch\u00e1z\u00ed. A pokud se p\u0159eci jen n\u011bjak\u00fd standard v reperto\u00e1ru objev\u00ed, bude v nestandardn\u00edm proveden\u00ed. Projekt krystalizoval dlouho. Jedn\u00edm z fin\u00e1ln\u00edch impulz\u016f k jeho vzniku bylo zp\u011bva\u010d\u010dino rozhodnut\u00ed vydat v roce 2014 kn\u00ed\u017eku jej\u00edch text\u016f a post\u0159eh\u016f. Sou\u010d\u00e1st\u00ed knihy, p\u0159ipravovan\u00e9 k p\u0159\u00edle\u017eitosti zp\u011bva\u010d\u010din\u00fdch [&hellip;]\" \/>\n<meta property=\"og:url\" content=\"https:\/\/www.klaunika.eu\/?page_id=882\" \/>\n<meta property=\"og:site_name\" content=\"DIVADLO KLAUNIKY BRNO\" \/>\n<meta property=\"og:image\" content=\"https:\/\/www.klaunika.eu\/wp-content\/uploads\/2015\/07\/KOUBRASTR.jpg\" \/>\n\t<meta property=\"og:image:width\" content=\"719\" \/>\n\t<meta property=\"og:image:height\" content=\"709\" \/>\n\t<meta property=\"og:image:type\" content=\"image\/jpeg\" \/>\n<meta name=\"twitter:card\" content=\"summary_large_image\" \/>\n<meta name=\"twitter:label1\" content=\"Odhadovan\u00e1 doba \u010dten\u00ed\" \/>\n\t<meta name=\"twitter:data1\" content=\"1 minuta\" \/>\n<script type=\"application\/ld+json\" class=\"yoast-schema-graph\">{\"@context\":\"https:\\\/\\\/schema.org\",\"@graph\":[{\"@type\":\"WebPage\",\"@id\":\"https:\\\/\\\/www.klaunika.eu\\\/?page_id=882\",\"url\":\"https:\\\/\\\/www.klaunika.eu\\\/?page_id=882\",\"name\":\"JANA KOUBKOV\u00c1 - DIVADLO KLAUNIKY BRNO\",\"isPartOf\":{\"@id\":\"https:\\\/\\\/www.klaunika.eu\\\/#website\"},\"primaryImageOfPage\":{\"@id\":\"https:\\\/\\\/www.klaunika.eu\\\/?page_id=882#primaryimage\"},\"image\":{\"@id\":\"https:\\\/\\\/www.klaunika.eu\\\/?page_id=882#primaryimage\"},\"thumbnailUrl\":\"https:\\\/\\\/www.klaunika.eu\\\/wp-content\\\/uploads\\\/2015\\\/07\\\/KOUBRASTR.jpg\",\"datePublished\":\"2015-07-11T18:26:05+00:00\",\"breadcrumb\":{\"@id\":\"https:\\\/\\\/www.klaunika.eu\\\/?page_id=882#breadcrumb\"},\"inLanguage\":\"cs\",\"potentialAction\":[{\"@type\":\"ReadAction\",\"target\":[\"https:\\\/\\\/www.klaunika.eu\\\/?page_id=882\"]}]},{\"@type\":\"ImageObject\",\"inLanguage\":\"cs\",\"@id\":\"https:\\\/\\\/www.klaunika.eu\\\/?page_id=882#primaryimage\",\"url\":\"https:\\\/\\\/www.klaunika.eu\\\/wp-content\\\/uploads\\\/2015\\\/07\\\/KOUBRASTR.jpg\",\"contentUrl\":\"https:\\\/\\\/www.klaunika.eu\\\/wp-content\\\/uploads\\\/2015\\\/07\\\/KOUBRASTR.jpg\",\"width\":719,\"height\":709},{\"@type\":\"BreadcrumbList\",\"@id\":\"https:\\\/\\\/www.klaunika.eu\\\/?page_id=882#breadcrumb\",\"itemListElement\":[{\"@type\":\"ListItem\",\"position\":1,\"name\":\"Dom\u016f\",\"item\":\"https:\\\/\\\/www.klaunika.eu\\\/\"},{\"@type\":\"ListItem\",\"position\":2,\"name\":\"JANA KOUBKOV\u00c1\"}]},{\"@type\":\"WebSite\",\"@id\":\"https:\\\/\\\/www.klaunika.eu\\\/#website\",\"url\":\"https:\\\/\\\/www.klaunika.eu\\\/\",\"name\":\"DIVADLO KLAUNIKY BRNO\",\"description\":\"SOUKROM\u00c1 SC\u00c9NA HUMORU\",\"publisher\":{\"@id\":\"https:\\\/\\\/www.klaunika.eu\\\/#organization\"},\"potentialAction\":[{\"@type\":\"SearchAction\",\"target\":{\"@type\":\"EntryPoint\",\"urlTemplate\":\"https:\\\/\\\/www.klaunika.eu\\\/?s={search_term_string}\"},\"query-input\":{\"@type\":\"PropertyValueSpecification\",\"valueRequired\":true,\"valueName\":\"search_term_string\"}}],\"inLanguage\":\"cs\"},{\"@type\":\"Organization\",\"@id\":\"https:\\\/\\\/www.klaunika.eu\\\/#organization\",\"name\":\"DIVADLO KLAUNIKY BRNO\",\"url\":\"https:\\\/\\\/www.klaunika.eu\\\/\",\"logo\":{\"@type\":\"ImageObject\",\"inLanguage\":\"cs\",\"@id\":\"https:\\\/\\\/www.klaunika.eu\\\/#\\\/schema\\\/logo\\\/image\\\/\",\"url\":\"https:\\\/\\\/www.klaunika.eu\\\/wp-content\\\/uploads\\\/2021\\\/11\\\/cropped-cropped-PSX_20211123_210259.jpg\",\"contentUrl\":\"https:\\\/\\\/www.klaunika.eu\\\/wp-content\\\/uploads\\\/2021\\\/11\\\/cropped-cropped-PSX_20211123_210259.jpg\",\"width\":248,\"height\":248,\"caption\":\"DIVADLO KLAUNIKY BRNO\"},\"image\":{\"@id\":\"https:\\\/\\\/www.klaunika.eu\\\/#\\\/schema\\\/logo\\\/image\\\/\"}}]}<\/script>\n<!-- \/ Yoast SEO plugin. -->","yoast_head_json":{"title":"JANA KOUBKOV\u00c1 - DIVADLO KLAUNIKY BRNO","robots":{"index":"index","follow":"follow","max-snippet":"max-snippet:-1","max-image-preview":"max-image-preview:large","max-video-preview":"max-video-preview:-1"},"canonical":"https:\/\/www.klaunika.eu\/?page_id=882","og_locale":"cs_CZ","og_type":"article","og_title":"JANA KOUBKOV\u00c1 - DIVADLO KLAUNIKY BRNO","og_description":"Smrt standardizmu! je nov\u00fd projekt, kter\u00fd se s tradi\u010dn\u00edm pojet\u00edm jazzu zcela rozch\u00e1z\u00ed. A pokud se p\u0159eci jen n\u011bjak\u00fd standard v reperto\u00e1ru objev\u00ed, bude v nestandardn\u00edm proveden\u00ed. Projekt krystalizoval dlouho. Jedn\u00edm z fin\u00e1ln\u00edch impulz\u016f k jeho vzniku bylo zp\u011bva\u010d\u010dino rozhodnut\u00ed vydat v roce 2014 kn\u00ed\u017eku jej\u00edch text\u016f a post\u0159eh\u016f. Sou\u010d\u00e1st\u00ed knihy, p\u0159ipravovan\u00e9 k p\u0159\u00edle\u017eitosti zp\u011bva\u010d\u010din\u00fdch [&hellip;]","og_url":"https:\/\/www.klaunika.eu\/?page_id=882","og_site_name":"DIVADLO KLAUNIKY BRNO","og_image":[{"width":719,"height":709,"url":"https:\/\/www.klaunika.eu\/wp-content\/uploads\/2015\/07\/KOUBRASTR.jpg","type":"image\/jpeg"}],"twitter_card":"summary_large_image","twitter_misc":{"Odhadovan\u00e1 doba \u010dten\u00ed":"1 minuta"},"schema":{"@context":"https:\/\/schema.org","@graph":[{"@type":"WebPage","@id":"https:\/\/www.klaunika.eu\/?page_id=882","url":"https:\/\/www.klaunika.eu\/?page_id=882","name":"JANA KOUBKOV\u00c1 - DIVADLO KLAUNIKY BRNO","isPartOf":{"@id":"https:\/\/www.klaunika.eu\/#website"},"primaryImageOfPage":{"@id":"https:\/\/www.klaunika.eu\/?page_id=882#primaryimage"},"image":{"@id":"https:\/\/www.klaunika.eu\/?page_id=882#primaryimage"},"thumbnailUrl":"https:\/\/www.klaunika.eu\/wp-content\/uploads\/2015\/07\/KOUBRASTR.jpg","datePublished":"2015-07-11T18:26:05+00:00","breadcrumb":{"@id":"https:\/\/www.klaunika.eu\/?page_id=882#breadcrumb"},"inLanguage":"cs","potentialAction":[{"@type":"ReadAction","target":["https:\/\/www.klaunika.eu\/?page_id=882"]}]},{"@type":"ImageObject","inLanguage":"cs","@id":"https:\/\/www.klaunika.eu\/?page_id=882#primaryimage","url":"https:\/\/www.klaunika.eu\/wp-content\/uploads\/2015\/07\/KOUBRASTR.jpg","contentUrl":"https:\/\/www.klaunika.eu\/wp-content\/uploads\/2015\/07\/KOUBRASTR.jpg","width":719,"height":709},{"@type":"BreadcrumbList","@id":"https:\/\/www.klaunika.eu\/?page_id=882#breadcrumb","itemListElement":[{"@type":"ListItem","position":1,"name":"Dom\u016f","item":"https:\/\/www.klaunika.eu\/"},{"@type":"ListItem","position":2,"name":"JANA KOUBKOV\u00c1"}]},{"@type":"WebSite","@id":"https:\/\/www.klaunika.eu\/#website","url":"https:\/\/www.klaunika.eu\/","name":"DIVADLO KLAUNIKY BRNO","description":"SOUKROM\u00c1 SC\u00c9NA HUMORU","publisher":{"@id":"https:\/\/www.klaunika.eu\/#organization"},"potentialAction":[{"@type":"SearchAction","target":{"@type":"EntryPoint","urlTemplate":"https:\/\/www.klaunika.eu\/?s={search_term_string}"},"query-input":{"@type":"PropertyValueSpecification","valueRequired":true,"valueName":"search_term_string"}}],"inLanguage":"cs"},{"@type":"Organization","@id":"https:\/\/www.klaunika.eu\/#organization","name":"DIVADLO KLAUNIKY BRNO","url":"https:\/\/www.klaunika.eu\/","logo":{"@type":"ImageObject","inLanguage":"cs","@id":"https:\/\/www.klaunika.eu\/#\/schema\/logo\/image\/","url":"https:\/\/www.klaunika.eu\/wp-content\/uploads\/2021\/11\/cropped-cropped-PSX_20211123_210259.jpg","contentUrl":"https:\/\/www.klaunika.eu\/wp-content\/uploads\/2021\/11\/cropped-cropped-PSX_20211123_210259.jpg","width":248,"height":248,"caption":"DIVADLO KLAUNIKY BRNO"},"image":{"@id":"https:\/\/www.klaunika.eu\/#\/schema\/logo\/image\/"}}]}},"_links":{"self":[{"href":"https:\/\/www.klaunika.eu\/index.php?rest_route=\/wp\/v2\/pages\/882","targetHints":{"allow":["GET"]}}],"collection":[{"href":"https:\/\/www.klaunika.eu\/index.php?rest_route=\/wp\/v2\/pages"}],"about":[{"href":"https:\/\/www.klaunika.eu\/index.php?rest_route=\/wp\/v2\/types\/page"}],"author":[{"embeddable":true,"href":"https:\/\/www.klaunika.eu\/index.php?rest_route=\/wp\/v2\/users\/1"}],"replies":[{"embeddable":true,"href":"https:\/\/www.klaunika.eu\/index.php?rest_route=%2Fwp%2Fv2%2Fcomments&post=882"}],"version-history":[{"count":1,"href":"https:\/\/www.klaunika.eu\/index.php?rest_route=\/wp\/v2\/pages\/882\/revisions"}],"predecessor-version":[{"id":896,"href":"https:\/\/www.klaunika.eu\/index.php?rest_route=\/wp\/v2\/pages\/882\/revisions\/896"}],"wp:featuredmedia":[{"embeddable":true,"href":"https:\/\/www.klaunika.eu\/index.php?rest_route=\/wp\/v2\/media\/883"}],"wp:attachment":[{"href":"https:\/\/www.klaunika.eu\/index.php?rest_route=%2Fwp%2Fv2%2Fmedia&parent=882"}],"curies":[{"name":"wp","href":"https:\/\/api.w.org\/{rel}","templated":true}]}}