{"id":848,"date":"2015-07-10T20:13:10","date_gmt":"2015-07-10T18:13:10","guid":{"rendered":"http:\/\/www.klaunika.eu\/?page_id=848"},"modified":"2016-06-19T12:44:51","modified_gmt":"2016-06-19T10:44:51","slug":"hudba","status":"publish","type":"page","link":"https:\/\/www.klaunika.eu\/?page_id=848","title":{"rendered":"HUDBA 2015"},"content":{"rendered":"<p style=\"text-align: justify;\"><span style=\"color: #ff0000;\">31.7. &#8211; 19:30<\/span><strong> Ji\u0159\u00ed Vo<\/strong><a href=\"https:\/\/www.klaunika.eu\/wp-content\/uploads\/2015\/06\/vondr\u00e1k.jpg\"><img decoding=\"async\" class=\"wp-image-736 alignleft\" src=\"https:\/\/www.klaunika.eu\/wp-content\/uploads\/2015\/06\/vondr\u00e1k-300x225.jpg\" alt=\"vondr\u00e1k\" width=\"227\" height=\"170\" srcset=\"https:\/\/www.klaunika.eu\/wp-content\/uploads\/2015\/06\/vondr\u00e1k-300x225.jpg 300w, https:\/\/www.klaunika.eu\/wp-content\/uploads\/2015\/06\/vondr\u00e1k.jpg 605w\" sizes=\"(max-width: 227px) 100vw, 227px\" \/><\/a><strong>ndr\u00e1k:<\/strong> \u201eKdo jsem? Po\u0159\u00e1d hip\u00eds\u00e1k, i kdy\u017e pro\u0161ediv\u011blej, kterej jednou d\u011bl\u00e1 film, pak p\u00ed\u0161e knihu, do toho divadlo, a kdy\u017e ho to p\u0159estane bavit, tak si zazp\u00edv\u00e1. Je v\u00a0tom skryt\u00e9 to hip\u00eds\u00e1ck\u00e9 heslo ,rozd\u00e1vat kytky, rozd\u00e1vat l\u00e1sku\u2018. \u0160edes\u00e1t\u00e1 l\u00e9ta m\u011b ovlivnila \u00fapln\u011b ve v\u0161em.\u201c Vondr\u00e1k bude zp\u00edvat Okud\u017eavu! <a title=\"JI\u0158\u00cd VONDR\u00c1K\" href=\"https:\/\/www.klaunika.eu\/?page_id=853\">V\u00edce zde.<\/a><\/p>\n<p style=\"text-align: justify;\"><span style=\"color: #ff0000;\">31.7. \u2013 22:00<span style=\"color: #333333;\"> \u017d\u00e1ci Bolka Pol\u00edvky sehraj\u00ed sv\u016fj seri\u00f3zn\u00ed pokus o interpretaci v\u00e1\u017en\u00e9 hudby. <em>Kon\u017eert. <\/em><a title=\"KON\u017dERT\" href=\"https:\/\/www.klaunika.eu\/?page_id=61\">V\u00edce zde<\/a>.<\/span><\/span><\/p>\n<p>&nbsp;<\/p>\n<p style=\"text-align: justify;\"><span style=\"color: #ff0000;\">1.8. &#8211; 18:00<\/span> <strong>Jana K<\/strong><a href=\"https:\/\/www.klaunika.eu\/wp-content\/uploads\/2015\/07\/koubko1.jpg\"><img decoding=\"async\" class=\"wp-image-849 alignleft\" src=\"https:\/\/www.klaunika.eu\/wp-content\/uploads\/2015\/07\/koubko1-224x300.jpg\" alt=\"koubko1\" width=\"139\" height=\"186\" srcset=\"https:\/\/www.klaunika.eu\/wp-content\/uploads\/2015\/07\/koubko1-224x300.jpg 224w, https:\/\/www.klaunika.eu\/wp-content\/uploads\/2015\/07\/koubko1.jpg 478w\" sizes=\"(max-width: 139px) 100vw, 139px\" \/><\/a><strong>oubkov\u00e1:<\/strong> &#8222;U m\u011b jazzem v\u0161e neza\u010d\u00edn\u00e1 ani nekon\u010d\u00ed. Je spousta vliv\u016f, zku\u0161enost\u00ed, atmosf\u00e9r, kter\u00e9 na m\u011b siln\u011b p\u016fsob\u00ed. Odm\u00edt\u00e1m jak\u00e9koliv \u0161katulkov\u00e1n\u00ed. Prost\u011b: bu\u010f je to dobr\u00e9 a zaj\u00edmav\u00e9, nebo \u0161patn\u00e9 a nezaj\u00edmav\u00e9. P\u0159eju n\u00e1m v\u0161em jen to dobr\u00e9 a zaj\u00edmav\u00e9, a\u0165 se to t\u00fdk\u00e1 \u010dehokoli.&#8220; Smrt standardismu. <a title=\"JANA KOUBKOV\u00c1\" href=\"https:\/\/www.klaunika.eu\/?page_id=882\">V\u00edce zde<\/a>.<\/p>\n<p style=\"text-align: justify;\">\n<address style=\"text-align: justify;\">\u2192 <a href=\"https:\/\/www.klaunika.eu\/?page_id=243\">Zp\u011bt<\/a><\/address>\n<p>&nbsp;<\/p>\n<p>&nbsp;<\/p>\n","protected":false},"excerpt":{"rendered":"<p>31.7. &#8211; 19:30 Ji\u0159\u00ed Vondr\u00e1k: \u201eKdo jsem? Po\u0159\u00e1d hip\u00eds\u00e1k, i kdy\u017e pro\u0161ediv\u011blej, kterej jednou d\u011bl\u00e1 film, pak p\u00ed\u0161e knihu, do toho divadlo, a kdy\u017e ho to p\u0159estane bavit, tak si zazp\u00edv\u00e1. Je v\u00a0tom skryt\u00e9 to hip\u00eds\u00e1ck\u00e9 heslo ,rozd\u00e1vat kytky, rozd\u00e1vat l\u00e1sku\u2018. \u0160edes\u00e1t\u00e1 l\u00e9ta m\u011b ovlivnila \u00fapln\u011b ve v\u0161em.\u201c Vondr\u00e1k bude zp\u00edvat Okud\u017eavu! V\u00edce zde. 31.7. [&hellip;]<\/p>\n","protected":false},"author":1,"featured_media":863,"parent":0,"menu_order":0,"comment_status":"closed","ping_status":"closed","template":"","meta":{"footnotes":""},"class_list":["post-848","page","type-page","status-publish","has-post-thumbnail","hentry"],"yoast_head":"<!-- This site is optimized with the Yoast SEO plugin v27.5 - https:\/\/yoast.com\/product\/yoast-seo-wordpress\/ -->\n<title>HUDBA 2015 - DIVADLO KLAUNIKY BRNO<\/title>\n<meta name=\"robots\" content=\"index, follow, max-snippet:-1, max-image-preview:large, max-video-preview:-1\" \/>\n<link rel=\"canonical\" href=\"https:\/\/www.klaunika.eu\/?page_id=848\" \/>\n<meta property=\"og:locale\" content=\"cs_CZ\" \/>\n<meta property=\"og:type\" content=\"article\" \/>\n<meta property=\"og:title\" content=\"HUDBA 2015 - DIVADLO KLAUNIKY BRNO\" \/>\n<meta property=\"og:description\" content=\"31.7. &#8211; 19:30 Ji\u0159\u00ed Vondr\u00e1k: \u201eKdo jsem? Po\u0159\u00e1d hip\u00eds\u00e1k, i kdy\u017e pro\u0161ediv\u011blej, kterej jednou d\u011bl\u00e1 film, pak p\u00ed\u0161e knihu, do toho divadlo, a kdy\u017e ho to p\u0159estane bavit, tak si zazp\u00edv\u00e1. Je v\u00a0tom skryt\u00e9 to hip\u00eds\u00e1ck\u00e9 heslo ,rozd\u00e1vat kytky, rozd\u00e1vat l\u00e1sku\u2018. \u0160edes\u00e1t\u00e1 l\u00e9ta m\u011b ovlivnila \u00fapln\u011b ve v\u0161em.\u201c Vondr\u00e1k bude zp\u00edvat Okud\u017eavu! V\u00edce zde. 31.7. [&hellip;]\" \/>\n<meta property=\"og:url\" content=\"https:\/\/www.klaunika.eu\/?page_id=848\" \/>\n<meta property=\"og:site_name\" content=\"DIVADLO KLAUNIKY BRNO\" \/>\n<meta property=\"article:modified_time\" content=\"2016-06-19T10:44:51+00:00\" \/>\n<meta property=\"og:image\" content=\"https:\/\/www.klaunika.eu\/wp-content\/uploads\/2015\/07\/vondrak-skytrastr.jpg\" \/>\n\t<meta property=\"og:image:width\" content=\"960\" \/>\n\t<meta property=\"og:image:height\" content=\"635\" \/>\n\t<meta property=\"og:image:type\" content=\"image\/jpeg\" \/>\n<meta name=\"twitter:card\" content=\"summary_large_image\" \/>\n<meta name=\"twitter:label1\" content=\"Odhadovan\u00e1 doba \u010dten\u00ed\" \/>\n\t<meta name=\"twitter:data1\" content=\"1 minuta\" \/>\n<script type=\"application\/ld+json\" class=\"yoast-schema-graph\">{\"@context\":\"https:\\\/\\\/schema.org\",\"@graph\":[{\"@type\":\"WebPage\",\"@id\":\"https:\\\/\\\/www.klaunika.eu\\\/?page_id=848\",\"url\":\"https:\\\/\\\/www.klaunika.eu\\\/?page_id=848\",\"name\":\"HUDBA 2015 - DIVADLO KLAUNIKY BRNO\",\"isPartOf\":{\"@id\":\"https:\\\/\\\/www.klaunika.eu\\\/#website\"},\"primaryImageOfPage\":{\"@id\":\"https:\\\/\\\/www.klaunika.eu\\\/?page_id=848#primaryimage\"},\"image\":{\"@id\":\"https:\\\/\\\/www.klaunika.eu\\\/?page_id=848#primaryimage\"},\"thumbnailUrl\":\"https:\\\/\\\/www.klaunika.eu\\\/wp-content\\\/uploads\\\/2015\\\/07\\\/vondrak-skytrastr.jpg\",\"datePublished\":\"2015-07-10T18:13:10+00:00\",\"dateModified\":\"2016-06-19T10:44:51+00:00\",\"breadcrumb\":{\"@id\":\"https:\\\/\\\/www.klaunika.eu\\\/?page_id=848#breadcrumb\"},\"inLanguage\":\"cs\",\"potentialAction\":[{\"@type\":\"ReadAction\",\"target\":[\"https:\\\/\\\/www.klaunika.eu\\\/?page_id=848\"]}]},{\"@type\":\"ImageObject\",\"inLanguage\":\"cs\",\"@id\":\"https:\\\/\\\/www.klaunika.eu\\\/?page_id=848#primaryimage\",\"url\":\"https:\\\/\\\/www.klaunika.eu\\\/wp-content\\\/uploads\\\/2015\\\/07\\\/vondrak-skytrastr.jpg\",\"contentUrl\":\"https:\\\/\\\/www.klaunika.eu\\\/wp-content\\\/uploads\\\/2015\\\/07\\\/vondrak-skytrastr.jpg\",\"width\":960,\"height\":635},{\"@type\":\"BreadcrumbList\",\"@id\":\"https:\\\/\\\/www.klaunika.eu\\\/?page_id=848#breadcrumb\",\"itemListElement\":[{\"@type\":\"ListItem\",\"position\":1,\"name\":\"Dom\u016f\",\"item\":\"https:\\\/\\\/www.klaunika.eu\\\/\"},{\"@type\":\"ListItem\",\"position\":2,\"name\":\"HUDBA 2015\"}]},{\"@type\":\"WebSite\",\"@id\":\"https:\\\/\\\/www.klaunika.eu\\\/#website\",\"url\":\"https:\\\/\\\/www.klaunika.eu\\\/\",\"name\":\"DIVADLO KLAUNIKY BRNO\",\"description\":\"SOUKROM\u00c1 SC\u00c9NA HUMORU\",\"publisher\":{\"@id\":\"https:\\\/\\\/www.klaunika.eu\\\/#organization\"},\"potentialAction\":[{\"@type\":\"SearchAction\",\"target\":{\"@type\":\"EntryPoint\",\"urlTemplate\":\"https:\\\/\\\/www.klaunika.eu\\\/?s={search_term_string}\"},\"query-input\":{\"@type\":\"PropertyValueSpecification\",\"valueRequired\":true,\"valueName\":\"search_term_string\"}}],\"inLanguage\":\"cs\"},{\"@type\":\"Organization\",\"@id\":\"https:\\\/\\\/www.klaunika.eu\\\/#organization\",\"name\":\"DIVADLO KLAUNIKY BRNO\",\"url\":\"https:\\\/\\\/www.klaunika.eu\\\/\",\"logo\":{\"@type\":\"ImageObject\",\"inLanguage\":\"cs\",\"@id\":\"https:\\\/\\\/www.klaunika.eu\\\/#\\\/schema\\\/logo\\\/image\\\/\",\"url\":\"https:\\\/\\\/www.klaunika.eu\\\/wp-content\\\/uploads\\\/2021\\\/11\\\/cropped-cropped-PSX_20211123_210259.jpg\",\"contentUrl\":\"https:\\\/\\\/www.klaunika.eu\\\/wp-content\\\/uploads\\\/2021\\\/11\\\/cropped-cropped-PSX_20211123_210259.jpg\",\"width\":248,\"height\":248,\"caption\":\"DIVADLO KLAUNIKY BRNO\"},\"image\":{\"@id\":\"https:\\\/\\\/www.klaunika.eu\\\/#\\\/schema\\\/logo\\\/image\\\/\"}}]}<\/script>\n<!-- \/ Yoast SEO plugin. -->","yoast_head_json":{"title":"HUDBA 2015 - DIVADLO KLAUNIKY BRNO","robots":{"index":"index","follow":"follow","max-snippet":"max-snippet:-1","max-image-preview":"max-image-preview:large","max-video-preview":"max-video-preview:-1"},"canonical":"https:\/\/www.klaunika.eu\/?page_id=848","og_locale":"cs_CZ","og_type":"article","og_title":"HUDBA 2015 - DIVADLO KLAUNIKY BRNO","og_description":"31.7. &#8211; 19:30 Ji\u0159\u00ed Vondr\u00e1k: \u201eKdo jsem? Po\u0159\u00e1d hip\u00eds\u00e1k, i kdy\u017e pro\u0161ediv\u011blej, kterej jednou d\u011bl\u00e1 film, pak p\u00ed\u0161e knihu, do toho divadlo, a kdy\u017e ho to p\u0159estane bavit, tak si zazp\u00edv\u00e1. Je v\u00a0tom skryt\u00e9 to hip\u00eds\u00e1ck\u00e9 heslo ,rozd\u00e1vat kytky, rozd\u00e1vat l\u00e1sku\u2018. \u0160edes\u00e1t\u00e1 l\u00e9ta m\u011b ovlivnila \u00fapln\u011b ve v\u0161em.\u201c Vondr\u00e1k bude zp\u00edvat Okud\u017eavu! V\u00edce zde. 31.7. [&hellip;]","og_url":"https:\/\/www.klaunika.eu\/?page_id=848","og_site_name":"DIVADLO KLAUNIKY BRNO","article_modified_time":"2016-06-19T10:44:51+00:00","og_image":[{"width":960,"height":635,"url":"https:\/\/www.klaunika.eu\/wp-content\/uploads\/2015\/07\/vondrak-skytrastr.jpg","type":"image\/jpeg"}],"twitter_card":"summary_large_image","twitter_misc":{"Odhadovan\u00e1 doba \u010dten\u00ed":"1 minuta"},"schema":{"@context":"https:\/\/schema.org","@graph":[{"@type":"WebPage","@id":"https:\/\/www.klaunika.eu\/?page_id=848","url":"https:\/\/www.klaunika.eu\/?page_id=848","name":"HUDBA 2015 - DIVADLO KLAUNIKY BRNO","isPartOf":{"@id":"https:\/\/www.klaunika.eu\/#website"},"primaryImageOfPage":{"@id":"https:\/\/www.klaunika.eu\/?page_id=848#primaryimage"},"image":{"@id":"https:\/\/www.klaunika.eu\/?page_id=848#primaryimage"},"thumbnailUrl":"https:\/\/www.klaunika.eu\/wp-content\/uploads\/2015\/07\/vondrak-skytrastr.jpg","datePublished":"2015-07-10T18:13:10+00:00","dateModified":"2016-06-19T10:44:51+00:00","breadcrumb":{"@id":"https:\/\/www.klaunika.eu\/?page_id=848#breadcrumb"},"inLanguage":"cs","potentialAction":[{"@type":"ReadAction","target":["https:\/\/www.klaunika.eu\/?page_id=848"]}]},{"@type":"ImageObject","inLanguage":"cs","@id":"https:\/\/www.klaunika.eu\/?page_id=848#primaryimage","url":"https:\/\/www.klaunika.eu\/wp-content\/uploads\/2015\/07\/vondrak-skytrastr.jpg","contentUrl":"https:\/\/www.klaunika.eu\/wp-content\/uploads\/2015\/07\/vondrak-skytrastr.jpg","width":960,"height":635},{"@type":"BreadcrumbList","@id":"https:\/\/www.klaunika.eu\/?page_id=848#breadcrumb","itemListElement":[{"@type":"ListItem","position":1,"name":"Dom\u016f","item":"https:\/\/www.klaunika.eu\/"},{"@type":"ListItem","position":2,"name":"HUDBA 2015"}]},{"@type":"WebSite","@id":"https:\/\/www.klaunika.eu\/#website","url":"https:\/\/www.klaunika.eu\/","name":"DIVADLO KLAUNIKY BRNO","description":"SOUKROM\u00c1 SC\u00c9NA HUMORU","publisher":{"@id":"https:\/\/www.klaunika.eu\/#organization"},"potentialAction":[{"@type":"SearchAction","target":{"@type":"EntryPoint","urlTemplate":"https:\/\/www.klaunika.eu\/?s={search_term_string}"},"query-input":{"@type":"PropertyValueSpecification","valueRequired":true,"valueName":"search_term_string"}}],"inLanguage":"cs"},{"@type":"Organization","@id":"https:\/\/www.klaunika.eu\/#organization","name":"DIVADLO KLAUNIKY BRNO","url":"https:\/\/www.klaunika.eu\/","logo":{"@type":"ImageObject","inLanguage":"cs","@id":"https:\/\/www.klaunika.eu\/#\/schema\/logo\/image\/","url":"https:\/\/www.klaunika.eu\/wp-content\/uploads\/2021\/11\/cropped-cropped-PSX_20211123_210259.jpg","contentUrl":"https:\/\/www.klaunika.eu\/wp-content\/uploads\/2021\/11\/cropped-cropped-PSX_20211123_210259.jpg","width":248,"height":248,"caption":"DIVADLO KLAUNIKY BRNO"},"image":{"@id":"https:\/\/www.klaunika.eu\/#\/schema\/logo\/image\/"}}]}},"_links":{"self":[{"href":"https:\/\/www.klaunika.eu\/index.php?rest_route=\/wp\/v2\/pages\/848","targetHints":{"allow":["GET"]}}],"collection":[{"href":"https:\/\/www.klaunika.eu\/index.php?rest_route=\/wp\/v2\/pages"}],"about":[{"href":"https:\/\/www.klaunika.eu\/index.php?rest_route=\/wp\/v2\/types\/page"}],"author":[{"embeddable":true,"href":"https:\/\/www.klaunika.eu\/index.php?rest_route=\/wp\/v2\/users\/1"}],"replies":[{"embeddable":true,"href":"https:\/\/www.klaunika.eu\/index.php?rest_route=%2Fwp%2Fv2%2Fcomments&post=848"}],"version-history":[{"count":6,"href":"https:\/\/www.klaunika.eu\/index.php?rest_route=\/wp\/v2\/pages\/848\/revisions"}],"predecessor-version":[{"id":1351,"href":"https:\/\/www.klaunika.eu\/index.php?rest_route=\/wp\/v2\/pages\/848\/revisions\/1351"}],"wp:featuredmedia":[{"embeddable":true,"href":"https:\/\/www.klaunika.eu\/index.php?rest_route=\/wp\/v2\/media\/863"}],"wp:attachment":[{"href":"https:\/\/www.klaunika.eu\/index.php?rest_route=%2Fwp%2Fv2%2Fmedia&parent=848"}],"curies":[{"name":"wp","href":"https:\/\/api.w.org\/{rel}","templated":true}]}}