{"id":839,"date":"2015-07-10T00:21:19","date_gmt":"2015-07-09T22:21:19","guid":{"rendered":"http:\/\/www.klaunika.eu\/?page_id=839"},"modified":"2015-07-10T00:27:38","modified_gmt":"2015-07-09T22:27:38","slug":"dr-vernisace","status":"publish","type":"page","link":"https:\/\/www.klaunika.eu\/?page_id=839","title":{"rendered":"DR. VERNISACE"},"content":{"rendered":"<p style=\"text-align: justify;\">P\u016fvodn\u011b vernis\u00e1\u017eov\u00e9 projevy se \u010dasem prom\u011bnily v ojedin\u011blou specifickou stand-up show.<\/p>\n<p style=\"text-align: justify;\"><a href=\"https:\/\/www.klaunika.eu\/wp-content\/uploads\/2015\/07\/kor\u010d4.jpg\"><img decoding=\"async\" class=\"wp-image-841 alignleft\" src=\"https:\/\/www.klaunika.eu\/wp-content\/uploads\/2015\/07\/kor\u010d4-300x198.jpg\" alt=\"kor\u010d4\" width=\"208\" height=\"137\" srcset=\"https:\/\/www.klaunika.eu\/wp-content\/uploads\/2015\/07\/kor\u010d4-300x198.jpg 300w, https:\/\/www.klaunika.eu\/wp-content\/uploads\/2015\/07\/kor\u010d4.jpg 800w\" sizes=\"(max-width: 208px) 100vw, 208px\" \/><\/a>PhDr. Zden\u011bk Kor\u010di\u00e1n vystudoval obor v\u011bda o v\u00fdtvarn\u00e9m um\u011bn\u00ed<br \/>\nna Filozofick\u00e9 fakult\u011b Univerzity J. E. Purkyn\u011b v Brn\u011b. V roce 1982 z\u00edskal doktor\u00e1t a do r. 1983 pracoval na fakult\u011b jako odborn\u00fd asistent.<br \/>\nOd r. 1984 odch\u00e1z\u00ed na &#8222;volnou nohu&#8220; a v\u011bnuje se p\u0159edev\u0161\u00edm divadlu<br \/>\na dramatick\u00e9 tvorb\u011b.<\/p>\n<p style=\"text-align: justify;\">Od r. 1998 na p\u0159\u00e1n\u00ed sv\u00fdch p\u0159\u00e1tel-v\u00fdtvarn\u00edk\u016f za\u010d\u00edn\u00e1 zcela ojedin\u011ble zahajovat jejich prezentace. <em>Ru\u0161\u00ed klasicky strnul\u00fd um\u011bnov\u011bdn\u00fd ritu\u00e1l a vytv\u00e1\u0159\u00ed \u017eiv\u00fd \u00fasm\u011bvno-v\u011bdn\u00fd happening ! <\/em>V postav\u011b Dr. Vernisaceho spojuje odbornost s popularizac\u00ed a doktorstv\u00ed<br \/>\ns klaunstv\u00edm.<\/p>\n<p style=\"text-align: justify;\"><a href=\"https:\/\/www.klaunika.eu\/wp-content\/uploads\/2015\/07\/kor\u010d5.jpg\"><img fetchpriority=\"high\" decoding=\"async\" class=\"size-medium wp-image-842 alignleft\" src=\"https:\/\/www.klaunika.eu\/wp-content\/uploads\/2015\/07\/kor\u010d5-300x198.jpg\" alt=\"kor\u010d5\" width=\"300\" height=\"198\" srcset=\"https:\/\/www.klaunika.eu\/wp-content\/uploads\/2015\/07\/kor\u010d5-300x198.jpg 300w, https:\/\/www.klaunika.eu\/wp-content\/uploads\/2015\/07\/kor\u010d5.jpg 960w\" sizes=\"(max-width: 300px) 100vw, 300px\" \/><\/a>Polid\u0161t\u011bn\u00e9, srozumiteln\u00e9 a radost navozuj\u00edc\u00ed vernis\u00e1\u017ee Dr. Vernisaceho se st\u00e1vaj\u00ed origin\u00e1ln\u00edm a samostatn\u00fdm novotvarem, kter\u00fd je neust\u00e1le \u017e\u00e1d\u00e1n.Bolek Pol\u00edvka, pot\u011b\u0161en v galerii sv\u00e9ho divadla t\u011bmito v\u00fdstupy, zve dvakr\u00e1t Dr. Vernisaceho do televizn\u00ed Man\u00e9\u017ee a st\u00e1v\u00e1 se tak\u00e9 inici\u00e1torem a supervizorem divadeln\u00edho p\u0159edstaven\u00ed \u201eNESLY\u0160ITELN\u00dd \u0158EV UM\u011aN\u00cd\u201c, kter\u00e9 je slo\u017eeno z nejlep\u0161\u00edch vernis\u00e1\u017eov\u00fdch \u00favah.<\/p>\n<p>Zde je ne\u00fapln\u00fd seznam um\u011blc\u016f, kte\u0159\u00ed si nechali zcela dobrovoln\u011b zprznit svoji vernis\u00e1\u017e bl\u00e1bolav\u00fdm exibicionismem Dr. Vernisaceho:<\/p>\n<p>L.Klime\u010dek (u toho to za\u010dalo), D. \u017dd\u00edmal, K. Fuksa, L. Garaj, \u0160. Garajov\u00e1, M. Oberreiterov\u00e1, P. Hajda, B. Myslive\u010dek, R. Chadimov\u00e1, Z. H\u00f6hmov\u00e1, K. Kodet, A. Dost\u00e1lov\u00e1, P. Skaln\u00edk, M. Horn\u00ed\u010dek, L. L\u00edpa, Jef Kratochv\u00edl, A. Mikulka, J. Dungel, V. Kucharski, T. C\u00edsa\u0159ovsk\u00fd, Z. Halla, M. Kunc, M. Klimanov\u00e1-Trizuljakov\u00e1, O. Kohout, T. Pri\u0161\u010dov\u00e1-Brichtov\u00e1, K. Mit\u00e1\u0161ov\u00e1, \u0160. Pol\u00e1k, S. Pol\u00e1kov\u00e1, J. Gargul\u00e1k, M. Regitko, J. Schuster, J. Uhliarik, A. Knotek, Belda-secesn\u00ed \u0161perk, L. Tich\u00e1, I. \u0160efr, I. Kov\u00e1\u010dik, Ema Srncov\u00e1&#8230;<\/p>\n<p style=\"text-align: justify;\"><div class=\"su-custom-gallery su-custom-gallery-align-left su-custom-gallery-title-never su-lightbox-gallery\"><div class=\"su-custom-gallery-slide\" style=\"width:100px;height:100px\"><a href=\"https:\/\/www.klaunika.eu\/wp-content\/uploads\/2015\/07\/kor\u010da2.jpg\" title=\"kor\u010da2\"><img decoding=\"async\" src=\"https:\/\/www.klaunika.eu\/wp-content\/uploads\/2015\/07\/kor\u010da2-100x100.jpg\" alt=\"kor\u010da2\" width=\"100\" height=\"100\" \/><span class=\"su-custom-gallery-title\">kor\u010da2<\/span><\/a><\/div><div class=\"su-custom-gallery-slide\" style=\"width:100px;height:100px\"><a href=\"https:\/\/www.klaunika.eu\/wp-content\/uploads\/2015\/07\/kor\u010d5.jpg\" title=\"kor\u010d5\"><img loading=\"lazy\" decoding=\"async\" src=\"https:\/\/www.klaunika.eu\/wp-content\/uploads\/2015\/07\/kor\u010d5-100x100.jpg\" alt=\"kor\u010d5\" width=\"100\" height=\"100\" \/><span class=\"su-custom-gallery-title\">kor\u010d5<\/span><\/a><\/div><div class=\"su-custom-gallery-slide\" style=\"width:100px;height:100px\"><a href=\"https:\/\/www.klaunika.eu\/wp-content\/uploads\/2015\/07\/kor\u010d4.jpg\" title=\"kor\u010d4\"><img loading=\"lazy\" decoding=\"async\" src=\"https:\/\/www.klaunika.eu\/wp-content\/uploads\/2015\/07\/kor\u010d4-100x100.jpg\" alt=\"kor\u010d4\" width=\"100\" height=\"100\" \/><span class=\"su-custom-gallery-title\">kor\u010d4<\/span><\/a><\/div><div class=\"su-custom-gallery-slide\" style=\"width:100px;height:100px\"><a href=\"https:\/\/www.klaunika.eu\/wp-content\/uploads\/2015\/07\/kor\u010d3.jpg\" title=\"kor\u010d3\"><img loading=\"lazy\" decoding=\"async\" src=\"https:\/\/www.klaunika.eu\/wp-content\/uploads\/2015\/07\/kor\u010d3-100x100.jpg\" alt=\"kor\u010d3\" width=\"100\" height=\"100\" \/><span class=\"su-custom-gallery-title\">kor\u010d3<\/span><\/a><\/div><div class=\"su-custom-gallery-slide\" style=\"width:100px;height:100px\"><a href=\"https:\/\/www.klaunika.eu\/wp-content\/uploads\/2015\/05\/KOR\u010cA1.jpg\" title=\"KOR\u010cA1\"><img loading=\"lazy\" decoding=\"async\" src=\"https:\/\/www.klaunika.eu\/wp-content\/uploads\/2015\/05\/KOR\u010cA1-100x100.jpg\" alt=\"KOR\u010cA1\" width=\"100\" height=\"100\" \/><span class=\"su-custom-gallery-title\">KOR\u010cA1<\/span><\/a><\/div><div class=\"su-custom-gallery-slide\" style=\"width:100px;height:100px\"><a href=\"https:\/\/www.klaunika.eu\/wp-content\/uploads\/2015\/07\/kor\u010dakruh.jpg\" title=\"kor\u010dakruh\"><img loading=\"lazy\" decoding=\"async\" src=\"https:\/\/www.klaunika.eu\/wp-content\/uploads\/2015\/07\/kor\u010dakruh-100x100.jpg\" alt=\"kor\u010dakruh\" width=\"100\" height=\"100\" \/><span class=\"su-custom-gallery-title\">kor\u010dakruh<\/span><\/a><\/div><div class=\"su-clear\"><\/div><\/div>\n","protected":false},"excerpt":{"rendered":"<p>P\u016fvodn\u011b vernis\u00e1\u017eov\u00e9 projevy se \u010dasem prom\u011bnily v ojedin\u011blou specifickou stand-up show. PhDr. Zden\u011bk Kor\u010di\u00e1n vystudoval obor v\u011bda o v\u00fdtvarn\u00e9m um\u011bn\u00ed na Filozofick\u00e9 fakult\u011b Univerzity J. E. Purkyn\u011b v Brn\u011b. V roce 1982 z\u00edskal doktor\u00e1t a do r. 1983 pracoval na fakult\u011b jako odborn\u00fd asistent. Od r. 1984 odch\u00e1z\u00ed na &#8222;volnou nohu&#8220; a v\u011bnuje se p\u0159edev\u0161\u00edm [&hellip;]<\/p>\n","protected":false},"author":1,"featured_media":571,"parent":0,"menu_order":0,"comment_status":"closed","ping_status":"open","template":"","meta":{"footnotes":""},"class_list":["post-839","page","type-page","status-publish","has-post-thumbnail","hentry"],"yoast_head":"<!-- This site is optimized with the Yoast SEO plugin v27.5 - https:\/\/yoast.com\/product\/yoast-seo-wordpress\/ -->\n<title>DR. VERNISACE - DIVADLO KLAUNIKY BRNO<\/title>\n<meta name=\"robots\" content=\"index, follow, max-snippet:-1, max-image-preview:large, max-video-preview:-1\" \/>\n<link rel=\"canonical\" href=\"https:\/\/www.klaunika.eu\/?page_id=839\" \/>\n<meta property=\"og:locale\" content=\"cs_CZ\" \/>\n<meta property=\"og:type\" content=\"article\" \/>\n<meta property=\"og:title\" content=\"DR. VERNISACE - DIVADLO KLAUNIKY BRNO\" \/>\n<meta property=\"og:description\" content=\"P\u016fvodn\u011b vernis\u00e1\u017eov\u00e9 projevy se \u010dasem prom\u011bnily v ojedin\u011blou specifickou stand-up show. PhDr. Zden\u011bk Kor\u010di\u00e1n vystudoval obor v\u011bda o v\u00fdtvarn\u00e9m um\u011bn\u00ed na Filozofick\u00e9 fakult\u011b Univerzity J. E. Purkyn\u011b v Brn\u011b. V roce 1982 z\u00edskal doktor\u00e1t a do r. 1983 pracoval na fakult\u011b jako odborn\u00fd asistent. Od r. 1984 odch\u00e1z\u00ed na &#8222;volnou nohu&#8220; a v\u011bnuje se p\u0159edev\u0161\u00edm [&hellip;]\" \/>\n<meta property=\"og:url\" content=\"https:\/\/www.klaunika.eu\/?page_id=839\" \/>\n<meta property=\"og:site_name\" content=\"DIVADLO KLAUNIKY BRNO\" \/>\n<meta property=\"article:modified_time\" content=\"2015-07-09T22:27:38+00:00\" \/>\n<meta property=\"og:image\" content=\"https:\/\/www.klaunika.eu\/wp-content\/uploads\/2015\/05\/KOR\u010cA1.jpg\" \/>\n\t<meta property=\"og:image:width\" content=\"637\" \/>\n\t<meta property=\"og:image:height\" content=\"960\" \/>\n\t<meta property=\"og:image:type\" content=\"image\/jpeg\" \/>\n<meta name=\"twitter:card\" content=\"summary_large_image\" \/>\n<meta name=\"twitter:label1\" content=\"Odhadovan\u00e1 doba \u010dten\u00ed\" \/>\n\t<meta name=\"twitter:data1\" content=\"2 minuty\" \/>\n<script type=\"application\/ld+json\" class=\"yoast-schema-graph\">{\"@context\":\"https:\\\/\\\/schema.org\",\"@graph\":[{\"@type\":\"WebPage\",\"@id\":\"https:\\\/\\\/www.klaunika.eu\\\/?page_id=839\",\"url\":\"https:\\\/\\\/www.klaunika.eu\\\/?page_id=839\",\"name\":\"DR. VERNISACE - DIVADLO KLAUNIKY BRNO\",\"isPartOf\":{\"@id\":\"https:\\\/\\\/www.klaunika.eu\\\/#website\"},\"primaryImageOfPage\":{\"@id\":\"https:\\\/\\\/www.klaunika.eu\\\/?page_id=839#primaryimage\"},\"image\":{\"@id\":\"https:\\\/\\\/www.klaunika.eu\\\/?page_id=839#primaryimage\"},\"thumbnailUrl\":\"https:\\\/\\\/www.klaunika.eu\\\/wp-content\\\/uploads\\\/2015\\\/05\\\/KOR\u010cA1.jpg\",\"datePublished\":\"2015-07-09T22:21:19+00:00\",\"dateModified\":\"2015-07-09T22:27:38+00:00\",\"breadcrumb\":{\"@id\":\"https:\\\/\\\/www.klaunika.eu\\\/?page_id=839#breadcrumb\"},\"inLanguage\":\"cs\",\"potentialAction\":[{\"@type\":\"ReadAction\",\"target\":[\"https:\\\/\\\/www.klaunika.eu\\\/?page_id=839\"]}]},{\"@type\":\"ImageObject\",\"inLanguage\":\"cs\",\"@id\":\"https:\\\/\\\/www.klaunika.eu\\\/?page_id=839#primaryimage\",\"url\":\"https:\\\/\\\/www.klaunika.eu\\\/wp-content\\\/uploads\\\/2015\\\/05\\\/KOR\u010cA1.jpg\",\"contentUrl\":\"https:\\\/\\\/www.klaunika.eu\\\/wp-content\\\/uploads\\\/2015\\\/05\\\/KOR\u010cA1.jpg\",\"width\":637,\"height\":960},{\"@type\":\"BreadcrumbList\",\"@id\":\"https:\\\/\\\/www.klaunika.eu\\\/?page_id=839#breadcrumb\",\"itemListElement\":[{\"@type\":\"ListItem\",\"position\":1,\"name\":\"Dom\u016f\",\"item\":\"https:\\\/\\\/www.klaunika.eu\\\/\"},{\"@type\":\"ListItem\",\"position\":2,\"name\":\"DR. VERNISACE\"}]},{\"@type\":\"WebSite\",\"@id\":\"https:\\\/\\\/www.klaunika.eu\\\/#website\",\"url\":\"https:\\\/\\\/www.klaunika.eu\\\/\",\"name\":\"DIVADLO KLAUNIKY BRNO\",\"description\":\"SOUKROM\u00c1 SC\u00c9NA HUMORU\",\"publisher\":{\"@id\":\"https:\\\/\\\/www.klaunika.eu\\\/#organization\"},\"potentialAction\":[{\"@type\":\"SearchAction\",\"target\":{\"@type\":\"EntryPoint\",\"urlTemplate\":\"https:\\\/\\\/www.klaunika.eu\\\/?s={search_term_string}\"},\"query-input\":{\"@type\":\"PropertyValueSpecification\",\"valueRequired\":true,\"valueName\":\"search_term_string\"}}],\"inLanguage\":\"cs\"},{\"@type\":\"Organization\",\"@id\":\"https:\\\/\\\/www.klaunika.eu\\\/#organization\",\"name\":\"DIVADLO KLAUNIKY BRNO\",\"url\":\"https:\\\/\\\/www.klaunika.eu\\\/\",\"logo\":{\"@type\":\"ImageObject\",\"inLanguage\":\"cs\",\"@id\":\"https:\\\/\\\/www.klaunika.eu\\\/#\\\/schema\\\/logo\\\/image\\\/\",\"url\":\"https:\\\/\\\/www.klaunika.eu\\\/wp-content\\\/uploads\\\/2021\\\/11\\\/cropped-cropped-PSX_20211123_210259.jpg\",\"contentUrl\":\"https:\\\/\\\/www.klaunika.eu\\\/wp-content\\\/uploads\\\/2021\\\/11\\\/cropped-cropped-PSX_20211123_210259.jpg\",\"width\":248,\"height\":248,\"caption\":\"DIVADLO KLAUNIKY BRNO\"},\"image\":{\"@id\":\"https:\\\/\\\/www.klaunika.eu\\\/#\\\/schema\\\/logo\\\/image\\\/\"}}]}<\/script>\n<!-- \/ Yoast SEO plugin. -->","yoast_head_json":{"title":"DR. VERNISACE - DIVADLO KLAUNIKY BRNO","robots":{"index":"index","follow":"follow","max-snippet":"max-snippet:-1","max-image-preview":"max-image-preview:large","max-video-preview":"max-video-preview:-1"},"canonical":"https:\/\/www.klaunika.eu\/?page_id=839","og_locale":"cs_CZ","og_type":"article","og_title":"DR. VERNISACE - DIVADLO KLAUNIKY BRNO","og_description":"P\u016fvodn\u011b vernis\u00e1\u017eov\u00e9 projevy se \u010dasem prom\u011bnily v ojedin\u011blou specifickou stand-up show. PhDr. Zden\u011bk Kor\u010di\u00e1n vystudoval obor v\u011bda o v\u00fdtvarn\u00e9m um\u011bn\u00ed na Filozofick\u00e9 fakult\u011b Univerzity J. E. Purkyn\u011b v Brn\u011b. V roce 1982 z\u00edskal doktor\u00e1t a do r. 1983 pracoval na fakult\u011b jako odborn\u00fd asistent. Od r. 1984 odch\u00e1z\u00ed na &#8222;volnou nohu&#8220; a v\u011bnuje se p\u0159edev\u0161\u00edm [&hellip;]","og_url":"https:\/\/www.klaunika.eu\/?page_id=839","og_site_name":"DIVADLO KLAUNIKY BRNO","article_modified_time":"2015-07-09T22:27:38+00:00","og_image":[{"width":637,"height":960,"url":"https:\/\/www.klaunika.eu\/wp-content\/uploads\/2015\/05\/KOR\u010cA1.jpg","type":"image\/jpeg"}],"twitter_card":"summary_large_image","twitter_misc":{"Odhadovan\u00e1 doba \u010dten\u00ed":"2 minuty"},"schema":{"@context":"https:\/\/schema.org","@graph":[{"@type":"WebPage","@id":"https:\/\/www.klaunika.eu\/?page_id=839","url":"https:\/\/www.klaunika.eu\/?page_id=839","name":"DR. VERNISACE - DIVADLO KLAUNIKY BRNO","isPartOf":{"@id":"https:\/\/www.klaunika.eu\/#website"},"primaryImageOfPage":{"@id":"https:\/\/www.klaunika.eu\/?page_id=839#primaryimage"},"image":{"@id":"https:\/\/www.klaunika.eu\/?page_id=839#primaryimage"},"thumbnailUrl":"https:\/\/www.klaunika.eu\/wp-content\/uploads\/2015\/05\/KOR\u010cA1.jpg","datePublished":"2015-07-09T22:21:19+00:00","dateModified":"2015-07-09T22:27:38+00:00","breadcrumb":{"@id":"https:\/\/www.klaunika.eu\/?page_id=839#breadcrumb"},"inLanguage":"cs","potentialAction":[{"@type":"ReadAction","target":["https:\/\/www.klaunika.eu\/?page_id=839"]}]},{"@type":"ImageObject","inLanguage":"cs","@id":"https:\/\/www.klaunika.eu\/?page_id=839#primaryimage","url":"https:\/\/www.klaunika.eu\/wp-content\/uploads\/2015\/05\/KOR\u010cA1.jpg","contentUrl":"https:\/\/www.klaunika.eu\/wp-content\/uploads\/2015\/05\/KOR\u010cA1.jpg","width":637,"height":960},{"@type":"BreadcrumbList","@id":"https:\/\/www.klaunika.eu\/?page_id=839#breadcrumb","itemListElement":[{"@type":"ListItem","position":1,"name":"Dom\u016f","item":"https:\/\/www.klaunika.eu\/"},{"@type":"ListItem","position":2,"name":"DR. VERNISACE"}]},{"@type":"WebSite","@id":"https:\/\/www.klaunika.eu\/#website","url":"https:\/\/www.klaunika.eu\/","name":"DIVADLO KLAUNIKY BRNO","description":"SOUKROM\u00c1 SC\u00c9NA HUMORU","publisher":{"@id":"https:\/\/www.klaunika.eu\/#organization"},"potentialAction":[{"@type":"SearchAction","target":{"@type":"EntryPoint","urlTemplate":"https:\/\/www.klaunika.eu\/?s={search_term_string}"},"query-input":{"@type":"PropertyValueSpecification","valueRequired":true,"valueName":"search_term_string"}}],"inLanguage":"cs"},{"@type":"Organization","@id":"https:\/\/www.klaunika.eu\/#organization","name":"DIVADLO KLAUNIKY BRNO","url":"https:\/\/www.klaunika.eu\/","logo":{"@type":"ImageObject","inLanguage":"cs","@id":"https:\/\/www.klaunika.eu\/#\/schema\/logo\/image\/","url":"https:\/\/www.klaunika.eu\/wp-content\/uploads\/2021\/11\/cropped-cropped-PSX_20211123_210259.jpg","contentUrl":"https:\/\/www.klaunika.eu\/wp-content\/uploads\/2021\/11\/cropped-cropped-PSX_20211123_210259.jpg","width":248,"height":248,"caption":"DIVADLO KLAUNIKY BRNO"},"image":{"@id":"https:\/\/www.klaunika.eu\/#\/schema\/logo\/image\/"}}]}},"_links":{"self":[{"href":"https:\/\/www.klaunika.eu\/index.php?rest_route=\/wp\/v2\/pages\/839","targetHints":{"allow":["GET"]}}],"collection":[{"href":"https:\/\/www.klaunika.eu\/index.php?rest_route=\/wp\/v2\/pages"}],"about":[{"href":"https:\/\/www.klaunika.eu\/index.php?rest_route=\/wp\/v2\/types\/page"}],"author":[{"embeddable":true,"href":"https:\/\/www.klaunika.eu\/index.php?rest_route=\/wp\/v2\/users\/1"}],"replies":[{"embeddable":true,"href":"https:\/\/www.klaunika.eu\/index.php?rest_route=%2Fwp%2Fv2%2Fcomments&post=839"}],"version-history":[{"count":2,"href":"https:\/\/www.klaunika.eu\/index.php?rest_route=\/wp\/v2\/pages\/839\/revisions"}],"predecessor-version":[{"id":845,"href":"https:\/\/www.klaunika.eu\/index.php?rest_route=\/wp\/v2\/pages\/839\/revisions\/845"}],"wp:featuredmedia":[{"embeddable":true,"href":"https:\/\/www.klaunika.eu\/index.php?rest_route=\/wp\/v2\/media\/571"}],"wp:attachment":[{"href":"https:\/\/www.klaunika.eu\/index.php?rest_route=%2Fwp%2Fv2%2Fmedia&parent=839"}],"curies":[{"name":"wp","href":"https:\/\/api.w.org\/{rel}","templated":true}]}}