{"id":80,"date":"2015-05-30T12:53:59","date_gmt":"2015-05-30T10:53:59","guid":{"rendered":"http:\/\/www.klaunika.eu\/?page_id=80"},"modified":"2025-03-24T18:13:23","modified_gmt":"2025-03-24T17:13:23","slug":"lipuvka","status":"publish","type":"page","link":"https:\/\/www.klaunika.eu\/?page_id=80","title":{"rendered":"PENZION LIP\u016eVKA"},"content":{"rendered":"\t\t<div data-elementor-type=\"wp-page\" data-elementor-id=\"80\" class=\"elementor elementor-80\">\n\t\t\t\t\t\t<section class=\"elementor-section elementor-top-section elementor-element elementor-element-73fac637 elementor-section-boxed elementor-section-height-default elementor-section-height-default\" data-id=\"73fac637\" data-element_type=\"section\" data-e-type=\"section\">\n\t\t\t\t\t\t<div class=\"elementor-container elementor-column-gap-default\">\n\t\t\t\t\t<div class=\"elementor-column elementor-col-100 elementor-top-column elementor-element elementor-element-3e4735a7\" data-id=\"3e4735a7\" data-element_type=\"column\" data-e-type=\"column\">\n\t\t\t<div class=\"elementor-widget-wrap elementor-element-populated\">\n\t\t\t\t\t\t<div class=\"elementor-element elementor-element-1a63424c elementor-widget elementor-widget-text-editor\" data-id=\"1a63424c\" data-element_type=\"widget\" data-e-type=\"widget\" data-widget_type=\"text-editor.default\">\n\t\t\t\t<div class=\"elementor-widget-container\">\n\t\t\t\t\t\t\t\t\t<iframe src=\"https:\/\/www.slideshare.net\/slideshow\/embed_code\/key\/qHyHAwtNm4UEwe\" width=\"476\" height=\"400\" frameborder=\"0\" marginwidth=\"0\" marginheight=\"0\" scrolling=\"no\"><\/iframe>\t\t\t\t\t\t\t\t<\/div>\n\t\t\t\t<\/div>\n\t\t\t\t\t<\/div>\n\t\t<\/div>\n\t\t\t\t\t<\/div>\n\t\t<\/section>\n\t\t\t\t<section class=\"elementor-section elementor-top-section elementor-element elementor-element-b6061e4 elementor-section-boxed elementor-section-height-default elementor-section-height-default\" data-id=\"b6061e4\" data-element_type=\"section\" data-e-type=\"section\">\n\t\t\t\t\t\t<div class=\"elementor-container elementor-column-gap-default\">\n\t\t\t\t\t<div class=\"elementor-column elementor-col-100 elementor-top-column elementor-element elementor-element-949f1af\" data-id=\"949f1af\" data-element_type=\"column\" data-e-type=\"column\">\n\t\t\t<div class=\"elementor-widget-wrap elementor-element-populated\">\n\t\t\t\t\t\t<div class=\"elementor-element elementor-element-665a714 elementor-widget elementor-widget-text-editor\" data-id=\"665a714\" data-element_type=\"widget\" data-e-type=\"widget\" data-widget_type=\"text-editor.default\">\n\t\t\t\t<div class=\"elementor-widget-container\">\n\t\t\t\t\t\t\t\t\t<p style=\"font-size: 18px; line-height: 1.5; text-align: center; letter-spacing: -0.2px;\"><span style=\"font-family: 'times new roman', times, serif; font-size: 18pt;\"><em><span style=\"font-weight: bold;\"><span id=\"p3R_mc0\" class=\"markedContent\"><span dir=\"ltr\" role=\"presentation\">Mil\u00ed p\u0159\u00edznivci Divadla Klauniky<\/span>&nbsp;<span dir=\"ltr\" role=\"presentation\">a divadeln\u00edho penzionu Lip\u016fvka, bohu\u017eel se n\u00e1m nevyhnula z\u00e1plava,&nbsp;<\/span><span dir=\"ltr\" role=\"presentation\">kter\u00e1 siln\u011b postihla Lipovou<\/span><span dir=\"ltr\" role=\"presentation\">&#8211;<\/span><span dir=\"ltr\" role=\"presentation\">L\u00e1zn\u011b<br>a p\u0159\u00edval vody z<\/span>&nbsp;<span dir=\"ltr\" role=\"presentation\">hor notn\u011b zas\u00e1hl i n\u00e1\u0161 penzion, jak vidno na videu a&nbsp;<\/span><span dir=\"ltr\" role=\"presentation\">fotk\u00e1ch. Prvotn\u00ed odkl\u00edzen\u00ed<\/span>&nbsp;<span dir=\"ltr\" role=\"presentation\">vody,<\/span>&nbsp;<span dir=\"ltr\" role=\"presentation\">bahna a nepo\u0159\u00e1dku m\u00e1me za sebou<br>a chceme moc pod\u011bkovat v\u0161em, k<\/span><span dir=\"ltr\" role=\"presentation\">te\u0159\u00ed n\u00e1m pomohli<\/span><span dir=\"ltr\" role=\"presentation\">,<\/span>&nbsp;<span dir=\"ltr\" role=\"presentation\">i t\u011bm, kte\u0159\u00ed n\u00e1m pomoc nab\u00edzeli.<\/span><\/span><\/span><\/em><\/span><\/p>\n<p style=\"font-size: 18px; line-height: 1.5; text-align: center; letter-spacing: -0.2px;\"><span style=\"font-family: 'times new roman', times, serif; font-size: 18pt;\"><em><span style=\"font-weight: bold;\"><span class=\"markedContent\"><span dir=\"ltr\" role=\"presentation\">&nbsp;<\/span><\/span><\/span><\/em><\/span><\/p>\n<p style=\"font-size: 18px; line-height: 1.5; text-align: center; letter-spacing: -0.2px;\"><span style=\"font-weight: bold;\"><span style=\"font-size: 18pt; font-family: 'times new roman', times, serif;\"><span class=\"markedContent\"><span dir=\"ltr\" role=\"presentation\"><video controls=\"controls\" width=\"800\" height=\"400\"><br><source src=\"https:\/\/www.klaunika.eu\/wp-content\/uploads\/2024\/09\/VID-20240927-WA0000.mp4?_=1\"><\/video>&nbsp;<\/span><\/span><\/span><\/span><\/p>\n<p style=\"font-size: 18px; line-height: 1.5; text-align: center; letter-spacing: -0.2px;\"><em><span style=\"font-weight: bold;\"><span style=\"font-size: 18pt; font-family: 'times new roman', times, serif;\"><span dir=\"ltr\" role=\"presentation\">Vznikla ale cel\u00e1 \u0159ada \u0161kod, kter\u00e9 budeme muset<\/span><br role=\"presentation\"><span dir=\"ltr\" role=\"presentation\">opravit, a proto budeme vd\u011b\u010dn\u00ed za drobn\u00fd p\u0159\u00edsp\u011bvek, kter\u00fd n\u00e1m v<\/span>&nbsp;<span dir=\"ltr\" role=\"presentation\">tomto sm\u011bru pom\u016f\u017ee.&nbsp;<\/span><\/span><\/span><\/em><\/p>\n<p style=\"font-size: 18px; line-height: 1.5; text-align: center; letter-spacing: -0.2px;\"><em><span style=\"font-size: 18pt; font-family: 'times new roman', times, serif;\"><span class=\"markedContent\"><span dir=\"ltr\" style=\"font-weight: bold;\" role=\"presentation\">Tak\u00e9 byste&nbsp;<\/span><span dir=\"ltr\" style=\"font-weight: bold;\" role=\"presentation\">n\u00e1s mohli podpo\u0159it t\u00edm, \u017ee si u n\u00e1s objedn\u00e1te pobyt n<\/span><span dir=\"ltr\" style=\"font-weight: bold;\" role=\"presentation\">a n\u011bjak\u00fd p\u0159\u00edjemn\u00fd podzimn\u00ed v\u00edkend. Ubytov\u00e1n\u00ed u&nbsp;<\/span><span dir=\"ltr\" role=\"presentation\"><span style=\"font-weight: bold;\">n\u00e1s mo\u017en\u00e9 je, kuchy\u0148 je tak\u00e9 provozuschopn\u00e1.<\/span><\/span><\/span><\/span><\/em><\/p>\n<p style=\"font-size: 18px; line-height: 1.5; text-align: center; letter-spacing: -0.2px;\"><em><span style=\"font-size: 18pt; font-family: 'times new roman', times, serif;\"><span class=\"markedContent\"><span dir=\"ltr\" role=\"presentation\">(Rezervace ubytov\u00e1n\u00ed na tel.: 608 824 110)<\/span><\/span><\/span><\/em><\/p>\n<p style=\"font-size: 18px; line-height: 1.5; text-align: center; letter-spacing: -0.2px;\"><em><span style=\"font-weight: bold;\"><span style=\"font-size: 18pt; font-family: 'times new roman', times, serif;\"><span id=\"p3R_mc1\" class=\"markedContent\"><span dir=\"ltr\" role=\"presentation\">D\u011bkujeme za ka\u017edou podporu a zachovejte n\u00e1m p\u0159\u00edze\u0148<\/span><\/span><\/span><\/span><span style=\"font-weight: bold; font-size: inherit; letter-spacing: -0.2px;\"><span style=\"font-size: 18pt; font-family: 'times new roman', times, serif;\"><span class=\"markedContent\"><span dir=\"ltr\" role=\"presentation\">.<\/span><\/span><\/span><\/span><\/em><\/p>\n<p style=\"font-size: 18px; line-height: 1.5; text-align: center; letter-spacing: -0.2px;\"><em><span style=\"font-weight: bold;\"><span style=\"font-size: 18pt; font-family: 'times new roman', times, serif;\"><span id=\"p3R_mc2\" class=\"markedContent\"><span dir=\"ltr\" role=\"presentation\">\u010c. \u00fa\u010dtu:&nbsp;<\/span><\/span><\/span><\/span><\/em><em style=\"font-size: 18px; text-align: center; letter-spacing: -0.2px;\"><span style=\"font-weight: 700;\"><span style=\"font-size: 18pt; font-family: &quot;times new roman&quot;, times, serif;\"><span id=\"p3R_mc2\" class=\"markedContent\"><span dir=\"ltr\" role=\"presentation\">107-48400902297\/0100<\/span><\/span><\/span><\/span><\/em><em><span style=\"font-weight: bold;\"><span style=\"font-size: 18pt; font-family: 'times new roman', times, serif;\"><span class=\"markedContent\"><span dir=\"ltr\" role=\"presentation\">, do pozn\u00e1mky pros\u00edm uve\u010fte \u201edar povode\u0148\u201c.<\/span><\/span><\/span><\/span><\/em><\/p>\n<p style=\"font-size: 18px; line-height: 1.5; margin-bottom: 0px; text-align: center; letter-spacing: -0.2px;\"><em><span style=\"font-weight: bold;\"><span style=\"font-size: 18pt; font-family: 'times new roman', times, serif;\"><span id=\"p3R_mc3\" class=\"markedContent\"><span dir=\"ltr\" role=\"presentation\">V\u00e1\u0161<\/span><\/span><span id=\"p3R_mc4\" class=\"markedContent\"><br role=\"presentation\"><span dir=\"ltr\" role=\"presentation\">Divadeln\u00ed penzion Lip\u016fvka<\/span><\/span><\/span><\/span><\/em><\/p>\t\t\t\t\t\t\t\t<\/div>\n\t\t\t\t<\/div>\n\t\t\t\t\t<\/div>\n\t\t<\/div>\n\t\t\t\t\t<\/div>\n\t\t<\/section>\n\t\t\t\t<\/div>\n\t\t","protected":false},"excerpt":{"rendered":"<p>Mil\u00ed p\u0159\u00edznivci Divadla Klauniky&nbsp;a divadeln\u00edho penzionu Lip\u016fvka, bohu\u017eel se n\u00e1m nevyhnula z\u00e1plava,&nbsp;kter\u00e1 siln\u011b postihla Lipovou-L\u00e1zn\u011ba p\u0159\u00edval vody z&nbsp;hor notn\u011b zas\u00e1hl i n\u00e1\u0161 penzion, jak vidno na videu a&nbsp;fotk\u00e1ch. Prvotn\u00ed odkl\u00edzen\u00ed&nbsp;vody,&nbsp;bahna a nepo\u0159\u00e1dku m\u00e1me za seboua chceme moc pod\u011bkovat v\u0161em, kte\u0159\u00ed n\u00e1m pomohli,&nbsp;i t\u011bm, kte\u0159\u00ed n\u00e1m pomoc nab\u00edzeli. &nbsp; &nbsp; Vznikla ale cel\u00e1 \u0159ada \u0161kod, kter\u00e9 [&hellip;]<\/p>\n","protected":false},"author":1,"featured_media":0,"parent":0,"menu_order":0,"comment_status":"closed","ping_status":"open","template":"","meta":{"footnotes":""},"class_list":["post-80","page","type-page","status-publish","hentry"],"yoast_head":"<!-- This site is optimized with the Yoast SEO plugin v27.5 - https:\/\/yoast.com\/product\/yoast-seo-wordpress\/ -->\n<title>PENZION LIP\u016eVKA - DIVADLO KLAUNIKY BRNO<\/title>\n<meta name=\"robots\" content=\"index, follow, max-snippet:-1, max-image-preview:large, max-video-preview:-1\" \/>\n<link rel=\"canonical\" href=\"https:\/\/www.klaunika.eu\/?page_id=80\" \/>\n<meta property=\"og:locale\" content=\"cs_CZ\" \/>\n<meta property=\"og:type\" content=\"article\" \/>\n<meta property=\"og:title\" content=\"PENZION LIP\u016eVKA - DIVADLO KLAUNIKY BRNO\" \/>\n<meta property=\"og:description\" content=\"Mil\u00ed p\u0159\u00edznivci Divadla Klauniky&nbsp;a divadeln\u00edho penzionu Lip\u016fvka, bohu\u017eel se n\u00e1m nevyhnula z\u00e1plava,&nbsp;kter\u00e1 siln\u011b postihla Lipovou-L\u00e1zn\u011ba p\u0159\u00edval vody z&nbsp;hor notn\u011b zas\u00e1hl i n\u00e1\u0161 penzion, jak vidno na videu a&nbsp;fotk\u00e1ch. Prvotn\u00ed odkl\u00edzen\u00ed&nbsp;vody,&nbsp;bahna a nepo\u0159\u00e1dku m\u00e1me za seboua chceme moc pod\u011bkovat v\u0161em, kte\u0159\u00ed n\u00e1m pomohli,&nbsp;i t\u011bm, kte\u0159\u00ed n\u00e1m pomoc nab\u00edzeli. &nbsp; &nbsp; Vznikla ale cel\u00e1 \u0159ada \u0161kod, kter\u00e9 [&hellip;]\" \/>\n<meta property=\"og:url\" content=\"https:\/\/www.klaunika.eu\/?page_id=80\" \/>\n<meta property=\"og:site_name\" content=\"DIVADLO KLAUNIKY BRNO\" \/>\n<meta property=\"article:modified_time\" content=\"2025-03-24T17:13:23+00:00\" \/>\n<meta name=\"twitter:card\" content=\"summary_large_image\" \/>\n<meta name=\"twitter:label1\" content=\"Odhadovan\u00e1 doba \u010dten\u00ed\" \/>\n\t<meta name=\"twitter:data1\" content=\"1 minuta\" \/>\n<script type=\"application\/ld+json\" class=\"yoast-schema-graph\">{\"@context\":\"https:\\\/\\\/schema.org\",\"@graph\":[{\"@type\":\"WebPage\",\"@id\":\"https:\\\/\\\/www.klaunika.eu\\\/?page_id=80\",\"url\":\"https:\\\/\\\/www.klaunika.eu\\\/?page_id=80\",\"name\":\"PENZION LIP\u016eVKA - DIVADLO KLAUNIKY BRNO\",\"isPartOf\":{\"@id\":\"https:\\\/\\\/www.klaunika.eu\\\/#website\"},\"datePublished\":\"2015-05-30T10:53:59+00:00\",\"dateModified\":\"2025-03-24T17:13:23+00:00\",\"breadcrumb\":{\"@id\":\"https:\\\/\\\/www.klaunika.eu\\\/?page_id=80#breadcrumb\"},\"inLanguage\":\"cs\",\"potentialAction\":[{\"@type\":\"ReadAction\",\"target\":[\"https:\\\/\\\/www.klaunika.eu\\\/?page_id=80\"]}]},{\"@type\":\"BreadcrumbList\",\"@id\":\"https:\\\/\\\/www.klaunika.eu\\\/?page_id=80#breadcrumb\",\"itemListElement\":[{\"@type\":\"ListItem\",\"position\":1,\"name\":\"Dom\u016f\",\"item\":\"https:\\\/\\\/www.klaunika.eu\\\/\"},{\"@type\":\"ListItem\",\"position\":2,\"name\":\"PENZION LIP\u016eVKA\"}]},{\"@type\":\"WebSite\",\"@id\":\"https:\\\/\\\/www.klaunika.eu\\\/#website\",\"url\":\"https:\\\/\\\/www.klaunika.eu\\\/\",\"name\":\"DIVADLO KLAUNIKY BRNO\",\"description\":\"SOUKROM\u00c1 SC\u00c9NA HUMORU\",\"publisher\":{\"@id\":\"https:\\\/\\\/www.klaunika.eu\\\/#organization\"},\"potentialAction\":[{\"@type\":\"SearchAction\",\"target\":{\"@type\":\"EntryPoint\",\"urlTemplate\":\"https:\\\/\\\/www.klaunika.eu\\\/?s={search_term_string}\"},\"query-input\":{\"@type\":\"PropertyValueSpecification\",\"valueRequired\":true,\"valueName\":\"search_term_string\"}}],\"inLanguage\":\"cs\"},{\"@type\":\"Organization\",\"@id\":\"https:\\\/\\\/www.klaunika.eu\\\/#organization\",\"name\":\"DIVADLO KLAUNIKY BRNO\",\"url\":\"https:\\\/\\\/www.klaunika.eu\\\/\",\"logo\":{\"@type\":\"ImageObject\",\"inLanguage\":\"cs\",\"@id\":\"https:\\\/\\\/www.klaunika.eu\\\/#\\\/schema\\\/logo\\\/image\\\/\",\"url\":\"https:\\\/\\\/www.klaunika.eu\\\/wp-content\\\/uploads\\\/2021\\\/11\\\/cropped-cropped-PSX_20211123_210259.jpg\",\"contentUrl\":\"https:\\\/\\\/www.klaunika.eu\\\/wp-content\\\/uploads\\\/2021\\\/11\\\/cropped-cropped-PSX_20211123_210259.jpg\",\"width\":248,\"height\":248,\"caption\":\"DIVADLO KLAUNIKY BRNO\"},\"image\":{\"@id\":\"https:\\\/\\\/www.klaunika.eu\\\/#\\\/schema\\\/logo\\\/image\\\/\"}}]}<\/script>\n<!-- \/ Yoast SEO plugin. -->","yoast_head_json":{"title":"PENZION LIP\u016eVKA - DIVADLO KLAUNIKY BRNO","robots":{"index":"index","follow":"follow","max-snippet":"max-snippet:-1","max-image-preview":"max-image-preview:large","max-video-preview":"max-video-preview:-1"},"canonical":"https:\/\/www.klaunika.eu\/?page_id=80","og_locale":"cs_CZ","og_type":"article","og_title":"PENZION LIP\u016eVKA - DIVADLO KLAUNIKY BRNO","og_description":"Mil\u00ed p\u0159\u00edznivci Divadla Klauniky&nbsp;a divadeln\u00edho penzionu Lip\u016fvka, bohu\u017eel se n\u00e1m nevyhnula z\u00e1plava,&nbsp;kter\u00e1 siln\u011b postihla Lipovou-L\u00e1zn\u011ba p\u0159\u00edval vody z&nbsp;hor notn\u011b zas\u00e1hl i n\u00e1\u0161 penzion, jak vidno na videu a&nbsp;fotk\u00e1ch. Prvotn\u00ed odkl\u00edzen\u00ed&nbsp;vody,&nbsp;bahna a nepo\u0159\u00e1dku m\u00e1me za seboua chceme moc pod\u011bkovat v\u0161em, kte\u0159\u00ed n\u00e1m pomohli,&nbsp;i t\u011bm, kte\u0159\u00ed n\u00e1m pomoc nab\u00edzeli. &nbsp; &nbsp; Vznikla ale cel\u00e1 \u0159ada \u0161kod, kter\u00e9 [&hellip;]","og_url":"https:\/\/www.klaunika.eu\/?page_id=80","og_site_name":"DIVADLO KLAUNIKY BRNO","article_modified_time":"2025-03-24T17:13:23+00:00","twitter_card":"summary_large_image","twitter_misc":{"Odhadovan\u00e1 doba \u010dten\u00ed":"1 minuta"},"schema":{"@context":"https:\/\/schema.org","@graph":[{"@type":"WebPage","@id":"https:\/\/www.klaunika.eu\/?page_id=80","url":"https:\/\/www.klaunika.eu\/?page_id=80","name":"PENZION LIP\u016eVKA - DIVADLO KLAUNIKY BRNO","isPartOf":{"@id":"https:\/\/www.klaunika.eu\/#website"},"datePublished":"2015-05-30T10:53:59+00:00","dateModified":"2025-03-24T17:13:23+00:00","breadcrumb":{"@id":"https:\/\/www.klaunika.eu\/?page_id=80#breadcrumb"},"inLanguage":"cs","potentialAction":[{"@type":"ReadAction","target":["https:\/\/www.klaunika.eu\/?page_id=80"]}]},{"@type":"BreadcrumbList","@id":"https:\/\/www.klaunika.eu\/?page_id=80#breadcrumb","itemListElement":[{"@type":"ListItem","position":1,"name":"Dom\u016f","item":"https:\/\/www.klaunika.eu\/"},{"@type":"ListItem","position":2,"name":"PENZION LIP\u016eVKA"}]},{"@type":"WebSite","@id":"https:\/\/www.klaunika.eu\/#website","url":"https:\/\/www.klaunika.eu\/","name":"DIVADLO KLAUNIKY BRNO","description":"SOUKROM\u00c1 SC\u00c9NA HUMORU","publisher":{"@id":"https:\/\/www.klaunika.eu\/#organization"},"potentialAction":[{"@type":"SearchAction","target":{"@type":"EntryPoint","urlTemplate":"https:\/\/www.klaunika.eu\/?s={search_term_string}"},"query-input":{"@type":"PropertyValueSpecification","valueRequired":true,"valueName":"search_term_string"}}],"inLanguage":"cs"},{"@type":"Organization","@id":"https:\/\/www.klaunika.eu\/#organization","name":"DIVADLO KLAUNIKY BRNO","url":"https:\/\/www.klaunika.eu\/","logo":{"@type":"ImageObject","inLanguage":"cs","@id":"https:\/\/www.klaunika.eu\/#\/schema\/logo\/image\/","url":"https:\/\/www.klaunika.eu\/wp-content\/uploads\/2021\/11\/cropped-cropped-PSX_20211123_210259.jpg","contentUrl":"https:\/\/www.klaunika.eu\/wp-content\/uploads\/2021\/11\/cropped-cropped-PSX_20211123_210259.jpg","width":248,"height":248,"caption":"DIVADLO KLAUNIKY BRNO"},"image":{"@id":"https:\/\/www.klaunika.eu\/#\/schema\/logo\/image\/"}}]}},"_links":{"self":[{"href":"https:\/\/www.klaunika.eu\/index.php?rest_route=\/wp\/v2\/pages\/80","targetHints":{"allow":["GET"]}}],"collection":[{"href":"https:\/\/www.klaunika.eu\/index.php?rest_route=\/wp\/v2\/pages"}],"about":[{"href":"https:\/\/www.klaunika.eu\/index.php?rest_route=\/wp\/v2\/types\/page"}],"author":[{"embeddable":true,"href":"https:\/\/www.klaunika.eu\/index.php?rest_route=\/wp\/v2\/users\/1"}],"replies":[{"embeddable":true,"href":"https:\/\/www.klaunika.eu\/index.php?rest_route=%2Fwp%2Fv2%2Fcomments&post=80"}],"version-history":[{"count":15,"href":"https:\/\/www.klaunika.eu\/index.php?rest_route=\/wp\/v2\/pages\/80\/revisions"}],"predecessor-version":[{"id":5230,"href":"https:\/\/www.klaunika.eu\/index.php?rest_route=\/wp\/v2\/pages\/80\/revisions\/5230"}],"wp:attachment":[{"href":"https:\/\/www.klaunika.eu\/index.php?rest_route=%2Fwp%2Fv2%2Fmedia&parent=80"}],"curies":[{"name":"wp","href":"https:\/\/api.w.org\/{rel}","templated":true}]}}