{"id":795,"date":"2015-07-09T20:06:51","date_gmt":"2015-07-09T18:06:51","guid":{"rendered":"http:\/\/www.klaunika.eu\/?page_id=795"},"modified":"2016-06-19T13:10:12","modified_gmt":"2016-06-19T11:10:12","slug":"divadlo-klauniky","status":"publish","type":"page","link":"https:\/\/www.klaunika.eu\/?page_id=795","title":{"rendered":"DIVADLO KLAUNIKY 2015"},"content":{"rendered":"<p style=\"text-align: justify;\">My na festivalu odehrajeme v\u0161echna na\u0161e aktu\u00e1ln\u00ed p\u0159edstaven\u00ed:<\/p>\n<p style=\"text-align: justify;\"><em><a href=\"https:\/\/www.klaunika.eu\/wp-content\/uploads\/2015\/05\/DSC_1335.jpg\"><img decoding=\"async\" class=\"wp-image-543 alignleft\" src=\"https:\/\/www.klaunika.eu\/wp-content\/uploads\/2015\/05\/DSC_1335-300x178.jpg\" alt=\"DSC_1335\" width=\"216\" height=\"128\" srcset=\"https:\/\/www.klaunika.eu\/wp-content\/uploads\/2015\/05\/DSC_1335-300x178.jpg 300w, https:\/\/www.klaunika.eu\/wp-content\/uploads\/2015\/05\/DSC_1335.jpg 1008w\" sizes=\"(max-width: 216px) 100vw, 216px\" \/><\/a><\/em><span style=\"color: #ff0000;\">31. 7.\u00a0 &#8211; 20:30<\/span> <em>Voli\u010dsk\u00e1 kampa\u0148 Strany m\u00edrn\u00e9ho pokroku v mez\u00edch z\u00e1kona tedy p\u0159\u00edrodn\u00edho <\/em>je integra\u010dn\u00ed inscenace, pro n\u00ed\u017e byla zvolena forma happeningu. Je vedena jako parlamentn\u00ed jedn\u00e1ny Strany, projevy zdrav\u00fdch herc\u016f vych\u00e1zej\u00ed z Ha\u0161kov\u00fdch text\u016f, zat\u00edmco proslovy ment\u00e1ln\u011b posti\u017een\u00fdch jsou spont\u00e1nn\u00ed reakc\u00ed nejen na d\u0159\u00edve vy\u0159\u010den\u00e9, ale na d\u011bn\u00ed ve sv\u011bt\u011b kolem n\u00e1s. <a title=\"VOLI\u010cSK\u00c1 KAMPA\u0147\" href=\"https:\/\/www.klaunika.eu\/?page_id=57\">V\u00edce zde.<\/a><\/p>\n<p style=\"text-align: justify;\"><span style=\"color: #ff0000;\">31.7. &#8211; 22:00<\/span> \u017d\u00e1ci Bolka Pol\u00edvky sehraj\u00ed sv\u016fj seri\u00f3zn\u00ed pokus o interpretaci v\u00e1\u017en\u00e9 hudby. <em>Kon\u017eert. <\/em><a title=\"KON\u017dERT\" href=\"https:\/\/www.klaunika.eu\/?page_id=61\">V\u00edce zde<\/a>.<\/p>\n<p style=\"text-align: justify;\"><span style=\"color: #ff0000;\">1.8. &#8211; 20:00<\/span> Stand-up comedie Zde\u0148ka Kor\u010di\u00e1na a jeho <em>Ochutn\u00e1vky z laborato\u0159e Dr. Vernisaceho<\/em>. <a title=\"DR. VERNISACE\" href=\"https:\/\/www.klaunika.eu\/?page_id=839\">V\u00edce zde.<\/a><\/p>\n<p style=\"text-align: justify;\"><span style=\"color: #ff0000;\">1.8. &#8211; 20:00<\/span> Odehrajeme tak\u00e9 nejslavn\u011bj\u0161\u00ed inscenaci divadla, kter\u00e1 <a href=\"https:\/\/www.klaunika.eu\/wp-content\/uploads\/2015\/05\/sichr.jpg\"><img decoding=\"async\" class=\" wp-image-589 alignleft\" src=\"https:\/\/www.klaunika.eu\/wp-content\/uploads\/2015\/05\/sichr-300x199.jpg\" alt=\"sichr\" width=\"250\" height=\"166\" srcset=\"https:\/\/www.klaunika.eu\/wp-content\/uploads\/2015\/05\/sichr-300x199.jpg 300w, https:\/\/www.klaunika.eu\/wp-content\/uploads\/2015\/05\/sichr.jpg 960w\" sizes=\"(max-width: 250px) 100vw, 250px\" \/><\/a>objela Evropu, posb\u00edrala r\u016fzn\u00e1 ocen\u011bn\u00ed. Inscenaci, kter\u00e1 se dr\u017e\u00ed na reperto\u00e1ru divadla ji\u017e 27 let, co do \u010detnosti hran\u00ed v\u017edy konkurovala i inscenac\u00edm Cimrmanu. Didaktick\u00e1 klauniky\u00e1da uchopen\u00e1 dle vzoru velk\u00e9ho \u010desk\u00e9ho emigranta Jana \u00c1mose Komensk\u00e9ho: <em>Don Quijote de la mAncha. <\/em><a title=\"DON QUIJOTE DE LA mANCHA\" href=\"https:\/\/www.klaunika.eu\/?page_id=54\">V\u00edce zde<\/a>.<\/p>\n<p style=\"text-align: justify;\"><span style=\"color: #ff0000;\">1.8. &#8211; 21:30<\/span> <em>And\u011blsk\u00fd kabaret <\/em>je hudebn\u00ed z\u00e1bavn\u00fd po\u0159ad, v n\u011bm\u017e usly\u0161\u00edte spoustu zn\u00e1m\u00fdch popul\u00e1rn\u00edch p\u00edsni\u010dek, uvid\u00edte spo<em><a href=\"https:\/\/www.klaunika.eu\/wp-content\/uploads\/2015\/06\/DSC_6924.jpg\"><img decoding=\"async\" class=\"wp-image-377 alignleft\" src=\"https:\/\/www.klaunika.eu\/wp-content\/uploads\/2015\/06\/DSC_6924-300x199.jpg\" alt=\"DSC_6924\" width=\"199\" height=\"132\" srcset=\"https:\/\/www.klaunika.eu\/wp-content\/uploads\/2015\/06\/DSC_6924-300x199.jpg 300w, https:\/\/www.klaunika.eu\/wp-content\/uploads\/2015\/06\/DSC_6924.jpg 902w\" sizes=\"(max-width: 199px) 100vw, 199px\" \/><\/a><\/em>ustu bl\u00e1zniv\u00fdch kost\u00fdm\u016f, ale hlavn\u011b se setk\u00e1te s and\u011blsk\u00fdmi hr\u00e1\u010di na hudebn\u00ed n\u00e1stroje \u010di s p\u0159ekladateli do and\u011blsk\u00e9 znakov\u00e9 \u0159e\u010di. Ve\u010der s and\u011blsk\u00fdm kabaretem V\u00e1s zkr\u00e1tka povznese do and\u011blsk\u00fdch v\u00fd\u0161in. <a title=\"AND\u011aLSK\u00dd KABARET\" href=\"https:\/\/www.klaunika.eu\/?page_id=59\">V\u00edce zde<\/a>.<\/p>\n<p style=\"text-align: justify;\">\n<address style=\"text-align: justify;\">\u2192 <a href=\"https:\/\/www.klaunika.eu\/?page_id=243\">Zp\u011bt<\/a><\/address>\n<p style=\"text-align: justify;\">\n","protected":false},"excerpt":{"rendered":"<p>My na festivalu odehrajeme v\u0161echna na\u0161e aktu\u00e1ln\u00ed p\u0159edstaven\u00ed: 31. 7.\u00a0 &#8211; 20:30 Voli\u010dsk\u00e1 kampa\u0148 Strany m\u00edrn\u00e9ho pokroku v mez\u00edch z\u00e1kona tedy p\u0159\u00edrodn\u00edho je integra\u010dn\u00ed inscenace, pro n\u00ed\u017e byla zvolena forma happeningu. Je vedena jako parlamentn\u00ed jedn\u00e1ny Strany, projevy zdrav\u00fdch herc\u016f vych\u00e1zej\u00ed z Ha\u0161kov\u00fdch text\u016f, zat\u00edmco proslovy ment\u00e1ln\u011b posti\u017een\u00fdch jsou spont\u00e1nn\u00ed reakc\u00ed nejen na d\u0159\u00edve vy\u0159\u010den\u00e9, [&hellip;]<\/p>\n","protected":false},"author":1,"featured_media":637,"parent":0,"menu_order":0,"comment_status":"closed","ping_status":"open","template":"","meta":{"footnotes":""},"class_list":["post-795","page","type-page","status-publish","has-post-thumbnail","hentry"],"yoast_head":"<!-- This site is optimized with the Yoast SEO plugin v27.5 - https:\/\/yoast.com\/product\/yoast-seo-wordpress\/ -->\n<title>DIVADLO KLAUNIKY 2015 - DIVADLO KLAUNIKY BRNO<\/title>\n<meta name=\"robots\" content=\"index, follow, max-snippet:-1, max-image-preview:large, max-video-preview:-1\" \/>\n<link rel=\"canonical\" href=\"https:\/\/www.klaunika.eu\/?page_id=795\" \/>\n<meta property=\"og:locale\" content=\"cs_CZ\" \/>\n<meta property=\"og:type\" content=\"article\" \/>\n<meta property=\"og:title\" content=\"DIVADLO KLAUNIKY 2015 - DIVADLO KLAUNIKY BRNO\" \/>\n<meta property=\"og:description\" content=\"My na festivalu odehrajeme v\u0161echna na\u0161e aktu\u00e1ln\u00ed p\u0159edstaven\u00ed: 31. 7.\u00a0 &#8211; 20:30 Voli\u010dsk\u00e1 kampa\u0148 Strany m\u00edrn\u00e9ho pokroku v mez\u00edch z\u00e1kona tedy p\u0159\u00edrodn\u00edho je integra\u010dn\u00ed inscenace, pro n\u00ed\u017e byla zvolena forma happeningu. Je vedena jako parlamentn\u00ed jedn\u00e1ny Strany, projevy zdrav\u00fdch herc\u016f vych\u00e1zej\u00ed z Ha\u0161kov\u00fdch text\u016f, zat\u00edmco proslovy ment\u00e1ln\u011b posti\u017een\u00fdch jsou spont\u00e1nn\u00ed reakc\u00ed nejen na d\u0159\u00edve vy\u0159\u010den\u00e9, [&hellip;]\" \/>\n<meta property=\"og:url\" content=\"https:\/\/www.klaunika.eu\/?page_id=795\" \/>\n<meta property=\"og:site_name\" content=\"DIVADLO KLAUNIKY BRNO\" \/>\n<meta property=\"article:modified_time\" content=\"2016-06-19T11:10:12+00:00\" \/>\n<meta property=\"og:image\" content=\"https:\/\/www.klaunika.eu\/wp-content\/uploads\/2015\/06\/11656201_10204824576838379_1409201254_o.jpg\" \/>\n\t<meta property=\"og:image:width\" content=\"2048\" \/>\n\t<meta property=\"og:image:height\" content=\"1361\" \/>\n\t<meta property=\"og:image:type\" content=\"image\/jpeg\" \/>\n<meta name=\"twitter:card\" content=\"summary_large_image\" \/>\n<meta name=\"twitter:label1\" content=\"Odhadovan\u00e1 doba \u010dten\u00ed\" \/>\n\t<meta name=\"twitter:data1\" content=\"1 minuta\" \/>\n<script type=\"application\/ld+json\" class=\"yoast-schema-graph\">{\"@context\":\"https:\\\/\\\/schema.org\",\"@graph\":[{\"@type\":\"WebPage\",\"@id\":\"https:\\\/\\\/www.klaunika.eu\\\/?page_id=795\",\"url\":\"https:\\\/\\\/www.klaunika.eu\\\/?page_id=795\",\"name\":\"DIVADLO KLAUNIKY 2015 - DIVADLO KLAUNIKY BRNO\",\"isPartOf\":{\"@id\":\"https:\\\/\\\/www.klaunika.eu\\\/#website\"},\"primaryImageOfPage\":{\"@id\":\"https:\\\/\\\/www.klaunika.eu\\\/?page_id=795#primaryimage\"},\"image\":{\"@id\":\"https:\\\/\\\/www.klaunika.eu\\\/?page_id=795#primaryimage\"},\"thumbnailUrl\":\"https:\\\/\\\/www.klaunika.eu\\\/wp-content\\\/uploads\\\/2015\\\/06\\\/11656201_10204824576838379_1409201254_o.jpg\",\"datePublished\":\"2015-07-09T18:06:51+00:00\",\"dateModified\":\"2016-06-19T11:10:12+00:00\",\"breadcrumb\":{\"@id\":\"https:\\\/\\\/www.klaunika.eu\\\/?page_id=795#breadcrumb\"},\"inLanguage\":\"cs\",\"potentialAction\":[{\"@type\":\"ReadAction\",\"target\":[\"https:\\\/\\\/www.klaunika.eu\\\/?page_id=795\"]}]},{\"@type\":\"ImageObject\",\"inLanguage\":\"cs\",\"@id\":\"https:\\\/\\\/www.klaunika.eu\\\/?page_id=795#primaryimage\",\"url\":\"https:\\\/\\\/www.klaunika.eu\\\/wp-content\\\/uploads\\\/2015\\\/06\\\/11656201_10204824576838379_1409201254_o.jpg\",\"contentUrl\":\"https:\\\/\\\/www.klaunika.eu\\\/wp-content\\\/uploads\\\/2015\\\/06\\\/11656201_10204824576838379_1409201254_o.jpg\",\"width\":2048,\"height\":1361},{\"@type\":\"BreadcrumbList\",\"@id\":\"https:\\\/\\\/www.klaunika.eu\\\/?page_id=795#breadcrumb\",\"itemListElement\":[{\"@type\":\"ListItem\",\"position\":1,\"name\":\"Dom\u016f\",\"item\":\"https:\\\/\\\/www.klaunika.eu\\\/\"},{\"@type\":\"ListItem\",\"position\":2,\"name\":\"DIVADLO KLAUNIKY 2015\"}]},{\"@type\":\"WebSite\",\"@id\":\"https:\\\/\\\/www.klaunika.eu\\\/#website\",\"url\":\"https:\\\/\\\/www.klaunika.eu\\\/\",\"name\":\"DIVADLO KLAUNIKY BRNO\",\"description\":\"SOUKROM\u00c1 SC\u00c9NA HUMORU\",\"publisher\":{\"@id\":\"https:\\\/\\\/www.klaunika.eu\\\/#organization\"},\"potentialAction\":[{\"@type\":\"SearchAction\",\"target\":{\"@type\":\"EntryPoint\",\"urlTemplate\":\"https:\\\/\\\/www.klaunika.eu\\\/?s={search_term_string}\"},\"query-input\":{\"@type\":\"PropertyValueSpecification\",\"valueRequired\":true,\"valueName\":\"search_term_string\"}}],\"inLanguage\":\"cs\"},{\"@type\":\"Organization\",\"@id\":\"https:\\\/\\\/www.klaunika.eu\\\/#organization\",\"name\":\"DIVADLO KLAUNIKY BRNO\",\"url\":\"https:\\\/\\\/www.klaunika.eu\\\/\",\"logo\":{\"@type\":\"ImageObject\",\"inLanguage\":\"cs\",\"@id\":\"https:\\\/\\\/www.klaunika.eu\\\/#\\\/schema\\\/logo\\\/image\\\/\",\"url\":\"https:\\\/\\\/www.klaunika.eu\\\/wp-content\\\/uploads\\\/2021\\\/11\\\/cropped-cropped-PSX_20211123_210259.jpg\",\"contentUrl\":\"https:\\\/\\\/www.klaunika.eu\\\/wp-content\\\/uploads\\\/2021\\\/11\\\/cropped-cropped-PSX_20211123_210259.jpg\",\"width\":248,\"height\":248,\"caption\":\"DIVADLO KLAUNIKY BRNO\"},\"image\":{\"@id\":\"https:\\\/\\\/www.klaunika.eu\\\/#\\\/schema\\\/logo\\\/image\\\/\"}}]}<\/script>\n<!-- \/ Yoast SEO plugin. -->","yoast_head_json":{"title":"DIVADLO KLAUNIKY 2015 - DIVADLO KLAUNIKY BRNO","robots":{"index":"index","follow":"follow","max-snippet":"max-snippet:-1","max-image-preview":"max-image-preview:large","max-video-preview":"max-video-preview:-1"},"canonical":"https:\/\/www.klaunika.eu\/?page_id=795","og_locale":"cs_CZ","og_type":"article","og_title":"DIVADLO KLAUNIKY 2015 - DIVADLO KLAUNIKY BRNO","og_description":"My na festivalu odehrajeme v\u0161echna na\u0161e aktu\u00e1ln\u00ed p\u0159edstaven\u00ed: 31. 7.\u00a0 &#8211; 20:30 Voli\u010dsk\u00e1 kampa\u0148 Strany m\u00edrn\u00e9ho pokroku v mez\u00edch z\u00e1kona tedy p\u0159\u00edrodn\u00edho je integra\u010dn\u00ed inscenace, pro n\u00ed\u017e byla zvolena forma happeningu. Je vedena jako parlamentn\u00ed jedn\u00e1ny Strany, projevy zdrav\u00fdch herc\u016f vych\u00e1zej\u00ed z Ha\u0161kov\u00fdch text\u016f, zat\u00edmco proslovy ment\u00e1ln\u011b posti\u017een\u00fdch jsou spont\u00e1nn\u00ed reakc\u00ed nejen na d\u0159\u00edve vy\u0159\u010den\u00e9, [&hellip;]","og_url":"https:\/\/www.klaunika.eu\/?page_id=795","og_site_name":"DIVADLO KLAUNIKY BRNO","article_modified_time":"2016-06-19T11:10:12+00:00","og_image":[{"width":2048,"height":1361,"url":"https:\/\/www.klaunika.eu\/wp-content\/uploads\/2015\/06\/11656201_10204824576838379_1409201254_o.jpg","type":"image\/jpeg"}],"twitter_card":"summary_large_image","twitter_misc":{"Odhadovan\u00e1 doba \u010dten\u00ed":"1 minuta"},"schema":{"@context":"https:\/\/schema.org","@graph":[{"@type":"WebPage","@id":"https:\/\/www.klaunika.eu\/?page_id=795","url":"https:\/\/www.klaunika.eu\/?page_id=795","name":"DIVADLO KLAUNIKY 2015 - DIVADLO KLAUNIKY BRNO","isPartOf":{"@id":"https:\/\/www.klaunika.eu\/#website"},"primaryImageOfPage":{"@id":"https:\/\/www.klaunika.eu\/?page_id=795#primaryimage"},"image":{"@id":"https:\/\/www.klaunika.eu\/?page_id=795#primaryimage"},"thumbnailUrl":"https:\/\/www.klaunika.eu\/wp-content\/uploads\/2015\/06\/11656201_10204824576838379_1409201254_o.jpg","datePublished":"2015-07-09T18:06:51+00:00","dateModified":"2016-06-19T11:10:12+00:00","breadcrumb":{"@id":"https:\/\/www.klaunika.eu\/?page_id=795#breadcrumb"},"inLanguage":"cs","potentialAction":[{"@type":"ReadAction","target":["https:\/\/www.klaunika.eu\/?page_id=795"]}]},{"@type":"ImageObject","inLanguage":"cs","@id":"https:\/\/www.klaunika.eu\/?page_id=795#primaryimage","url":"https:\/\/www.klaunika.eu\/wp-content\/uploads\/2015\/06\/11656201_10204824576838379_1409201254_o.jpg","contentUrl":"https:\/\/www.klaunika.eu\/wp-content\/uploads\/2015\/06\/11656201_10204824576838379_1409201254_o.jpg","width":2048,"height":1361},{"@type":"BreadcrumbList","@id":"https:\/\/www.klaunika.eu\/?page_id=795#breadcrumb","itemListElement":[{"@type":"ListItem","position":1,"name":"Dom\u016f","item":"https:\/\/www.klaunika.eu\/"},{"@type":"ListItem","position":2,"name":"DIVADLO KLAUNIKY 2015"}]},{"@type":"WebSite","@id":"https:\/\/www.klaunika.eu\/#website","url":"https:\/\/www.klaunika.eu\/","name":"DIVADLO KLAUNIKY BRNO","description":"SOUKROM\u00c1 SC\u00c9NA HUMORU","publisher":{"@id":"https:\/\/www.klaunika.eu\/#organization"},"potentialAction":[{"@type":"SearchAction","target":{"@type":"EntryPoint","urlTemplate":"https:\/\/www.klaunika.eu\/?s={search_term_string}"},"query-input":{"@type":"PropertyValueSpecification","valueRequired":true,"valueName":"search_term_string"}}],"inLanguage":"cs"},{"@type":"Organization","@id":"https:\/\/www.klaunika.eu\/#organization","name":"DIVADLO KLAUNIKY BRNO","url":"https:\/\/www.klaunika.eu\/","logo":{"@type":"ImageObject","inLanguage":"cs","@id":"https:\/\/www.klaunika.eu\/#\/schema\/logo\/image\/","url":"https:\/\/www.klaunika.eu\/wp-content\/uploads\/2021\/11\/cropped-cropped-PSX_20211123_210259.jpg","contentUrl":"https:\/\/www.klaunika.eu\/wp-content\/uploads\/2021\/11\/cropped-cropped-PSX_20211123_210259.jpg","width":248,"height":248,"caption":"DIVADLO KLAUNIKY BRNO"},"image":{"@id":"https:\/\/www.klaunika.eu\/#\/schema\/logo\/image\/"}}]}},"_links":{"self":[{"href":"https:\/\/www.klaunika.eu\/index.php?rest_route=\/wp\/v2\/pages\/795","targetHints":{"allow":["GET"]}}],"collection":[{"href":"https:\/\/www.klaunika.eu\/index.php?rest_route=\/wp\/v2\/pages"}],"about":[{"href":"https:\/\/www.klaunika.eu\/index.php?rest_route=\/wp\/v2\/types\/page"}],"author":[{"embeddable":true,"href":"https:\/\/www.klaunika.eu\/index.php?rest_route=\/wp\/v2\/users\/1"}],"replies":[{"embeddable":true,"href":"https:\/\/www.klaunika.eu\/index.php?rest_route=%2Fwp%2Fv2%2Fcomments&post=795"}],"version-history":[{"count":6,"href":"https:\/\/www.klaunika.eu\/index.php?rest_route=\/wp\/v2\/pages\/795\/revisions"}],"predecessor-version":[{"id":1358,"href":"https:\/\/www.klaunika.eu\/index.php?rest_route=\/wp\/v2\/pages\/795\/revisions\/1358"}],"wp:featuredmedia":[{"embeddable":true,"href":"https:\/\/www.klaunika.eu\/index.php?rest_route=\/wp\/v2\/media\/637"}],"wp:attachment":[{"href":"https:\/\/www.klaunika.eu\/index.php?rest_route=%2Fwp%2Fv2%2Fmedia&parent=795"}],"curies":[{"name":"wp","href":"https:\/\/api.w.org\/{rel}","templated":true}]}}