{"id":784,"date":"2015-07-09T17:16:27","date_gmt":"2015-07-09T15:16:27","guid":{"rendered":"http:\/\/www.klaunika.eu\/?page_id=784"},"modified":"2015-07-09T22:39:59","modified_gmt":"2015-07-09T20:39:59","slug":"bila-holubice","status":"publish","type":"page","link":"https:\/\/www.klaunika.eu\/?page_id=784","title":{"rendered":"B\u00cdL\u00c1 HOLUBICE"},"content":{"rendered":"<p style=\"text-align: justify;\">B\u00edl\u00e1 holubice \u2013 ob\u010dansk\u00e9 sdru\u017een\u00ed na podporu um\u011bleck\u00e9 a soci\u00e1ln\u00ed integrace ob\u010dan\u016f se zdravotn\u00edm handicapem bylo zale\u017eeno v roce 2006. Jeho hlavn\u00edm posl\u00e1n\u00edm jsou aktivity spojen\u00e9 s integrac\u00ed d\u011bt\u00ed a mlad\u00fdch lid\u00ed s t\u011blesn\u00fdm handicapem, a to prost\u0159ednictv\u00edm spolupr\u00e1ce s profesion\u00e1ln\u00edmi um\u011blci.<\/p>\n<p><strong>Na\u0161e vize: Um\u011bleck\u00e1 profesionalizace handicapovan\u00fdch \u010dlen\u016f sdru\u017een\u00ed.<\/strong><\/p>\n<p style=\"text-align: justify;\">V sou\u010dasn\u00e9 dob\u011b jsou na\u0161imi \u010dleny mlad\u00ed t\u011blesn\u011b handicapovan\u00ed lid\u00e9, kte\u0159\u00ed se v\u011bnuj\u00ed v\u00fdrazov\u00e9mu tanci. Ten jim pom\u00e1h\u00e1 se soci\u00e1ln\u00edm za\u010dlen\u011bn\u00edm do spole\u010dnosti a z\u00e1rove\u0148 jim poskytuje n\u00e1pl\u0148 voln\u00e9ho \u010dasu. \u00da\u010dast\u00ed na ve\u0159ejn\u00fdch p\u0159edstaven\u00edch a aktivn\u00ed spoluprac\u00ed p\u0159i jejich <a href=\"https:\/\/www.klaunika.eu\/wp-content\/uploads\/2015\/07\/bilah.jpg\"><img fetchpriority=\"high\" decoding=\"async\" class=\"size-medium wp-image-767 alignleft\" src=\"https:\/\/www.klaunika.eu\/wp-content\/uploads\/2015\/07\/bilah-300x200.jpg\" alt=\"bilah\" width=\"300\" height=\"200\" srcset=\"https:\/\/www.klaunika.eu\/wp-content\/uploads\/2015\/07\/bilah-300x200.jpg 300w, https:\/\/www.klaunika.eu\/wp-content\/uploads\/2015\/07\/bilah.jpg 733w\" sizes=\"(max-width: 300px) 100vw, 300px\" \/><\/a>vzniku z\u00edsk\u00e1vaj\u00ed handicapovan\u00ed tolik pot\u0159ebn\u00e9 sebev\u011bdom\u00ed pramen\u00edc\u00ed z pozn\u00e1n\u00ed, \u017ee jsou schopni vytv\u00e1\u0159et hodnoty, a to dokonce hodnoty um\u011bleck\u00e9.<\/p>\n<p><strong>Na\u0161e motto: Nem\u016f\u017ee\u0161 chodit, m\u016f\u017ee\u0161 tan\u010dit!<\/strong><\/p>\n<p style=\"text-align: justify;\">V sou\u010dasn\u00e9 dob\u011b m\u00e1 na\u0161e sdru\u017een\u00ed 40 \u010dlen\u016f a mnoho p\u0159\u00e1tel z \u0159ad profesion\u00e1ln\u00edch um\u011blc\u016f a spolupracovn\u00edk\u016f. Celkem je v na\u0161ich \u0159ad\u00e1ch 8 mlad\u00fdch lid\u00ed s t\u011blesn\u00fdm handicapem, kte\u0159\u00ed spolu se \u201ezdrav\u00fdmi\u201c pravideln\u011b nav\u0161t\u011bvuj\u00ed tane\u010dn\u00ed tr\u00e9ninky veden\u00e9 profesion\u00e1ln\u00edmi choreografy a pedagogy, tan\u010d\u00ed v divadeln\u00edch p\u0159edstaven\u00edch a na r\u016fzn\u00fdch vystoupen\u00edch.<\/p>\n<p style=\"text-align: justify;\"><div class=\"su-youtube su-u-responsive-media-yes\"><iframe width=\"360\" height=\"300\" src=\"https:\/\/www.youtube.com\/embed\/S8isDat8Wz0?\" frameborder=\"0\" allowfullscreen allow=\"autoplay; encrypted-media; picture-in-picture\" title=\"\"><\/iframe><\/div>\n<p style=\"text-align: justify;\">V\u0161ichni m\u00e1me r\u00e1di tanec, hudbu a divadlo. V\u0161ichni chceme uk\u00e1zat lidem, \u017ee ka\u017ed\u00fd z n\u00e1s m\u016f\u017ee d\u011blat, co m\u00e1 r\u00e1d a zapojit se do uml\u011bleck\u00e9 tvorby.<\/p>\n<p style=\"text-align: justify;\"><div class=\"su-custom-gallery su-custom-gallery-align-left su-custom-gallery-title-never su-lightbox-gallery\"><div class=\"su-custom-gallery-slide\" style=\"width:100px;height:100px\"><a href=\"https:\/\/www.klaunika.eu\/wp-content\/uploads\/2015\/07\/bilah51.jpg\" title=\"bilah5\"><img decoding=\"async\" src=\"https:\/\/www.klaunika.eu\/wp-content\/uploads\/2015\/07\/bilah51-100x100.jpg\" alt=\"bilah5\" width=\"100\" height=\"100\" \/><span class=\"su-custom-gallery-title\">bilah5<\/span><\/a><\/div><div class=\"su-custom-gallery-slide\" style=\"width:100px;height:100px\"><a href=\"https:\/\/www.klaunika.eu\/wp-content\/uploads\/2015\/07\/bilah7.jpg\" title=\"bilah7\"><img decoding=\"async\" src=\"https:\/\/www.klaunika.eu\/wp-content\/uploads\/2015\/07\/bilah7-100x100.jpg\" alt=\"bilah7\" width=\"100\" height=\"100\" \/><span class=\"su-custom-gallery-title\">bilah7<\/span><\/a><\/div><div class=\"su-custom-gallery-slide\" style=\"width:100px;height:100px\"><a href=\"https:\/\/www.klaunika.eu\/wp-content\/uploads\/2015\/07\/bilah6.jpg\" title=\"bilah6\"><img loading=\"lazy\" decoding=\"async\" src=\"https:\/\/www.klaunika.eu\/wp-content\/uploads\/2015\/07\/bilah6-100x100.jpg\" alt=\"bilah6\" width=\"100\" height=\"100\" \/><span class=\"su-custom-gallery-title\">bilah6<\/span><\/a><\/div><div class=\"su-custom-gallery-slide\" style=\"width:100px;height:100px\"><a href=\"https:\/\/www.klaunika.eu\/wp-content\/uploads\/2015\/07\/bilah4.jpg\" title=\"bilah4\"><img loading=\"lazy\" decoding=\"async\" src=\"https:\/\/www.klaunika.eu\/wp-content\/uploads\/2015\/07\/bilah4-100x100.jpg\" alt=\"bilah4\" width=\"100\" height=\"100\" \/><span class=\"su-custom-gallery-title\">bilah4<\/span><\/a><\/div><div class=\"su-custom-gallery-slide\" style=\"width:100px;height:100px\"><a href=\"https:\/\/www.klaunika.eu\/wp-content\/uploads\/2015\/07\/bilah3.jpg\" title=\"bilah3\"><img loading=\"lazy\" decoding=\"async\" src=\"https:\/\/www.klaunika.eu\/wp-content\/uploads\/2015\/07\/bilah3-100x100.jpg\" alt=\"bilah3\" width=\"100\" height=\"100\" \/><span class=\"su-custom-gallery-title\">bilah3<\/span><\/a><\/div><div class=\"su-custom-gallery-slide\" style=\"width:100px;height:100px\"><a href=\"https:\/\/www.klaunika.eu\/wp-content\/uploads\/2015\/07\/bilah2.jpg\" title=\"bilah2\"><img loading=\"lazy\" decoding=\"async\" src=\"https:\/\/www.klaunika.eu\/wp-content\/uploads\/2015\/07\/bilah2-100x100.jpg\" alt=\"bilah2\" width=\"100\" height=\"100\" \/><span class=\"su-custom-gallery-title\">bilah2<\/span><\/a><\/div><div class=\"su-custom-gallery-slide\" style=\"width:100px;height:100px\"><a href=\"https:\/\/www.klaunika.eu\/wp-content\/uploads\/2015\/07\/bilah.jpg\" title=\"bilah\"><img loading=\"lazy\" decoding=\"async\" src=\"https:\/\/www.klaunika.eu\/wp-content\/uploads\/2015\/07\/bilah-100x100.jpg\" alt=\"bilah\" width=\"100\" height=\"100\" \/><span class=\"su-custom-gallery-title\">bilah<\/span><\/a><\/div><div class=\"su-custom-gallery-slide\" style=\"width:100px;height:100px\"><a href=\"https:\/\/www.klaunika.eu\/wp-content\/uploads\/2015\/07\/bilah5.jpg\" title=\"bilah5\"><img loading=\"lazy\" decoding=\"async\" src=\"https:\/\/www.klaunika.eu\/wp-content\/uploads\/2015\/07\/bilah5-100x100.jpg\" alt=\"bilah5\" width=\"100\" height=\"100\" \/><span class=\"su-custom-gallery-title\">bilah5<\/span><\/a><\/div><div class=\"su-clear\"><\/div><\/div>\n","protected":false},"excerpt":{"rendered":"<p>B\u00edl\u00e1 holubice \u2013 ob\u010dansk\u00e9 sdru\u017een\u00ed na podporu um\u011bleck\u00e9 a soci\u00e1ln\u00ed integrace ob\u010dan\u016f se zdravotn\u00edm handicapem bylo zale\u017eeno v roce 2006. Jeho hlavn\u00edm posl\u00e1n\u00edm jsou aktivity spojen\u00e9 s integrac\u00ed d\u011bt\u00ed a mlad\u00fdch lid\u00ed s t\u011blesn\u00fdm handicapem, a to prost\u0159ednictv\u00edm spolupr\u00e1ce s profesion\u00e1ln\u00edmi um\u011blci. Na\u0161e vize: Um\u011bleck\u00e1 profesionalizace handicapovan\u00fdch \u010dlen\u016f sdru\u017een\u00ed. V sou\u010dasn\u00e9 dob\u011b jsou na\u0161imi \u010dleny [&hellip;]<\/p>\n","protected":false},"author":1,"featured_media":803,"parent":0,"menu_order":0,"comment_status":"closed","ping_status":"open","template":"","meta":{"footnotes":""},"class_list":["post-784","page","type-page","status-publish","has-post-thumbnail","hentry"],"yoast_head":"<!-- This site is optimized with the Yoast SEO plugin v27.5 - https:\/\/yoast.com\/product\/yoast-seo-wordpress\/ -->\n<title>B\u00cdL\u00c1 HOLUBICE - DIVADLO KLAUNIKY BRNO<\/title>\n<meta name=\"robots\" content=\"index, follow, max-snippet:-1, max-image-preview:large, max-video-preview:-1\" \/>\n<link rel=\"canonical\" href=\"https:\/\/www.klaunika.eu\/?page_id=784\" \/>\n<meta property=\"og:locale\" content=\"cs_CZ\" \/>\n<meta property=\"og:type\" content=\"article\" \/>\n<meta property=\"og:title\" content=\"B\u00cdL\u00c1 HOLUBICE - DIVADLO KLAUNIKY BRNO\" \/>\n<meta property=\"og:description\" content=\"B\u00edl\u00e1 holubice \u2013 ob\u010dansk\u00e9 sdru\u017een\u00ed na podporu um\u011bleck\u00e9 a soci\u00e1ln\u00ed integrace ob\u010dan\u016f se zdravotn\u00edm handicapem bylo zale\u017eeno v roce 2006. Jeho hlavn\u00edm posl\u00e1n\u00edm jsou aktivity spojen\u00e9 s integrac\u00ed d\u011bt\u00ed a mlad\u00fdch lid\u00ed s t\u011blesn\u00fdm handicapem, a to prost\u0159ednictv\u00edm spolupr\u00e1ce s profesion\u00e1ln\u00edmi um\u011blci. Na\u0161e vize: Um\u011bleck\u00e1 profesionalizace handicapovan\u00fdch \u010dlen\u016f sdru\u017een\u00ed. V sou\u010dasn\u00e9 dob\u011b jsou na\u0161imi \u010dleny [&hellip;]\" \/>\n<meta property=\"og:url\" content=\"https:\/\/www.klaunika.eu\/?page_id=784\" \/>\n<meta property=\"og:site_name\" content=\"DIVADLO KLAUNIKY BRNO\" \/>\n<meta property=\"article:modified_time\" content=\"2015-07-09T20:39:59+00:00\" \/>\n<meta property=\"og:image\" content=\"https:\/\/www.klaunika.eu\/wp-content\/uploads\/2015\/07\/bilah21.jpg\" \/>\n\t<meta property=\"og:image:width\" content=\"733\" \/>\n\t<meta property=\"og:image:height\" content=\"489\" \/>\n\t<meta property=\"og:image:type\" content=\"image\/jpeg\" \/>\n<meta name=\"twitter:card\" content=\"summary_large_image\" \/>\n<meta name=\"twitter:label1\" content=\"Odhadovan\u00e1 doba \u010dten\u00ed\" \/>\n\t<meta name=\"twitter:data1\" content=\"2 minuty\" \/>\n<script type=\"application\/ld+json\" class=\"yoast-schema-graph\">{\"@context\":\"https:\\\/\\\/schema.org\",\"@graph\":[{\"@type\":\"WebPage\",\"@id\":\"https:\\\/\\\/www.klaunika.eu\\\/?page_id=784\",\"url\":\"https:\\\/\\\/www.klaunika.eu\\\/?page_id=784\",\"name\":\"B\u00cdL\u00c1 HOLUBICE - DIVADLO KLAUNIKY BRNO\",\"isPartOf\":{\"@id\":\"https:\\\/\\\/www.klaunika.eu\\\/#website\"},\"primaryImageOfPage\":{\"@id\":\"https:\\\/\\\/www.klaunika.eu\\\/?page_id=784#primaryimage\"},\"image\":{\"@id\":\"https:\\\/\\\/www.klaunika.eu\\\/?page_id=784#primaryimage\"},\"thumbnailUrl\":\"https:\\\/\\\/www.klaunika.eu\\\/wp-content\\\/uploads\\\/2015\\\/07\\\/bilah21.jpg\",\"datePublished\":\"2015-07-09T15:16:27+00:00\",\"dateModified\":\"2015-07-09T20:39:59+00:00\",\"breadcrumb\":{\"@id\":\"https:\\\/\\\/www.klaunika.eu\\\/?page_id=784#breadcrumb\"},\"inLanguage\":\"cs\",\"potentialAction\":[{\"@type\":\"ReadAction\",\"target\":[\"https:\\\/\\\/www.klaunika.eu\\\/?page_id=784\"]}]},{\"@type\":\"ImageObject\",\"inLanguage\":\"cs\",\"@id\":\"https:\\\/\\\/www.klaunika.eu\\\/?page_id=784#primaryimage\",\"url\":\"https:\\\/\\\/www.klaunika.eu\\\/wp-content\\\/uploads\\\/2015\\\/07\\\/bilah21.jpg\",\"contentUrl\":\"https:\\\/\\\/www.klaunika.eu\\\/wp-content\\\/uploads\\\/2015\\\/07\\\/bilah21.jpg\",\"width\":733,\"height\":489},{\"@type\":\"BreadcrumbList\",\"@id\":\"https:\\\/\\\/www.klaunika.eu\\\/?page_id=784#breadcrumb\",\"itemListElement\":[{\"@type\":\"ListItem\",\"position\":1,\"name\":\"Dom\u016f\",\"item\":\"https:\\\/\\\/www.klaunika.eu\\\/\"},{\"@type\":\"ListItem\",\"position\":2,\"name\":\"B\u00cdL\u00c1 HOLUBICE\"}]},{\"@type\":\"WebSite\",\"@id\":\"https:\\\/\\\/www.klaunika.eu\\\/#website\",\"url\":\"https:\\\/\\\/www.klaunika.eu\\\/\",\"name\":\"DIVADLO KLAUNIKY BRNO\",\"description\":\"SOUKROM\u00c1 SC\u00c9NA HUMORU\",\"publisher\":{\"@id\":\"https:\\\/\\\/www.klaunika.eu\\\/#organization\"},\"potentialAction\":[{\"@type\":\"SearchAction\",\"target\":{\"@type\":\"EntryPoint\",\"urlTemplate\":\"https:\\\/\\\/www.klaunika.eu\\\/?s={search_term_string}\"},\"query-input\":{\"@type\":\"PropertyValueSpecification\",\"valueRequired\":true,\"valueName\":\"search_term_string\"}}],\"inLanguage\":\"cs\"},{\"@type\":\"Organization\",\"@id\":\"https:\\\/\\\/www.klaunika.eu\\\/#organization\",\"name\":\"DIVADLO KLAUNIKY BRNO\",\"url\":\"https:\\\/\\\/www.klaunika.eu\\\/\",\"logo\":{\"@type\":\"ImageObject\",\"inLanguage\":\"cs\",\"@id\":\"https:\\\/\\\/www.klaunika.eu\\\/#\\\/schema\\\/logo\\\/image\\\/\",\"url\":\"https:\\\/\\\/www.klaunika.eu\\\/wp-content\\\/uploads\\\/2021\\\/11\\\/cropped-cropped-PSX_20211123_210259.jpg\",\"contentUrl\":\"https:\\\/\\\/www.klaunika.eu\\\/wp-content\\\/uploads\\\/2021\\\/11\\\/cropped-cropped-PSX_20211123_210259.jpg\",\"width\":248,\"height\":248,\"caption\":\"DIVADLO KLAUNIKY BRNO\"},\"image\":{\"@id\":\"https:\\\/\\\/www.klaunika.eu\\\/#\\\/schema\\\/logo\\\/image\\\/\"}}]}<\/script>\n<!-- \/ Yoast SEO plugin. -->","yoast_head_json":{"title":"B\u00cdL\u00c1 HOLUBICE - DIVADLO KLAUNIKY BRNO","robots":{"index":"index","follow":"follow","max-snippet":"max-snippet:-1","max-image-preview":"max-image-preview:large","max-video-preview":"max-video-preview:-1"},"canonical":"https:\/\/www.klaunika.eu\/?page_id=784","og_locale":"cs_CZ","og_type":"article","og_title":"B\u00cdL\u00c1 HOLUBICE - DIVADLO KLAUNIKY BRNO","og_description":"B\u00edl\u00e1 holubice \u2013 ob\u010dansk\u00e9 sdru\u017een\u00ed na podporu um\u011bleck\u00e9 a soci\u00e1ln\u00ed integrace ob\u010dan\u016f se zdravotn\u00edm handicapem bylo zale\u017eeno v roce 2006. Jeho hlavn\u00edm posl\u00e1n\u00edm jsou aktivity spojen\u00e9 s integrac\u00ed d\u011bt\u00ed a mlad\u00fdch lid\u00ed s t\u011blesn\u00fdm handicapem, a to prost\u0159ednictv\u00edm spolupr\u00e1ce s profesion\u00e1ln\u00edmi um\u011blci. Na\u0161e vize: Um\u011bleck\u00e1 profesionalizace handicapovan\u00fdch \u010dlen\u016f sdru\u017een\u00ed. V sou\u010dasn\u00e9 dob\u011b jsou na\u0161imi \u010dleny [&hellip;]","og_url":"https:\/\/www.klaunika.eu\/?page_id=784","og_site_name":"DIVADLO KLAUNIKY BRNO","article_modified_time":"2015-07-09T20:39:59+00:00","og_image":[{"width":733,"height":489,"url":"https:\/\/www.klaunika.eu\/wp-content\/uploads\/2015\/07\/bilah21.jpg","type":"image\/jpeg"}],"twitter_card":"summary_large_image","twitter_misc":{"Odhadovan\u00e1 doba \u010dten\u00ed":"2 minuty"},"schema":{"@context":"https:\/\/schema.org","@graph":[{"@type":"WebPage","@id":"https:\/\/www.klaunika.eu\/?page_id=784","url":"https:\/\/www.klaunika.eu\/?page_id=784","name":"B\u00cdL\u00c1 HOLUBICE - DIVADLO KLAUNIKY BRNO","isPartOf":{"@id":"https:\/\/www.klaunika.eu\/#website"},"primaryImageOfPage":{"@id":"https:\/\/www.klaunika.eu\/?page_id=784#primaryimage"},"image":{"@id":"https:\/\/www.klaunika.eu\/?page_id=784#primaryimage"},"thumbnailUrl":"https:\/\/www.klaunika.eu\/wp-content\/uploads\/2015\/07\/bilah21.jpg","datePublished":"2015-07-09T15:16:27+00:00","dateModified":"2015-07-09T20:39:59+00:00","breadcrumb":{"@id":"https:\/\/www.klaunika.eu\/?page_id=784#breadcrumb"},"inLanguage":"cs","potentialAction":[{"@type":"ReadAction","target":["https:\/\/www.klaunika.eu\/?page_id=784"]}]},{"@type":"ImageObject","inLanguage":"cs","@id":"https:\/\/www.klaunika.eu\/?page_id=784#primaryimage","url":"https:\/\/www.klaunika.eu\/wp-content\/uploads\/2015\/07\/bilah21.jpg","contentUrl":"https:\/\/www.klaunika.eu\/wp-content\/uploads\/2015\/07\/bilah21.jpg","width":733,"height":489},{"@type":"BreadcrumbList","@id":"https:\/\/www.klaunika.eu\/?page_id=784#breadcrumb","itemListElement":[{"@type":"ListItem","position":1,"name":"Dom\u016f","item":"https:\/\/www.klaunika.eu\/"},{"@type":"ListItem","position":2,"name":"B\u00cdL\u00c1 HOLUBICE"}]},{"@type":"WebSite","@id":"https:\/\/www.klaunika.eu\/#website","url":"https:\/\/www.klaunika.eu\/","name":"DIVADLO KLAUNIKY BRNO","description":"SOUKROM\u00c1 SC\u00c9NA HUMORU","publisher":{"@id":"https:\/\/www.klaunika.eu\/#organization"},"potentialAction":[{"@type":"SearchAction","target":{"@type":"EntryPoint","urlTemplate":"https:\/\/www.klaunika.eu\/?s={search_term_string}"},"query-input":{"@type":"PropertyValueSpecification","valueRequired":true,"valueName":"search_term_string"}}],"inLanguage":"cs"},{"@type":"Organization","@id":"https:\/\/www.klaunika.eu\/#organization","name":"DIVADLO KLAUNIKY BRNO","url":"https:\/\/www.klaunika.eu\/","logo":{"@type":"ImageObject","inLanguage":"cs","@id":"https:\/\/www.klaunika.eu\/#\/schema\/logo\/image\/","url":"https:\/\/www.klaunika.eu\/wp-content\/uploads\/2021\/11\/cropped-cropped-PSX_20211123_210259.jpg","contentUrl":"https:\/\/www.klaunika.eu\/wp-content\/uploads\/2021\/11\/cropped-cropped-PSX_20211123_210259.jpg","width":248,"height":248,"caption":"DIVADLO KLAUNIKY BRNO"},"image":{"@id":"https:\/\/www.klaunika.eu\/#\/schema\/logo\/image\/"}}]}},"_links":{"self":[{"href":"https:\/\/www.klaunika.eu\/index.php?rest_route=\/wp\/v2\/pages\/784","targetHints":{"allow":["GET"]}}],"collection":[{"href":"https:\/\/www.klaunika.eu\/index.php?rest_route=\/wp\/v2\/pages"}],"about":[{"href":"https:\/\/www.klaunika.eu\/index.php?rest_route=\/wp\/v2\/types\/page"}],"author":[{"embeddable":true,"href":"https:\/\/www.klaunika.eu\/index.php?rest_route=\/wp\/v2\/users\/1"}],"replies":[{"embeddable":true,"href":"https:\/\/www.klaunika.eu\/index.php?rest_route=%2Fwp%2Fv2%2Fcomments&post=784"}],"version-history":[{"count":2,"href":"https:\/\/www.klaunika.eu\/index.php?rest_route=\/wp\/v2\/pages\/784\/revisions"}],"predecessor-version":[{"id":787,"href":"https:\/\/www.klaunika.eu\/index.php?rest_route=\/wp\/v2\/pages\/784\/revisions\/787"}],"wp:featuredmedia":[{"embeddable":true,"href":"https:\/\/www.klaunika.eu\/index.php?rest_route=\/wp\/v2\/media\/803"}],"wp:attachment":[{"href":"https:\/\/www.klaunika.eu\/index.php?rest_route=%2Fwp%2Fv2%2Fmedia&parent=784"}],"curies":[{"name":"wp","href":"https:\/\/api.w.org\/{rel}","templated":true}]}}