{"id":781,"date":"2015-07-09T16:47:13","date_gmt":"2015-07-09T14:47:13","guid":{"rendered":"http:\/\/www.klaunika.eu\/?page_id=781"},"modified":"2015-07-09T22:42:35","modified_gmt":"2015-07-09T20:42:35","slug":"bohnicka-divadelni-spolecnost","status":"publish","type":"page","link":"https:\/\/www.klaunika.eu\/?page_id=781","title":{"rendered":"BOHNICK\u00c1 DIVADELN\u00cd SPOLE\u010cNOST"},"content":{"rendered":"<p style=\"text-align: justify;\">BDS je p\u0159edev\u0161\u00edm spole\u010denstv\u00ed &#8211; voln\u00e1, otev\u0159en\u00e1 formace lid\u00ed s \u0161irokou \u0161k\u00e1lou zku\u0161enost\u00ed, n\u00e1zor\u016f a post\u0159eh\u016f, lid\u00ed s r\u016fzn\u00fdmi stupni a diagn\u00f3zami &#8222;nemoci&#8220;. J\u00e1dro experiment\u00e1ln\u00edho souboru tvo\u0159\u00ed profesion\u00e1ln\u00ed divadeln\u00edci a\u00a0psychiatri\u010dt\u00ed pacienti-herci (hospitalizovan\u00ed, ambulantn\u011b l\u00e9\u010den\u00ed, ob\u010dasn\u011b nemocn\u00ed). Spole\u010dnost dopl\u0148uj\u00ed studenti, terapeuti, lekto\u0159i, p\u0159\u00e1tel\u00e9 a sympatizanti. Ka\u017ed\u00fd m\u016f\u017ee p\u0159ij\u00edt a obsadit svoje m\u00edsto.<\/p>\n<p style=\"text-align: justify;\"><a title=\"BDS na Facebooku!\" href=\"http:\/\/www.facebook.com\/bohnicka.divadelni\" target=\"_blank\">BDS<\/a> vznikla v roce 1991 na p\u016fd\u011b Bohnick\u00e9 psychiatrick\u00e9 l\u00e9\u010debny. Od roku 1996 s\u00eddl\u00ed a zkou\u0161\u00ed v domovsk\u00e9m\u00a0Studiu Citadela v centru Prahy.<\/p>\n<p style=\"text-align: justify;\"><div class=\"su-youtube su-u-responsive-media-yes\"><iframe width=\"360\" height=\"300\" src=\"https:\/\/www.youtube.com\/embed\/5gGYbtjfNIA?\" frameborder=\"0\" allowfullscreen allow=\"autoplay; encrypted-media; picture-in-picture\" title=\"\"><\/iframe><\/div>\n<p style=\"text-align: justify;\">SOCIAL SPECIFIC ANEB SOCI\u00c1LN\u00cd DIVADLO<\/p>\n<p style=\"text-align: justify;\">Vlastn\u00edm z\u00e1m\u011brem zde z\u016fst\u00e1v\u00e1 p\u0159edev\u0161\u00edm proces tvorby, nikoli v\u00fdsledn\u00e9 p\u0159edstaven\u00ed, kter\u00e9 je jist\u00fdm d\u00edl\u010d\u00edm horizontem spole\u010dn\u00e9ho um\u011bleck\u00e9ho-lidsk\u00e9ho usilov\u00e1n\u00ed. Nehybnost a\u017e totalita pohybov\u00e9 kreace, rytmizovan\u00e1 souhra gesta a slova, kontrast kolektivn\u00ed a individu\u00e1ln\u00ed role pat\u0159\u00ed k z\u00e1kladn\u00edm prost\u0159edk\u016fm na\u0161\u00ed inscena\u010dn\u00ed tvorby.<\/p>\n<p style=\"text-align: justify;\">V evropsk\u00e9 zku\u0161enosti se v \u0159\u00e1du posledn\u00edch 20 let zako\u0159enila tradice profesion\u00e1ln\u00edch divadel handicapovan\u00fdch.\u00a0Ze soubor\u016f p\u016fsob\u00edc\u00edch na\u00a0hranici um\u011bn\u00ed a psychiatrie m\u016f\u017eeme vedle BDS jmenovat kup\u0159. <a title=\"Theater Maatwerk\" href=\"http:\/\/www.theatermaatwerk.nl\/\" target=\"_blank\">Theater Maatwerk<\/a> z Holandska, <a title=\"Theater im Glashaus\" href=\"http:\/\/www.theaterglashaus.de\/\" target=\"_blank\">Theater im Glashaus<\/a>, Theater Sycorax a <a title=\"Theater Chaosium\" href=\"http:\/\/theater-chaosium.de\/\" target=\"_blank\">Theater Chaosium <\/a>z N\u011bmecka, francouzsk\u00fd sobor Compagnie de l&#8217;Oiseau Mouche,\u00a0<a title=\"Arte e Salute\" href=\"http:\/\/www.arteesalute.org\/\" target=\"_blank\">Arte e Salute <\/a>z It\u00e1lie a dal\u0161\u00ed.<\/p>\n<p style=\"text-align: justify;\"><span style=\"color: #ff0000;\"><strong>KABARET ARTAUD <\/strong><\/span><\/p>\n<p style=\"text-align: justify;\">ARTAUD LE MOMO?!<\/p>\n<p><em>\u201eDivadlo provokuje lidsk\u00e9ho ducha k blouzn\u011bn\u00ed, kter\u00e9 probouz\u00ed jeho energii\u201c, <\/em>taK pojmenoval Antonin Artaud svoji vizi divadla\u00a0r. 1938. \u0160\u00edlen\u00fd Artaud, francouzsk\u00fd b\u00e1sn\u00edk a divadeln\u00edk, Artaud trp\u00edc\u00ed, bou\u0159\u00edc\u00ed se, v\u011b\u010dn\u011b hledaj\u00edc\u00ed\u2026 V\u00fdznamn\u00fd p\u0159edstavitel evropsk\u00e9 meziv\u00e1le\u010dn\u00e9 avantgardy, kter\u00fd svoj\u00ed ideou \u201ekrut\u00e9ho divadla\u201c z\u00e1sadn\u011b ovlivnil modern\u00ed sc\u00e9nick\u00e9 um\u011bn\u00ed. Od d\u011btstv\u00ed trp\u011bl nevyl\u00e9\u010ditelnou du\u0161evn\u00ed chorobou, kter\u00e1 jeho \u017eivot a d\u00edlo p\u0159edur\u010dovala.<\/p>\n<p style=\"text-align: justify;\"><em><a class=\"thumbnail\" title=\"Artaud\" href=\"http:\/\/www.studiocitadela.cz\/images\/artaud3.jpg\" target=\"_blank\" rel=\"lightbox[17]\"><img decoding=\"async\" class=\"alignleft\" title=\"Artaud\" src=\"http:\/\/www.studiocitadela.cz\/images\/stories\/thumbnails\/images-artaud3-104x200.jpg\" alt=\"Artaud \" width=\"104\" height=\"200\" border=\"0\" \/><\/a><\/em>Bohnick\u00e1 divadeln\u00ed spole\u010dnost p\u0159ipravila dal\u0161\u00ed ze sv\u00fdch nekonven\u010dn\u00edch inscenac\u00ed\u00a0v premi\u00e9\u0159e v listopadu 2011, kdy soubor oslavil 20 let\u00a0svoj\u00ed nelehk\u00e9, nezapomenuteln\u00e9 existence.<\/p>\n<p style=\"text-align: justify;\">Work-in-progress uk\u00e1zku z p\u0159edstaven\u00ed\u00a0m\u011bli mo\u017enosti div\u00e1ci zhl\u00e9dnout u\u017e na pra\u017esk\u00e9m\u00a0festivalu Mezi ploty v kv\u011btnu 2011.<\/p>\n<p style=\"text-align: justify;\">Hraj\u00ed: Petr Korpas, Magda Pra\u017e\u00e1kov\u00e1, Jana Musilov\u00e1, Martin Bonne, Pavel Schrank, Josef Vrba, \u0160\u00e1rka Ku\u010derov\u00e1, K\u00e1ja Hump\u00e1lov\u00e1, Mark\u00e9ta Topinkov\u00e1, Jacek Ortmann, Marta Hanouskov\u00e1 ad.<\/p>\n<p>Re\u017eie: Vendula Kodetov\u00e1. Pohybov\u00e1 spolupr\u00e1ce: Ivana Hessov\u00e1. V\u00fdprava: Andrea Kr\u00e1lov\u00e1.<\/p>\n<p style=\"text-align: justify;\"><div class=\"su-custom-gallery su-custom-gallery-align-left su-custom-gallery-title-never su-lightbox-gallery\"><div class=\"su-custom-gallery-slide\" style=\"width:100px;height:100px\"><a href=\"https:\/\/www.klaunika.eu\/wp-content\/uploads\/2015\/07\/Bild-51-013.jpg\" title=\"Bild 51-013\"><img decoding=\"async\" src=\"https:\/\/www.klaunika.eu\/wp-content\/uploads\/2015\/07\/Bild-51-013-100x100.jpg\" alt=\"Bild 51-013\" width=\"100\" height=\"100\" \/><span class=\"su-custom-gallery-title\">Bild 51-013<\/span><\/a><\/div><div class=\"su-custom-gallery-slide\" style=\"width:100px;height:100px\"><a href=\"https:\/\/www.klaunika.eu\/wp-content\/uploads\/2015\/07\/Bild-48sw-012.jpg\" title=\"Bild 48sw-012\"><img decoding=\"async\" src=\"https:\/\/www.klaunika.eu\/wp-content\/uploads\/2015\/07\/Bild-48sw-012-100x100.jpg\" alt=\"Bild 48sw-012\" width=\"100\" height=\"100\" \/><span class=\"su-custom-gallery-title\">Bild 48sw-012<\/span><\/a><\/div><div class=\"su-custom-gallery-slide\" style=\"width:100px;height:100px\"><a href=\"https:\/\/www.klaunika.eu\/wp-content\/uploads\/2015\/07\/Bild-41-011.jpg\" title=\"Bild 41-011\"><img loading=\"lazy\" decoding=\"async\" src=\"https:\/\/www.klaunika.eu\/wp-content\/uploads\/2015\/07\/Bild-41-011-100x100.jpg\" alt=\"Bild 41-011\" width=\"100\" height=\"100\" \/><span class=\"su-custom-gallery-title\">Bild 41-011<\/span><\/a><\/div><div class=\"su-custom-gallery-slide\" style=\"width:100px;height:100px\"><a href=\"https:\/\/www.klaunika.eu\/wp-content\/uploads\/2015\/07\/Bild-35sw-010.jpg\" title=\"Bild 35sw-010\"><img loading=\"lazy\" decoding=\"async\" src=\"https:\/\/www.klaunika.eu\/wp-content\/uploads\/2015\/07\/Bild-35sw-010-100x100.jpg\" alt=\"Bild 35sw-010\" width=\"100\" height=\"100\" \/><span class=\"su-custom-gallery-title\">Bild 35sw-010<\/span><\/a><\/div><div class=\"su-custom-gallery-slide\" style=\"width:100px;height:100px\"><a href=\"https:\/\/www.klaunika.eu\/wp-content\/uploads\/2015\/07\/Bild-30-008.jpg\" title=\"Bild 30-008\"><img loading=\"lazy\" decoding=\"async\" src=\"https:\/\/www.klaunika.eu\/wp-content\/uploads\/2015\/07\/Bild-30-008-100x100.jpg\" alt=\"Bild 30-008\" width=\"100\" height=\"100\" \/><span class=\"su-custom-gallery-title\">Bild 30-008<\/span><\/a><\/div><div class=\"su-custom-gallery-slide\" style=\"width:100px;height:100px\"><a href=\"https:\/\/www.klaunika.eu\/wp-content\/uploads\/2015\/07\/Bild-28-006.jpg\" title=\"Bild 28-006\"><img loading=\"lazy\" decoding=\"async\" src=\"https:\/\/www.klaunika.eu\/wp-content\/uploads\/2015\/07\/Bild-28-006-100x100.jpg\" alt=\"Bild 28-006\" width=\"100\" height=\"100\" \/><span class=\"su-custom-gallery-title\">Bild 28-006<\/span><\/a><\/div><div class=\"su-custom-gallery-slide\" style=\"width:100px;height:100px\"><a href=\"https:\/\/www.klaunika.eu\/wp-content\/uploads\/2015\/07\/Bild-19-005.jpg\" title=\"Bild 19-005\"><img loading=\"lazy\" decoding=\"async\" src=\"https:\/\/www.klaunika.eu\/wp-content\/uploads\/2015\/07\/Bild-19-005-100x100.jpg\" alt=\"Bild 19-005\" width=\"100\" height=\"100\" \/><span class=\"su-custom-gallery-title\">Bild 19-005<\/span><\/a><\/div><div class=\"su-custom-gallery-slide\" style=\"width:100px;height:100px\"><a href=\"https:\/\/www.klaunika.eu\/wp-content\/uploads\/2015\/07\/Bild-16-003.jpg\" title=\"Bild 16-003\"><img loading=\"lazy\" decoding=\"async\" src=\"https:\/\/www.klaunika.eu\/wp-content\/uploads\/2015\/07\/Bild-16-003-100x100.jpg\" alt=\"Bild 16-003\" width=\"100\" height=\"100\" \/><span class=\"su-custom-gallery-title\">Bild 16-003<\/span><\/a><\/div><div class=\"su-custom-gallery-slide\" style=\"width:100px;height:100px\"><a href=\"https:\/\/www.klaunika.eu\/wp-content\/uploads\/2015\/07\/kabaret-artaud.jpg\" title=\"kabaret-artaud\"><img loading=\"lazy\" decoding=\"async\" src=\"https:\/\/www.klaunika.eu\/wp-content\/uploads\/2015\/07\/kabaret-artaud-100x100.jpg\" alt=\"kabaret-artaud\" width=\"100\" height=\"100\" \/><span class=\"su-custom-gallery-title\">kabaret-artaud<\/span><\/a><\/div><div class=\"su-custom-gallery-slide\" style=\"width:100px;height:100px\"><a href=\"https:\/\/www.klaunika.eu\/wp-content\/uploads\/2015\/07\/kabaret-ar2.jpg\" title=\"kabaret ar2\"><img loading=\"lazy\" decoding=\"async\" src=\"https:\/\/www.klaunika.eu\/wp-content\/uploads\/2015\/07\/kabaret-ar2-100x100.jpg\" alt=\"kabaret ar2\" width=\"100\" height=\"100\" \/><span class=\"su-custom-gallery-title\">kabaret ar2<\/span><\/a><\/div><div class=\"su-custom-gallery-slide\" style=\"width:100px;height:100px\"><a href=\"https:\/\/www.klaunika.eu\/wp-content\/uploads\/2015\/07\/artaud2.png\" title=\"artaud2\"><img loading=\"lazy\" decoding=\"async\" src=\"https:\/\/www.klaunika.eu\/wp-content\/uploads\/2015\/07\/artaud2-100x100.png\" alt=\"artaud2\" width=\"100\" height=\"100\" \/><span class=\"su-custom-gallery-title\">artaud2<\/span><\/a><\/div><div class=\"su-custom-gallery-slide\" style=\"width:100px;height:100px\"><a href=\"https:\/\/www.klaunika.eu\/wp-content\/uploads\/2015\/07\/artaud.png\" title=\"artaud\"><img loading=\"lazy\" decoding=\"async\" src=\"https:\/\/www.klaunika.eu\/wp-content\/uploads\/2015\/07\/artaud-100x100.png\" alt=\"artaud\" width=\"100\" height=\"100\" \/><span class=\"su-custom-gallery-title\">artaud<\/span><\/a><\/div><div class=\"su-clear\"><\/div><\/div>\n","protected":false},"excerpt":{"rendered":"<p>BDS je p\u0159edev\u0161\u00edm spole\u010denstv\u00ed &#8211; voln\u00e1, otev\u0159en\u00e1 formace lid\u00ed s \u0161irokou \u0161k\u00e1lou zku\u0161enost\u00ed, n\u00e1zor\u016f a post\u0159eh\u016f, lid\u00ed s r\u016fzn\u00fdmi stupni a diagn\u00f3zami &#8222;nemoci&#8220;. J\u00e1dro experiment\u00e1ln\u00edho souboru tvo\u0159\u00ed profesion\u00e1ln\u00ed divadeln\u00edci a\u00a0psychiatri\u010dt\u00ed pacienti-herci (hospitalizovan\u00ed, ambulantn\u011b l\u00e9\u010den\u00ed, ob\u010dasn\u011b nemocn\u00ed). Spole\u010dnost dopl\u0148uj\u00ed studenti, terapeuti, lekto\u0159i, p\u0159\u00e1tel\u00e9 a sympatizanti. Ka\u017ed\u00fd m\u016f\u017ee p\u0159ij\u00edt a obsadit svoje m\u00edsto. BDS vznikla v roce [&hellip;]<\/p>\n","protected":false},"author":1,"featured_media":816,"parent":0,"menu_order":0,"comment_status":"closed","ping_status":"open","template":"","meta":{"footnotes":""},"class_list":["post-781","page","type-page","status-publish","has-post-thumbnail","hentry"],"yoast_head":"<!-- This site is optimized with the Yoast SEO plugin v27.5 - https:\/\/yoast.com\/product\/yoast-seo-wordpress\/ -->\n<title>BOHNICK\u00c1 DIVADELN\u00cd SPOLE\u010cNOST - DIVADLO KLAUNIKY BRNO<\/title>\n<meta name=\"robots\" content=\"index, follow, max-snippet:-1, max-image-preview:large, max-video-preview:-1\" \/>\n<link rel=\"canonical\" href=\"https:\/\/www.klaunika.eu\/?page_id=781\" \/>\n<meta property=\"og:locale\" content=\"cs_CZ\" \/>\n<meta property=\"og:type\" content=\"article\" \/>\n<meta property=\"og:title\" content=\"BOHNICK\u00c1 DIVADELN\u00cd SPOLE\u010cNOST - DIVADLO KLAUNIKY BRNO\" \/>\n<meta property=\"og:description\" content=\"BDS je p\u0159edev\u0161\u00edm spole\u010denstv\u00ed &#8211; voln\u00e1, otev\u0159en\u00e1 formace lid\u00ed s \u0161irokou \u0161k\u00e1lou zku\u0161enost\u00ed, n\u00e1zor\u016f a post\u0159eh\u016f, lid\u00ed s r\u016fzn\u00fdmi stupni a diagn\u00f3zami &#8222;nemoci&#8220;. J\u00e1dro experiment\u00e1ln\u00edho souboru tvo\u0159\u00ed profesion\u00e1ln\u00ed divadeln\u00edci a\u00a0psychiatri\u010dt\u00ed pacienti-herci (hospitalizovan\u00ed, ambulantn\u011b l\u00e9\u010den\u00ed, ob\u010dasn\u011b nemocn\u00ed). Spole\u010dnost dopl\u0148uj\u00ed studenti, terapeuti, lekto\u0159i, p\u0159\u00e1tel\u00e9 a sympatizanti. Ka\u017ed\u00fd m\u016f\u017ee p\u0159ij\u00edt a obsadit svoje m\u00edsto. BDS vznikla v roce [&hellip;]\" \/>\n<meta property=\"og:url\" content=\"https:\/\/www.klaunika.eu\/?page_id=781\" \/>\n<meta property=\"og:site_name\" content=\"DIVADLO KLAUNIKY BRNO\" \/>\n<meta property=\"article:modified_time\" content=\"2015-07-09T20:42:35+00:00\" \/>\n<meta property=\"og:image\" content=\"https:\/\/www.klaunika.eu\/wp-content\/uploads\/2015\/07\/Bild-511-016.jpg\" \/>\n\t<meta property=\"og:image:width\" content=\"849\" \/>\n\t<meta property=\"og:image:height\" content=\"600\" \/>\n\t<meta property=\"og:image:type\" content=\"image\/jpeg\" \/>\n<meta name=\"twitter:card\" content=\"summary_large_image\" \/>\n<meta name=\"twitter:label1\" content=\"Odhadovan\u00e1 doba \u010dten\u00ed\" \/>\n\t<meta name=\"twitter:data1\" content=\"2 minuty\" \/>\n<script type=\"application\/ld+json\" class=\"yoast-schema-graph\">{\"@context\":\"https:\\\/\\\/schema.org\",\"@graph\":[{\"@type\":\"WebPage\",\"@id\":\"https:\\\/\\\/www.klaunika.eu\\\/?page_id=781\",\"url\":\"https:\\\/\\\/www.klaunika.eu\\\/?page_id=781\",\"name\":\"BOHNICK\u00c1 DIVADELN\u00cd SPOLE\u010cNOST - DIVADLO KLAUNIKY BRNO\",\"isPartOf\":{\"@id\":\"https:\\\/\\\/www.klaunika.eu\\\/#website\"},\"primaryImageOfPage\":{\"@id\":\"https:\\\/\\\/www.klaunika.eu\\\/?page_id=781#primaryimage\"},\"image\":{\"@id\":\"https:\\\/\\\/www.klaunika.eu\\\/?page_id=781#primaryimage\"},\"thumbnailUrl\":\"https:\\\/\\\/www.klaunika.eu\\\/wp-content\\\/uploads\\\/2015\\\/07\\\/Bild-511-016.jpg\",\"datePublished\":\"2015-07-09T14:47:13+00:00\",\"dateModified\":\"2015-07-09T20:42:35+00:00\",\"breadcrumb\":{\"@id\":\"https:\\\/\\\/www.klaunika.eu\\\/?page_id=781#breadcrumb\"},\"inLanguage\":\"cs\",\"potentialAction\":[{\"@type\":\"ReadAction\",\"target\":[\"https:\\\/\\\/www.klaunika.eu\\\/?page_id=781\"]}]},{\"@type\":\"ImageObject\",\"inLanguage\":\"cs\",\"@id\":\"https:\\\/\\\/www.klaunika.eu\\\/?page_id=781#primaryimage\",\"url\":\"https:\\\/\\\/www.klaunika.eu\\\/wp-content\\\/uploads\\\/2015\\\/07\\\/Bild-511-016.jpg\",\"contentUrl\":\"https:\\\/\\\/www.klaunika.eu\\\/wp-content\\\/uploads\\\/2015\\\/07\\\/Bild-511-016.jpg\",\"width\":849,\"height\":600},{\"@type\":\"BreadcrumbList\",\"@id\":\"https:\\\/\\\/www.klaunika.eu\\\/?page_id=781#breadcrumb\",\"itemListElement\":[{\"@type\":\"ListItem\",\"position\":1,\"name\":\"Dom\u016f\",\"item\":\"https:\\\/\\\/www.klaunika.eu\\\/\"},{\"@type\":\"ListItem\",\"position\":2,\"name\":\"BOHNICK\u00c1 DIVADELN\u00cd SPOLE\u010cNOST\"}]},{\"@type\":\"WebSite\",\"@id\":\"https:\\\/\\\/www.klaunika.eu\\\/#website\",\"url\":\"https:\\\/\\\/www.klaunika.eu\\\/\",\"name\":\"DIVADLO KLAUNIKY BRNO\",\"description\":\"SOUKROM\u00c1 SC\u00c9NA HUMORU\",\"publisher\":{\"@id\":\"https:\\\/\\\/www.klaunika.eu\\\/#organization\"},\"potentialAction\":[{\"@type\":\"SearchAction\",\"target\":{\"@type\":\"EntryPoint\",\"urlTemplate\":\"https:\\\/\\\/www.klaunika.eu\\\/?s={search_term_string}\"},\"query-input\":{\"@type\":\"PropertyValueSpecification\",\"valueRequired\":true,\"valueName\":\"search_term_string\"}}],\"inLanguage\":\"cs\"},{\"@type\":\"Organization\",\"@id\":\"https:\\\/\\\/www.klaunika.eu\\\/#organization\",\"name\":\"DIVADLO KLAUNIKY BRNO\",\"url\":\"https:\\\/\\\/www.klaunika.eu\\\/\",\"logo\":{\"@type\":\"ImageObject\",\"inLanguage\":\"cs\",\"@id\":\"https:\\\/\\\/www.klaunika.eu\\\/#\\\/schema\\\/logo\\\/image\\\/\",\"url\":\"https:\\\/\\\/www.klaunika.eu\\\/wp-content\\\/uploads\\\/2021\\\/11\\\/cropped-cropped-PSX_20211123_210259.jpg\",\"contentUrl\":\"https:\\\/\\\/www.klaunika.eu\\\/wp-content\\\/uploads\\\/2021\\\/11\\\/cropped-cropped-PSX_20211123_210259.jpg\",\"width\":248,\"height\":248,\"caption\":\"DIVADLO KLAUNIKY BRNO\"},\"image\":{\"@id\":\"https:\\\/\\\/www.klaunika.eu\\\/#\\\/schema\\\/logo\\\/image\\\/\"}}]}<\/script>\n<!-- \/ Yoast SEO plugin. -->","yoast_head_json":{"title":"BOHNICK\u00c1 DIVADELN\u00cd SPOLE\u010cNOST - DIVADLO KLAUNIKY BRNO","robots":{"index":"index","follow":"follow","max-snippet":"max-snippet:-1","max-image-preview":"max-image-preview:large","max-video-preview":"max-video-preview:-1"},"canonical":"https:\/\/www.klaunika.eu\/?page_id=781","og_locale":"cs_CZ","og_type":"article","og_title":"BOHNICK\u00c1 DIVADELN\u00cd SPOLE\u010cNOST - DIVADLO KLAUNIKY BRNO","og_description":"BDS je p\u0159edev\u0161\u00edm spole\u010denstv\u00ed &#8211; voln\u00e1, otev\u0159en\u00e1 formace lid\u00ed s \u0161irokou \u0161k\u00e1lou zku\u0161enost\u00ed, n\u00e1zor\u016f a post\u0159eh\u016f, lid\u00ed s r\u016fzn\u00fdmi stupni a diagn\u00f3zami &#8222;nemoci&#8220;. J\u00e1dro experiment\u00e1ln\u00edho souboru tvo\u0159\u00ed profesion\u00e1ln\u00ed divadeln\u00edci a\u00a0psychiatri\u010dt\u00ed pacienti-herci (hospitalizovan\u00ed, ambulantn\u011b l\u00e9\u010den\u00ed, ob\u010dasn\u011b nemocn\u00ed). Spole\u010dnost dopl\u0148uj\u00ed studenti, terapeuti, lekto\u0159i, p\u0159\u00e1tel\u00e9 a sympatizanti. Ka\u017ed\u00fd m\u016f\u017ee p\u0159ij\u00edt a obsadit svoje m\u00edsto. BDS vznikla v roce [&hellip;]","og_url":"https:\/\/www.klaunika.eu\/?page_id=781","og_site_name":"DIVADLO KLAUNIKY BRNO","article_modified_time":"2015-07-09T20:42:35+00:00","og_image":[{"width":849,"height":600,"url":"https:\/\/www.klaunika.eu\/wp-content\/uploads\/2015\/07\/Bild-511-016.jpg","type":"image\/jpeg"}],"twitter_card":"summary_large_image","twitter_misc":{"Odhadovan\u00e1 doba \u010dten\u00ed":"2 minuty"},"schema":{"@context":"https:\/\/schema.org","@graph":[{"@type":"WebPage","@id":"https:\/\/www.klaunika.eu\/?page_id=781","url":"https:\/\/www.klaunika.eu\/?page_id=781","name":"BOHNICK\u00c1 DIVADELN\u00cd SPOLE\u010cNOST - DIVADLO KLAUNIKY BRNO","isPartOf":{"@id":"https:\/\/www.klaunika.eu\/#website"},"primaryImageOfPage":{"@id":"https:\/\/www.klaunika.eu\/?page_id=781#primaryimage"},"image":{"@id":"https:\/\/www.klaunika.eu\/?page_id=781#primaryimage"},"thumbnailUrl":"https:\/\/www.klaunika.eu\/wp-content\/uploads\/2015\/07\/Bild-511-016.jpg","datePublished":"2015-07-09T14:47:13+00:00","dateModified":"2015-07-09T20:42:35+00:00","breadcrumb":{"@id":"https:\/\/www.klaunika.eu\/?page_id=781#breadcrumb"},"inLanguage":"cs","potentialAction":[{"@type":"ReadAction","target":["https:\/\/www.klaunika.eu\/?page_id=781"]}]},{"@type":"ImageObject","inLanguage":"cs","@id":"https:\/\/www.klaunika.eu\/?page_id=781#primaryimage","url":"https:\/\/www.klaunika.eu\/wp-content\/uploads\/2015\/07\/Bild-511-016.jpg","contentUrl":"https:\/\/www.klaunika.eu\/wp-content\/uploads\/2015\/07\/Bild-511-016.jpg","width":849,"height":600},{"@type":"BreadcrumbList","@id":"https:\/\/www.klaunika.eu\/?page_id=781#breadcrumb","itemListElement":[{"@type":"ListItem","position":1,"name":"Dom\u016f","item":"https:\/\/www.klaunika.eu\/"},{"@type":"ListItem","position":2,"name":"BOHNICK\u00c1 DIVADELN\u00cd SPOLE\u010cNOST"}]},{"@type":"WebSite","@id":"https:\/\/www.klaunika.eu\/#website","url":"https:\/\/www.klaunika.eu\/","name":"DIVADLO KLAUNIKY BRNO","description":"SOUKROM\u00c1 SC\u00c9NA HUMORU","publisher":{"@id":"https:\/\/www.klaunika.eu\/#organization"},"potentialAction":[{"@type":"SearchAction","target":{"@type":"EntryPoint","urlTemplate":"https:\/\/www.klaunika.eu\/?s={search_term_string}"},"query-input":{"@type":"PropertyValueSpecification","valueRequired":true,"valueName":"search_term_string"}}],"inLanguage":"cs"},{"@type":"Organization","@id":"https:\/\/www.klaunika.eu\/#organization","name":"DIVADLO KLAUNIKY BRNO","url":"https:\/\/www.klaunika.eu\/","logo":{"@type":"ImageObject","inLanguage":"cs","@id":"https:\/\/www.klaunika.eu\/#\/schema\/logo\/image\/","url":"https:\/\/www.klaunika.eu\/wp-content\/uploads\/2021\/11\/cropped-cropped-PSX_20211123_210259.jpg","contentUrl":"https:\/\/www.klaunika.eu\/wp-content\/uploads\/2021\/11\/cropped-cropped-PSX_20211123_210259.jpg","width":248,"height":248,"caption":"DIVADLO KLAUNIKY BRNO"},"image":{"@id":"https:\/\/www.klaunika.eu\/#\/schema\/logo\/image\/"}}]}},"_links":{"self":[{"href":"https:\/\/www.klaunika.eu\/index.php?rest_route=\/wp\/v2\/pages\/781","targetHints":{"allow":["GET"]}}],"collection":[{"href":"https:\/\/www.klaunika.eu\/index.php?rest_route=\/wp\/v2\/pages"}],"about":[{"href":"https:\/\/www.klaunika.eu\/index.php?rest_route=\/wp\/v2\/types\/page"}],"author":[{"embeddable":true,"href":"https:\/\/www.klaunika.eu\/index.php?rest_route=\/wp\/v2\/users\/1"}],"replies":[{"embeddable":true,"href":"https:\/\/www.klaunika.eu\/index.php?rest_route=%2Fwp%2Fv2%2Fcomments&post=781"}],"version-history":[{"count":4,"href":"https:\/\/www.klaunika.eu\/index.php?rest_route=\/wp\/v2\/pages\/781\/revisions"}],"predecessor-version":[{"id":819,"href":"https:\/\/www.klaunika.eu\/index.php?rest_route=\/wp\/v2\/pages\/781\/revisions\/819"}],"wp:featuredmedia":[{"embeddable":true,"href":"https:\/\/www.klaunika.eu\/index.php?rest_route=\/wp\/v2\/media\/816"}],"wp:attachment":[{"href":"https:\/\/www.klaunika.eu\/index.php?rest_route=%2Fwp%2Fv2%2Fmedia&parent=781"}],"curies":[{"name":"wp","href":"https:\/\/api.w.org\/{rel}","templated":true}]}}