{"id":746,"date":"2015-07-09T14:02:21","date_gmt":"2015-07-09T12:02:21","guid":{"rendered":"http:\/\/www.klaunika.eu\/?page_id=746"},"modified":"2015-07-09T14:02:21","modified_gmt":"2015-07-09T12:02:21","slug":"divadlo-z-pasaze","status":"publish","type":"page","link":"https:\/\/www.klaunika.eu\/?page_id=746","title":{"rendered":"DIVADLO Z PAS\u00c1\u017dE"},"content":{"rendered":"<p style=\"text-align: justify;\"><strong>Divadlo z Pas\u00e1\u017ee<\/strong> je profesion\u00e1ln\u00ed komunitn\u00ed divadlo, kter\u00e9 jako jedin\u00e9 sv\u00e9ho druhu na Slovensku pracuje s lidmi s ment\u00e1ln\u00edm posti\u017een\u00edm. Ve sv\u00e9 \u010dinnosti propojuje kulturn\u00ed, um\u011bleckou a soci\u00e1ln\u00ed oblast. V B\u00e1nsk\u00e9 Bystrici p\u016fsob\u00ed divadlo u\u017e od roku 1995.<a href=\"https:\/\/www.klaunika.eu\/wp-content\/uploads\/2015\/07\/divadlo-zpas2.jpg\"><img fetchpriority=\"high\" decoding=\"async\" class=\"wp-image-752 aligncenter\" src=\"https:\/\/www.klaunika.eu\/wp-content\/uploads\/2015\/07\/divadlo-zpas2-300x129.jpg\" alt=\"divadlo zpas2\" width=\"453\" height=\"195\" srcset=\"https:\/\/www.klaunika.eu\/wp-content\/uploads\/2015\/07\/divadlo-zpas2-300x129.jpg 300w, https:\/\/www.klaunika.eu\/wp-content\/uploads\/2015\/07\/divadlo-zpas2.jpg 660w\" sizes=\"(max-width: 453px) 100vw, 453px\" \/><\/a><\/p>\n<p style=\"text-align: justify;\">V <strong>Divadle z Pas<\/strong><strong>\u00e1\u017ee<\/strong>, v <strong>Denn\u00edm centru<\/strong> divadla a v <strong>Chr\u00e1n\u011bn\u00e9m bydlen\u00ed<\/strong> v sou\u010dasnosti pracuje 24 lid\u00ed, z toho 14 tvo\u0159\u00ed hereck\u00fd soubor. Tyto t\u0159i organizace jsou navz\u00e1jem propojen\u00e9 a ani jedna by nemohla existovat bez dal\u0161\u00edch dvou.<\/p>\n<p style=\"text-align: justify;\">Od sv\u00e9ho vzniku divadlo nastudovalo 21 inscenac\u00ed, nato\u010dilo 2 celove\u010dern\u00ed filmy (jeden hran\u00fd film a jeden dokument z turn\u00e9 po USA). Vznikly 4 televizn\u00ed dokumenty. Divadlo uspo\u0159\u00e1dalo 5 ro\u010dn\u00edk\u016f mezin\u00e1rodn\u00edho divadeln\u00edho festivalu komunitn\u00edch um\u011bn\u00ed a jeden ro\u010dn\u00edk festivalu Akcent. Divadlo z Pas\u00e1\u017ee se \u00fa\u010dastnilo divadeln\u00edch p\u0159ehl\u00eddek v D\u00e1nsku, Finsku, Litv\u011b, Loty\u0161sku, N\u011bmecku, Portugalsku, Francii a USA.<\/p>\n<p style=\"text-align: justify;\">V\u00edce o divadle a jeho posl\u00e1n\u00ed <a href=\"http:\/\/www.divadlozpasaze.sk\/divadlo\/sk\/o-divadle\">zde.<\/a><\/p>\n<p style=\"text-align: justify;\"><span style=\"text-decoration: underline; color: #ff0000;\"><strong>KDE JE METLA?<\/strong><\/span><\/p>\n<p style=\"text-align: justify;\">Premi\u00e9ra &#8211; 27. z\u00e1\u0159\u00ed 2014<\/p>\n<p>P\u0159\u00edb\u011bh vy<span style=\"text-decoration: underline; color: #ff0000;\"><strong><a href=\"https:\/\/www.klaunika.eu\/wp-content\/uploads\/2015\/07\/viazanicka-metla-20.jpg\"><img decoding=\"async\" class=\"wp-image-749 alignleft\" src=\"https:\/\/www.klaunika.eu\/wp-content\/uploads\/2015\/07\/viazanicka-metla-20-300x200.jpg\" alt=\"viazanicka metla 20\" width=\"216\" height=\"144\" srcset=\"https:\/\/www.klaunika.eu\/wp-content\/uploads\/2015\/07\/viazanicka-metla-20-300x200.jpg 300w, https:\/\/www.klaunika.eu\/wp-content\/uploads\/2015\/07\/viazanicka-metla-20-1024x682.jpg 1024w\" sizes=\"(max-width: 216px) 100vw, 216px\" \/><\/a><\/strong><\/span>pr\u00e1v\u00ed o my\u0161k\u00e1ch, kter\u00e9 si klidn\u011b, vesele a zd\u00e1nliv\u011b bezstarostn\u011b \u017eij\u00ed na poli. Za\u017e\u00edvaj\u00ed spousty nov\u00fdch v\u011bc\u00ed a ne ve v\u0161em se vyznaj\u00ed a ne v\u0161echno pochop\u00ed. Ale na\u0161t\u011bst\u00ed p\u0159ich\u00e1z\u00ed pomocn\u00edk&#8230;<\/p>\n<p style=\"text-align: justify;\"><em>Interaktvn\u00ed p\u0159edstaven\u00ed pro d\u011bti p\u0159ed\u0161koln\u00edho a mlad\u0161\u00edho \u0161koln\u00edho v\u011bku. <\/em><\/p>\n<p style=\"text-align: justify;\"><strong>Re\u017eie:<\/strong> Peter Vr\u0165o, <strong>Dramaturgie:<\/strong> Anna Toma\u0161tikov\u00e1, <strong>Asistentka re\u017eie:<\/strong> \u013dudmila Veverkov\u00e1, <strong>Hudba:<\/strong> Anna Toma\u0161tikov\u00e1, Juraj Ha\u0161ko, Martin Nov\u00e1k, <strong>V\u00fdtvarn\u00e9 n\u00e1vrhy sc\u00e9ny a kost\u00fdm\u016f:<\/strong> Peter Vr\u0165o, <strong>V\u00fdroba kulis a kost\u00fdm\u016f:<\/strong> Miroslava Zeln\u00edkov\u00e1, Anna Toma\u0161tikov\u00e1, Peter Vr\u0165o, <strong>Produkce:<\/strong> Mat\u00fa\u0161 Petri\u010dko, <strong>Grafick\u00fd design:<\/strong> Du\u0161an Krn\u00e1\u010d, <strong>\u00da\u010dinkuj\u00ed:<\/strong> Lucia Kraj\u010diov\u00e1 (My\u0161ka), J\u00e1n Kin\u010de\u0161 (My\u0161\u00e1k), Michal Dani\u0161 (Stra\u0161\u00e1k)<\/p>\n<p style=\"text-align: justify;\">\u00a0<div class=\"su-custom-gallery su-custom-gallery-align-left su-custom-gallery-title-never su-lightbox-gallery\"><div class=\"su-custom-gallery-slide\" style=\"width:100px;height:100px\"><a href=\"https:\/\/www.klaunika.eu\/wp-content\/uploads\/2015\/06\/kde-je-metla.jpg\" title=\"kde je metla\"><img decoding=\"async\" src=\"https:\/\/www.klaunika.eu\/wp-content\/uploads\/2015\/06\/kde-je-metla-100x100.jpg\" alt=\"kde je metla\" width=\"100\" height=\"100\" \/><span class=\"su-custom-gallery-title\">kde je metla<\/span><\/a><\/div><div class=\"su-custom-gallery-slide\" style=\"width:100px;height:100px\"><a href=\"https:\/\/www.klaunika.eu\/wp-content\/uploads\/2015\/07\/viazanicka-metla-20.jpg\" title=\"viazanicka metla 20\"><img loading=\"lazy\" decoding=\"async\" src=\"https:\/\/www.klaunika.eu\/wp-content\/uploads\/2015\/07\/viazanicka-metla-20-100x100.jpg\" alt=\"viazanicka metla 20\" width=\"100\" height=\"100\" \/><span class=\"su-custom-gallery-title\">viazanicka metla 20<\/span><\/a><\/div><div class=\"su-custom-gallery-slide\" style=\"width:100px;height:100px\"><a href=\"https:\/\/www.klaunika.eu\/wp-content\/uploads\/2015\/07\/viazanicka-metla-2.jpg\" title=\"viazanicka metla 2\"><img loading=\"lazy\" decoding=\"async\" src=\"https:\/\/www.klaunika.eu\/wp-content\/uploads\/2015\/07\/viazanicka-metla-2-100x100.jpg\" alt=\"viazanicka metla 2\" width=\"100\" height=\"100\" \/><span class=\"su-custom-gallery-title\">viazanicka metla 2<\/span><\/a><\/div><div class=\"su-custom-gallery-slide\" style=\"width:100px;height:100px\"><a href=\"https:\/\/www.klaunika.eu\/wp-content\/uploads\/2015\/07\/viazanicka-metla-32.jpg\" title=\"viazanicka metla 32\"><img loading=\"lazy\" decoding=\"async\" src=\"https:\/\/www.klaunika.eu\/wp-content\/uploads\/2015\/07\/viazanicka-metla-32-100x100.jpg\" alt=\"viazanicka metla 32\" width=\"100\" height=\"100\" \/><span class=\"su-custom-gallery-title\">viazanicka metla 32<\/span><\/a><\/div><div class=\"su-custom-gallery-slide\" style=\"width:100px;height:100px\"><a href=\"https:\/\/www.klaunika.eu\/wp-content\/uploads\/2015\/07\/viazanicka-metla-26.jpg\" title=\"viazanicka metla 26\"><img loading=\"lazy\" decoding=\"async\" src=\"https:\/\/www.klaunika.eu\/wp-content\/uploads\/2015\/07\/viazanicka-metla-26-100x100.jpg\" alt=\"viazanicka metla 26\" width=\"100\" height=\"100\" \/><span class=\"su-custom-gallery-title\">viazanicka metla 26<\/span><\/a><\/div><div class=\"su-clear\"><\/div><\/div>\n<p>&nbsp;<\/p>\n","protected":false},"excerpt":{"rendered":"<p>Divadlo z Pas\u00e1\u017ee je profesion\u00e1ln\u00ed komunitn\u00ed divadlo, kter\u00e9 jako jedin\u00e9 sv\u00e9ho druhu na Slovensku pracuje s lidmi s ment\u00e1ln\u00edm posti\u017een\u00edm. Ve sv\u00e9 \u010dinnosti propojuje kulturn\u00ed, um\u011bleckou a soci\u00e1ln\u00ed oblast. V B\u00e1nsk\u00e9 Bystrici p\u016fsob\u00ed divadlo u\u017e od roku 1995. V Divadle z Pas\u00e1\u017ee, v Denn\u00edm centru divadla a v Chr\u00e1n\u011bn\u00e9m bydlen\u00ed v sou\u010dasnosti pracuje 24 lid\u00ed, [&hellip;]<\/p>\n","protected":false},"author":1,"featured_media":747,"parent":0,"menu_order":0,"comment_status":"closed","ping_status":"open","template":"","meta":{"footnotes":""},"class_list":["post-746","page","type-page","status-publish","has-post-thumbnail","hentry"],"yoast_head":"<!-- This site is optimized with the Yoast SEO plugin v27.5 - https:\/\/yoast.com\/product\/yoast-seo-wordpress\/ -->\n<title>DIVADLO Z PAS\u00c1\u017dE - DIVADLO KLAUNIKY BRNO<\/title>\n<meta name=\"robots\" content=\"index, follow, max-snippet:-1, max-image-preview:large, max-video-preview:-1\" \/>\n<link rel=\"canonical\" href=\"https:\/\/www.klaunika.eu\/?page_id=746\" \/>\n<meta property=\"og:locale\" content=\"cs_CZ\" \/>\n<meta property=\"og:type\" content=\"article\" \/>\n<meta property=\"og:title\" content=\"DIVADLO Z PAS\u00c1\u017dE - DIVADLO KLAUNIKY BRNO\" \/>\n<meta property=\"og:description\" content=\"Divadlo z Pas\u00e1\u017ee je profesion\u00e1ln\u00ed komunitn\u00ed divadlo, kter\u00e9 jako jedin\u00e9 sv\u00e9ho druhu na Slovensku pracuje s lidmi s ment\u00e1ln\u00edm posti\u017een\u00edm. Ve sv\u00e9 \u010dinnosti propojuje kulturn\u00ed, um\u011bleckou a soci\u00e1ln\u00ed oblast. V B\u00e1nsk\u00e9 Bystrici p\u016fsob\u00ed divadlo u\u017e od roku 1995. V Divadle z Pas\u00e1\u017ee, v Denn\u00edm centru divadla a v Chr\u00e1n\u011bn\u00e9m bydlen\u00ed v sou\u010dasnosti pracuje 24 lid\u00ed, [&hellip;]\" \/>\n<meta property=\"og:url\" content=\"https:\/\/www.klaunika.eu\/?page_id=746\" \/>\n<meta property=\"og:site_name\" content=\"DIVADLO KLAUNIKY BRNO\" \/>\n<meta property=\"og:image\" content=\"https:\/\/www.klaunika.eu\/wp-content\/uploads\/2015\/07\/metla\u010db.jpg\" \/>\n\t<meta property=\"og:image:width\" content=\"2700\" \/>\n\t<meta property=\"og:image:height\" content=\"1312\" \/>\n\t<meta property=\"og:image:type\" content=\"image\/jpeg\" \/>\n<meta name=\"twitter:card\" content=\"summary_large_image\" \/>\n<meta name=\"twitter:label1\" content=\"Odhadovan\u00e1 doba \u010dten\u00ed\" \/>\n\t<meta name=\"twitter:data1\" content=\"2 minuty\" \/>\n<script type=\"application\/ld+json\" class=\"yoast-schema-graph\">{\"@context\":\"https:\\\/\\\/schema.org\",\"@graph\":[{\"@type\":\"WebPage\",\"@id\":\"https:\\\/\\\/www.klaunika.eu\\\/?page_id=746\",\"url\":\"https:\\\/\\\/www.klaunika.eu\\\/?page_id=746\",\"name\":\"DIVADLO Z PAS\u00c1\u017dE - DIVADLO KLAUNIKY BRNO\",\"isPartOf\":{\"@id\":\"https:\\\/\\\/www.klaunika.eu\\\/#website\"},\"primaryImageOfPage\":{\"@id\":\"https:\\\/\\\/www.klaunika.eu\\\/?page_id=746#primaryimage\"},\"image\":{\"@id\":\"https:\\\/\\\/www.klaunika.eu\\\/?page_id=746#primaryimage\"},\"thumbnailUrl\":\"https:\\\/\\\/www.klaunika.eu\\\/wp-content\\\/uploads\\\/2015\\\/07\\\/metla\u010db.jpg\",\"datePublished\":\"2015-07-09T12:02:21+00:00\",\"breadcrumb\":{\"@id\":\"https:\\\/\\\/www.klaunika.eu\\\/?page_id=746#breadcrumb\"},\"inLanguage\":\"cs\",\"potentialAction\":[{\"@type\":\"ReadAction\",\"target\":[\"https:\\\/\\\/www.klaunika.eu\\\/?page_id=746\"]}]},{\"@type\":\"ImageObject\",\"inLanguage\":\"cs\",\"@id\":\"https:\\\/\\\/www.klaunika.eu\\\/?page_id=746#primaryimage\",\"url\":\"https:\\\/\\\/www.klaunika.eu\\\/wp-content\\\/uploads\\\/2015\\\/07\\\/metla\u010db.jpg\",\"contentUrl\":\"https:\\\/\\\/www.klaunika.eu\\\/wp-content\\\/uploads\\\/2015\\\/07\\\/metla\u010db.jpg\",\"width\":2700,\"height\":1312},{\"@type\":\"BreadcrumbList\",\"@id\":\"https:\\\/\\\/www.klaunika.eu\\\/?page_id=746#breadcrumb\",\"itemListElement\":[{\"@type\":\"ListItem\",\"position\":1,\"name\":\"Dom\u016f\",\"item\":\"https:\\\/\\\/www.klaunika.eu\\\/\"},{\"@type\":\"ListItem\",\"position\":2,\"name\":\"DIVADLO Z PAS\u00c1\u017dE\"}]},{\"@type\":\"WebSite\",\"@id\":\"https:\\\/\\\/www.klaunika.eu\\\/#website\",\"url\":\"https:\\\/\\\/www.klaunika.eu\\\/\",\"name\":\"DIVADLO KLAUNIKY BRNO\",\"description\":\"SOUKROM\u00c1 SC\u00c9NA HUMORU\",\"publisher\":{\"@id\":\"https:\\\/\\\/www.klaunika.eu\\\/#organization\"},\"potentialAction\":[{\"@type\":\"SearchAction\",\"target\":{\"@type\":\"EntryPoint\",\"urlTemplate\":\"https:\\\/\\\/www.klaunika.eu\\\/?s={search_term_string}\"},\"query-input\":{\"@type\":\"PropertyValueSpecification\",\"valueRequired\":true,\"valueName\":\"search_term_string\"}}],\"inLanguage\":\"cs\"},{\"@type\":\"Organization\",\"@id\":\"https:\\\/\\\/www.klaunika.eu\\\/#organization\",\"name\":\"DIVADLO KLAUNIKY BRNO\",\"url\":\"https:\\\/\\\/www.klaunika.eu\\\/\",\"logo\":{\"@type\":\"ImageObject\",\"inLanguage\":\"cs\",\"@id\":\"https:\\\/\\\/www.klaunika.eu\\\/#\\\/schema\\\/logo\\\/image\\\/\",\"url\":\"https:\\\/\\\/www.klaunika.eu\\\/wp-content\\\/uploads\\\/2021\\\/11\\\/cropped-cropped-PSX_20211123_210259.jpg\",\"contentUrl\":\"https:\\\/\\\/www.klaunika.eu\\\/wp-content\\\/uploads\\\/2021\\\/11\\\/cropped-cropped-PSX_20211123_210259.jpg\",\"width\":248,\"height\":248,\"caption\":\"DIVADLO KLAUNIKY BRNO\"},\"image\":{\"@id\":\"https:\\\/\\\/www.klaunika.eu\\\/#\\\/schema\\\/logo\\\/image\\\/\"}}]}<\/script>\n<!-- \/ Yoast SEO plugin. -->","yoast_head_json":{"title":"DIVADLO Z PAS\u00c1\u017dE - DIVADLO KLAUNIKY BRNO","robots":{"index":"index","follow":"follow","max-snippet":"max-snippet:-1","max-image-preview":"max-image-preview:large","max-video-preview":"max-video-preview:-1"},"canonical":"https:\/\/www.klaunika.eu\/?page_id=746","og_locale":"cs_CZ","og_type":"article","og_title":"DIVADLO Z PAS\u00c1\u017dE - DIVADLO KLAUNIKY BRNO","og_description":"Divadlo z Pas\u00e1\u017ee je profesion\u00e1ln\u00ed komunitn\u00ed divadlo, kter\u00e9 jako jedin\u00e9 sv\u00e9ho druhu na Slovensku pracuje s lidmi s ment\u00e1ln\u00edm posti\u017een\u00edm. Ve sv\u00e9 \u010dinnosti propojuje kulturn\u00ed, um\u011bleckou a soci\u00e1ln\u00ed oblast. V B\u00e1nsk\u00e9 Bystrici p\u016fsob\u00ed divadlo u\u017e od roku 1995. V Divadle z Pas\u00e1\u017ee, v Denn\u00edm centru divadla a v Chr\u00e1n\u011bn\u00e9m bydlen\u00ed v sou\u010dasnosti pracuje 24 lid\u00ed, [&hellip;]","og_url":"https:\/\/www.klaunika.eu\/?page_id=746","og_site_name":"DIVADLO KLAUNIKY BRNO","og_image":[{"width":2700,"height":1312,"url":"https:\/\/www.klaunika.eu\/wp-content\/uploads\/2015\/07\/metla\u010db.jpg","type":"image\/jpeg"}],"twitter_card":"summary_large_image","twitter_misc":{"Odhadovan\u00e1 doba \u010dten\u00ed":"2 minuty"},"schema":{"@context":"https:\/\/schema.org","@graph":[{"@type":"WebPage","@id":"https:\/\/www.klaunika.eu\/?page_id=746","url":"https:\/\/www.klaunika.eu\/?page_id=746","name":"DIVADLO Z PAS\u00c1\u017dE - DIVADLO KLAUNIKY BRNO","isPartOf":{"@id":"https:\/\/www.klaunika.eu\/#website"},"primaryImageOfPage":{"@id":"https:\/\/www.klaunika.eu\/?page_id=746#primaryimage"},"image":{"@id":"https:\/\/www.klaunika.eu\/?page_id=746#primaryimage"},"thumbnailUrl":"https:\/\/www.klaunika.eu\/wp-content\/uploads\/2015\/07\/metla\u010db.jpg","datePublished":"2015-07-09T12:02:21+00:00","breadcrumb":{"@id":"https:\/\/www.klaunika.eu\/?page_id=746#breadcrumb"},"inLanguage":"cs","potentialAction":[{"@type":"ReadAction","target":["https:\/\/www.klaunika.eu\/?page_id=746"]}]},{"@type":"ImageObject","inLanguage":"cs","@id":"https:\/\/www.klaunika.eu\/?page_id=746#primaryimage","url":"https:\/\/www.klaunika.eu\/wp-content\/uploads\/2015\/07\/metla\u010db.jpg","contentUrl":"https:\/\/www.klaunika.eu\/wp-content\/uploads\/2015\/07\/metla\u010db.jpg","width":2700,"height":1312},{"@type":"BreadcrumbList","@id":"https:\/\/www.klaunika.eu\/?page_id=746#breadcrumb","itemListElement":[{"@type":"ListItem","position":1,"name":"Dom\u016f","item":"https:\/\/www.klaunika.eu\/"},{"@type":"ListItem","position":2,"name":"DIVADLO Z PAS\u00c1\u017dE"}]},{"@type":"WebSite","@id":"https:\/\/www.klaunika.eu\/#website","url":"https:\/\/www.klaunika.eu\/","name":"DIVADLO KLAUNIKY BRNO","description":"SOUKROM\u00c1 SC\u00c9NA HUMORU","publisher":{"@id":"https:\/\/www.klaunika.eu\/#organization"},"potentialAction":[{"@type":"SearchAction","target":{"@type":"EntryPoint","urlTemplate":"https:\/\/www.klaunika.eu\/?s={search_term_string}"},"query-input":{"@type":"PropertyValueSpecification","valueRequired":true,"valueName":"search_term_string"}}],"inLanguage":"cs"},{"@type":"Organization","@id":"https:\/\/www.klaunika.eu\/#organization","name":"DIVADLO KLAUNIKY BRNO","url":"https:\/\/www.klaunika.eu\/","logo":{"@type":"ImageObject","inLanguage":"cs","@id":"https:\/\/www.klaunika.eu\/#\/schema\/logo\/image\/","url":"https:\/\/www.klaunika.eu\/wp-content\/uploads\/2021\/11\/cropped-cropped-PSX_20211123_210259.jpg","contentUrl":"https:\/\/www.klaunika.eu\/wp-content\/uploads\/2021\/11\/cropped-cropped-PSX_20211123_210259.jpg","width":248,"height":248,"caption":"DIVADLO KLAUNIKY BRNO"},"image":{"@id":"https:\/\/www.klaunika.eu\/#\/schema\/logo\/image\/"}}]}},"_links":{"self":[{"href":"https:\/\/www.klaunika.eu\/index.php?rest_route=\/wp\/v2\/pages\/746","targetHints":{"allow":["GET"]}}],"collection":[{"href":"https:\/\/www.klaunika.eu\/index.php?rest_route=\/wp\/v2\/pages"}],"about":[{"href":"https:\/\/www.klaunika.eu\/index.php?rest_route=\/wp\/v2\/types\/page"}],"author":[{"embeddable":true,"href":"https:\/\/www.klaunika.eu\/index.php?rest_route=\/wp\/v2\/users\/1"}],"replies":[{"embeddable":true,"href":"https:\/\/www.klaunika.eu\/index.php?rest_route=%2Fwp%2Fv2%2Fcomments&post=746"}],"version-history":[{"count":1,"href":"https:\/\/www.klaunika.eu\/index.php?rest_route=\/wp\/v2\/pages\/746\/revisions"}],"predecessor-version":[{"id":754,"href":"https:\/\/www.klaunika.eu\/index.php?rest_route=\/wp\/v2\/pages\/746\/revisions\/754"}],"wp:featuredmedia":[{"embeddable":true,"href":"https:\/\/www.klaunika.eu\/index.php?rest_route=\/wp\/v2\/media\/747"}],"wp:attachment":[{"href":"https:\/\/www.klaunika.eu\/index.php?rest_route=%2Fwp%2Fv2%2Fmedia&parent=746"}],"curies":[{"name":"wp","href":"https:\/\/api.w.org\/{rel}","templated":true}]}}