{"id":738,"date":"2015-07-09T13:03:03","date_gmt":"2015-07-09T11:03:03","guid":{"rendered":"http:\/\/www.klaunika.eu\/?page_id=738"},"modified":"2016-06-19T12:36:15","modified_gmt":"2016-06-19T10:36:15","slug":"pohadkova-predstaveni","status":"publish","type":"page","link":"https:\/\/www.klaunika.eu\/?page_id=738","title":{"rendered":"POH\u00c1DKOV\u00c1 P\u0158EDSTAVEN\u00cd 2015"},"content":{"rendered":"<p><a href=\"https:\/\/www.klaunika.eu\/wp-content\/uploads\/2015\/07\/je\u017eek.jpg\"><img decoding=\"async\" class=\"wp-image-739 alignleft\" src=\"https:\/\/www.klaunika.eu\/wp-content\/uploads\/2015\/07\/je\u017eek.jpg\" alt=\"je\u017eek\" width=\"96\" height=\"139\" \/><\/a><\/p>\n<p><span style=\"color: #ff0000;\">31.7. &#8211; 17:00<\/span><\/p>\n<p>Stacion\u00e1\u0159 <strong>Ok\u00fdnko <\/strong>z Mohelnice p\u0159edstav\u00ed svoji poh\u00e1dku o je\u017ekovi, kter\u00fd cht\u011bl po\u0159\u00e1d a po\u0159\u00e1d jenom tancovat. <a title=\"O JE\u017dKOVI\" href=\"https:\/\/www.klaunika.eu\/?page_id=788\">V\u00edce zde<\/a>.<\/p>\n<p>&nbsp;<\/p>\n<p><strong><a href=\"https:\/\/www.klaunika.eu\/wp-content\/uploads\/2015\/06\/kde-je-metla.jpg\"><img decoding=\"async\" class=\"wp-image-735 alignleft\" src=\"https:\/\/www.klaunika.eu\/wp-content\/uploads\/2015\/06\/kde-je-metla-300x199.jpg\" alt=\"kde je metla\" width=\"216\" height=\"143\" srcset=\"https:\/\/www.klaunika.eu\/wp-content\/uploads\/2015\/06\/kde-je-metla-300x199.jpg 300w, https:\/\/www.klaunika.eu\/wp-content\/uploads\/2015\/06\/kde-je-metla.jpg 640w\" sizes=\"(max-width: 216px) 100vw, 216px\" \/><\/a><\/strong><\/p>\n<p><span style=\"color: #ff0000;\">31.7. &#8211; 18:00<\/span><\/p>\n<p><strong>Divadlo z Pas\u00e1\u017ee <\/strong>z Bansk\u00e9 Bystrice zahraje poh\u00e1dku o my\u0161k\u00e1ch, kter\u00e9 si bezstarostn\u011b \u017eij\u00ed na poli a ob\u010das n\u011bco popletou. <a title=\"DIVADLO Z PAS\u00c1\u017dE\" href=\"https:\/\/www.klaunika.eu\/?page_id=746\">V\u00edce zde<\/a>.<\/p>\n<p>&nbsp;<\/p>\n<p><a href=\"https:\/\/www.klaunika.eu\/wp-content\/uploads\/2015\/07\/88350413249941386.jpg\"><img decoding=\"async\" class=\"size-full wp-image-741 alignleft\" src=\"https:\/\/www.klaunika.eu\/wp-content\/uploads\/2015\/07\/88350413249941386.jpg\" alt=\"883504,1324994138,6\" width=\"167\" height=\"150\" \/><\/a><\/p>\n<p><span style=\"color: #ff0000;\">31.7. &#8211; 19:00<\/span><\/p>\n<p>Poh\u00e1dku o n\u00e1mo\u0159n\u00edkovi a jeho kapit\u00e1novi n\u00e1m odehraj\u00ed <strong>Ji\u0159\u00ed a Filip Priessnitzovi. <\/strong>Jedn\u00e1 se o autorsk\u00e9 p\u0159edstaven\u00ed otce a syna.<\/p>\n<p>&nbsp;<\/p>\n<p>&nbsp;<\/p>\n<address>\u00a0\u2192 <a href=\"https:\/\/www.klaunika.eu\/?page_id=243\">Zp\u011bt<\/a><\/address>\n<p>&nbsp;<\/p>\n<p>&nbsp;<\/p>\n","protected":false},"excerpt":{"rendered":"<p>31.7. &#8211; 17:00 Stacion\u00e1\u0159 Ok\u00fdnko z Mohelnice p\u0159edstav\u00ed svoji poh\u00e1dku o je\u017ekovi, kter\u00fd cht\u011bl po\u0159\u00e1d a po\u0159\u00e1d jenom tancovat. V\u00edce zde. &nbsp; 31.7. &#8211; 18:00 Divadlo z Pas\u00e1\u017ee z Bansk\u00e9 Bystrice zahraje poh\u00e1dku o my\u0161k\u00e1ch, kter\u00e9 si bezstarostn\u011b \u017eij\u00ed na poli a ob\u010das n\u011bco popletou. V\u00edce zde. &nbsp; 31.7. &#8211; 19:00 Poh\u00e1dku o n\u00e1mo\u0159n\u00edkovi a [&hellip;]<\/p>\n","protected":false},"author":1,"featured_media":747,"parent":0,"menu_order":0,"comment_status":"closed","ping_status":"open","template":"","meta":{"footnotes":""},"class_list":["post-738","page","type-page","status-publish","has-post-thumbnail","hentry"],"yoast_head":"<!-- This site is optimized with the Yoast SEO plugin v27.5 - https:\/\/yoast.com\/product\/yoast-seo-wordpress\/ -->\n<title>POH\u00c1DKOV\u00c1 P\u0158EDSTAVEN\u00cd 2015 - DIVADLO KLAUNIKY BRNO<\/title>\n<meta name=\"robots\" content=\"index, follow, max-snippet:-1, max-image-preview:large, max-video-preview:-1\" \/>\n<link rel=\"canonical\" href=\"https:\/\/www.klaunika.eu\/?page_id=738\" \/>\n<meta property=\"og:locale\" content=\"cs_CZ\" \/>\n<meta property=\"og:type\" content=\"article\" \/>\n<meta property=\"og:title\" content=\"POH\u00c1DKOV\u00c1 P\u0158EDSTAVEN\u00cd 2015 - DIVADLO KLAUNIKY BRNO\" \/>\n<meta property=\"og:description\" content=\"31.7. &#8211; 17:00 Stacion\u00e1\u0159 Ok\u00fdnko z Mohelnice p\u0159edstav\u00ed svoji poh\u00e1dku o je\u017ekovi, kter\u00fd cht\u011bl po\u0159\u00e1d a po\u0159\u00e1d jenom tancovat. V\u00edce zde. &nbsp; 31.7. &#8211; 18:00 Divadlo z Pas\u00e1\u017ee z Bansk\u00e9 Bystrice zahraje poh\u00e1dku o my\u0161k\u00e1ch, kter\u00e9 si bezstarostn\u011b \u017eij\u00ed na poli a ob\u010das n\u011bco popletou. V\u00edce zde. &nbsp; 31.7. &#8211; 19:00 Poh\u00e1dku o n\u00e1mo\u0159n\u00edkovi a [&hellip;]\" \/>\n<meta property=\"og:url\" content=\"https:\/\/www.klaunika.eu\/?page_id=738\" \/>\n<meta property=\"og:site_name\" content=\"DIVADLO KLAUNIKY BRNO\" \/>\n<meta property=\"article:modified_time\" content=\"2016-06-19T10:36:15+00:00\" \/>\n<meta property=\"og:image\" content=\"https:\/\/www.klaunika.eu\/wp-content\/uploads\/2015\/07\/metla\u010db.jpg\" \/>\n\t<meta property=\"og:image:width\" content=\"2700\" \/>\n\t<meta property=\"og:image:height\" content=\"1312\" \/>\n\t<meta property=\"og:image:type\" content=\"image\/jpeg\" \/>\n<meta name=\"twitter:card\" content=\"summary_large_image\" \/>\n<script type=\"application\/ld+json\" class=\"yoast-schema-graph\">{\"@context\":\"https:\\\/\\\/schema.org\",\"@graph\":[{\"@type\":\"WebPage\",\"@id\":\"https:\\\/\\\/www.klaunika.eu\\\/?page_id=738\",\"url\":\"https:\\\/\\\/www.klaunika.eu\\\/?page_id=738\",\"name\":\"POH\u00c1DKOV\u00c1 P\u0158EDSTAVEN\u00cd 2015 - DIVADLO KLAUNIKY BRNO\",\"isPartOf\":{\"@id\":\"https:\\\/\\\/www.klaunika.eu\\\/#website\"},\"primaryImageOfPage\":{\"@id\":\"https:\\\/\\\/www.klaunika.eu\\\/?page_id=738#primaryimage\"},\"image\":{\"@id\":\"https:\\\/\\\/www.klaunika.eu\\\/?page_id=738#primaryimage\"},\"thumbnailUrl\":\"https:\\\/\\\/www.klaunika.eu\\\/wp-content\\\/uploads\\\/2015\\\/07\\\/metla\u010db.jpg\",\"datePublished\":\"2015-07-09T11:03:03+00:00\",\"dateModified\":\"2016-06-19T10:36:15+00:00\",\"breadcrumb\":{\"@id\":\"https:\\\/\\\/www.klaunika.eu\\\/?page_id=738#breadcrumb\"},\"inLanguage\":\"cs\",\"potentialAction\":[{\"@type\":\"ReadAction\",\"target\":[\"https:\\\/\\\/www.klaunika.eu\\\/?page_id=738\"]}]},{\"@type\":\"ImageObject\",\"inLanguage\":\"cs\",\"@id\":\"https:\\\/\\\/www.klaunika.eu\\\/?page_id=738#primaryimage\",\"url\":\"https:\\\/\\\/www.klaunika.eu\\\/wp-content\\\/uploads\\\/2015\\\/07\\\/metla\u010db.jpg\",\"contentUrl\":\"https:\\\/\\\/www.klaunika.eu\\\/wp-content\\\/uploads\\\/2015\\\/07\\\/metla\u010db.jpg\",\"width\":2700,\"height\":1312},{\"@type\":\"BreadcrumbList\",\"@id\":\"https:\\\/\\\/www.klaunika.eu\\\/?page_id=738#breadcrumb\",\"itemListElement\":[{\"@type\":\"ListItem\",\"position\":1,\"name\":\"Dom\u016f\",\"item\":\"https:\\\/\\\/www.klaunika.eu\\\/\"},{\"@type\":\"ListItem\",\"position\":2,\"name\":\"POH\u00c1DKOV\u00c1 P\u0158EDSTAVEN\u00cd 2015\"}]},{\"@type\":\"WebSite\",\"@id\":\"https:\\\/\\\/www.klaunika.eu\\\/#website\",\"url\":\"https:\\\/\\\/www.klaunika.eu\\\/\",\"name\":\"DIVADLO KLAUNIKY BRNO\",\"description\":\"SOUKROM\u00c1 SC\u00c9NA HUMORU\",\"publisher\":{\"@id\":\"https:\\\/\\\/www.klaunika.eu\\\/#organization\"},\"potentialAction\":[{\"@type\":\"SearchAction\",\"target\":{\"@type\":\"EntryPoint\",\"urlTemplate\":\"https:\\\/\\\/www.klaunika.eu\\\/?s={search_term_string}\"},\"query-input\":{\"@type\":\"PropertyValueSpecification\",\"valueRequired\":true,\"valueName\":\"search_term_string\"}}],\"inLanguage\":\"cs\"},{\"@type\":\"Organization\",\"@id\":\"https:\\\/\\\/www.klaunika.eu\\\/#organization\",\"name\":\"DIVADLO KLAUNIKY BRNO\",\"url\":\"https:\\\/\\\/www.klaunika.eu\\\/\",\"logo\":{\"@type\":\"ImageObject\",\"inLanguage\":\"cs\",\"@id\":\"https:\\\/\\\/www.klaunika.eu\\\/#\\\/schema\\\/logo\\\/image\\\/\",\"url\":\"https:\\\/\\\/www.klaunika.eu\\\/wp-content\\\/uploads\\\/2021\\\/11\\\/cropped-cropped-PSX_20211123_210259.jpg\",\"contentUrl\":\"https:\\\/\\\/www.klaunika.eu\\\/wp-content\\\/uploads\\\/2021\\\/11\\\/cropped-cropped-PSX_20211123_210259.jpg\",\"width\":248,\"height\":248,\"caption\":\"DIVADLO KLAUNIKY BRNO\"},\"image\":{\"@id\":\"https:\\\/\\\/www.klaunika.eu\\\/#\\\/schema\\\/logo\\\/image\\\/\"}}]}<\/script>\n<!-- \/ Yoast SEO plugin. -->","yoast_head_json":{"title":"POH\u00c1DKOV\u00c1 P\u0158EDSTAVEN\u00cd 2015 - DIVADLO KLAUNIKY BRNO","robots":{"index":"index","follow":"follow","max-snippet":"max-snippet:-1","max-image-preview":"max-image-preview:large","max-video-preview":"max-video-preview:-1"},"canonical":"https:\/\/www.klaunika.eu\/?page_id=738","og_locale":"cs_CZ","og_type":"article","og_title":"POH\u00c1DKOV\u00c1 P\u0158EDSTAVEN\u00cd 2015 - DIVADLO KLAUNIKY BRNO","og_description":"31.7. &#8211; 17:00 Stacion\u00e1\u0159 Ok\u00fdnko z Mohelnice p\u0159edstav\u00ed svoji poh\u00e1dku o je\u017ekovi, kter\u00fd cht\u011bl po\u0159\u00e1d a po\u0159\u00e1d jenom tancovat. V\u00edce zde. &nbsp; 31.7. &#8211; 18:00 Divadlo z Pas\u00e1\u017ee z Bansk\u00e9 Bystrice zahraje poh\u00e1dku o my\u0161k\u00e1ch, kter\u00e9 si bezstarostn\u011b \u017eij\u00ed na poli a ob\u010das n\u011bco popletou. V\u00edce zde. &nbsp; 31.7. &#8211; 19:00 Poh\u00e1dku o n\u00e1mo\u0159n\u00edkovi a [&hellip;]","og_url":"https:\/\/www.klaunika.eu\/?page_id=738","og_site_name":"DIVADLO KLAUNIKY BRNO","article_modified_time":"2016-06-19T10:36:15+00:00","og_image":[{"width":2700,"height":1312,"url":"https:\/\/www.klaunika.eu\/wp-content\/uploads\/2015\/07\/metla\u010db.jpg","type":"image\/jpeg"}],"twitter_card":"summary_large_image","schema":{"@context":"https:\/\/schema.org","@graph":[{"@type":"WebPage","@id":"https:\/\/www.klaunika.eu\/?page_id=738","url":"https:\/\/www.klaunika.eu\/?page_id=738","name":"POH\u00c1DKOV\u00c1 P\u0158EDSTAVEN\u00cd 2015 - DIVADLO KLAUNIKY BRNO","isPartOf":{"@id":"https:\/\/www.klaunika.eu\/#website"},"primaryImageOfPage":{"@id":"https:\/\/www.klaunika.eu\/?page_id=738#primaryimage"},"image":{"@id":"https:\/\/www.klaunika.eu\/?page_id=738#primaryimage"},"thumbnailUrl":"https:\/\/www.klaunika.eu\/wp-content\/uploads\/2015\/07\/metla\u010db.jpg","datePublished":"2015-07-09T11:03:03+00:00","dateModified":"2016-06-19T10:36:15+00:00","breadcrumb":{"@id":"https:\/\/www.klaunika.eu\/?page_id=738#breadcrumb"},"inLanguage":"cs","potentialAction":[{"@type":"ReadAction","target":["https:\/\/www.klaunika.eu\/?page_id=738"]}]},{"@type":"ImageObject","inLanguage":"cs","@id":"https:\/\/www.klaunika.eu\/?page_id=738#primaryimage","url":"https:\/\/www.klaunika.eu\/wp-content\/uploads\/2015\/07\/metla\u010db.jpg","contentUrl":"https:\/\/www.klaunika.eu\/wp-content\/uploads\/2015\/07\/metla\u010db.jpg","width":2700,"height":1312},{"@type":"BreadcrumbList","@id":"https:\/\/www.klaunika.eu\/?page_id=738#breadcrumb","itemListElement":[{"@type":"ListItem","position":1,"name":"Dom\u016f","item":"https:\/\/www.klaunika.eu\/"},{"@type":"ListItem","position":2,"name":"POH\u00c1DKOV\u00c1 P\u0158EDSTAVEN\u00cd 2015"}]},{"@type":"WebSite","@id":"https:\/\/www.klaunika.eu\/#website","url":"https:\/\/www.klaunika.eu\/","name":"DIVADLO KLAUNIKY BRNO","description":"SOUKROM\u00c1 SC\u00c9NA HUMORU","publisher":{"@id":"https:\/\/www.klaunika.eu\/#organization"},"potentialAction":[{"@type":"SearchAction","target":{"@type":"EntryPoint","urlTemplate":"https:\/\/www.klaunika.eu\/?s={search_term_string}"},"query-input":{"@type":"PropertyValueSpecification","valueRequired":true,"valueName":"search_term_string"}}],"inLanguage":"cs"},{"@type":"Organization","@id":"https:\/\/www.klaunika.eu\/#organization","name":"DIVADLO KLAUNIKY BRNO","url":"https:\/\/www.klaunika.eu\/","logo":{"@type":"ImageObject","inLanguage":"cs","@id":"https:\/\/www.klaunika.eu\/#\/schema\/logo\/image\/","url":"https:\/\/www.klaunika.eu\/wp-content\/uploads\/2021\/11\/cropped-cropped-PSX_20211123_210259.jpg","contentUrl":"https:\/\/www.klaunika.eu\/wp-content\/uploads\/2021\/11\/cropped-cropped-PSX_20211123_210259.jpg","width":248,"height":248,"caption":"DIVADLO KLAUNIKY BRNO"},"image":{"@id":"https:\/\/www.klaunika.eu\/#\/schema\/logo\/image\/"}}]}},"_links":{"self":[{"href":"https:\/\/www.klaunika.eu\/index.php?rest_route=\/wp\/v2\/pages\/738","targetHints":{"allow":["GET"]}}],"collection":[{"href":"https:\/\/www.klaunika.eu\/index.php?rest_route=\/wp\/v2\/pages"}],"about":[{"href":"https:\/\/www.klaunika.eu\/index.php?rest_route=\/wp\/v2\/types\/page"}],"author":[{"embeddable":true,"href":"https:\/\/www.klaunika.eu\/index.php?rest_route=\/wp\/v2\/users\/1"}],"replies":[{"embeddable":true,"href":"https:\/\/www.klaunika.eu\/index.php?rest_route=%2Fwp%2Fv2%2Fcomments&post=738"}],"version-history":[{"count":10,"href":"https:\/\/www.klaunika.eu\/index.php?rest_route=\/wp\/v2\/pages\/738\/revisions"}],"predecessor-version":[{"id":1346,"href":"https:\/\/www.klaunika.eu\/index.php?rest_route=\/wp\/v2\/pages\/738\/revisions\/1346"}],"wp:featuredmedia":[{"embeddable":true,"href":"https:\/\/www.klaunika.eu\/index.php?rest_route=\/wp\/v2\/media\/747"}],"wp:attachment":[{"href":"https:\/\/www.klaunika.eu\/index.php?rest_route=%2Fwp%2Fv2%2Fmedia&parent=738"}],"curies":[{"name":"wp","href":"https:\/\/api.w.org\/{rel}","templated":true}]}}