{"id":657,"date":"2015-07-02T19:59:57","date_gmt":"2015-07-02T17:59:57","guid":{"rendered":"http:\/\/www.klaunika.eu\/?page_id=657"},"modified":"2016-06-19T12:35:30","modified_gmt":"2016-06-19T10:35:30","slug":"program","status":"publish","type":"page","link":"https:\/\/www.klaunika.eu\/?page_id=657","title":{"rendered":"PROGRAM 2015"},"content":{"rendered":"<p style=\"text-align: center;\"><strong><span style=\"text-decoration: underline;\">P\u0158EDB\u011a\u017dN\u00dd PROGRAM FESTIVALU<\/span>:<\/strong><\/p>\n<p style=\"text-align: center;\"><span style=\"color: #ff0000;\"><strong>INTEGRA\u010cN\u00cd FESTIVAL QUIJOTOVA \u0160EDES\u00c1TKA<br \/>\n<\/strong><\/span><\/p>\n<p style=\"text-align: center;\"><strong>Lipnice nad S\u00e1zavou 31.\u010dervence \u2013 2.srpna 2015<\/strong><\/p>\n<p style=\"text-align: center;\">K poct\u011b leto\u0161n\u00edm \u0161edes\u00e1tn\u00edk\u016fm \u2013 <strong>Zde\u0148ku Kor\u010di\u00e1novi<\/strong> a <strong>Ivanu Sm\u00fdkalovi<\/strong><\/p>\n<p><span style=\"text-decoration: underline;\">P\u00c1TEK 31. \u010cERVENCE:<\/span><\/p>\n<p><span style=\"color: #ff0000;\">16,30h<\/span> Zah\u00e1jen\u00ed a festivalov\u00fd pr\u016fvod<\/p>\n<p><span style=\"color: #ff0000;\">17,00h<\/span> <em>\u201eO je\u017ekovi, kter\u00fd tan\u010dil\u201c<\/em> Stacion\u00e1\u0159 <strong>Ok\u00fdnko Mohelnice<\/strong>\u00a0 (hrad)<\/p>\n<p><span style=\"color: #ff0000;\">18,00h<\/span> <em>\u201eKde je metla?\u201c<\/em> <strong>Divadlo z pas\u00e1\u017ee<\/strong> Bansk\u00e1 Bystrica\u00a0\u00a0\u00a0\u00a0\u00a0\u00a0\u00a0\u00a0 (hrad)<\/p>\n<p><span style=\"color: #ff0000;\">19,00h<\/span> <em>\u201eN\u00e1mo\u0159n\u00edk a jeho kapit\u00e1n\u201c<\/em> <strong>Ji\u0159\u00ed a Filip Priessnitzovy<\/strong>\u00a0\u00a0\u00a0\u00a0\u00a0\u00a0\u00a0\u00a0\u00a0 (hrad)<\/p>\n<p><span style=\"color: #ff0000;\">19,30h<\/span> <strong>Ji\u0159\u00ed Vondr\u00e1k<\/strong> \u2013 koncert <em>\u201eVondr\u00e1k zp\u00edv\u00e1 Okud\u017eavu&#8230;\u201c<\/em>\u00a0\u00a0\u00a0\u00a0\u00a0\u00a0\u00a0\u00a0 (hradn\u00ed kaple)<\/p>\n<p><span style=\"color: #ff0000;\">20,30h<\/span> <em>\u201eVoli\u010dsk\u00e1 kampa\u0148 Strany m\u00edrn\u00e9ho pokroku v mez\u00edch z\u00e1kona tedy p\u0159\u00edrodn\u00edho\u201c<\/em> <strong>Divadlo Klauniky<\/strong> Brno \u00a0 \u00a0 \u00a0 \u00a0 \u00a0 \u00a0 \u00a0 \u00a0 \u00a0 \u00a0 \u00a0 \u00a0 \u00a0 \u00a0 \u00a0 \u00a0 \u00a0 \u00a0 \u00a0 \u00a0 \u00a0 (hrad)<\/p>\n<p><span style=\"color: #ff0000;\">22,00h<\/span> <em>\u201eKon\u017eert\u201c<\/em> \u2013 vystoupen\u00ed \u017e\u00e1k\u016f Bolka Pol\u00edvky (kostel)<\/p>\n<p><span style=\"color: #ff0000;\">23,00h<\/span> <strong>Ivan Sm\u00fdkal<\/strong> \u2013 varhann\u00ed koncert (kostel)<\/p>\n<p><span style=\"color: #ff0000;\">23,30h<\/span> <em>P\u016flno\u010dn\u00ed exhumaniza\u010dn\u00ed pochod za Jaroslava Ha\u0161ka<\/em> se \u010dten\u00edm trnopisu <em>Bahno<\/em> <strong>(Ivan van Chrasten) <\/strong>a Astro zastaven\u00edm (star\u00fd h\u0159bitov)<\/p>\n<p>Pr\u016fb\u011b\u017en\u011b: <strong>Brut art<\/strong> \u2013 <strong>Vojt\u011bch \u0160\u016fra<\/strong>, Domov Harcov\u00a0\u00a0\u00a0\u00a0\u00a0\u00a0\u00a0\u00a0\u00a0\u00a0\u00a0\u00a0\u00a0\u00a0\u00a0\u00a0\u00a0\u00a0\u00a0\u00a0 (hrad)<\/p>\n<p><span style=\"text-decoration: underline;\">SOBOTA 1. SRPNA:<\/span><\/p>\n<p><span style=\"color: #ff0000;\">16,30h<\/span> <em>\u201eKabaret Artaud\u201c<\/em> <strong>Bohnick\u00e1 divadeln\u00ed spole\u010dnost \u00a0 \u00a0 \u00a0\u00a0<\/strong> (hrad)<\/p>\n<p><span style=\"color: #ff0000;\">17,30h<\/span> Vernis\u00e1\u017e v\u00fdstavy obraz\u016f <strong>Miroslavy Oberreiterov\u00e9<\/strong>\u00a0\u00a0\u00a0\u00a0\u00a0\u00a0\u00a0\u00a0\u00a0 (hrad)<\/p>\n<p><span style=\"color: #ff0000;\">18,00h<\/span> <strong>Jana Koubkov\u00e1<\/strong> \u2013 koncert <em>\u201eSmrt standardismu\u201c<\/em>\u00a0\u00a0\u00a0\u00a0\u00a0\u00a0\u00a0\u00a0\u00a0\u00a0\u00a0 (hrad)<\/p>\n<p><span style=\"color: #ff0000;\">19,00h<\/span> <strong>Zden\u011bk Kor\u010di\u00e1n<\/strong> \u2013 <em>\u201eOchutn\u00e1vka z laborato\u0159e Dr.Vernisaceho\u201c <\/em>a <em>\u201eLetn\u00ed choro\u0161ka\u201c<\/em> <strong>B\u00edl\u00e1 holubice<\/strong> Ostrava (amfite\u00e1tr)<\/p>\n<p><span style=\"color: #ff0000;\">20,00h<\/span> \u201e<em>Don Quijote de la mAncha\u201c<\/em> <strong>Divadlo Klauniky<\/strong> Brno\u00a0\u00a0 (amfite\u00e1tr)<\/p>\n<p><span style=\"color: #ff0000;\">21,30h<\/span> <em>\u201eAnd\u011blsk\u00fd kabaret\u201c<\/em> <strong>Divadlo Klauniky<\/strong> Brno\u00a0\u00a0\u00a0\u00a0\u00a0\u00a0\u00a0\u00a0\u00a0\u00a0\u00a0\u00a0 (amfite\u00e1tr)<\/p>\n<p><span style=\"text-decoration: underline;\">NED\u011aLE 2. SPRNA:<\/span><\/p>\n<p><span style=\"color: #ff0000;\">11,00h<\/span> <em>Bloud\u011bn\u00ed Dona Quijota<\/em> \u2013 orienta\u010dn\u00ed dobrodru\u017en\u00fd b\u011bh pro mal\u00e9 i velk\u00e9 (Lipnice nad S\u00e1zavou a okol\u00ed)<\/p>\n<address>\u2192 <a href=\"https:\/\/www.klaunika.eu\/?page_id=243\">Zp\u011bt<\/a><\/address>\n<p>&nbsp;<\/p>\n<p>&nbsp;<\/p>\n<p>&nbsp;<\/p>\n","protected":false},"excerpt":{"rendered":"<p>P\u0158EDB\u011a\u017dN\u00dd PROGRAM FESTIVALU: INTEGRA\u010cN\u00cd FESTIVAL QUIJOTOVA \u0160EDES\u00c1TKA Lipnice nad S\u00e1zavou 31.\u010dervence \u2013 2.srpna 2015 K poct\u011b leto\u0161n\u00edm \u0161edes\u00e1tn\u00edk\u016fm \u2013 Zde\u0148ku Kor\u010di\u00e1novi a Ivanu Sm\u00fdkalovi P\u00c1TEK 31. \u010cERVENCE: 16,30h Zah\u00e1jen\u00ed a festivalov\u00fd pr\u016fvod 17,00h \u201eO je\u017ekovi, kter\u00fd tan\u010dil\u201c Stacion\u00e1\u0159 Ok\u00fdnko Mohelnice\u00a0 (hrad) 18,00h \u201eKde je metla?\u201c Divadlo z pas\u00e1\u017ee Bansk\u00e1 Bystrica\u00a0\u00a0\u00a0\u00a0\u00a0\u00a0\u00a0\u00a0 (hrad) 19,00h \u201eN\u00e1mo\u0159n\u00edk a jeho [&hellip;]<\/p>\n","protected":false},"author":1,"featured_media":635,"parent":0,"menu_order":0,"comment_status":"closed","ping_status":"open","template":"","meta":{"footnotes":""},"class_list":["post-657","page","type-page","status-publish","has-post-thumbnail","hentry"],"yoast_head":"<!-- This site is optimized with the Yoast SEO plugin v27.5 - https:\/\/yoast.com\/product\/yoast-seo-wordpress\/ -->\n<title>PROGRAM 2015 - DIVADLO KLAUNIKY BRNO<\/title>\n<meta name=\"robots\" content=\"index, follow, max-snippet:-1, max-image-preview:large, max-video-preview:-1\" \/>\n<link rel=\"canonical\" href=\"https:\/\/www.klaunika.eu\/?page_id=657\" \/>\n<meta property=\"og:locale\" content=\"cs_CZ\" \/>\n<meta property=\"og:type\" content=\"article\" \/>\n<meta property=\"og:title\" content=\"PROGRAM 2015 - DIVADLO KLAUNIKY BRNO\" \/>\n<meta property=\"og:description\" content=\"P\u0158EDB\u011a\u017dN\u00dd PROGRAM FESTIVALU: INTEGRA\u010cN\u00cd FESTIVAL QUIJOTOVA \u0160EDES\u00c1TKA Lipnice nad S\u00e1zavou 31.\u010dervence \u2013 2.srpna 2015 K poct\u011b leto\u0161n\u00edm \u0161edes\u00e1tn\u00edk\u016fm \u2013 Zde\u0148ku Kor\u010di\u00e1novi a Ivanu Sm\u00fdkalovi P\u00c1TEK 31. \u010cERVENCE: 16,30h Zah\u00e1jen\u00ed a festivalov\u00fd pr\u016fvod 17,00h \u201eO je\u017ekovi, kter\u00fd tan\u010dil\u201c Stacion\u00e1\u0159 Ok\u00fdnko Mohelnice\u00a0 (hrad) 18,00h \u201eKde je metla?\u201c Divadlo z pas\u00e1\u017ee Bansk\u00e1 Bystrica\u00a0\u00a0\u00a0\u00a0\u00a0\u00a0\u00a0\u00a0 (hrad) 19,00h \u201eN\u00e1mo\u0159n\u00edk a jeho [&hellip;]\" \/>\n<meta property=\"og:url\" content=\"https:\/\/www.klaunika.eu\/?page_id=657\" \/>\n<meta property=\"og:site_name\" content=\"DIVADLO KLAUNIKY BRNO\" \/>\n<meta property=\"article:modified_time\" content=\"2016-06-19T10:35:30+00:00\" \/>\n<meta property=\"og:image\" content=\"https:\/\/www.klaunika.eu\/wp-content\/uploads\/2015\/06\/11656209_10204828626139609_13967059_o.jpg\" \/>\n\t<meta property=\"og:image:width\" content=\"2048\" \/>\n\t<meta property=\"og:image:height\" content=\"1536\" \/>\n\t<meta property=\"og:image:type\" content=\"image\/jpeg\" \/>\n<meta name=\"twitter:card\" content=\"summary_large_image\" \/>\n<meta name=\"twitter:label1\" content=\"Odhadovan\u00e1 doba \u010dten\u00ed\" \/>\n\t<meta name=\"twitter:data1\" content=\"1 minuta\" \/>\n<script type=\"application\/ld+json\" class=\"yoast-schema-graph\">{\"@context\":\"https:\\\/\\\/schema.org\",\"@graph\":[{\"@type\":\"WebPage\",\"@id\":\"https:\\\/\\\/www.klaunika.eu\\\/?page_id=657\",\"url\":\"https:\\\/\\\/www.klaunika.eu\\\/?page_id=657\",\"name\":\"PROGRAM 2015 - DIVADLO KLAUNIKY BRNO\",\"isPartOf\":{\"@id\":\"https:\\\/\\\/www.klaunika.eu\\\/#website\"},\"primaryImageOfPage\":{\"@id\":\"https:\\\/\\\/www.klaunika.eu\\\/?page_id=657#primaryimage\"},\"image\":{\"@id\":\"https:\\\/\\\/www.klaunika.eu\\\/?page_id=657#primaryimage\"},\"thumbnailUrl\":\"https:\\\/\\\/www.klaunika.eu\\\/wp-content\\\/uploads\\\/2015\\\/06\\\/11656209_10204828626139609_13967059_o.jpg\",\"datePublished\":\"2015-07-02T17:59:57+00:00\",\"dateModified\":\"2016-06-19T10:35:30+00:00\",\"breadcrumb\":{\"@id\":\"https:\\\/\\\/www.klaunika.eu\\\/?page_id=657#breadcrumb\"},\"inLanguage\":\"cs\",\"potentialAction\":[{\"@type\":\"ReadAction\",\"target\":[\"https:\\\/\\\/www.klaunika.eu\\\/?page_id=657\"]}]},{\"@type\":\"ImageObject\",\"inLanguage\":\"cs\",\"@id\":\"https:\\\/\\\/www.klaunika.eu\\\/?page_id=657#primaryimage\",\"url\":\"https:\\\/\\\/www.klaunika.eu\\\/wp-content\\\/uploads\\\/2015\\\/06\\\/11656209_10204828626139609_13967059_o.jpg\",\"contentUrl\":\"https:\\\/\\\/www.klaunika.eu\\\/wp-content\\\/uploads\\\/2015\\\/06\\\/11656209_10204828626139609_13967059_o.jpg\",\"width\":2048,\"height\":1536},{\"@type\":\"BreadcrumbList\",\"@id\":\"https:\\\/\\\/www.klaunika.eu\\\/?page_id=657#breadcrumb\",\"itemListElement\":[{\"@type\":\"ListItem\",\"position\":1,\"name\":\"Dom\u016f\",\"item\":\"https:\\\/\\\/www.klaunika.eu\\\/\"},{\"@type\":\"ListItem\",\"position\":2,\"name\":\"PROGRAM 2015\"}]},{\"@type\":\"WebSite\",\"@id\":\"https:\\\/\\\/www.klaunika.eu\\\/#website\",\"url\":\"https:\\\/\\\/www.klaunika.eu\\\/\",\"name\":\"DIVADLO KLAUNIKY BRNO\",\"description\":\"SOUKROM\u00c1 SC\u00c9NA HUMORU\",\"publisher\":{\"@id\":\"https:\\\/\\\/www.klaunika.eu\\\/#organization\"},\"potentialAction\":[{\"@type\":\"SearchAction\",\"target\":{\"@type\":\"EntryPoint\",\"urlTemplate\":\"https:\\\/\\\/www.klaunika.eu\\\/?s={search_term_string}\"},\"query-input\":{\"@type\":\"PropertyValueSpecification\",\"valueRequired\":true,\"valueName\":\"search_term_string\"}}],\"inLanguage\":\"cs\"},{\"@type\":\"Organization\",\"@id\":\"https:\\\/\\\/www.klaunika.eu\\\/#organization\",\"name\":\"DIVADLO KLAUNIKY BRNO\",\"url\":\"https:\\\/\\\/www.klaunika.eu\\\/\",\"logo\":{\"@type\":\"ImageObject\",\"inLanguage\":\"cs\",\"@id\":\"https:\\\/\\\/www.klaunika.eu\\\/#\\\/schema\\\/logo\\\/image\\\/\",\"url\":\"https:\\\/\\\/www.klaunika.eu\\\/wp-content\\\/uploads\\\/2021\\\/11\\\/cropped-cropped-PSX_20211123_210259.jpg\",\"contentUrl\":\"https:\\\/\\\/www.klaunika.eu\\\/wp-content\\\/uploads\\\/2021\\\/11\\\/cropped-cropped-PSX_20211123_210259.jpg\",\"width\":248,\"height\":248,\"caption\":\"DIVADLO KLAUNIKY BRNO\"},\"image\":{\"@id\":\"https:\\\/\\\/www.klaunika.eu\\\/#\\\/schema\\\/logo\\\/image\\\/\"}}]}<\/script>\n<!-- \/ Yoast SEO plugin. -->","yoast_head_json":{"title":"PROGRAM 2015 - DIVADLO KLAUNIKY BRNO","robots":{"index":"index","follow":"follow","max-snippet":"max-snippet:-1","max-image-preview":"max-image-preview:large","max-video-preview":"max-video-preview:-1"},"canonical":"https:\/\/www.klaunika.eu\/?page_id=657","og_locale":"cs_CZ","og_type":"article","og_title":"PROGRAM 2015 - DIVADLO KLAUNIKY BRNO","og_description":"P\u0158EDB\u011a\u017dN\u00dd PROGRAM FESTIVALU: INTEGRA\u010cN\u00cd FESTIVAL QUIJOTOVA \u0160EDES\u00c1TKA Lipnice nad S\u00e1zavou 31.\u010dervence \u2013 2.srpna 2015 K poct\u011b leto\u0161n\u00edm \u0161edes\u00e1tn\u00edk\u016fm \u2013 Zde\u0148ku Kor\u010di\u00e1novi a Ivanu Sm\u00fdkalovi P\u00c1TEK 31. \u010cERVENCE: 16,30h Zah\u00e1jen\u00ed a festivalov\u00fd pr\u016fvod 17,00h \u201eO je\u017ekovi, kter\u00fd tan\u010dil\u201c Stacion\u00e1\u0159 Ok\u00fdnko Mohelnice\u00a0 (hrad) 18,00h \u201eKde je metla?\u201c Divadlo z pas\u00e1\u017ee Bansk\u00e1 Bystrica\u00a0\u00a0\u00a0\u00a0\u00a0\u00a0\u00a0\u00a0 (hrad) 19,00h \u201eN\u00e1mo\u0159n\u00edk a jeho [&hellip;]","og_url":"https:\/\/www.klaunika.eu\/?page_id=657","og_site_name":"DIVADLO KLAUNIKY BRNO","article_modified_time":"2016-06-19T10:35:30+00:00","og_image":[{"width":2048,"height":1536,"url":"https:\/\/www.klaunika.eu\/wp-content\/uploads\/2015\/06\/11656209_10204828626139609_13967059_o.jpg","type":"image\/jpeg"}],"twitter_card":"summary_large_image","twitter_misc":{"Odhadovan\u00e1 doba \u010dten\u00ed":"1 minuta"},"schema":{"@context":"https:\/\/schema.org","@graph":[{"@type":"WebPage","@id":"https:\/\/www.klaunika.eu\/?page_id=657","url":"https:\/\/www.klaunika.eu\/?page_id=657","name":"PROGRAM 2015 - DIVADLO KLAUNIKY BRNO","isPartOf":{"@id":"https:\/\/www.klaunika.eu\/#website"},"primaryImageOfPage":{"@id":"https:\/\/www.klaunika.eu\/?page_id=657#primaryimage"},"image":{"@id":"https:\/\/www.klaunika.eu\/?page_id=657#primaryimage"},"thumbnailUrl":"https:\/\/www.klaunika.eu\/wp-content\/uploads\/2015\/06\/11656209_10204828626139609_13967059_o.jpg","datePublished":"2015-07-02T17:59:57+00:00","dateModified":"2016-06-19T10:35:30+00:00","breadcrumb":{"@id":"https:\/\/www.klaunika.eu\/?page_id=657#breadcrumb"},"inLanguage":"cs","potentialAction":[{"@type":"ReadAction","target":["https:\/\/www.klaunika.eu\/?page_id=657"]}]},{"@type":"ImageObject","inLanguage":"cs","@id":"https:\/\/www.klaunika.eu\/?page_id=657#primaryimage","url":"https:\/\/www.klaunika.eu\/wp-content\/uploads\/2015\/06\/11656209_10204828626139609_13967059_o.jpg","contentUrl":"https:\/\/www.klaunika.eu\/wp-content\/uploads\/2015\/06\/11656209_10204828626139609_13967059_o.jpg","width":2048,"height":1536},{"@type":"BreadcrumbList","@id":"https:\/\/www.klaunika.eu\/?page_id=657#breadcrumb","itemListElement":[{"@type":"ListItem","position":1,"name":"Dom\u016f","item":"https:\/\/www.klaunika.eu\/"},{"@type":"ListItem","position":2,"name":"PROGRAM 2015"}]},{"@type":"WebSite","@id":"https:\/\/www.klaunika.eu\/#website","url":"https:\/\/www.klaunika.eu\/","name":"DIVADLO KLAUNIKY BRNO","description":"SOUKROM\u00c1 SC\u00c9NA HUMORU","publisher":{"@id":"https:\/\/www.klaunika.eu\/#organization"},"potentialAction":[{"@type":"SearchAction","target":{"@type":"EntryPoint","urlTemplate":"https:\/\/www.klaunika.eu\/?s={search_term_string}"},"query-input":{"@type":"PropertyValueSpecification","valueRequired":true,"valueName":"search_term_string"}}],"inLanguage":"cs"},{"@type":"Organization","@id":"https:\/\/www.klaunika.eu\/#organization","name":"DIVADLO KLAUNIKY BRNO","url":"https:\/\/www.klaunika.eu\/","logo":{"@type":"ImageObject","inLanguage":"cs","@id":"https:\/\/www.klaunika.eu\/#\/schema\/logo\/image\/","url":"https:\/\/www.klaunika.eu\/wp-content\/uploads\/2021\/11\/cropped-cropped-PSX_20211123_210259.jpg","contentUrl":"https:\/\/www.klaunika.eu\/wp-content\/uploads\/2021\/11\/cropped-cropped-PSX_20211123_210259.jpg","width":248,"height":248,"caption":"DIVADLO KLAUNIKY BRNO"},"image":{"@id":"https:\/\/www.klaunika.eu\/#\/schema\/logo\/image\/"}}]}},"_links":{"self":[{"href":"https:\/\/www.klaunika.eu\/index.php?rest_route=\/wp\/v2\/pages\/657","targetHints":{"allow":["GET"]}}],"collection":[{"href":"https:\/\/www.klaunika.eu\/index.php?rest_route=\/wp\/v2\/pages"}],"about":[{"href":"https:\/\/www.klaunika.eu\/index.php?rest_route=\/wp\/v2\/types\/page"}],"author":[{"embeddable":true,"href":"https:\/\/www.klaunika.eu\/index.php?rest_route=\/wp\/v2\/users\/1"}],"replies":[{"embeddable":true,"href":"https:\/\/www.klaunika.eu\/index.php?rest_route=%2Fwp%2Fv2%2Fcomments&post=657"}],"version-history":[{"count":7,"href":"https:\/\/www.klaunika.eu\/index.php?rest_route=\/wp\/v2\/pages\/657\/revisions"}],"predecessor-version":[{"id":1345,"href":"https:\/\/www.klaunika.eu\/index.php?rest_route=\/wp\/v2\/pages\/657\/revisions\/1345"}],"wp:featuredmedia":[{"embeddable":true,"href":"https:\/\/www.klaunika.eu\/index.php?rest_route=\/wp\/v2\/media\/635"}],"wp:attachment":[{"href":"https:\/\/www.klaunika.eu\/index.php?rest_route=%2Fwp%2Fv2%2Fmedia&parent=657"}],"curies":[{"name":"wp","href":"https:\/\/api.w.org\/{rel}","templated":true}]}}