{"id":5827,"date":"2026-01-12T14:01:59","date_gmt":"2026-01-12T13:01:59","guid":{"rendered":"https:\/\/www.klaunika.eu\/?page_id=5827"},"modified":"2026-03-29T11:54:35","modified_gmt":"2026-03-29T09:54:35","slug":"peta-a-vlk","status":"publish","type":"page","link":"https:\/\/www.klaunika.eu\/?page_id=5827","title":{"rendered":"P\u00c9\u0164A  A  VLK"},"content":{"rendered":"\t\t<div data-elementor-type=\"wp-page\" data-elementor-id=\"5827\" class=\"elementor elementor-5827\">\n\t\t\t\t\t\t<section class=\"elementor-section elementor-top-section elementor-element elementor-element-adabf86 elementor-section-boxed elementor-section-height-default elementor-section-height-default\" data-id=\"adabf86\" data-element_type=\"section\" data-e-type=\"section\">\n\t\t\t\t\t\t<div class=\"elementor-container elementor-column-gap-default\">\n\t\t\t\t\t<div class=\"elementor-column elementor-col-100 elementor-top-column elementor-element elementor-element-a816ff1\" data-id=\"a816ff1\" data-element_type=\"column\" data-e-type=\"column\">\n\t\t\t<div class=\"elementor-widget-wrap elementor-element-populated\">\n\t\t\t\t\t\t<div class=\"elementor-element elementor-element-b6af75f elementor-widget elementor-widget-text-editor\" data-id=\"b6af75f\" data-element_type=\"widget\" data-e-type=\"widget\" data-widget_type=\"text-editor.default\">\n\t\t\t\t<div class=\"elementor-widget-container\">\n\t\t\t\t\t\t\t\t\t<ul>\n<li style=\"line-height: 26.4pt; text-indent: -0.38in; text-align: left; direction: ltr; unicode-bidi: embed; word-break: normal;\"><span style=\"font-size: 20pt; font-family: Aptos;\">&nbsp; &nbsp; &nbsp;<span style=\"font-size: 18pt;\">Hraje:&nbsp; <\/span><\/span><span style=\"font-size: 18pt;\"><span style=\"font-family: Aptos; color: red; font-weight: bold;\">Z<\/span><span style=\"font-family: Aptos; font-variant-numeric: normal; font-variant-east-asian: normal; font-variant-caps: small-caps; font-variant-alternates: normal; font-variant-position: normal; font-variant-emoji: normal; color: red; font-weight: bold;\">uzana Anna R\u00fat <\/span><span style=\"font-family: Aptos; font-variant-numeric: normal; font-variant-east-asian: normal; font-variant-caps: small-caps; font-variant-alternates: normal; font-variant-position: normal; font-variant-emoji: normal;\">(v integra\u010dn\u00ed verzi tak\u00e9: Nikola Jur\u00ed\u010dkov\u00e1 a Marek \u0160n\u00e9dar)<\/span><\/span><\/li>\n<li style=\"line-height: 26.4pt; text-indent: -0.38in; text-align: left; direction: ltr; unicode-bidi: embed; word-break: normal;\"><span style=\"font-size: 18pt;\"><span style=\"font-family: Aptos;\">&nbsp; &nbsp; &nbsp;Re\u017eie: <\/span><span style=\"font-family: Aptos; color: red; font-weight: bold;\">Z<\/span><span style=\"font-family: Aptos; font-variant-numeric: normal; font-variant-east-asian: normal; font-variant-caps: small-caps; font-variant-alternates: normal; font-variant-position: normal; font-variant-emoji: normal; color: red; font-weight: bold;\">den\u011bk Maz\u00e1\u010d<\/span><\/span><\/li>\n<li style=\"line-height: 26.4pt; text-indent: -0.38in; direction: ltr; unicode-bidi: embed; word-break: normal;\"><span style=\"font-size: 18pt;\"><span style=\"font-family: Aptos;\">&nbsp; &nbsp; &nbsp;V\u00fdprava: <\/span><span style=\"font-family: Aptos; font-variant-numeric: normal; font-variant-east-asian: normal; font-variant-caps: small-caps; font-variant-alternates: normal; font-variant-position: normal; font-variant-emoji: normal; color: red; font-weight: bold;\">Berta K. <\/span><span style=\"font-family: Aptos; font-variant-numeric: normal; font-variant-east-asian: normal; font-variant-caps: small-caps; font-variant-alternates: normal; font-variant-position: normal; font-variant-emoji: normal; color: red; font-weight: bold;\">Skal\u00edkov\u00e1<\/span><\/span><\/li>\n<li style=\"line-height: 26.4pt; text-indent: -0.38in; text-align: left; direction: ltr; unicode-bidi: embed; word-break: normal;\"><span style=\"font-size: 18pt;\"><span style=\"font-family: Aptos;\">&nbsp; &nbsp; &nbsp;Hudba: <\/span><span style=\"font-family: Aptos; font-variant-numeric: normal; font-variant-east-asian: normal; font-variant-caps: small-caps; font-variant-alternates: normal; font-variant-position: normal; font-variant-emoji: normal; color: red; font-weight: bold;\">Sergej <\/span><span style=\"font-family: Aptos; font-variant-numeric: normal; font-variant-east-asian: normal; font-variant-caps: small-caps; font-variant-alternates: normal; font-variant-position: normal; font-variant-emoji: normal; color: red; font-weight: bold;\">Prokofjev<\/span><\/span><\/li>\n<\/ul>\n<p style=\"text-align: center;\"><span style=\"font-family: georgia, palatino, serif;\"><em>P\u0159\u00edb\u011bh o <b>P\u00e9\u0165ovi a vlkovi&nbsp; <\/b>je p\u0159\u00edb\u011bh jin\u00fd ne\u017e ostatn\u00ed.<\/em><\/span><\/p>\n<p style=\"text-align: center;\"><span style=\"font-family: georgia, palatino, serif;\"><em>Je zaps\u00e1n v knize jin\u00e9 ne\u017e ostatn\u00ed, v knize pln\u00e9 notov\u00fdch osnov, not<\/em><\/span><br><span style=\"font-family: georgia, palatino, serif;\"><em> a hudebn\u00edch zna\u010dek.<\/em><\/span><\/p>\n<p style=\"text-align: center;\"><span style=\"font-family: georgia, palatino, serif;\"><em>Nevypr\u00e1v\u00ed se slovy, <b>p\u0159\u00edb\u011bh vypr\u00e1v\u00ed sama <\/b><b>hudba<\/b>.<\/em><\/span><\/p>\n<p style=\"text-align: left;\">Divadeln\u00ed inscenace se skl\u00e1d\u00e1 ze dvou \u010d\u00e1st\u00ed:<\/p>\n<ol>\n<li>Prvn\u00ed p\u016fle p\u0159edstaven\u00ed je jakousi <b>hravou a interaktivn\u00ed hudebn\u00ed naukou<\/b>, v n\u00ed\u017e se d\u011bti sezn\u00e1m\u00ed s n\u011bkter\u00fdmi <b>z\u00e1kladn\u00edmi hudebn\u00edmi pojmy<\/b>, s postavou <b>dirigenta<\/b>&nbsp; a s <b>orchestrem<\/b>. Tak\u00e9 se p\u0159edstav\u00ed jednotliv\u00e9 <b>hudebn\u00ed n\u00e1stroje<\/b>, kter\u00e9 v t\u00e9to Prokofjevov\u011b hudb\u011b zn\u00ed p\u0159edev\u0161\u00edm.<\/li>\n<li>&nbsp;Druh\u00e1 polovina ji\u017e vypr\u00e1v\u00ed p\u0159\u00edb\u011bh samotn\u00fd. Ka\u017ed\u00e1 z postav p\u0159\u00edb\u011bhu o P\u00e9\u0165ovi a vlkovi promlouv\u00e1 prost\u0159ednictv\u00edm jednoho hudebn\u00edho n\u00e1stroje a jednoho hudebn\u00edho, snadno rozpoznateln\u00e9ho motivu.<\/li>\n<\/ol>\n<p>Poh\u00e1dkov\u00e1 divadeln\u00ed&nbsp; inscenace&nbsp; vych\u00e1z\u00ed z hudebn\u00edho zpracov\u00e1n\u00ed&nbsp; <br><b>S. <\/b><b>Prokofjeva<\/b> a jeho stejnojmenn\u00e9ho baletu.<\/p>\n<p>D\u011bj p\u0159\u00edb\u011bhu je v hudb\u011b snadno a dokonale \u010diteln\u00fd, d\u011bti dle hudebn\u00edch motiv\u016f samy postupn\u011b rozezn\u00e1vaj\u00ed jednotliv\u00e9 postavy.&nbsp; Podmaniv\u00e1 hudba tak nen\u00e1siln\u011b vtahuje d\u011btsk\u00e9 div\u00e1ky do sv\u011bta v\u00e1\u017en\u00e9 hudby a rusk\u00e9ho hudebn\u00edho romantismu.<\/p>\n<p>Inscenace kombinuje prvky <b>pantomimy, <\/b>a d\u00e1le<b> \u010dinohern\u00ed <\/b>a <b>alternativn\u00ed divadeln\u00ed tvorby<\/b>.<\/p>\n<p><span style=\"font-size: 20pt; font-family: Aptos; font-variant-numeric: normal; font-variant-east-asian: normal; font-variant-caps: small-caps; font-variant-alternates: normal; font-variant-position: normal; font-variant-emoji: normal; color: red; font-weight: bold;\">&nbsp;<\/span><\/p>\t\t\t\t\t\t\t\t<\/div>\n\t\t\t\t<\/div>\n\t\t\t\t\t<\/div>\n\t\t<\/div>\n\t\t\t\t\t<\/div>\n\t\t<\/section>\n\t\t\t\t<\/div>\n\t\t","protected":false},"excerpt":{"rendered":"<p>&nbsp; &nbsp; &nbsp;Hraje:&nbsp; Zuzana Anna R\u00fat (v integra\u010dn\u00ed verzi tak\u00e9: Nikola Jur\u00ed\u010dkov\u00e1 a Marek \u0160n\u00e9dar) &nbsp; &nbsp; &nbsp;Re\u017eie: Zden\u011bk Maz\u00e1\u010d &nbsp; &nbsp; &nbsp;V\u00fdprava: Berta K. Skal\u00edkov\u00e1 &nbsp; &nbsp; &nbsp;Hudba: Sergej Prokofjev P\u0159\u00edb\u011bh o P\u00e9\u0165ovi a vlkovi&nbsp; je p\u0159\u00edb\u011bh jin\u00fd ne\u017e ostatn\u00ed. Je zaps\u00e1n v knize jin\u00e9 ne\u017e ostatn\u00ed, v knize pln\u00e9 notov\u00fdch osnov, not a [&hellip;]<\/p>\n","protected":false},"author":1,"featured_media":0,"parent":0,"menu_order":0,"comment_status":"closed","ping_status":"closed","template":"","meta":{"footnotes":""},"class_list":["post-5827","page","type-page","status-publish","hentry"],"yoast_head":"<!-- This site is optimized with the Yoast SEO plugin v27.5 - https:\/\/yoast.com\/product\/yoast-seo-wordpress\/ -->\n<title>P\u00c9\u0164A A VLK - DIVADLO KLAUNIKY BRNO<\/title>\n<meta name=\"robots\" content=\"index, follow, max-snippet:-1, max-image-preview:large, max-video-preview:-1\" \/>\n<link rel=\"canonical\" href=\"https:\/\/www.klaunika.eu\/?page_id=5827\" \/>\n<meta property=\"og:locale\" content=\"cs_CZ\" \/>\n<meta property=\"og:type\" content=\"article\" \/>\n<meta property=\"og:title\" content=\"P\u00c9\u0164A A VLK - DIVADLO KLAUNIKY BRNO\" \/>\n<meta property=\"og:description\" content=\"&nbsp; &nbsp; &nbsp;Hraje:&nbsp; Zuzana Anna R\u00fat (v integra\u010dn\u00ed verzi tak\u00e9: Nikola Jur\u00ed\u010dkov\u00e1 a Marek \u0160n\u00e9dar) &nbsp; &nbsp; &nbsp;Re\u017eie: Zden\u011bk Maz\u00e1\u010d &nbsp; &nbsp; &nbsp;V\u00fdprava: Berta K. Skal\u00edkov\u00e1 &nbsp; &nbsp; &nbsp;Hudba: Sergej Prokofjev P\u0159\u00edb\u011bh o P\u00e9\u0165ovi a vlkovi&nbsp; je p\u0159\u00edb\u011bh jin\u00fd ne\u017e ostatn\u00ed. Je zaps\u00e1n v knize jin\u00e9 ne\u017e ostatn\u00ed, v knize pln\u00e9 notov\u00fdch osnov, not a [&hellip;]\" \/>\n<meta property=\"og:url\" content=\"https:\/\/www.klaunika.eu\/?page_id=5827\" \/>\n<meta property=\"og:site_name\" content=\"DIVADLO KLAUNIKY BRNO\" \/>\n<meta property=\"article:modified_time\" content=\"2026-03-29T09:54:35+00:00\" \/>\n<meta name=\"twitter:card\" content=\"summary_large_image\" \/>\n<meta name=\"twitter:label1\" content=\"Odhadovan\u00e1 doba \u010dten\u00ed\" \/>\n\t<meta name=\"twitter:data1\" content=\"2 minuty\" \/>\n<script type=\"application\/ld+json\" class=\"yoast-schema-graph\">{\"@context\":\"https:\\\/\\\/schema.org\",\"@graph\":[{\"@type\":\"WebPage\",\"@id\":\"https:\\\/\\\/www.klaunika.eu\\\/?page_id=5827\",\"url\":\"https:\\\/\\\/www.klaunika.eu\\\/?page_id=5827\",\"name\":\"P\u00c9\u0164A A VLK - DIVADLO KLAUNIKY BRNO\",\"isPartOf\":{\"@id\":\"https:\\\/\\\/www.klaunika.eu\\\/#website\"},\"datePublished\":\"2026-01-12T13:01:59+00:00\",\"dateModified\":\"2026-03-29T09:54:35+00:00\",\"breadcrumb\":{\"@id\":\"https:\\\/\\\/www.klaunika.eu\\\/?page_id=5827#breadcrumb\"},\"inLanguage\":\"cs\",\"potentialAction\":[{\"@type\":\"ReadAction\",\"target\":[\"https:\\\/\\\/www.klaunika.eu\\\/?page_id=5827\"]}]},{\"@type\":\"BreadcrumbList\",\"@id\":\"https:\\\/\\\/www.klaunika.eu\\\/?page_id=5827#breadcrumb\",\"itemListElement\":[{\"@type\":\"ListItem\",\"position\":1,\"name\":\"Dom\u016f\",\"item\":\"https:\\\/\\\/www.klaunika.eu\\\/\"},{\"@type\":\"ListItem\",\"position\":2,\"name\":\"P\u00c9\u0164A A VLK\"}]},{\"@type\":\"WebSite\",\"@id\":\"https:\\\/\\\/www.klaunika.eu\\\/#website\",\"url\":\"https:\\\/\\\/www.klaunika.eu\\\/\",\"name\":\"DIVADLO KLAUNIKY BRNO\",\"description\":\"SOUKROM\u00c1 SC\u00c9NA HUMORU\",\"publisher\":{\"@id\":\"https:\\\/\\\/www.klaunika.eu\\\/#organization\"},\"potentialAction\":[{\"@type\":\"SearchAction\",\"target\":{\"@type\":\"EntryPoint\",\"urlTemplate\":\"https:\\\/\\\/www.klaunika.eu\\\/?s={search_term_string}\"},\"query-input\":{\"@type\":\"PropertyValueSpecification\",\"valueRequired\":true,\"valueName\":\"search_term_string\"}}],\"inLanguage\":\"cs\"},{\"@type\":\"Organization\",\"@id\":\"https:\\\/\\\/www.klaunika.eu\\\/#organization\",\"name\":\"DIVADLO KLAUNIKY BRNO\",\"url\":\"https:\\\/\\\/www.klaunika.eu\\\/\",\"logo\":{\"@type\":\"ImageObject\",\"inLanguage\":\"cs\",\"@id\":\"https:\\\/\\\/www.klaunika.eu\\\/#\\\/schema\\\/logo\\\/image\\\/\",\"url\":\"https:\\\/\\\/www.klaunika.eu\\\/wp-content\\\/uploads\\\/2021\\\/11\\\/cropped-cropped-PSX_20211123_210259.jpg\",\"contentUrl\":\"https:\\\/\\\/www.klaunika.eu\\\/wp-content\\\/uploads\\\/2021\\\/11\\\/cropped-cropped-PSX_20211123_210259.jpg\",\"width\":248,\"height\":248,\"caption\":\"DIVADLO KLAUNIKY BRNO\"},\"image\":{\"@id\":\"https:\\\/\\\/www.klaunika.eu\\\/#\\\/schema\\\/logo\\\/image\\\/\"}}]}<\/script>\n<!-- \/ Yoast SEO plugin. -->","yoast_head_json":{"title":"P\u00c9\u0164A A VLK - DIVADLO KLAUNIKY BRNO","robots":{"index":"index","follow":"follow","max-snippet":"max-snippet:-1","max-image-preview":"max-image-preview:large","max-video-preview":"max-video-preview:-1"},"canonical":"https:\/\/www.klaunika.eu\/?page_id=5827","og_locale":"cs_CZ","og_type":"article","og_title":"P\u00c9\u0164A A VLK - DIVADLO KLAUNIKY BRNO","og_description":"&nbsp; &nbsp; &nbsp;Hraje:&nbsp; Zuzana Anna R\u00fat (v integra\u010dn\u00ed verzi tak\u00e9: Nikola Jur\u00ed\u010dkov\u00e1 a Marek \u0160n\u00e9dar) &nbsp; &nbsp; &nbsp;Re\u017eie: Zden\u011bk Maz\u00e1\u010d &nbsp; &nbsp; &nbsp;V\u00fdprava: Berta K. Skal\u00edkov\u00e1 &nbsp; &nbsp; &nbsp;Hudba: Sergej Prokofjev P\u0159\u00edb\u011bh o P\u00e9\u0165ovi a vlkovi&nbsp; je p\u0159\u00edb\u011bh jin\u00fd ne\u017e ostatn\u00ed. Je zaps\u00e1n v knize jin\u00e9 ne\u017e ostatn\u00ed, v knize pln\u00e9 notov\u00fdch osnov, not a [&hellip;]","og_url":"https:\/\/www.klaunika.eu\/?page_id=5827","og_site_name":"DIVADLO KLAUNIKY BRNO","article_modified_time":"2026-03-29T09:54:35+00:00","twitter_card":"summary_large_image","twitter_misc":{"Odhadovan\u00e1 doba \u010dten\u00ed":"2 minuty"},"schema":{"@context":"https:\/\/schema.org","@graph":[{"@type":"WebPage","@id":"https:\/\/www.klaunika.eu\/?page_id=5827","url":"https:\/\/www.klaunika.eu\/?page_id=5827","name":"P\u00c9\u0164A A VLK - DIVADLO KLAUNIKY BRNO","isPartOf":{"@id":"https:\/\/www.klaunika.eu\/#website"},"datePublished":"2026-01-12T13:01:59+00:00","dateModified":"2026-03-29T09:54:35+00:00","breadcrumb":{"@id":"https:\/\/www.klaunika.eu\/?page_id=5827#breadcrumb"},"inLanguage":"cs","potentialAction":[{"@type":"ReadAction","target":["https:\/\/www.klaunika.eu\/?page_id=5827"]}]},{"@type":"BreadcrumbList","@id":"https:\/\/www.klaunika.eu\/?page_id=5827#breadcrumb","itemListElement":[{"@type":"ListItem","position":1,"name":"Dom\u016f","item":"https:\/\/www.klaunika.eu\/"},{"@type":"ListItem","position":2,"name":"P\u00c9\u0164A A VLK"}]},{"@type":"WebSite","@id":"https:\/\/www.klaunika.eu\/#website","url":"https:\/\/www.klaunika.eu\/","name":"DIVADLO KLAUNIKY BRNO","description":"SOUKROM\u00c1 SC\u00c9NA HUMORU","publisher":{"@id":"https:\/\/www.klaunika.eu\/#organization"},"potentialAction":[{"@type":"SearchAction","target":{"@type":"EntryPoint","urlTemplate":"https:\/\/www.klaunika.eu\/?s={search_term_string}"},"query-input":{"@type":"PropertyValueSpecification","valueRequired":true,"valueName":"search_term_string"}}],"inLanguage":"cs"},{"@type":"Organization","@id":"https:\/\/www.klaunika.eu\/#organization","name":"DIVADLO KLAUNIKY BRNO","url":"https:\/\/www.klaunika.eu\/","logo":{"@type":"ImageObject","inLanguage":"cs","@id":"https:\/\/www.klaunika.eu\/#\/schema\/logo\/image\/","url":"https:\/\/www.klaunika.eu\/wp-content\/uploads\/2021\/11\/cropped-cropped-PSX_20211123_210259.jpg","contentUrl":"https:\/\/www.klaunika.eu\/wp-content\/uploads\/2021\/11\/cropped-cropped-PSX_20211123_210259.jpg","width":248,"height":248,"caption":"DIVADLO KLAUNIKY BRNO"},"image":{"@id":"https:\/\/www.klaunika.eu\/#\/schema\/logo\/image\/"}}]}},"_links":{"self":[{"href":"https:\/\/www.klaunika.eu\/index.php?rest_route=\/wp\/v2\/pages\/5827","targetHints":{"allow":["GET"]}}],"collection":[{"href":"https:\/\/www.klaunika.eu\/index.php?rest_route=\/wp\/v2\/pages"}],"about":[{"href":"https:\/\/www.klaunika.eu\/index.php?rest_route=\/wp\/v2\/types\/page"}],"author":[{"embeddable":true,"href":"https:\/\/www.klaunika.eu\/index.php?rest_route=\/wp\/v2\/users\/1"}],"replies":[{"embeddable":true,"href":"https:\/\/www.klaunika.eu\/index.php?rest_route=%2Fwp%2Fv2%2Fcomments&post=5827"}],"version-history":[{"count":10,"href":"https:\/\/www.klaunika.eu\/index.php?rest_route=\/wp\/v2\/pages\/5827\/revisions"}],"predecessor-version":[{"id":5972,"href":"https:\/\/www.klaunika.eu\/index.php?rest_route=\/wp\/v2\/pages\/5827\/revisions\/5972"}],"wp:attachment":[{"href":"https:\/\/www.klaunika.eu\/index.php?rest_route=%2Fwp%2Fv2%2Fmedia&parent=5827"}],"curies":[{"name":"wp","href":"https:\/\/api.w.org\/{rel}","templated":true}]}}