{"id":5753,"date":"2026-01-11T20:42:58","date_gmt":"2026-01-11T19:42:58","guid":{"rendered":"https:\/\/www.klaunika.eu\/?page_id=5753"},"modified":"2026-03-18T20:16:15","modified_gmt":"2026-03-18T19:16:15","slug":"kmotra-liska-z-myslivny","status":"publish","type":"page","link":"https:\/\/www.klaunika.eu\/?page_id=5753","title":{"rendered":"KMOTRA  LI\u0160KA  Z  MYSLIVNY"},"content":{"rendered":"\t\t<div data-elementor-type=\"wp-page\" data-elementor-id=\"5753\" class=\"elementor elementor-5753\">\n\t\t\t\t\t\t<section class=\"elementor-section elementor-top-section elementor-element elementor-element-4e3922b elementor-section-boxed elementor-section-height-default elementor-section-height-default\" data-id=\"4e3922b\" data-element_type=\"section\" data-e-type=\"section\">\n\t\t\t\t\t\t<div class=\"elementor-container elementor-column-gap-default\">\n\t\t\t\t\t<div class=\"elementor-column elementor-col-100 elementor-top-column elementor-element elementor-element-8769e50\" data-id=\"8769e50\" data-element_type=\"column\" data-e-type=\"column\">\n\t\t\t<div class=\"elementor-widget-wrap elementor-element-populated\">\n\t\t\t\t\t\t<div class=\"elementor-element elementor-element-56b275c elementor-widget elementor-widget-text-editor\" data-id=\"56b275c\" data-element_type=\"widget\" data-e-type=\"widget\" data-widget_type=\"text-editor.default\">\n\t\t\t\t<div class=\"elementor-widget-container\">\n\t\t\t\t\t\t\t\t\t<ul><li>Hraje: ZUZANA ANNA R\u00daT\u00a0<br \/>a herci s ment\u00e1ln\u00edm handicapem: Kate\u0159ina Proke\u0161ov\u00e1 a Marek \u0160n\u00e9dar<\/li><li>Re\u017eie: Zden\u011bk Maz\u00e1\u010d<\/li><li>V\u00fdtvarn\u00e9 zpracov\u00e1n\u00ed: Berta K. Skal\u00edkov\u00e1<\/li><\/ul><p>Poh\u00e1dkov\u00e1 divadeln\u00ed\u00a0 inscenace\u00a0 pracuje s hudbou <b>Leo\u0161e Jan\u00e1\u010dka <\/b>a nech\u00e1v\u00e1 se inspirovat jeho operou <b>P\u0159\u00edhody li\u0161ky <\/b><b>Bystrou\u0161ky<\/b>.\u00a0<\/p><p>Svou hudebnost\u00ed, hravost\u00ed a interaktivn\u00edmi prvky zaujme zdaleka nejen d\u011btsk\u00e9ho div\u00e1ka. Ve sv\u00e9 integra\u010dn\u00ed verzi, kdy jsou do inscenace za\u0159azen\u00ed herci s ment\u00e1ln\u00edm handicapem, dost\u00e1v\u00e1 divadeln\u00ed inscenace dal\u0161\u00ed nov\u00fd rozm\u011br a je obohacuje sv\u00e9 div\u00e1ky nejen ve smyslu kulturn\u00edm, ale v tom bytostn\u011b lidsk\u00e9m. Takto m\u00e1 potenci\u00e1l naj\u00edt sv\u00e9ho div\u00e1ka nap\u0159\u00ed\u010d v\u0161emi generacemi.<\/p>\t\t\t\t\t\t\t\t<\/div>\n\t\t\t\t<\/div>\n\t\t\t\t\t<\/div>\n\t\t<\/div>\n\t\t\t\t\t<\/div>\n\t\t<\/section>\n\t\t\t\t<section class=\"elementor-section elementor-top-section elementor-element elementor-element-6517ff6 elementor-section-boxed elementor-section-height-default elementor-section-height-default\" data-id=\"6517ff6\" data-element_type=\"section\" data-e-type=\"section\">\n\t\t\t\t\t\t<div class=\"elementor-container elementor-column-gap-default\">\n\t\t\t\t\t<div class=\"elementor-column elementor-col-100 elementor-top-column elementor-element elementor-element-228c897\" data-id=\"228c897\" data-element_type=\"column\" data-e-type=\"column\">\n\t\t\t<div class=\"elementor-widget-wrap elementor-element-populated\">\n\t\t\t\t\t\t<div class=\"elementor-element elementor-element-b3a7fa4 elementor-widget elementor-widget-text-editor\" data-id=\"b3a7fa4\" data-element_type=\"widget\" data-e-type=\"widget\" data-widget_type=\"text-editor.default\">\n\t\t\t\t<div class=\"elementor-widget-container\">\n\t\t\t\t\t\t\t\t\t<p><span style=\"letter-spacing: -0.2px;\">\u2713\u00a0<\/span>Inscenace p\u0159iv\u00e1d\u00ed na sc\u00e9nu <b>chytrou kmotru li\u0161ku<\/b>, <b>\u00a0<\/b>kter\u00e1 je lstiv\u00e1 i sympaticky mil\u00e1, vychytral\u00e1 i naivn\u00ed, \u0161kodolib\u00e1 i soucitn\u00e1, komick\u00e1 i tragick\u00e1 sou\u010dasn\u011b.<\/p><p><span style=\"letter-spacing: -0.2px;\">\u2713\u00a0<\/span>Tematicky inscenace vych\u00e1z\u00ed ze zn\u00e1m\u00fdch i m\u00e9n\u011b zn\u00e1m\u00fdch poh\u00e1dkov\u00fdch p\u0159\u00edb\u011bh\u016f o li\u0161ce (O\u00a0 Kobl\u00ed\u017ekovi,\u00a0 Jak\u00a0 li\u0161ka\u00a0 p\u0159elstila ryb\u00e1\u0159e,\u00a0 Li\u0161ka\u00a0 a\u00a0 vlk,\u00a0\u00a0\u00a0 O Budul\u00ednkovi).<\/p><p><span style=\"letter-spacing: -0.2px;\">\u2713\u00a0<\/span>V hudebn\u00ed rovin\u011b\u00a0 i\u00a0 v\u00a0 hereck\u00e9 stylizaci\u00a0 vych\u00e1z\u00ed\u00a0 inscenace z Jan\u00e1\u010dkovy opery <b>P\u0159\u00edb\u011bhy li\u0161ky Bystrou\u0161ky<\/b>, kter\u00e1 tu a tam inscenac\u00ed probleskuje.<\/p><p><span style=\"letter-spacing: -0.2px;\">\u2713<\/span>Inscenace kombinuje postupy <b>\u010dinohern\u00ed, loutkov\u00e9 a alternativn\u00ed divadeln\u00ed tvorby<\/b>. Pracuje s rytmem a je protk\u00e1na hudebn\u00edmi vstupy. Jedn\u00edm ze z\u00e1kladn\u00edch inscena\u010dn\u00edch princip\u016f je <b>hrav\u00e1 improvizace<\/b>, kter\u00e1 d\u00e1v\u00e1 prostor pro reakci div\u00e1k\u016f a nen\u00e1siln\u00fdm zp\u016fsobem je tak <b>vtahuje do d\u011bje.<\/b><\/p><p><span style=\"letter-spacing: -0.2px;\">\u2713\u00a0<\/span>Ve sv\u00e9 integra\u010dn\u00ed verzi d\u00e1v\u00e1 inscenace <b>prostor herc\u016fm s ment\u00e1ln\u00edm handicapem<\/b>. Integra\u010dn\u00ed princip je zde dvoj\u00ed: na\u0161i herci mohou b\u00fdt ocen\u011bni za sv\u016fj v\u00fdkon potleskem publika a mohou se tak plnohodnotn\u011b za\u0159adit do spole\u010dnosti. Obrovsk\u00fd p\u0159\u00ednos je tu v\u0161ak rovn\u011b\u017e pro div\u00e1ka, kter\u00fd m\u00e1 mo\u017enost spont\u00e1nn\u00edho setk\u00e1n\u00ed s lidmi s handicapem, kte\u0159\u00ed jsou ve sv\u00fdch rol\u00edch zaj\u00edmav\u00ed, v\u00fdkonn\u00ed, velmi vtipn\u00ed a sou\u010dasn\u011b jsou rovnocenn\u00fdmi partnery na sc\u00e9n\u011b. Inscenace tak napom\u00e1h\u00e1 oboustrann\u00e9mu <b>odbour\u00e1v\u00e1n\u00ed bari\u00e9r a p\u0159edsudk\u016f<\/b>.<\/p><p><i>Inscenace vznikla za podpory Kulturn\u00edho fondu Statut\u00e1rn\u00edho m\u011bsta Zl\u00edna a\u00a0za podpory Ministerstva kultury \u010cR.\u00a0<\/i><\/p>\t\t\t\t\t\t\t\t<\/div>\n\t\t\t\t<\/div>\n\t\t\t\t\t<\/div>\n\t\t<\/div>\n\t\t\t\t\t<\/div>\n\t\t<\/section>\n\t\t\t\t<\/div>\n\t\t","protected":false},"excerpt":{"rendered":"<p>Hraje: ZUZANA ANNA R\u00daT\u00a0a herci s ment\u00e1ln\u00edm handicapem: Kate\u0159ina Proke\u0161ov\u00e1 a Marek \u0160n\u00e9dar Re\u017eie: Zden\u011bk Maz\u00e1\u010d V\u00fdtvarn\u00e9 zpracov\u00e1n\u00ed: Berta K. Skal\u00edkov\u00e1 Poh\u00e1dkov\u00e1 divadeln\u00ed\u00a0 inscenace\u00a0 pracuje s hudbou Leo\u0161e Jan\u00e1\u010dka a nech\u00e1v\u00e1 se inspirovat jeho operou P\u0159\u00edhody li\u0161ky Bystrou\u0161ky.\u00a0 Svou hudebnost\u00ed, hravost\u00ed a interaktivn\u00edmi prvky zaujme zdaleka nejen d\u011btsk\u00e9ho div\u00e1ka. Ve sv\u00e9 integra\u010dn\u00ed verzi, kdy jsou [&hellip;]<\/p>\n","protected":false},"author":1,"featured_media":0,"parent":0,"menu_order":0,"comment_status":"closed","ping_status":"closed","template":"","meta":{"footnotes":""},"class_list":["post-5753","page","type-page","status-publish","hentry"],"yoast_head":"<!-- This site is optimized with the Yoast SEO plugin v27.5 - https:\/\/yoast.com\/product\/yoast-seo-wordpress\/ -->\n<title>KMOTRA LI\u0160KA Z MYSLIVNY - DIVADLO KLAUNIKY BRNO<\/title>\n<meta name=\"description\" content=\"Integra\u010dn\u00ed divadeln\u00ed p\u0159edstaven\u00ed pro d\u011bti, kde krom\u011b Zuzany Anny R\u00fat \u00fa\u010dinkuj\u00ed tak\u00e9 herci s handicapem.\" \/>\n<meta name=\"robots\" content=\"index, follow, max-snippet:-1, max-image-preview:large, max-video-preview:-1\" \/>\n<link rel=\"canonical\" href=\"https:\/\/www.klaunika.eu\/?page_id=5753\" \/>\n<meta property=\"og:locale\" content=\"cs_CZ\" \/>\n<meta property=\"og:type\" content=\"article\" \/>\n<meta property=\"og:title\" content=\"KMOTRA LI\u0160KA Z MYSLIVNY - DIVADLO KLAUNIKY BRNO\" \/>\n<meta property=\"og:description\" content=\"Integra\u010dn\u00ed divadeln\u00ed p\u0159edstaven\u00ed pro d\u011bti, kde krom\u011b Zuzany Anny R\u00fat \u00fa\u010dinkuj\u00ed tak\u00e9 herci s handicapem.\" \/>\n<meta property=\"og:url\" content=\"https:\/\/www.klaunika.eu\/?page_id=5753\" \/>\n<meta property=\"og:site_name\" content=\"DIVADLO KLAUNIKY BRNO\" \/>\n<meta property=\"article:modified_time\" content=\"2026-03-18T19:16:15+00:00\" \/>\n<meta name=\"twitter:card\" content=\"summary_large_image\" \/>\n<meta name=\"twitter:label1\" content=\"Odhadovan\u00e1 doba \u010dten\u00ed\" \/>\n\t<meta name=\"twitter:data1\" content=\"2 minuty\" \/>\n<script type=\"application\/ld+json\" class=\"yoast-schema-graph\">{\"@context\":\"https:\\\/\\\/schema.org\",\"@graph\":[{\"@type\":\"WebPage\",\"@id\":\"https:\\\/\\\/www.klaunika.eu\\\/?page_id=5753\",\"url\":\"https:\\\/\\\/www.klaunika.eu\\\/?page_id=5753\",\"name\":\"KMOTRA LI\u0160KA Z MYSLIVNY - DIVADLO KLAUNIKY BRNO\",\"isPartOf\":{\"@id\":\"https:\\\/\\\/www.klaunika.eu\\\/#website\"},\"datePublished\":\"2026-01-11T19:42:58+00:00\",\"dateModified\":\"2026-03-18T19:16:15+00:00\",\"description\":\"Integra\u010dn\u00ed divadeln\u00ed p\u0159edstaven\u00ed pro d\u011bti, kde krom\u011b Zuzany Anny R\u00fat \u00fa\u010dinkuj\u00ed tak\u00e9 herci s handicapem.\",\"breadcrumb\":{\"@id\":\"https:\\\/\\\/www.klaunika.eu\\\/?page_id=5753#breadcrumb\"},\"inLanguage\":\"cs\",\"potentialAction\":[{\"@type\":\"ReadAction\",\"target\":[\"https:\\\/\\\/www.klaunika.eu\\\/?page_id=5753\"]}]},{\"@type\":\"BreadcrumbList\",\"@id\":\"https:\\\/\\\/www.klaunika.eu\\\/?page_id=5753#breadcrumb\",\"itemListElement\":[{\"@type\":\"ListItem\",\"position\":1,\"name\":\"Dom\u016f\",\"item\":\"https:\\\/\\\/www.klaunika.eu\\\/\"},{\"@type\":\"ListItem\",\"position\":2,\"name\":\"KMOTRA LI\u0160KA Z MYSLIVNY\"}]},{\"@type\":\"WebSite\",\"@id\":\"https:\\\/\\\/www.klaunika.eu\\\/#website\",\"url\":\"https:\\\/\\\/www.klaunika.eu\\\/\",\"name\":\"DIVADLO KLAUNIKY BRNO\",\"description\":\"SOUKROM\u00c1 SC\u00c9NA HUMORU\",\"publisher\":{\"@id\":\"https:\\\/\\\/www.klaunika.eu\\\/#organization\"},\"potentialAction\":[{\"@type\":\"SearchAction\",\"target\":{\"@type\":\"EntryPoint\",\"urlTemplate\":\"https:\\\/\\\/www.klaunika.eu\\\/?s={search_term_string}\"},\"query-input\":{\"@type\":\"PropertyValueSpecification\",\"valueRequired\":true,\"valueName\":\"search_term_string\"}}],\"inLanguage\":\"cs\"},{\"@type\":\"Organization\",\"@id\":\"https:\\\/\\\/www.klaunika.eu\\\/#organization\",\"name\":\"DIVADLO KLAUNIKY BRNO\",\"url\":\"https:\\\/\\\/www.klaunika.eu\\\/\",\"logo\":{\"@type\":\"ImageObject\",\"inLanguage\":\"cs\",\"@id\":\"https:\\\/\\\/www.klaunika.eu\\\/#\\\/schema\\\/logo\\\/image\\\/\",\"url\":\"https:\\\/\\\/www.klaunika.eu\\\/wp-content\\\/uploads\\\/2021\\\/11\\\/cropped-cropped-PSX_20211123_210259.jpg\",\"contentUrl\":\"https:\\\/\\\/www.klaunika.eu\\\/wp-content\\\/uploads\\\/2021\\\/11\\\/cropped-cropped-PSX_20211123_210259.jpg\",\"width\":248,\"height\":248,\"caption\":\"DIVADLO KLAUNIKY BRNO\"},\"image\":{\"@id\":\"https:\\\/\\\/www.klaunika.eu\\\/#\\\/schema\\\/logo\\\/image\\\/\"}}]}<\/script>\n<!-- \/ Yoast SEO plugin. -->","yoast_head_json":{"title":"KMOTRA LI\u0160KA Z MYSLIVNY - DIVADLO KLAUNIKY BRNO","description":"Integra\u010dn\u00ed divadeln\u00ed p\u0159edstaven\u00ed pro d\u011bti, kde krom\u011b Zuzany Anny R\u00fat \u00fa\u010dinkuj\u00ed tak\u00e9 herci s handicapem.","robots":{"index":"index","follow":"follow","max-snippet":"max-snippet:-1","max-image-preview":"max-image-preview:large","max-video-preview":"max-video-preview:-1"},"canonical":"https:\/\/www.klaunika.eu\/?page_id=5753","og_locale":"cs_CZ","og_type":"article","og_title":"KMOTRA LI\u0160KA Z MYSLIVNY - DIVADLO KLAUNIKY BRNO","og_description":"Integra\u010dn\u00ed divadeln\u00ed p\u0159edstaven\u00ed pro d\u011bti, kde krom\u011b Zuzany Anny R\u00fat \u00fa\u010dinkuj\u00ed tak\u00e9 herci s handicapem.","og_url":"https:\/\/www.klaunika.eu\/?page_id=5753","og_site_name":"DIVADLO KLAUNIKY BRNO","article_modified_time":"2026-03-18T19:16:15+00:00","twitter_card":"summary_large_image","twitter_misc":{"Odhadovan\u00e1 doba \u010dten\u00ed":"2 minuty"},"schema":{"@context":"https:\/\/schema.org","@graph":[{"@type":"WebPage","@id":"https:\/\/www.klaunika.eu\/?page_id=5753","url":"https:\/\/www.klaunika.eu\/?page_id=5753","name":"KMOTRA LI\u0160KA Z MYSLIVNY - DIVADLO KLAUNIKY BRNO","isPartOf":{"@id":"https:\/\/www.klaunika.eu\/#website"},"datePublished":"2026-01-11T19:42:58+00:00","dateModified":"2026-03-18T19:16:15+00:00","description":"Integra\u010dn\u00ed divadeln\u00ed p\u0159edstaven\u00ed pro d\u011bti, kde krom\u011b Zuzany Anny R\u00fat \u00fa\u010dinkuj\u00ed tak\u00e9 herci s handicapem.","breadcrumb":{"@id":"https:\/\/www.klaunika.eu\/?page_id=5753#breadcrumb"},"inLanguage":"cs","potentialAction":[{"@type":"ReadAction","target":["https:\/\/www.klaunika.eu\/?page_id=5753"]}]},{"@type":"BreadcrumbList","@id":"https:\/\/www.klaunika.eu\/?page_id=5753#breadcrumb","itemListElement":[{"@type":"ListItem","position":1,"name":"Dom\u016f","item":"https:\/\/www.klaunika.eu\/"},{"@type":"ListItem","position":2,"name":"KMOTRA LI\u0160KA Z MYSLIVNY"}]},{"@type":"WebSite","@id":"https:\/\/www.klaunika.eu\/#website","url":"https:\/\/www.klaunika.eu\/","name":"DIVADLO KLAUNIKY BRNO","description":"SOUKROM\u00c1 SC\u00c9NA HUMORU","publisher":{"@id":"https:\/\/www.klaunika.eu\/#organization"},"potentialAction":[{"@type":"SearchAction","target":{"@type":"EntryPoint","urlTemplate":"https:\/\/www.klaunika.eu\/?s={search_term_string}"},"query-input":{"@type":"PropertyValueSpecification","valueRequired":true,"valueName":"search_term_string"}}],"inLanguage":"cs"},{"@type":"Organization","@id":"https:\/\/www.klaunika.eu\/#organization","name":"DIVADLO KLAUNIKY BRNO","url":"https:\/\/www.klaunika.eu\/","logo":{"@type":"ImageObject","inLanguage":"cs","@id":"https:\/\/www.klaunika.eu\/#\/schema\/logo\/image\/","url":"https:\/\/www.klaunika.eu\/wp-content\/uploads\/2021\/11\/cropped-cropped-PSX_20211123_210259.jpg","contentUrl":"https:\/\/www.klaunika.eu\/wp-content\/uploads\/2021\/11\/cropped-cropped-PSX_20211123_210259.jpg","width":248,"height":248,"caption":"DIVADLO KLAUNIKY BRNO"},"image":{"@id":"https:\/\/www.klaunika.eu\/#\/schema\/logo\/image\/"}}]}},"_links":{"self":[{"href":"https:\/\/www.klaunika.eu\/index.php?rest_route=\/wp\/v2\/pages\/5753","targetHints":{"allow":["GET"]}}],"collection":[{"href":"https:\/\/www.klaunika.eu\/index.php?rest_route=\/wp\/v2\/pages"}],"about":[{"href":"https:\/\/www.klaunika.eu\/index.php?rest_route=\/wp\/v2\/types\/page"}],"author":[{"embeddable":true,"href":"https:\/\/www.klaunika.eu\/index.php?rest_route=\/wp\/v2\/users\/1"}],"replies":[{"embeddable":true,"href":"https:\/\/www.klaunika.eu\/index.php?rest_route=%2Fwp%2Fv2%2Fcomments&post=5753"}],"version-history":[{"count":10,"href":"https:\/\/www.klaunika.eu\/index.php?rest_route=\/wp\/v2\/pages\/5753\/revisions"}],"predecessor-version":[{"id":5815,"href":"https:\/\/www.klaunika.eu\/index.php?rest_route=\/wp\/v2\/pages\/5753\/revisions\/5815"}],"wp:attachment":[{"href":"https:\/\/www.klaunika.eu\/index.php?rest_route=%2Fwp%2Fv2%2Fmedia&parent=5753"}],"curies":[{"name":"wp","href":"https:\/\/api.w.org\/{rel}","templated":true}]}}