{"id":202,"date":"2015-06-06T12:03:57","date_gmt":"2015-06-06T10:03:57","guid":{"rendered":"http:\/\/www.klaunika.eu\/?page_id=202"},"modified":"2026-01-13T11:42:38","modified_gmt":"2026-01-13T10:42:38","slug":"festivaly","status":"publish","type":"page","link":"https:\/\/www.klaunika.eu\/?page_id=202","title":{"rendered":"FESTIVALY"},"content":{"rendered":"\t\t<div data-elementor-type=\"wp-page\" data-elementor-id=\"202\" class=\"elementor elementor-202\">\n\t\t\t\t\t\t<section class=\"elementor-section elementor-top-section elementor-element elementor-element-5733c046 elementor-section-boxed elementor-section-height-default elementor-section-height-default\" data-id=\"5733c046\" data-element_type=\"section\" data-e-type=\"section\">\n\t\t\t\t\t\t<div class=\"elementor-container elementor-column-gap-default\">\n\t\t\t\t\t<div class=\"elementor-column elementor-col-100 elementor-top-column elementor-element elementor-element-2be52b\" data-id=\"2be52b\" data-element_type=\"column\" data-e-type=\"column\">\n\t\t\t<div class=\"elementor-widget-wrap elementor-element-populated\">\n\t\t\t\t\t\t<div class=\"elementor-element elementor-element-58dea432 elementor-widget elementor-widget-text-editor\" data-id=\"58dea432\" data-element_type=\"widget\" data-e-type=\"widget\" data-widget_type=\"text-editor.default\">\n\t\t\t\t<div class=\"elementor-widget-container\">\n\t\t\t\t\t\t\t\t\t<p style=\"font-size: 19px; padding-left: 40px; text-align: center;\"><a href=\"https:\/\/www.klaunika.eu\/?page_id=1280\" data-type=\"URL\" data-id=\"https:\/\/www.klaunika.eu\/?page_id=1280\">INTEGRA\u010cN\u00cd FESTIVAL QUIJOTOVA \u0160EDES\u00c1TKA<\/a><\/p>\n<ul style=\"font-size: 19px; text-align: left;\">\n<li><a href=\"https:\/\/www.klaunika.eu\/?page_id=1334\" data-type=\"URL\" data-id=\"https:\/\/www.klaunika.eu\/?page_id=1334\">archiv ro\u010dn\u00edk\u016f (2013\u20132025)<\/a><\/li>\n<\/ul>\n<div>&nbsp;<\/div>\n<p style=\"text-align: justify;\"><span style=\"text-decoration: underline;\"><strong> 1990 &#8211; KOMEDIE NA Z\u00c1MKU<\/strong><\/span><\/p>\n<p style=\"text-align: justify;\">Od devades\u00e1t\u00fdch let Divadlo Klauniky, obvykle pod organiza\u010dn\u00ed z\u00e1\u0161titou <a href=\"http:\/\/divadelni-spolek-brno.webnode.cz\/\">Divadeln\u00edho spolku Brno<\/a>, pravideln\u011b po\u0159\u00e1d\u00e1 divadeln\u00ed (a nejen divadeln\u00ed) festivaly. Ji\u017e v prvn\u00ed divadeln\u00ed sezon\u011b 1990\/91, kdy se Divadlo Klauniky us\u00eddlilo Na<span style=\"text-decoration: underline;\"><strong><a href=\"https:\/\/www.klaunika.eu\/wp-content\/uploads\/2015\/06\/slavek.jpg\"><img fetchpriority=\"high\" decoding=\"async\" class=\"size-medium wp-image-615 alignright\" src=\"https:\/\/www.klaunika.eu\/wp-content\/uploads\/2015\/06\/slavek-300x228.jpg\" alt=\"slavek\" width=\"300\" height=\"228\" srcset=\"https:\/\/www.klaunika.eu\/wp-content\/uploads\/2015\/06\/slavek-300x228.jpg 300w, https:\/\/www.klaunika.eu\/wp-content\/uploads\/2015\/06\/slavek.jpg 800w\" sizes=\"(max-width: 300px) 100vw, 300px\" \/><\/a><\/strong><\/span> Z\u00e1me\u010dku v Kr\u00e1lov\u011b poli, se posledn\u00ed prosincov\u00fd t\u00fdden konal <strong>V\u00e1no\u010dn\u00ed divadeln\u00ed&nbsp; a folkov\u00fd festival <em>Komedie na z\u00e1mku. <\/em><\/strong>Festival 27. 12. 1990 zahajovalo p\u0159edstaven\u00ed <em>Don Quijote de la Mancha. <\/em>D\u00e1le vystoupili tito p\u00edsni\u010dk\u00e1\u0159i: <strong>Jan Burian, Ji\u0159\u00ed Schmitzer, Vlasta Redl, Sl\u00e1vek Janou\u0161ek&nbsp; &nbsp; &nbsp; &nbsp; &nbsp; &nbsp; &nbsp; &nbsp; a Bokomara. <\/strong>Na z\u00e1v\u011br festivalu se p\u0159edstavil folkkabaret <strong>Br\u0148avka. <\/strong>D\u00e1le se objevily &#8222;divadla jednoho herce&#8220;: Petr Van\u011bk a <em>Oh\u0148ov\u00fd ve\u010der, <\/em>Miroslav \u010c\u00e1stek a <em>Jezev\u010d\u00edk&nbsp; &nbsp;u Rybn\u00edka<\/em>, <em>MIMo album. <\/em>Divadeln\u011b festival ukon\u010dovala groteska <em>Revizorky <\/em>Divadla Mal\u00e9Hry v re\u017eii Petra Shcherhaufera a klaunick\u00fd v\u00fdtvarn\u00fd happening nazvan\u00fd pokus o prvn\u00ed \u010desk\u00e9 erotodrama <em>Gruppenstisk. <\/em>Toto p\u0159edstaven\u00ed zahajovalo rok 1991, nebo\u0165 jako po\u0159ad je sice naps\u00e1no v programu na datum 31. prosince, ov\u0161em jeho za\u010d\u00e1tek je a\u017e po p\u016flnoci 00:05.<\/p>\n<p style=\"text-align: justify;\">\n<\/p><p style=\"text-align: justify;\"><span style=\"text-decoration: underline;\"><strong>1991 &#8211; I. PLES KLAUN\u016e<\/strong><\/span><\/p>\n<p style=\"text-align: justify;\"><span style=\"text-decoration: underline;\"><strong><a href=\"https:\/\/www.klaunika.eu\/wp-content\/uploads\/2015\/06\/Peca.jpg\"><img decoding=\"async\" class=\"size-medium wp-image-614 aligncenter\" src=\"https:\/\/www.klaunika.eu\/wp-content\/uploads\/2015\/06\/Peca-300x225.jpg\" alt=\"Peca\" width=\"300\" height=\"225\" srcset=\"https:\/\/www.klaunika.eu\/wp-content\/uploads\/2015\/06\/Peca-300x225.jpg 300w, https:\/\/www.klaunika.eu\/wp-content\/uploads\/2015\/06\/Peca.jpg 600w\" sizes=\"(max-width: 300px) 100vw, 300px\" \/><\/a><\/strong><\/span>30. 3. 1991 uspo\u0159\u00e1dalo Divadlo Klauniky op\u011bt pod z\u00e1\u0161titou Divadeln\u00edho spolku&nbsp;<em>I. ples klaun\u016f.&nbsp;<\/em>Ples se konal op\u011bt&nbsp; v prostor\u00e1ch Divadla Na Z\u00e1me\u010dku, kde Klaunika p\u016fsobila.&nbsp;<\/p>\n<p style=\"text-align: justify;\">V r\u00e1mci programu vystoupili:&nbsp;<strong>Ji\u0159\u00ed Pecha&nbsp;<\/strong><span style=\"font-size: inherit;\">s inscenac\u00ed&nbsp;<\/span><em style=\"text-align: justify;\">Nejsem sv\u016fj pes,&nbsp;<\/em><strong style=\"font-size: inherit;\">Franta Kocourek<\/strong><span style=\"font-size: inherit;\">,<\/span><strong style=\"font-size: inherit;\"> Libor Sigmund<\/strong><span style=\"font-size: inherit;\"> se sv\u00fdm divadlem \u0160pru\u0161le, <\/span><strong style=\"font-size: inherit;\">Petr Dopita<\/strong><span style=\"font-size: inherit;\"> zahr\u00e1l na pilu za doprovodu housl\u00ed <\/span><strong style=\"font-size: inherit;\">Ivana Sm\u00fdkala<\/strong><span style=\"font-size: inherit;\">. A nechyb\u011bl ani jazz <\/span><strong style=\"font-size: inherit;\">Milana Ka\u0161uby<\/strong><span style=\"font-size: inherit;\">. K tanci a poslechu hr\u00e1l KLAUN BAND.<\/span><\/p>\n<p style=\"text-align: justify;\">\n<\/p><p style=\"text-align: justify;\"><span style=\"text-decoration: underline;\"><strong>1991-1992 &#8211; NUDA V BRN\u011a<\/strong><\/span><\/p>\n<p style=\"text-align: justify;\">Festival po\u0159\u00e1d\u00e1n\u00fd v letn\u00edch m\u011bs\u00edc\u00edch, jednotliv\u00e9 \u010d\u00e1sti programu se odehr\u00e1valy na r\u016fzn\u00fdch m\u00edstech v Brn\u011b: <em>Nuda na p\u0159ehrad\u011b, Nuda na n\u00e1dvo\u0159\u00ed (Nov\u00e9 radnice), Nuda na zahrad\u011b (kapuc\u00ednsk\u00e9). <\/em>Mezi \u00fa\u010dinkuj\u00edc\u00edmi byla brn\u011bnsk\u00e1 divadla a folkov\u00ed zp\u011bv\u00e1ci.&nbsp; Z divadel: <strong>Divadlo Klauniky <\/strong>(krom\u011b tradi\u010dn\u00edho <em>Quijota <\/em>a&nbsp;<em>Gruppenstisku&nbsp;<\/em>odehr\u00e1la Klaunika hru&nbsp;<em>T\u00e1bor\u00e1ku p\u011bj: <\/em>hru o tom, jak se se\u0161la spousta p\u0159\u00e1tel a kamar\u00e1d\u016f okolo ohn\u011b, kde zaho\u0159ely archivy jejich vzpom\u00ednek), <strong>\u0160pru\u0161le<\/strong>, <strong>Nepoj\u00edzdn\u00e1 housenka<\/strong>, divadlo <strong>Pardon<\/strong> a <strong>Br\u0148afka<\/strong>. Z p\u00edsni\u010dk\u00e1\u0159\u016f zejm\u00e9na <strong>Bokomara<\/strong>, d\u00e1le <strong>Folk Team<\/strong>, ale tak\u00e9 finalist\u00e9 z Porty <strong>Nebotak<\/strong>. Koncert brn\u011bnsk\u00e9ho p\u00edsni\u010dk\u00e1\u0159e <strong>Sl\u00e1vka Janou\u0161ka<\/strong>, &#8222;kter\u00fd Nudu na p\u0159ehrad\u011b uzav\u00edral, proto\u017ee nudu p\u0159\u00edmo nesn\u00e1\u0161\u00ed!!&#8220; &#8211; jak st\u00e1lo na plak\u00e1tech festivalu.<\/p>\n<p style=\"text-align: justify;\">\n<\/p><p style=\"text-align: justify;\"><span style=\"text-decoration: underline;\"><strong>1992-2003 &#8211; LIPNICK\u00dd MANTL<\/strong><\/span><\/p>\n<p style=\"text-align: justify;\">Divadeln\u00ed a folkov\u00e9, pop\u0159. bigbeatov\u00e9 festivaly, kter\u00e9 vznikly spolu&nbsp; &nbsp; &nbsp; &nbsp; &nbsp; &nbsp; &nbsp; &nbsp; s otev\u0159en\u00edm Divadeln\u00edho domku v Lipnici nad S\u00e1zavou. Festivaly navazovaly na dlouholetou tradici <em>Festivalu Ha\u0161kova Lipnice<\/em>, v jeho\u017e podtitulu zn\u011blo <em>Festival humoru a satiry<\/em>. Co na tom, \u017ee tento festival vznikl v 50. letech, byl za\u0161ti\u0165ov\u00e1n Ministerstvem kultury \u010cSSR a sv\u00fdmi projevy jej zahajoval ministr Kopeck\u00fd? V 60. letech se jednalo o festival, kter\u00fd podporoval vznik mal\u00fdch divadeln\u00edch sc\u00e9n, mohli jste se tu potkat se Semaforem, Paravanem, Rokokem, Kabaretem Ve\u010dern\u00ed Brno. Objevovali se tu takov\u00e9 divadeln\u00ed osobnosti jako nap\u0159. prof. Ivan Vysko\u010dil. Pot\u00e9 se na festivalech za\u010dali objevovat i p\u00edsni\u010dk\u00e1\u0159i. Na Folkov\u00e9 Lipnici 88 poprv\u00e9 po mnoha letech vystoupil na ve\u0159ejnosti V\u00e1clav Havel.<\/p>\n<p style=\"text-align: justify;\">Humor Jaroslava Ha\u0161ka byl v\u017edy autorsk\u00e9 dvojici Maz\u00e1\u010d-Kor\u010di\u00e1n bl\u00edzk\u00fd, duch tohoto spisovatele-velik\u00e1na vt\u00e1hl Divadlo Klauniky a jeho \u010dleny na Lipnici, kde tedy zakotvili a zdom\u00e1cn\u011bli. Divadeln\u00ed domek se stal m\u00edstem, kter\u00fd hostil um\u011blce a z\u00e1jemce o divadlo. Vzniklo deset ro\u010dn\u00edk\u016f festivalu&nbsp; &nbsp; &nbsp;s n\u00e1zvem Lipnick\u00fd mantl. Po divadeln\u00ed str\u00e1nce zde byl prezentov\u00e1n zejm\u00e9na komedi\u00e1ln\u00ed reperto\u00e1r. Vystupovala zde v\u0161ak \u0159ada p\u00edsni\u010dk\u00e1\u0159\u016f&nbsp; &nbsp; &nbsp; &nbsp; &nbsp; &nbsp;a popul\u00e1rn\u00edch hudebn\u00edch skupin. Festival se odehr\u00e1val nejen v lipnick\u00e9m amfite\u00e1tru pod hradem, ale tak\u00e9 p\u0159\u00edmo v prostor\u00e1ch hradu, konaly se divadeln\u00ed happeningy v hradn\u00ed v\u011b\u017ei, v Ha\u0161kov\u011b muzeu, na Ha\u0161kov\u011b hrob\u011b, ale v plen\u00e9ru lipnick\u00fdch zatopen\u00fdch lom\u016f. Tradi\u010dn\u00ed sou\u010d\u00e1st\u00ed Lipnick\u00fdch mant\u016f se stal <em>Exhumaniza\u010dn\u00ed pochod za Jaroslava Ha\u0161ka. <\/em><\/p>\n<p style=\"text-align: justify;\"><em>&nbsp;<\/em><\/p>\n<p style=\"text-align: justify;\"><span style=\"text-decoration: underline;\"><strong>POTULN\u00dd FESTIVAL HUMORU OD VALA\u0160SK\u00c9HO KR\u00c1LE<\/strong><\/span><\/p>\n<p style=\"text-align: justify;\"><a href=\"https:\/\/www.klaunika.eu\/wp-content\/uploads\/2015\/06\/fest.jpg\"><img decoding=\"async\" class=\"alignnone wp-image-609\" src=\"https:\/\/www.klaunika.eu\/wp-content\/uploads\/2015\/06\/fest-224x300.jpg\" alt=\"fest\" width=\"373\" height=\"500\"><\/a><\/p>\n<p style=\"text-align: justify;\">Festival realizovan\u00fd nejen v r\u00e1mci Kulturn\u00edho l\u00e9ta v \u010desk\u00fdch a slovensk\u00fdch m\u011bstech. Kulturn\u00ed program sest\u00e1vaj\u00edc\u00ed z n\u011bkolika komedi\u00e1ln\u011b lad\u011bn\u00fdch inscenac\u00ed:<\/p>\n<p style=\"text-align: justify;\">J. Pecha: <em>Nejsem sv\u016fj pes<\/em><\/p>\n<p style=\"text-align: justify;\">Divadlo Klauniky: <em>Don Quijote de la mAncha<\/em><\/p>\n<p style=\"text-align: justify;\">Z. Kor\u010di\u00e1n: <em>Nesly\u0161iteln\u00fd \u0159ev um\u011bn\u00ed<\/em><\/p>\n<p style=\"text-align: justify;\">Mazdas, Corcigianny: <em>Kon\u017eert&nbsp;<\/em><\/p>\n<p style=\"text-align: justify;\">\n<\/p>\t\t\t\t\t\t\t\t<\/div>\n\t\t\t\t<\/div>\n\t\t\t\t<div class=\"elementor-element elementor-element-def5693 elementor-widget elementor-widget-text-editor\" data-id=\"def5693\" data-element_type=\"widget\" data-e-type=\"widget\" data-widget_type=\"text-editor.default\">\n\t\t\t\t<div class=\"elementor-widget-container\">\n\t\t\t\t\t\t\t\t\t<p><a href=\"https:\/\/turistickamapa.cz\"><img loading=\"lazy\" decoding=\"async\" class=\"alignright\" src=\"https:\/\/turistickamapa.cz\/images\/turisticka-mapa-logo.png\" alt=\"Nejkr\u00e1sn\u011bj\u0161\u00ed m\u00edsta \u010ceska - TuristickaMapa.cz\" width=\"134\" height=\"47\" \/><\/a><\/p><p><a href=\"https:\/\/www.informuji.cz\"><img loading=\"lazy\" decoding=\"async\" class=\"alignright\" src=\"https:\/\/www.informuji.cz\/img\/logo1_small_variant.png\" alt=\"Informuji.cz = Akce, Kultura a V\u00fdlety v \u010cR\" width=\"165\" height=\"47\" \/><\/a><\/p><p><a href=\"https:\/\/festivaly.eu\"><img decoding=\"async\" class=\"alignright\" src=\"https:\/\/fstvls.s3.amazonaws.com\/static\/festivaly.png\" alt=\"Festivaly.eu\" width=\"80\" \/><\/a><\/p><p style=\"text-align: right;\"><img loading=\"lazy\" decoding=\"async\" class=\"\" src=\"https:\/\/www.kudyznudy.cz\/getmedia\/849ee326-f95a-43ce-812c-be9c5817c81e\/KzN_banner_234x60.jpg.aspx\" alt=\"Kudyznudy.cz - tipy na v\u00fdlet\" width=\"191\" height=\"49\" border=\"0\" \/><\/p>\t\t\t\t\t\t\t\t<\/div>\n\t\t\t\t<\/div>\n\t\t\t\t\t<\/div>\n\t\t<\/div>\n\t\t\t\t\t<\/div>\n\t\t<\/section>\n\t\t\t\t<\/div>\n\t\t","protected":false},"excerpt":{"rendered":"<p>INTEGRA\u010cN\u00cd FESTIVAL QUIJOTOVA \u0160EDES\u00c1TKA archiv ro\u010dn\u00edk\u016f (2013\u20132025) &nbsp; 1990 &#8211; KOMEDIE NA Z\u00c1MKU Od devades\u00e1t\u00fdch let Divadlo Klauniky, obvykle pod organiza\u010dn\u00ed z\u00e1\u0161titou Divadeln\u00edho spolku Brno, pravideln\u011b po\u0159\u00e1d\u00e1 divadeln\u00ed (a nejen divadeln\u00ed) festivaly. Ji\u017e v prvn\u00ed divadeln\u00ed sezon\u011b 1990\/91, kdy se Divadlo Klauniky us\u00eddlilo Na Z\u00e1me\u010dku v Kr\u00e1lov\u011b poli, se posledn\u00ed prosincov\u00fd t\u00fdden konal V\u00e1no\u010dn\u00ed divadeln\u00ed&nbsp; [&hellip;]<\/p>\n","protected":false},"author":1,"featured_media":0,"parent":0,"menu_order":0,"comment_status":"closed","ping_status":"open","template":"","meta":{"footnotes":""},"class_list":["post-202","page","type-page","status-publish","hentry"],"yoast_head":"<!-- This site is optimized with the Yoast SEO plugin v27.5 - https:\/\/yoast.com\/product\/yoast-seo-wordpress\/ -->\n<title>FESTIVALY - DIVADLO KLAUNIKY BRNO<\/title>\n<meta name=\"robots\" content=\"index, follow, max-snippet:-1, max-image-preview:large, max-video-preview:-1\" \/>\n<link rel=\"canonical\" href=\"https:\/\/www.klaunika.eu\/?page_id=202\" \/>\n<meta property=\"og:locale\" content=\"cs_CZ\" \/>\n<meta property=\"og:type\" content=\"article\" \/>\n<meta property=\"og:title\" content=\"FESTIVALY - DIVADLO KLAUNIKY BRNO\" \/>\n<meta property=\"og:description\" content=\"INTEGRA\u010cN\u00cd FESTIVAL QUIJOTOVA \u0160EDES\u00c1TKA archiv ro\u010dn\u00edk\u016f (2013\u20132025) &nbsp; 1990 &#8211; KOMEDIE NA Z\u00c1MKU Od devades\u00e1t\u00fdch let Divadlo Klauniky, obvykle pod organiza\u010dn\u00ed z\u00e1\u0161titou Divadeln\u00edho spolku Brno, pravideln\u011b po\u0159\u00e1d\u00e1 divadeln\u00ed (a nejen divadeln\u00ed) festivaly. Ji\u017e v prvn\u00ed divadeln\u00ed sezon\u011b 1990\/91, kdy se Divadlo Klauniky us\u00eddlilo Na Z\u00e1me\u010dku v Kr\u00e1lov\u011b poli, se posledn\u00ed prosincov\u00fd t\u00fdden konal V\u00e1no\u010dn\u00ed divadeln\u00ed&nbsp; [&hellip;]\" \/>\n<meta property=\"og:url\" content=\"https:\/\/www.klaunika.eu\/?page_id=202\" \/>\n<meta property=\"og:site_name\" content=\"DIVADLO KLAUNIKY BRNO\" \/>\n<meta property=\"article:modified_time\" content=\"2026-01-13T10:42:38+00:00\" \/>\n<meta property=\"og:image\" content=\"http:\/\/www.klaunika.eu\/wp-content\/uploads\/2015\/06\/slavek-300x228.jpg\" \/>\n<meta name=\"twitter:card\" content=\"summary_large_image\" \/>\n<meta name=\"twitter:label1\" content=\"Odhadovan\u00e1 doba \u010dten\u00ed\" \/>\n\t<meta name=\"twitter:data1\" content=\"5 minut\" \/>\n<script type=\"application\/ld+json\" class=\"yoast-schema-graph\">{\"@context\":\"https:\\\/\\\/schema.org\",\"@graph\":[{\"@type\":\"WebPage\",\"@id\":\"https:\\\/\\\/www.klaunika.eu\\\/?page_id=202\",\"url\":\"https:\\\/\\\/www.klaunika.eu\\\/?page_id=202\",\"name\":\"FESTIVALY - DIVADLO KLAUNIKY BRNO\",\"isPartOf\":{\"@id\":\"https:\\\/\\\/www.klaunika.eu\\\/#website\"},\"primaryImageOfPage\":{\"@id\":\"https:\\\/\\\/www.klaunika.eu\\\/?page_id=202#primaryimage\"},\"image\":{\"@id\":\"https:\\\/\\\/www.klaunika.eu\\\/?page_id=202#primaryimage\"},\"thumbnailUrl\":\"http:\\\/\\\/www.klaunika.eu\\\/wp-content\\\/uploads\\\/2015\\\/06\\\/slavek-300x228.jpg\",\"datePublished\":\"2015-06-06T10:03:57+00:00\",\"dateModified\":\"2026-01-13T10:42:38+00:00\",\"breadcrumb\":{\"@id\":\"https:\\\/\\\/www.klaunika.eu\\\/?page_id=202#breadcrumb\"},\"inLanguage\":\"cs\",\"potentialAction\":[{\"@type\":\"ReadAction\",\"target\":[\"https:\\\/\\\/www.klaunika.eu\\\/?page_id=202\"]}]},{\"@type\":\"ImageObject\",\"inLanguage\":\"cs\",\"@id\":\"https:\\\/\\\/www.klaunika.eu\\\/?page_id=202#primaryimage\",\"url\":\"http:\\\/\\\/www.klaunika.eu\\\/wp-content\\\/uploads\\\/2015\\\/06\\\/slavek-300x228.jpg\",\"contentUrl\":\"http:\\\/\\\/www.klaunika.eu\\\/wp-content\\\/uploads\\\/2015\\\/06\\\/slavek-300x228.jpg\"},{\"@type\":\"BreadcrumbList\",\"@id\":\"https:\\\/\\\/www.klaunika.eu\\\/?page_id=202#breadcrumb\",\"itemListElement\":[{\"@type\":\"ListItem\",\"position\":1,\"name\":\"Dom\u016f\",\"item\":\"https:\\\/\\\/www.klaunika.eu\\\/\"},{\"@type\":\"ListItem\",\"position\":2,\"name\":\"FESTIVALY\"}]},{\"@type\":\"WebSite\",\"@id\":\"https:\\\/\\\/www.klaunika.eu\\\/#website\",\"url\":\"https:\\\/\\\/www.klaunika.eu\\\/\",\"name\":\"DIVADLO KLAUNIKY BRNO\",\"description\":\"SOUKROM\u00c1 SC\u00c9NA HUMORU\",\"publisher\":{\"@id\":\"https:\\\/\\\/www.klaunika.eu\\\/#organization\"},\"potentialAction\":[{\"@type\":\"SearchAction\",\"target\":{\"@type\":\"EntryPoint\",\"urlTemplate\":\"https:\\\/\\\/www.klaunika.eu\\\/?s={search_term_string}\"},\"query-input\":{\"@type\":\"PropertyValueSpecification\",\"valueRequired\":true,\"valueName\":\"search_term_string\"}}],\"inLanguage\":\"cs\"},{\"@type\":\"Organization\",\"@id\":\"https:\\\/\\\/www.klaunika.eu\\\/#organization\",\"name\":\"DIVADLO KLAUNIKY BRNO\",\"url\":\"https:\\\/\\\/www.klaunika.eu\\\/\",\"logo\":{\"@type\":\"ImageObject\",\"inLanguage\":\"cs\",\"@id\":\"https:\\\/\\\/www.klaunika.eu\\\/#\\\/schema\\\/logo\\\/image\\\/\",\"url\":\"https:\\\/\\\/www.klaunika.eu\\\/wp-content\\\/uploads\\\/2021\\\/11\\\/cropped-cropped-PSX_20211123_210259.jpg\",\"contentUrl\":\"https:\\\/\\\/www.klaunika.eu\\\/wp-content\\\/uploads\\\/2021\\\/11\\\/cropped-cropped-PSX_20211123_210259.jpg\",\"width\":248,\"height\":248,\"caption\":\"DIVADLO KLAUNIKY BRNO\"},\"image\":{\"@id\":\"https:\\\/\\\/www.klaunika.eu\\\/#\\\/schema\\\/logo\\\/image\\\/\"}}]}<\/script>\n<!-- \/ Yoast SEO plugin. -->","yoast_head_json":{"title":"FESTIVALY - DIVADLO KLAUNIKY BRNO","robots":{"index":"index","follow":"follow","max-snippet":"max-snippet:-1","max-image-preview":"max-image-preview:large","max-video-preview":"max-video-preview:-1"},"canonical":"https:\/\/www.klaunika.eu\/?page_id=202","og_locale":"cs_CZ","og_type":"article","og_title":"FESTIVALY - DIVADLO KLAUNIKY BRNO","og_description":"INTEGRA\u010cN\u00cd FESTIVAL QUIJOTOVA \u0160EDES\u00c1TKA archiv ro\u010dn\u00edk\u016f (2013\u20132025) &nbsp; 1990 &#8211; KOMEDIE NA Z\u00c1MKU Od devades\u00e1t\u00fdch let Divadlo Klauniky, obvykle pod organiza\u010dn\u00ed z\u00e1\u0161titou Divadeln\u00edho spolku Brno, pravideln\u011b po\u0159\u00e1d\u00e1 divadeln\u00ed (a nejen divadeln\u00ed) festivaly. Ji\u017e v prvn\u00ed divadeln\u00ed sezon\u011b 1990\/91, kdy se Divadlo Klauniky us\u00eddlilo Na Z\u00e1me\u010dku v Kr\u00e1lov\u011b poli, se posledn\u00ed prosincov\u00fd t\u00fdden konal V\u00e1no\u010dn\u00ed divadeln\u00ed&nbsp; [&hellip;]","og_url":"https:\/\/www.klaunika.eu\/?page_id=202","og_site_name":"DIVADLO KLAUNIKY BRNO","article_modified_time":"2026-01-13T10:42:38+00:00","og_image":[{"url":"http:\/\/www.klaunika.eu\/wp-content\/uploads\/2015\/06\/slavek-300x228.jpg","type":"","width":"","height":""}],"twitter_card":"summary_large_image","twitter_misc":{"Odhadovan\u00e1 doba \u010dten\u00ed":"5 minut"},"schema":{"@context":"https:\/\/schema.org","@graph":[{"@type":"WebPage","@id":"https:\/\/www.klaunika.eu\/?page_id=202","url":"https:\/\/www.klaunika.eu\/?page_id=202","name":"FESTIVALY - DIVADLO KLAUNIKY BRNO","isPartOf":{"@id":"https:\/\/www.klaunika.eu\/#website"},"primaryImageOfPage":{"@id":"https:\/\/www.klaunika.eu\/?page_id=202#primaryimage"},"image":{"@id":"https:\/\/www.klaunika.eu\/?page_id=202#primaryimage"},"thumbnailUrl":"http:\/\/www.klaunika.eu\/wp-content\/uploads\/2015\/06\/slavek-300x228.jpg","datePublished":"2015-06-06T10:03:57+00:00","dateModified":"2026-01-13T10:42:38+00:00","breadcrumb":{"@id":"https:\/\/www.klaunika.eu\/?page_id=202#breadcrumb"},"inLanguage":"cs","potentialAction":[{"@type":"ReadAction","target":["https:\/\/www.klaunika.eu\/?page_id=202"]}]},{"@type":"ImageObject","inLanguage":"cs","@id":"https:\/\/www.klaunika.eu\/?page_id=202#primaryimage","url":"http:\/\/www.klaunika.eu\/wp-content\/uploads\/2015\/06\/slavek-300x228.jpg","contentUrl":"http:\/\/www.klaunika.eu\/wp-content\/uploads\/2015\/06\/slavek-300x228.jpg"},{"@type":"BreadcrumbList","@id":"https:\/\/www.klaunika.eu\/?page_id=202#breadcrumb","itemListElement":[{"@type":"ListItem","position":1,"name":"Dom\u016f","item":"https:\/\/www.klaunika.eu\/"},{"@type":"ListItem","position":2,"name":"FESTIVALY"}]},{"@type":"WebSite","@id":"https:\/\/www.klaunika.eu\/#website","url":"https:\/\/www.klaunika.eu\/","name":"DIVADLO KLAUNIKY BRNO","description":"SOUKROM\u00c1 SC\u00c9NA HUMORU","publisher":{"@id":"https:\/\/www.klaunika.eu\/#organization"},"potentialAction":[{"@type":"SearchAction","target":{"@type":"EntryPoint","urlTemplate":"https:\/\/www.klaunika.eu\/?s={search_term_string}"},"query-input":{"@type":"PropertyValueSpecification","valueRequired":true,"valueName":"search_term_string"}}],"inLanguage":"cs"},{"@type":"Organization","@id":"https:\/\/www.klaunika.eu\/#organization","name":"DIVADLO KLAUNIKY BRNO","url":"https:\/\/www.klaunika.eu\/","logo":{"@type":"ImageObject","inLanguage":"cs","@id":"https:\/\/www.klaunika.eu\/#\/schema\/logo\/image\/","url":"https:\/\/www.klaunika.eu\/wp-content\/uploads\/2021\/11\/cropped-cropped-PSX_20211123_210259.jpg","contentUrl":"https:\/\/www.klaunika.eu\/wp-content\/uploads\/2021\/11\/cropped-cropped-PSX_20211123_210259.jpg","width":248,"height":248,"caption":"DIVADLO KLAUNIKY BRNO"},"image":{"@id":"https:\/\/www.klaunika.eu\/#\/schema\/logo\/image\/"}}]}},"_links":{"self":[{"href":"https:\/\/www.klaunika.eu\/index.php?rest_route=\/wp\/v2\/pages\/202","targetHints":{"allow":["GET"]}}],"collection":[{"href":"https:\/\/www.klaunika.eu\/index.php?rest_route=\/wp\/v2\/pages"}],"about":[{"href":"https:\/\/www.klaunika.eu\/index.php?rest_route=\/wp\/v2\/types\/page"}],"author":[{"embeddable":true,"href":"https:\/\/www.klaunika.eu\/index.php?rest_route=\/wp\/v2\/users\/1"}],"replies":[{"embeddable":true,"href":"https:\/\/www.klaunika.eu\/index.php?rest_route=%2Fwp%2Fv2%2Fcomments&post=202"}],"version-history":[{"count":104,"href":"https:\/\/www.klaunika.eu\/index.php?rest_route=\/wp\/v2\/pages\/202\/revisions"}],"predecessor-version":[{"id":5865,"href":"https:\/\/www.klaunika.eu\/index.php?rest_route=\/wp\/v2\/pages\/202\/revisions\/5865"}],"wp:attachment":[{"href":"https:\/\/www.klaunika.eu\/index.php?rest_route=%2Fwp%2Fv2%2Fmedia&parent=202"}],"curies":[{"name":"wp","href":"https:\/\/api.w.org\/{rel}","templated":true}]}}