{"id":1642,"date":"2018-08-31T02:53:33","date_gmt":"2018-08-31T00:53:33","guid":{"rendered":"http:\/\/www.klaunika.eu\/?page_id=1642"},"modified":"2018-08-31T02:53:33","modified_gmt":"2018-08-31T00:53:33","slug":"dagmar-ubrova-milan-kasuba-koncert","status":"publish","type":"page","link":"https:\/\/www.klaunika.eu\/?page_id=1642","title":{"rendered":"Dagmar Ubrov\u00e1 &#038; Milan Ka\u0161uba: Koncert"},"content":{"rendered":"<p><strong>Dagmar Ubrov\u00e1<\/strong><\/p>\n<p>Poprv\u00e9 se na p\u00f3diu objevila v roce 2009 v po\u0159adu Ji\u0159\u00edho Vondr\u00e1ka v Divadle \u0160ansonu.\u00a0S Ondrou Kramoli\u0161em a Petrem Hlou\u0161kem zalo\u017eila kapelu uBer!, se kterou v letech 2010\u20132016 nazp\u00edvala alba \u201ePrvn\u00ed barov\u00e1n\u00ed\u201c a \u201eUniversum\u201c .<\/p>\n<div class=\"two column\">\n<p>Vystupuje s jazzov\u00fdm kytaristou Milanem Ka\u0161ubou a jeho bandem, p\u0159\u00edle\u017eitostn\u011b s Big Bandem Konzervato\u0159e Brno Mojdy B\u00e1rtka.<\/p>\n<p>\u00dazce spolupracuje s brn\u011bnsk\u00fdm Sono Centrum Music Club a s vina\u0159stv\u00edm Sonberk, pro kter\u00e9 p\u0159ipravuje program \u201eSonbersk\u00e9ho (ne)vinn\u00e9ho kulturn\u00edho l\u00e9ta\u201c.<\/p>\n<\/div>\n<div class=\"two column\"><\/div>\n<hr \/>\n<p>&nbsp;<\/p>\n<p><strong>Milan Ka\u0161uba<\/strong><\/p>\n<div id=\"middle\">\n<div class=\"block\">\n<div id=\"\">\n<div id=\"snippet--mainTabs\" data-snippet-hash=\"9ddd7a4b0f88d98b1ef3c83a3f822c10\">\n<div class=\"content contentWithAd\">\n<div id=\"snippet-mainTabs-tabContent\" data-snippet-hash=\"41b7d67afde2e4a22686e5f9b48c0b92\">\n<div id=\"__tab-mainTabs\" class=\"tabContent\">\n<section class=\"tab\">\n<section id=\"bandBio\">\n<div class=\"content cms\">\n<p>Jazzov\u00fd kytarista a skladatel, p\u016fvodn\u00edm povol\u00e1n\u00edm zlatn\u00edk. Od sedmi do \u010dtrn\u00e1cti let hr\u00e1l v\u00a0hudebn\u00ed \u0161kole na housle. V Praze, kde se u\u010dil zlatn\u00edkem, se poprv\u00e9 dostal ke kyta\u0159e a u n\u00ed i z\u016fstal. V roce 1962 nastoupil dr\u00e1hu profesion\u00e1ln\u00edho jazzov\u00e9ho kytaristy v\u00a0<strong>Divadle Ve\u010dern\u00ed Brno<\/strong>. D\u00e1l p\u016fsobil s brn\u011bnsk\u00fdmi kapelami. V t\u00e9 dob\u011b hr\u00e1l tak\u00e9 s\u00a0Kvartetem Ladislava Slez\u00e1ka a v\u00fdznamnou brn\u011bnskou kapelou Kombo, kter\u00e1 v\u00a0<strong>Bratislav\u011b<\/strong>\u00a0na sout\u011b\u017ei nejlep\u0161\u00edch jazzov\u00fdch kapel republiky z\u00edskala prvn\u00ed cenu za nejlep\u0161\u00ed jazzov\u00fd p\u0159ednes.<\/p>\n<p>Po roce 1969, kdy se Milan Ka\u0161uba o\u017eenil, na \u010das zcela opustil brn\u011bnsk\u00e9 bary a zdokonaloval se ve h\u0159e na kytaru. Do klub\u016f se vr\u00e1til a\u017e v druh\u00e9 polovin\u011b sedmdes\u00e1t\u00fdch let s kytaristou Ji\u0159\u00edm Adamem. Vzniklo brn\u011bnsk\u00e9 kytarov\u00e9 Duo. Pozd\u011bji se k nim p\u0159idala zp\u011bva\u010dka Mirka K\u0159iv\u00e1nkov\u00e1 a na barytonov\u00e9 housle Jan Ber\u00e1nek. T\u00edm v roce 1978 vznikl jazzov\u00fd\u00a0<strong>Ornis<\/strong>, s n\u00edm\u017e Ka\u0161uba odehr\u00e1l p\u0159es sto dvacet vystoupen\u00ed po cel\u00e9 republice. O t\u0159i roky pozd\u011bji kapela skon\u010dila a Milan Ka\u0161uba se dal na s\u00f3lovou dr\u00e1hu.<\/p>\n<p>Na\u00a0<strong>jazzov\u00e9m festivalu v Krom\u011b\u0159\u00ed\u017ei<\/strong>\u00a0z\u00edskal dvakr\u00e1t prvn\u00ed cenu. Pravideln\u011b hr\u00e1l v pra\u017esk\u00e9\u00a0<strong>Redut\u011b<\/strong>. Od roku 1996 vyu\u010duje jazzovou kytaru na brn\u011bnsk\u00e9 hudebn\u00ed \u0161kole. Milan Ka\u0161uba nahr\u00e1l des\u00edtky skladeb pro\u00a0<strong>\u010cesk\u00fd rozhlas Brno<\/strong>, v\u00a0roce 1999 vydal spolu s kontrabasistou Petrem Ko\u0159\u00ednkem\u00a0<strong>CD P\u0159\u00e1tel\u00e9<\/strong>. Od roku 2009 vyu\u010duje na\u00a0<strong>Jan\u00e1\u010dkov\u011b akademii m\u00fazick\u00fdch um\u011bn\u00ed<\/strong>\u00a0(<strong>JAMU<\/strong>) jazzovou kytaru.<\/p>\n<\/div>\n<\/section>\n<\/section>\n<\/div>\n<\/div>\n<\/div>\n<\/div>\n<\/div>\n<\/div>\n<\/div>\n<div id=\"left\"><\/div>\n","protected":false},"excerpt":{"rendered":"<p>Dagmar Ubrov\u00e1 Poprv\u00e9 se na p\u00f3diu objevila v roce 2009 v po\u0159adu Ji\u0159\u00edho Vondr\u00e1ka v Divadle \u0160ansonu.\u00a0S Ondrou Kramoli\u0161em a Petrem Hlou\u0161kem zalo\u017eila kapelu uBer!, se kterou v letech 2010\u20132016 nazp\u00edvala alba \u201ePrvn\u00ed barov\u00e1n\u00ed\u201c a \u201eUniversum\u201c . Vystupuje s jazzov\u00fdm kytaristou Milanem Ka\u0161ubou a jeho bandem, p\u0159\u00edle\u017eitostn\u011b s Big Bandem Konzervato\u0159e Brno Mojdy B\u00e1rtka. \u00dazce [&hellip;]<\/p>\n","protected":false},"author":1,"featured_media":0,"parent":0,"menu_order":0,"comment_status":"closed","ping_status":"open","template":"","meta":{"footnotes":""},"class_list":["post-1642","page","type-page","status-publish","hentry"],"yoast_head":"<!-- This site is optimized with the Yoast SEO plugin v27.5 - https:\/\/yoast.com\/product\/yoast-seo-wordpress\/ -->\n<title>Dagmar Ubrov\u00e1 &amp; Milan Ka\u0161uba: Koncert - DIVADLO KLAUNIKY BRNO<\/title>\n<meta name=\"robots\" content=\"index, follow, max-snippet:-1, max-image-preview:large, max-video-preview:-1\" \/>\n<link rel=\"canonical\" href=\"https:\/\/www.klaunika.eu\/?page_id=1642\" \/>\n<meta property=\"og:locale\" content=\"cs_CZ\" \/>\n<meta property=\"og:type\" content=\"article\" \/>\n<meta property=\"og:title\" content=\"Dagmar Ubrov\u00e1 &amp; Milan Ka\u0161uba: Koncert - DIVADLO KLAUNIKY BRNO\" \/>\n<meta property=\"og:description\" content=\"Dagmar Ubrov\u00e1 Poprv\u00e9 se na p\u00f3diu objevila v roce 2009 v po\u0159adu Ji\u0159\u00edho Vondr\u00e1ka v Divadle \u0160ansonu.\u00a0S Ondrou Kramoli\u0161em a Petrem Hlou\u0161kem zalo\u017eila kapelu uBer!, se kterou v letech 2010\u20132016 nazp\u00edvala alba \u201ePrvn\u00ed barov\u00e1n\u00ed\u201c a \u201eUniversum\u201c . Vystupuje s jazzov\u00fdm kytaristou Milanem Ka\u0161ubou a jeho bandem, p\u0159\u00edle\u017eitostn\u011b s Big Bandem Konzervato\u0159e Brno Mojdy B\u00e1rtka. \u00dazce [&hellip;]\" \/>\n<meta property=\"og:url\" content=\"https:\/\/www.klaunika.eu\/?page_id=1642\" \/>\n<meta property=\"og:site_name\" content=\"DIVADLO KLAUNIKY BRNO\" \/>\n<meta name=\"twitter:card\" content=\"summary_large_image\" \/>\n<meta name=\"twitter:label1\" content=\"Odhadovan\u00e1 doba \u010dten\u00ed\" \/>\n\t<meta name=\"twitter:data1\" content=\"2 minuty\" \/>\n<script type=\"application\/ld+json\" class=\"yoast-schema-graph\">{\"@context\":\"https:\\\/\\\/schema.org\",\"@graph\":[{\"@type\":\"WebPage\",\"@id\":\"https:\\\/\\\/www.klaunika.eu\\\/?page_id=1642\",\"url\":\"https:\\\/\\\/www.klaunika.eu\\\/?page_id=1642\",\"name\":\"Dagmar Ubrov\u00e1 & Milan Ka\u0161uba: Koncert - DIVADLO KLAUNIKY BRNO\",\"isPartOf\":{\"@id\":\"https:\\\/\\\/www.klaunika.eu\\\/#website\"},\"datePublished\":\"2018-08-31T00:53:33+00:00\",\"breadcrumb\":{\"@id\":\"https:\\\/\\\/www.klaunika.eu\\\/?page_id=1642#breadcrumb\"},\"inLanguage\":\"cs\",\"potentialAction\":[{\"@type\":\"ReadAction\",\"target\":[\"https:\\\/\\\/www.klaunika.eu\\\/?page_id=1642\"]}]},{\"@type\":\"BreadcrumbList\",\"@id\":\"https:\\\/\\\/www.klaunika.eu\\\/?page_id=1642#breadcrumb\",\"itemListElement\":[{\"@type\":\"ListItem\",\"position\":1,\"name\":\"Dom\u016f\",\"item\":\"https:\\\/\\\/www.klaunika.eu\\\/\"},{\"@type\":\"ListItem\",\"position\":2,\"name\":\"Dagmar Ubrov\u00e1 &#038; Milan Ka\u0161uba: Koncert\"}]},{\"@type\":\"WebSite\",\"@id\":\"https:\\\/\\\/www.klaunika.eu\\\/#website\",\"url\":\"https:\\\/\\\/www.klaunika.eu\\\/\",\"name\":\"DIVADLO KLAUNIKY BRNO\",\"description\":\"SOUKROM\u00c1 SC\u00c9NA HUMORU\",\"publisher\":{\"@id\":\"https:\\\/\\\/www.klaunika.eu\\\/#organization\"},\"potentialAction\":[{\"@type\":\"SearchAction\",\"target\":{\"@type\":\"EntryPoint\",\"urlTemplate\":\"https:\\\/\\\/www.klaunika.eu\\\/?s={search_term_string}\"},\"query-input\":{\"@type\":\"PropertyValueSpecification\",\"valueRequired\":true,\"valueName\":\"search_term_string\"}}],\"inLanguage\":\"cs\"},{\"@type\":\"Organization\",\"@id\":\"https:\\\/\\\/www.klaunika.eu\\\/#organization\",\"name\":\"DIVADLO KLAUNIKY BRNO\",\"url\":\"https:\\\/\\\/www.klaunika.eu\\\/\",\"logo\":{\"@type\":\"ImageObject\",\"inLanguage\":\"cs\",\"@id\":\"https:\\\/\\\/www.klaunika.eu\\\/#\\\/schema\\\/logo\\\/image\\\/\",\"url\":\"https:\\\/\\\/www.klaunika.eu\\\/wp-content\\\/uploads\\\/2021\\\/11\\\/cropped-cropped-PSX_20211123_210259.jpg\",\"contentUrl\":\"https:\\\/\\\/www.klaunika.eu\\\/wp-content\\\/uploads\\\/2021\\\/11\\\/cropped-cropped-PSX_20211123_210259.jpg\",\"width\":248,\"height\":248,\"caption\":\"DIVADLO KLAUNIKY BRNO\"},\"image\":{\"@id\":\"https:\\\/\\\/www.klaunika.eu\\\/#\\\/schema\\\/logo\\\/image\\\/\"}}]}<\/script>\n<!-- \/ Yoast SEO plugin. -->","yoast_head_json":{"title":"Dagmar Ubrov\u00e1 & Milan Ka\u0161uba: Koncert - DIVADLO KLAUNIKY BRNO","robots":{"index":"index","follow":"follow","max-snippet":"max-snippet:-1","max-image-preview":"max-image-preview:large","max-video-preview":"max-video-preview:-1"},"canonical":"https:\/\/www.klaunika.eu\/?page_id=1642","og_locale":"cs_CZ","og_type":"article","og_title":"Dagmar Ubrov\u00e1 & Milan Ka\u0161uba: Koncert - DIVADLO KLAUNIKY BRNO","og_description":"Dagmar Ubrov\u00e1 Poprv\u00e9 se na p\u00f3diu objevila v roce 2009 v po\u0159adu Ji\u0159\u00edho Vondr\u00e1ka v Divadle \u0160ansonu.\u00a0S Ondrou Kramoli\u0161em a Petrem Hlou\u0161kem zalo\u017eila kapelu uBer!, se kterou v letech 2010\u20132016 nazp\u00edvala alba \u201ePrvn\u00ed barov\u00e1n\u00ed\u201c a \u201eUniversum\u201c . Vystupuje s jazzov\u00fdm kytaristou Milanem Ka\u0161ubou a jeho bandem, p\u0159\u00edle\u017eitostn\u011b s Big Bandem Konzervato\u0159e Brno Mojdy B\u00e1rtka. \u00dazce [&hellip;]","og_url":"https:\/\/www.klaunika.eu\/?page_id=1642","og_site_name":"DIVADLO KLAUNIKY BRNO","twitter_card":"summary_large_image","twitter_misc":{"Odhadovan\u00e1 doba \u010dten\u00ed":"2 minuty"},"schema":{"@context":"https:\/\/schema.org","@graph":[{"@type":"WebPage","@id":"https:\/\/www.klaunika.eu\/?page_id=1642","url":"https:\/\/www.klaunika.eu\/?page_id=1642","name":"Dagmar Ubrov\u00e1 & Milan Ka\u0161uba: Koncert - DIVADLO KLAUNIKY BRNO","isPartOf":{"@id":"https:\/\/www.klaunika.eu\/#website"},"datePublished":"2018-08-31T00:53:33+00:00","breadcrumb":{"@id":"https:\/\/www.klaunika.eu\/?page_id=1642#breadcrumb"},"inLanguage":"cs","potentialAction":[{"@type":"ReadAction","target":["https:\/\/www.klaunika.eu\/?page_id=1642"]}]},{"@type":"BreadcrumbList","@id":"https:\/\/www.klaunika.eu\/?page_id=1642#breadcrumb","itemListElement":[{"@type":"ListItem","position":1,"name":"Dom\u016f","item":"https:\/\/www.klaunika.eu\/"},{"@type":"ListItem","position":2,"name":"Dagmar Ubrov\u00e1 &#038; Milan Ka\u0161uba: Koncert"}]},{"@type":"WebSite","@id":"https:\/\/www.klaunika.eu\/#website","url":"https:\/\/www.klaunika.eu\/","name":"DIVADLO KLAUNIKY BRNO","description":"SOUKROM\u00c1 SC\u00c9NA HUMORU","publisher":{"@id":"https:\/\/www.klaunika.eu\/#organization"},"potentialAction":[{"@type":"SearchAction","target":{"@type":"EntryPoint","urlTemplate":"https:\/\/www.klaunika.eu\/?s={search_term_string}"},"query-input":{"@type":"PropertyValueSpecification","valueRequired":true,"valueName":"search_term_string"}}],"inLanguage":"cs"},{"@type":"Organization","@id":"https:\/\/www.klaunika.eu\/#organization","name":"DIVADLO KLAUNIKY BRNO","url":"https:\/\/www.klaunika.eu\/","logo":{"@type":"ImageObject","inLanguage":"cs","@id":"https:\/\/www.klaunika.eu\/#\/schema\/logo\/image\/","url":"https:\/\/www.klaunika.eu\/wp-content\/uploads\/2021\/11\/cropped-cropped-PSX_20211123_210259.jpg","contentUrl":"https:\/\/www.klaunika.eu\/wp-content\/uploads\/2021\/11\/cropped-cropped-PSX_20211123_210259.jpg","width":248,"height":248,"caption":"DIVADLO KLAUNIKY BRNO"},"image":{"@id":"https:\/\/www.klaunika.eu\/#\/schema\/logo\/image\/"}}]}},"_links":{"self":[{"href":"https:\/\/www.klaunika.eu\/index.php?rest_route=\/wp\/v2\/pages\/1642","targetHints":{"allow":["GET"]}}],"collection":[{"href":"https:\/\/www.klaunika.eu\/index.php?rest_route=\/wp\/v2\/pages"}],"about":[{"href":"https:\/\/www.klaunika.eu\/index.php?rest_route=\/wp\/v2\/types\/page"}],"author":[{"embeddable":true,"href":"https:\/\/www.klaunika.eu\/index.php?rest_route=\/wp\/v2\/users\/1"}],"replies":[{"embeddable":true,"href":"https:\/\/www.klaunika.eu\/index.php?rest_route=%2Fwp%2Fv2%2Fcomments&post=1642"}],"version-history":[{"count":1,"href":"https:\/\/www.klaunika.eu\/index.php?rest_route=\/wp\/v2\/pages\/1642\/revisions"}],"predecessor-version":[{"id":1650,"href":"https:\/\/www.klaunika.eu\/index.php?rest_route=\/wp\/v2\/pages\/1642\/revisions\/1650"}],"wp:attachment":[{"href":"https:\/\/www.klaunika.eu\/index.php?rest_route=%2Fwp%2Fv2%2Fmedia&parent=1642"}],"curies":[{"name":"wp","href":"https:\/\/api.w.org\/{rel}","templated":true}]}}