{"id":1637,"date":"2018-08-31T02:42:06","date_gmt":"2018-08-31T00:42:06","guid":{"rendered":"http:\/\/www.klaunika.eu\/?page_id=1637"},"modified":"2018-08-31T02:42:06","modified_gmt":"2018-08-31T00:42:06","slug":"brnensky-spolek-orbita","status":"publish","type":"page","link":"https:\/\/www.klaunika.eu\/?page_id=1637","title":{"rendered":"BRN\u011aNSK\u00dd SPOLEK ORBITA"},"content":{"rendered":"<p><img decoding=\"async\" src=\"https:\/\/www.klaunika.eu\/wp-content\/uploads\/2018\/08\/39040935_2152854491706956_324669729094500352_n.png\" alt=\"Orbita\" \/><\/p>\n<p>Spolek zalo\u017een\u00fd na podzim roku 2017 v Brn\u011b s my\u0161lenkou rozvoje a podpory um\u011bn\u00ed v oboru tane\u010dn\u00edm, v\u00fdtvarn\u00e9m, hudebn\u00edm, pohybov\u00e9m a sc\u00e9nick\u00e9m. Vedlo k tomu p\u0159esv\u011bd\u010den\u00ed zakl\u00e1daj\u00edc\u00edch \u010dlen\u016f tvo\u0159it tanec a sc\u00e9nick\u00e9 um\u011bn\u00ed ve m\u011bst\u011b kter\u00e9m \u017eijeme. J\u00e1dro Orbity tvo\u0159\u00ed \u0161est \u010dlen\u016f. Spojuje n\u00e1s z\u00e1jem o kulturn\u00ed a um\u011bleck\u00e9 \u010dinnosti, chu\u0165 se na nich pod\u00edlet a realizovat je.<\/p>\n<p><strong>Tekutost te\u010f!<\/strong><br \/>\nPohybov\u00e1 performace, ve kter\u00e9 jsme pohlcov\u00e1ni a prosakov\u00e1ni prostorem pod vlivem tekutosti. P\u0159ezev\u0161echno spl\u00fdv\u00e1n\u00ed a rozpou\u0161t\u011bn\u00ed, p\u0159ich\u00e1z\u00ed TE\u010e!<\/p>\n","protected":false},"excerpt":{"rendered":"<p>Spolek zalo\u017een\u00fd na podzim roku 2017 v Brn\u011b s my\u0161lenkou rozvoje a podpory um\u011bn\u00ed v oboru tane\u010dn\u00edm, v\u00fdtvarn\u00e9m, hudebn\u00edm, pohybov\u00e9m a sc\u00e9nick\u00e9m. Vedlo k tomu p\u0159esv\u011bd\u010den\u00ed zakl\u00e1daj\u00edc\u00edch \u010dlen\u016f tvo\u0159it tanec a sc\u00e9nick\u00e9 um\u011bn\u00ed ve m\u011bst\u011b kter\u00e9m \u017eijeme. J\u00e1dro Orbity tvo\u0159\u00ed \u0161est \u010dlen\u016f. Spojuje n\u00e1s z\u00e1jem o kulturn\u00ed a um\u011bleck\u00e9 \u010dinnosti, chu\u0165 se na nich pod\u00edlet [&hellip;]<\/p>\n","protected":false},"author":1,"featured_media":0,"parent":0,"menu_order":0,"comment_status":"closed","ping_status":"open","template":"","meta":{"footnotes":""},"class_list":["post-1637","page","type-page","status-publish","hentry"],"yoast_head":"<!-- This site is optimized with the Yoast SEO plugin v27.5 - https:\/\/yoast.com\/product\/yoast-seo-wordpress\/ -->\n<title>BRN\u011aNSK\u00dd SPOLEK ORBITA - DIVADLO KLAUNIKY BRNO<\/title>\n<meta name=\"robots\" content=\"index, follow, max-snippet:-1, max-image-preview:large, max-video-preview:-1\" \/>\n<link rel=\"canonical\" href=\"https:\/\/www.klaunika.eu\/?page_id=1637\" \/>\n<meta property=\"og:locale\" content=\"cs_CZ\" \/>\n<meta property=\"og:type\" content=\"article\" \/>\n<meta property=\"og:title\" content=\"BRN\u011aNSK\u00dd SPOLEK ORBITA - DIVADLO KLAUNIKY BRNO\" \/>\n<meta property=\"og:description\" content=\"Spolek zalo\u017een\u00fd na podzim roku 2017 v Brn\u011b s my\u0161lenkou rozvoje a podpory um\u011bn\u00ed v oboru tane\u010dn\u00edm, v\u00fdtvarn\u00e9m, hudebn\u00edm, pohybov\u00e9m a sc\u00e9nick\u00e9m. Vedlo k tomu p\u0159esv\u011bd\u010den\u00ed zakl\u00e1daj\u00edc\u00edch \u010dlen\u016f tvo\u0159it tanec a sc\u00e9nick\u00e9 um\u011bn\u00ed ve m\u011bst\u011b kter\u00e9m \u017eijeme. J\u00e1dro Orbity tvo\u0159\u00ed \u0161est \u010dlen\u016f. Spojuje n\u00e1s z\u00e1jem o kulturn\u00ed a um\u011bleck\u00e9 \u010dinnosti, chu\u0165 se na nich pod\u00edlet [&hellip;]\" \/>\n<meta property=\"og:url\" content=\"https:\/\/www.klaunika.eu\/?page_id=1637\" \/>\n<meta property=\"og:site_name\" content=\"DIVADLO KLAUNIKY BRNO\" \/>\n<meta property=\"og:image\" content=\"http:\/\/www.klaunika.eu\/wp-content\/uploads\/2018\/08\/39040935_2152854491706956_324669729094500352_n.png\" \/>\n<meta name=\"twitter:card\" content=\"summary_large_image\" \/>\n<meta name=\"twitter:label1\" content=\"Odhadovan\u00e1 doba \u010dten\u00ed\" \/>\n\t<meta name=\"twitter:data1\" content=\"1 minuta\" \/>\n<script type=\"application\/ld+json\" class=\"yoast-schema-graph\">{\"@context\":\"https:\\\/\\\/schema.org\",\"@graph\":[{\"@type\":\"WebPage\",\"@id\":\"https:\\\/\\\/www.klaunika.eu\\\/?page_id=1637\",\"url\":\"https:\\\/\\\/www.klaunika.eu\\\/?page_id=1637\",\"name\":\"BRN\u011aNSK\u00dd SPOLEK ORBITA - DIVADLO KLAUNIKY BRNO\",\"isPartOf\":{\"@id\":\"https:\\\/\\\/www.klaunika.eu\\\/#website\"},\"primaryImageOfPage\":{\"@id\":\"https:\\\/\\\/www.klaunika.eu\\\/?page_id=1637#primaryimage\"},\"image\":{\"@id\":\"https:\\\/\\\/www.klaunika.eu\\\/?page_id=1637#primaryimage\"},\"thumbnailUrl\":\"http:\\\/\\\/www.klaunika.eu\\\/wp-content\\\/uploads\\\/2018\\\/08\\\/39040935_2152854491706956_324669729094500352_n.png\",\"datePublished\":\"2018-08-31T00:42:06+00:00\",\"breadcrumb\":{\"@id\":\"https:\\\/\\\/www.klaunika.eu\\\/?page_id=1637#breadcrumb\"},\"inLanguage\":\"cs\",\"potentialAction\":[{\"@type\":\"ReadAction\",\"target\":[\"https:\\\/\\\/www.klaunika.eu\\\/?page_id=1637\"]}]},{\"@type\":\"ImageObject\",\"inLanguage\":\"cs\",\"@id\":\"https:\\\/\\\/www.klaunika.eu\\\/?page_id=1637#primaryimage\",\"url\":\"http:\\\/\\\/www.klaunika.eu\\\/wp-content\\\/uploads\\\/2018\\\/08\\\/39040935_2152854491706956_324669729094500352_n.png\",\"contentUrl\":\"http:\\\/\\\/www.klaunika.eu\\\/wp-content\\\/uploads\\\/2018\\\/08\\\/39040935_2152854491706956_324669729094500352_n.png\"},{\"@type\":\"BreadcrumbList\",\"@id\":\"https:\\\/\\\/www.klaunika.eu\\\/?page_id=1637#breadcrumb\",\"itemListElement\":[{\"@type\":\"ListItem\",\"position\":1,\"name\":\"Dom\u016f\",\"item\":\"https:\\\/\\\/www.klaunika.eu\\\/\"},{\"@type\":\"ListItem\",\"position\":2,\"name\":\"BRN\u011aNSK\u00dd SPOLEK ORBITA\"}]},{\"@type\":\"WebSite\",\"@id\":\"https:\\\/\\\/www.klaunika.eu\\\/#website\",\"url\":\"https:\\\/\\\/www.klaunika.eu\\\/\",\"name\":\"DIVADLO KLAUNIKY BRNO\",\"description\":\"SOUKROM\u00c1 SC\u00c9NA HUMORU\",\"publisher\":{\"@id\":\"https:\\\/\\\/www.klaunika.eu\\\/#organization\"},\"potentialAction\":[{\"@type\":\"SearchAction\",\"target\":{\"@type\":\"EntryPoint\",\"urlTemplate\":\"https:\\\/\\\/www.klaunika.eu\\\/?s={search_term_string}\"},\"query-input\":{\"@type\":\"PropertyValueSpecification\",\"valueRequired\":true,\"valueName\":\"search_term_string\"}}],\"inLanguage\":\"cs\"},{\"@type\":\"Organization\",\"@id\":\"https:\\\/\\\/www.klaunika.eu\\\/#organization\",\"name\":\"DIVADLO KLAUNIKY BRNO\",\"url\":\"https:\\\/\\\/www.klaunika.eu\\\/\",\"logo\":{\"@type\":\"ImageObject\",\"inLanguage\":\"cs\",\"@id\":\"https:\\\/\\\/www.klaunika.eu\\\/#\\\/schema\\\/logo\\\/image\\\/\",\"url\":\"https:\\\/\\\/www.klaunika.eu\\\/wp-content\\\/uploads\\\/2021\\\/11\\\/cropped-cropped-PSX_20211123_210259.jpg\",\"contentUrl\":\"https:\\\/\\\/www.klaunika.eu\\\/wp-content\\\/uploads\\\/2021\\\/11\\\/cropped-cropped-PSX_20211123_210259.jpg\",\"width\":248,\"height\":248,\"caption\":\"DIVADLO KLAUNIKY BRNO\"},\"image\":{\"@id\":\"https:\\\/\\\/www.klaunika.eu\\\/#\\\/schema\\\/logo\\\/image\\\/\"}}]}<\/script>\n<!-- \/ Yoast SEO plugin. -->","yoast_head_json":{"title":"BRN\u011aNSK\u00dd SPOLEK ORBITA - DIVADLO KLAUNIKY BRNO","robots":{"index":"index","follow":"follow","max-snippet":"max-snippet:-1","max-image-preview":"max-image-preview:large","max-video-preview":"max-video-preview:-1"},"canonical":"https:\/\/www.klaunika.eu\/?page_id=1637","og_locale":"cs_CZ","og_type":"article","og_title":"BRN\u011aNSK\u00dd SPOLEK ORBITA - DIVADLO KLAUNIKY BRNO","og_description":"Spolek zalo\u017een\u00fd na podzim roku 2017 v Brn\u011b s my\u0161lenkou rozvoje a podpory um\u011bn\u00ed v oboru tane\u010dn\u00edm, v\u00fdtvarn\u00e9m, hudebn\u00edm, pohybov\u00e9m a sc\u00e9nick\u00e9m. Vedlo k tomu p\u0159esv\u011bd\u010den\u00ed zakl\u00e1daj\u00edc\u00edch \u010dlen\u016f tvo\u0159it tanec a sc\u00e9nick\u00e9 um\u011bn\u00ed ve m\u011bst\u011b kter\u00e9m \u017eijeme. J\u00e1dro Orbity tvo\u0159\u00ed \u0161est \u010dlen\u016f. Spojuje n\u00e1s z\u00e1jem o kulturn\u00ed a um\u011bleck\u00e9 \u010dinnosti, chu\u0165 se na nich pod\u00edlet [&hellip;]","og_url":"https:\/\/www.klaunika.eu\/?page_id=1637","og_site_name":"DIVADLO KLAUNIKY BRNO","og_image":[{"url":"http:\/\/www.klaunika.eu\/wp-content\/uploads\/2018\/08\/39040935_2152854491706956_324669729094500352_n.png","type":"","width":"","height":""}],"twitter_card":"summary_large_image","twitter_misc":{"Odhadovan\u00e1 doba \u010dten\u00ed":"1 minuta"},"schema":{"@context":"https:\/\/schema.org","@graph":[{"@type":"WebPage","@id":"https:\/\/www.klaunika.eu\/?page_id=1637","url":"https:\/\/www.klaunika.eu\/?page_id=1637","name":"BRN\u011aNSK\u00dd SPOLEK ORBITA - DIVADLO KLAUNIKY BRNO","isPartOf":{"@id":"https:\/\/www.klaunika.eu\/#website"},"primaryImageOfPage":{"@id":"https:\/\/www.klaunika.eu\/?page_id=1637#primaryimage"},"image":{"@id":"https:\/\/www.klaunika.eu\/?page_id=1637#primaryimage"},"thumbnailUrl":"http:\/\/www.klaunika.eu\/wp-content\/uploads\/2018\/08\/39040935_2152854491706956_324669729094500352_n.png","datePublished":"2018-08-31T00:42:06+00:00","breadcrumb":{"@id":"https:\/\/www.klaunika.eu\/?page_id=1637#breadcrumb"},"inLanguage":"cs","potentialAction":[{"@type":"ReadAction","target":["https:\/\/www.klaunika.eu\/?page_id=1637"]}]},{"@type":"ImageObject","inLanguage":"cs","@id":"https:\/\/www.klaunika.eu\/?page_id=1637#primaryimage","url":"http:\/\/www.klaunika.eu\/wp-content\/uploads\/2018\/08\/39040935_2152854491706956_324669729094500352_n.png","contentUrl":"http:\/\/www.klaunika.eu\/wp-content\/uploads\/2018\/08\/39040935_2152854491706956_324669729094500352_n.png"},{"@type":"BreadcrumbList","@id":"https:\/\/www.klaunika.eu\/?page_id=1637#breadcrumb","itemListElement":[{"@type":"ListItem","position":1,"name":"Dom\u016f","item":"https:\/\/www.klaunika.eu\/"},{"@type":"ListItem","position":2,"name":"BRN\u011aNSK\u00dd SPOLEK ORBITA"}]},{"@type":"WebSite","@id":"https:\/\/www.klaunika.eu\/#website","url":"https:\/\/www.klaunika.eu\/","name":"DIVADLO KLAUNIKY BRNO","description":"SOUKROM\u00c1 SC\u00c9NA HUMORU","publisher":{"@id":"https:\/\/www.klaunika.eu\/#organization"},"potentialAction":[{"@type":"SearchAction","target":{"@type":"EntryPoint","urlTemplate":"https:\/\/www.klaunika.eu\/?s={search_term_string}"},"query-input":{"@type":"PropertyValueSpecification","valueRequired":true,"valueName":"search_term_string"}}],"inLanguage":"cs"},{"@type":"Organization","@id":"https:\/\/www.klaunika.eu\/#organization","name":"DIVADLO KLAUNIKY BRNO","url":"https:\/\/www.klaunika.eu\/","logo":{"@type":"ImageObject","inLanguage":"cs","@id":"https:\/\/www.klaunika.eu\/#\/schema\/logo\/image\/","url":"https:\/\/www.klaunika.eu\/wp-content\/uploads\/2021\/11\/cropped-cropped-PSX_20211123_210259.jpg","contentUrl":"https:\/\/www.klaunika.eu\/wp-content\/uploads\/2021\/11\/cropped-cropped-PSX_20211123_210259.jpg","width":248,"height":248,"caption":"DIVADLO KLAUNIKY BRNO"},"image":{"@id":"https:\/\/www.klaunika.eu\/#\/schema\/logo\/image\/"}}]}},"_links":{"self":[{"href":"https:\/\/www.klaunika.eu\/index.php?rest_route=\/wp\/v2\/pages\/1637","targetHints":{"allow":["GET"]}}],"collection":[{"href":"https:\/\/www.klaunika.eu\/index.php?rest_route=\/wp\/v2\/pages"}],"about":[{"href":"https:\/\/www.klaunika.eu\/index.php?rest_route=\/wp\/v2\/types\/page"}],"author":[{"embeddable":true,"href":"https:\/\/www.klaunika.eu\/index.php?rest_route=\/wp\/v2\/users\/1"}],"replies":[{"embeddable":true,"href":"https:\/\/www.klaunika.eu\/index.php?rest_route=%2Fwp%2Fv2%2Fcomments&post=1637"}],"version-history":[{"count":1,"href":"https:\/\/www.klaunika.eu\/index.php?rest_route=\/wp\/v2\/pages\/1637\/revisions"}],"predecessor-version":[{"id":1641,"href":"https:\/\/www.klaunika.eu\/index.php?rest_route=\/wp\/v2\/pages\/1637\/revisions\/1641"}],"wp:attachment":[{"href":"https:\/\/www.klaunika.eu\/index.php?rest_route=%2Fwp%2Fv2%2Fmedia&parent=1637"}],"curies":[{"name":"wp","href":"https:\/\/api.w.org\/{rel}","templated":true}]}}