{"id":1624,"date":"2018-07-25T22:03:42","date_gmt":"2018-07-25T20:03:42","guid":{"rendered":"http:\/\/www.klaunika.eu\/?page_id=1624"},"modified":"2021-12-01T18:46:51","modified_gmt":"2021-12-01T17:46:51","slug":"quijotova-sedesatka-2018","status":"publish","type":"page","link":"https:\/\/www.klaunika.eu\/?page_id=1624","title":{"rendered":"QUIJOTOVA \u0160EDES\u00c1TKA 2018"},"content":{"rendered":"<p style=\"text-align: center;\"><em><strong>V. RO\u010cN\u00cdK<\/strong><\/em><\/p>\n<p style=\"text-align: center;\"><strong>LIPNICE NAD S\u00c1ZAVOU<\/strong><\/p>\n<p style=\"text-align: center;\"><span style=\"color: #ff0000;\"><strong>31. SRPNA &#8211; 1. Z\u00c1\u0158\u00cd 2018<\/strong><\/span><\/p>\n<p style=\"text-align: center;\"><a title=\"PROGRAM V. RO\u010cN\u00cdKU\" href=\"https:\/\/www.klaunika.eu\/?page_id=1656\">PROGRAM<\/a><!--\u00a0\u00a0\u00a0\u00a0\u00a0\u00a0\u00a0\u00a0\u00a0\u00a0\u00a0\u00a0\u00a0\u00a0\u00a0\u00a0\u00a0\u00a0\u00a0\u00a0\u00a0\u00a0\u00a0\u00a0\u00a0\u00a0\u00a0\u00a0\u00a0\u00a0\u00a0 <a title=\"PARTNE\u0158I FESTIVALU\" href=\"https:\/\/www.klaunika.eu\/?page_id=1429\">PARTNE\u0158I<\/a><\/p>\n\n\n\n--><\/p>\n<p style=\"text-align: center;\"><a href=\"https:\/\/www.klaunika.eu\/?page_id=2153\">FOTKY<\/a><\/p>\n<p style=\"text-align: justify;\">Leto\u0161n\u00ed V. ro\u010dn\u00edk festivalu p\u0159iprav\u00ed n\u011bkter\u00e9 vz\u00e1cn\u00e9 n\u00e1vraty a n\u011bkter\u00e9 naprost\u00e9 novinky! I leto\u0161n\u00ed ro\u010dn\u00edk je samoz\u0159ejm\u011b v\u011bnov\u00e1n integra\u010dn\u00ed a integrovan\u00e9 um\u011bleck\u00e9 tvorb\u011b.<\/p>\n<p style=\"text-align: justify;\">Po dvou letech tak znovu m\u016f\u017eeme na festivalu p\u0159iv\u00edtat soci\u00e1ln\u00ed divadlo <strong>Rozko\u0161 bez rizika<\/strong> s jejich novou autorskou hrou\u00a0<em>Kr\u00e1ska a bojovn\u00edk\u00a0a\u00a0<\/em>rovn\u011b\u017e po dvou letech n\u00e1s sv\u00fdm koncertem pot\u011b\u0161\u00ed chot\u011bbo\u0159sk\u00e1 integrovan\u00e1 kapela <b>BeneBend<em>.\u00a0<\/em><\/b><\/p>\n<p style=\"text-align: justify;\">Stejn\u011b jako loni tu budou poh\u00e1dky pro d\u011bti v pod\u00e1n\u00ed\u00a0<strong>Divadla Harmoniky\u00a0<\/strong><em>(Poh\u00e1dka o p\u00edsni\u010dce)\u00a0<\/em>a dua\u00a0<strong>BonneBart\u00a0<\/strong><em>(Miss brou\u010dek).\u00a0<\/em>Pro velk\u00fd lo\u0148sk\u00fd \u00fasp\u011bch budete moci i letos zhl\u00e9dnout i klaunick\u00e9 poh\u00e1dky pro dosp\u011bl\u00e9, tedy\u00a0<em>Poh\u00e1dky v hantecu.<\/em><\/p>\n<p style=\"text-align: justify;\">Po p\u011bti letech u n\u00e1s uv\u00edt\u00e1me jihlavsk\u00e9 <strong>Divadlo Na kope\u010dku<\/strong>, kter\u00e9 si z prvn\u00ed Quijotovy \u0161edes\u00e1tky odneslo v\u00edt\u011bznou cenu poroty v podob\u011b <strong>Zlat\u00e9ho Ha\u0161ka<\/strong>! Letos p\u0159ijedou s hrou Ivana Krause\u00a0<em>Poker bez esa.\u00a0<\/em><\/p>\n<p style=\"text-align: justify;\">Poprv\u00e9 s velkou radost\u00ed na festivalu uv\u00edt\u00e1me pra\u017esk\u00e9\u00a0<strong>Divadlo UJETO<\/strong>, jeho\u017e z\u00e1klad tvo\u0159\u00ed herci s ment\u00e1ln\u00edm hendikepem, a brn\u011bnsk\u00e9\u00a0<strong>Divadlo ALDENTE<\/strong>, kter\u00e9 se v sou\u010dasn\u00e9 dob\u011b v\u011bnuje p\u0159edev\u0161\u00edm projekt\u016fm s herci s Downov\u00fdm syndromem. D\u00e1le se m\u016f\u017eete t\u011b\u0161it na bratislavsk\u00e9\u00a0<strong>Divadlo BEZ DOMOVA\u00a0<\/strong>a brn\u011bnskou tane\u010dn\u00ed integrovanou skupinu\u00a0<strong>Orbita.\u00a0<\/strong>Teenager soubor\u00a0<strong>Mal\u00e1 Klaunika\u00a0<\/strong>zde p\u0159edstav\u00ed svou autorskou inscenaci inspirovanou \u017eivotem a d\u00edlem\u00a0<em>Andyho Warhola.\u00a0<\/em><\/p>\n<p style=\"text-align: justify;\">Pozv\u00e1n\u00ed p\u0159ijal rovn\u011b\u017e olomouck\u00fd folkov\u00fd p\u00edsni\u010dk\u00e1\u0159 <strong>NoSl\u00e1va. <\/strong>Samoz\u0159ejm\u011b nem\u016f\u017ee chyb\u011bt patron festivalu <strong>Jirka Vondr\u00e1k<\/strong> se sv\u00fdmi hosty. Letos ov\u0161em p\u0159iv\u00edt\u00e1me je\u0161t\u011b dal\u0161\u00ed exkluzivn\u00ed hosty z profesion\u00e1ln\u00ed hudebn\u00ed sc\u00e9ny, jako je\u00a0\u0161ansoni\u00e9rka\u00a0<strong>Dagmar Ubrov\u00e1\u00a0<\/strong>a fam\u00f3zn\u00ed kytarista\u00a0<strong>Milan Ka\u0161uba<\/strong>.<\/p>\n<p style=\"text-align: justify;\">Cel\u00fdm festivalem se jako \u010derven\u00e1 ni\u0165 bude prol\u00ednat\u00a0<strong>Don Quijote<\/strong>, inscenace, kter\u00e1 dala festivalu n\u00e1zev. Star\u00e9 i nov\u00e9 v\u011bci z jubilejn\u00ed inscenace, kter\u00e1 letos slav\u00ed <strong>30 let<\/strong> sv\u00e9 existence. Tradi\u010dn\u011b i netradi\u010dn\u011b pojat\u00e9, na tradi\u010dn\u00edch i netradi\u010dn\u00edch m\u00edstech. V\u017edy jen kousek a pokra\u010dov\u00e1n\u00ed jinde a v jin\u00e9m \u010dase!<\/p>\n<p style=\"text-align: justify;\">P\u0159ij\u010fte, t\u011b\u0161\u00edme se na V\u00e1s!<\/p>\n","protected":false},"excerpt":{"rendered":"<p>V. RO\u010cN\u00cdK LIPNICE NAD S\u00c1ZAVOU 31. SRPNA &#8211; 1. Z\u00c1\u0158\u00cd 2018 PROGRAM FOTKY Leto\u0161n\u00ed V. ro\u010dn\u00edk festivalu p\u0159iprav\u00ed n\u011bkter\u00e9 vz\u00e1cn\u00e9 n\u00e1vraty a n\u011bkter\u00e9 naprost\u00e9 novinky! I leto\u0161n\u00ed ro\u010dn\u00edk je samoz\u0159ejm\u011b v\u011bnov\u00e1n integra\u010dn\u00ed a integrovan\u00e9 um\u011bleck\u00e9 tvorb\u011b. Po dvou letech tak znovu m\u016f\u017eeme na festivalu p\u0159iv\u00edtat soci\u00e1ln\u00ed divadlo Rozko\u0161 bez rizika s jejich novou autorskou hrou\u00a0Kr\u00e1ska [&hellip;]<\/p>\n","protected":false},"author":1,"featured_media":1620,"parent":0,"menu_order":0,"comment_status":"closed","ping_status":"open","template":"","meta":{"footnotes":""},"class_list":["post-1624","page","type-page","status-publish","has-post-thumbnail","hentry"],"yoast_head":"<!-- This site is optimized with the Yoast SEO plugin v27.5 - https:\/\/yoast.com\/product\/yoast-seo-wordpress\/ -->\n<title>QUIJOTOVA \u0160EDES\u00c1TKA 2018 - DIVADLO KLAUNIKY BRNO<\/title>\n<meta name=\"robots\" content=\"index, follow, max-snippet:-1, max-image-preview:large, max-video-preview:-1\" \/>\n<link rel=\"canonical\" href=\"https:\/\/www.klaunika.eu\/?page_id=1624\" \/>\n<meta property=\"og:locale\" content=\"cs_CZ\" \/>\n<meta property=\"og:type\" content=\"article\" \/>\n<meta property=\"og:title\" content=\"QUIJOTOVA \u0160EDES\u00c1TKA 2018 - DIVADLO KLAUNIKY BRNO\" \/>\n<meta property=\"og:description\" content=\"V. RO\u010cN\u00cdK LIPNICE NAD S\u00c1ZAVOU 31. SRPNA &#8211; 1. Z\u00c1\u0158\u00cd 2018 PROGRAM FOTKY Leto\u0161n\u00ed V. ro\u010dn\u00edk festivalu p\u0159iprav\u00ed n\u011bkter\u00e9 vz\u00e1cn\u00e9 n\u00e1vraty a n\u011bkter\u00e9 naprost\u00e9 novinky! I leto\u0161n\u00ed ro\u010dn\u00edk je samoz\u0159ejm\u011b v\u011bnov\u00e1n integra\u010dn\u00ed a integrovan\u00e9 um\u011bleck\u00e9 tvorb\u011b. Po dvou letech tak znovu m\u016f\u017eeme na festivalu p\u0159iv\u00edtat soci\u00e1ln\u00ed divadlo Rozko\u0161 bez rizika s jejich novou autorskou hrou\u00a0Kr\u00e1ska [&hellip;]\" \/>\n<meta property=\"og:url\" content=\"https:\/\/www.klaunika.eu\/?page_id=1624\" \/>\n<meta property=\"og:site_name\" content=\"DIVADLO KLAUNIKY BRNO\" \/>\n<meta property=\"article:modified_time\" content=\"2021-12-01T17:46:51+00:00\" \/>\n<meta property=\"og:image\" content=\"https:\/\/www.klaunika.eu\/wp-content\/uploads\/2015\/05\/31963974_1701927603219302_7265304091650162688_o-e1637791269526.jpg\" \/>\n\t<meta property=\"og:image:width\" content=\"1046\" \/>\n\t<meta property=\"og:image:height\" content=\"112\" \/>\n\t<meta property=\"og:image:type\" content=\"image\/jpeg\" \/>\n<meta name=\"twitter:card\" content=\"summary_large_image\" \/>\n<meta name=\"twitter:label1\" content=\"Odhadovan\u00e1 doba \u010dten\u00ed\" \/>\n\t<meta name=\"twitter:data1\" content=\"2 minuty\" \/>\n<script type=\"application\/ld+json\" class=\"yoast-schema-graph\">{\"@context\":\"https:\\\/\\\/schema.org\",\"@graph\":[{\"@type\":\"WebPage\",\"@id\":\"https:\\\/\\\/www.klaunika.eu\\\/?page_id=1624\",\"url\":\"https:\\\/\\\/www.klaunika.eu\\\/?page_id=1624\",\"name\":\"QUIJOTOVA \u0160EDES\u00c1TKA 2018 - DIVADLO KLAUNIKY BRNO\",\"isPartOf\":{\"@id\":\"https:\\\/\\\/www.klaunika.eu\\\/#website\"},\"primaryImageOfPage\":{\"@id\":\"https:\\\/\\\/www.klaunika.eu\\\/?page_id=1624#primaryimage\"},\"image\":{\"@id\":\"https:\\\/\\\/www.klaunika.eu\\\/?page_id=1624#primaryimage\"},\"thumbnailUrl\":\"https:\\\/\\\/www.klaunika.eu\\\/wp-content\\\/uploads\\\/2015\\\/05\\\/31963974_1701927603219302_7265304091650162688_o-e1637791269526.jpg\",\"datePublished\":\"2018-07-25T20:03:42+00:00\",\"dateModified\":\"2021-12-01T17:46:51+00:00\",\"breadcrumb\":{\"@id\":\"https:\\\/\\\/www.klaunika.eu\\\/?page_id=1624#breadcrumb\"},\"inLanguage\":\"cs\",\"potentialAction\":[{\"@type\":\"ReadAction\",\"target\":[\"https:\\\/\\\/www.klaunika.eu\\\/?page_id=1624\"]}]},{\"@type\":\"ImageObject\",\"inLanguage\":\"cs\",\"@id\":\"https:\\\/\\\/www.klaunika.eu\\\/?page_id=1624#primaryimage\",\"url\":\"https:\\\/\\\/www.klaunika.eu\\\/wp-content\\\/uploads\\\/2015\\\/05\\\/31963974_1701927603219302_7265304091650162688_o-e1637791269526.jpg\",\"contentUrl\":\"https:\\\/\\\/www.klaunika.eu\\\/wp-content\\\/uploads\\\/2015\\\/05\\\/31963974_1701927603219302_7265304091650162688_o-e1637791269526.jpg\",\"width\":1046,\"height\":112},{\"@type\":\"BreadcrumbList\",\"@id\":\"https:\\\/\\\/www.klaunika.eu\\\/?page_id=1624#breadcrumb\",\"itemListElement\":[{\"@type\":\"ListItem\",\"position\":1,\"name\":\"Dom\u016f\",\"item\":\"https:\\\/\\\/www.klaunika.eu\\\/\"},{\"@type\":\"ListItem\",\"position\":2,\"name\":\"QUIJOTOVA \u0160EDES\u00c1TKA 2018\"}]},{\"@type\":\"WebSite\",\"@id\":\"https:\\\/\\\/www.klaunika.eu\\\/#website\",\"url\":\"https:\\\/\\\/www.klaunika.eu\\\/\",\"name\":\"DIVADLO KLAUNIKY BRNO\",\"description\":\"SOUKROM\u00c1 SC\u00c9NA HUMORU\",\"publisher\":{\"@id\":\"https:\\\/\\\/www.klaunika.eu\\\/#organization\"},\"potentialAction\":[{\"@type\":\"SearchAction\",\"target\":{\"@type\":\"EntryPoint\",\"urlTemplate\":\"https:\\\/\\\/www.klaunika.eu\\\/?s={search_term_string}\"},\"query-input\":{\"@type\":\"PropertyValueSpecification\",\"valueRequired\":true,\"valueName\":\"search_term_string\"}}],\"inLanguage\":\"cs\"},{\"@type\":\"Organization\",\"@id\":\"https:\\\/\\\/www.klaunika.eu\\\/#organization\",\"name\":\"DIVADLO KLAUNIKY BRNO\",\"url\":\"https:\\\/\\\/www.klaunika.eu\\\/\",\"logo\":{\"@type\":\"ImageObject\",\"inLanguage\":\"cs\",\"@id\":\"https:\\\/\\\/www.klaunika.eu\\\/#\\\/schema\\\/logo\\\/image\\\/\",\"url\":\"https:\\\/\\\/www.klaunika.eu\\\/wp-content\\\/uploads\\\/2021\\\/11\\\/cropped-cropped-PSX_20211123_210259.jpg\",\"contentUrl\":\"https:\\\/\\\/www.klaunika.eu\\\/wp-content\\\/uploads\\\/2021\\\/11\\\/cropped-cropped-PSX_20211123_210259.jpg\",\"width\":248,\"height\":248,\"caption\":\"DIVADLO KLAUNIKY BRNO\"},\"image\":{\"@id\":\"https:\\\/\\\/www.klaunika.eu\\\/#\\\/schema\\\/logo\\\/image\\\/\"}}]}<\/script>\n<!-- \/ Yoast SEO plugin. -->","yoast_head_json":{"title":"QUIJOTOVA \u0160EDES\u00c1TKA 2018 - DIVADLO KLAUNIKY BRNO","robots":{"index":"index","follow":"follow","max-snippet":"max-snippet:-1","max-image-preview":"max-image-preview:large","max-video-preview":"max-video-preview:-1"},"canonical":"https:\/\/www.klaunika.eu\/?page_id=1624","og_locale":"cs_CZ","og_type":"article","og_title":"QUIJOTOVA \u0160EDES\u00c1TKA 2018 - DIVADLO KLAUNIKY BRNO","og_description":"V. RO\u010cN\u00cdK LIPNICE NAD S\u00c1ZAVOU 31. SRPNA &#8211; 1. Z\u00c1\u0158\u00cd 2018 PROGRAM FOTKY Leto\u0161n\u00ed V. ro\u010dn\u00edk festivalu p\u0159iprav\u00ed n\u011bkter\u00e9 vz\u00e1cn\u00e9 n\u00e1vraty a n\u011bkter\u00e9 naprost\u00e9 novinky! I leto\u0161n\u00ed ro\u010dn\u00edk je samoz\u0159ejm\u011b v\u011bnov\u00e1n integra\u010dn\u00ed a integrovan\u00e9 um\u011bleck\u00e9 tvorb\u011b. Po dvou letech tak znovu m\u016f\u017eeme na festivalu p\u0159iv\u00edtat soci\u00e1ln\u00ed divadlo Rozko\u0161 bez rizika s jejich novou autorskou hrou\u00a0Kr\u00e1ska [&hellip;]","og_url":"https:\/\/www.klaunika.eu\/?page_id=1624","og_site_name":"DIVADLO KLAUNIKY BRNO","article_modified_time":"2021-12-01T17:46:51+00:00","og_image":[{"width":1046,"height":112,"url":"https:\/\/www.klaunika.eu\/wp-content\/uploads\/2015\/05\/31963974_1701927603219302_7265304091650162688_o-e1637791269526.jpg","type":"image\/jpeg"}],"twitter_card":"summary_large_image","twitter_misc":{"Odhadovan\u00e1 doba \u010dten\u00ed":"2 minuty"},"schema":{"@context":"https:\/\/schema.org","@graph":[{"@type":"WebPage","@id":"https:\/\/www.klaunika.eu\/?page_id=1624","url":"https:\/\/www.klaunika.eu\/?page_id=1624","name":"QUIJOTOVA \u0160EDES\u00c1TKA 2018 - DIVADLO KLAUNIKY BRNO","isPartOf":{"@id":"https:\/\/www.klaunika.eu\/#website"},"primaryImageOfPage":{"@id":"https:\/\/www.klaunika.eu\/?page_id=1624#primaryimage"},"image":{"@id":"https:\/\/www.klaunika.eu\/?page_id=1624#primaryimage"},"thumbnailUrl":"https:\/\/www.klaunika.eu\/wp-content\/uploads\/2015\/05\/31963974_1701927603219302_7265304091650162688_o-e1637791269526.jpg","datePublished":"2018-07-25T20:03:42+00:00","dateModified":"2021-12-01T17:46:51+00:00","breadcrumb":{"@id":"https:\/\/www.klaunika.eu\/?page_id=1624#breadcrumb"},"inLanguage":"cs","potentialAction":[{"@type":"ReadAction","target":["https:\/\/www.klaunika.eu\/?page_id=1624"]}]},{"@type":"ImageObject","inLanguage":"cs","@id":"https:\/\/www.klaunika.eu\/?page_id=1624#primaryimage","url":"https:\/\/www.klaunika.eu\/wp-content\/uploads\/2015\/05\/31963974_1701927603219302_7265304091650162688_o-e1637791269526.jpg","contentUrl":"https:\/\/www.klaunika.eu\/wp-content\/uploads\/2015\/05\/31963974_1701927603219302_7265304091650162688_o-e1637791269526.jpg","width":1046,"height":112},{"@type":"BreadcrumbList","@id":"https:\/\/www.klaunika.eu\/?page_id=1624#breadcrumb","itemListElement":[{"@type":"ListItem","position":1,"name":"Dom\u016f","item":"https:\/\/www.klaunika.eu\/"},{"@type":"ListItem","position":2,"name":"QUIJOTOVA \u0160EDES\u00c1TKA 2018"}]},{"@type":"WebSite","@id":"https:\/\/www.klaunika.eu\/#website","url":"https:\/\/www.klaunika.eu\/","name":"DIVADLO KLAUNIKY BRNO","description":"SOUKROM\u00c1 SC\u00c9NA HUMORU","publisher":{"@id":"https:\/\/www.klaunika.eu\/#organization"},"potentialAction":[{"@type":"SearchAction","target":{"@type":"EntryPoint","urlTemplate":"https:\/\/www.klaunika.eu\/?s={search_term_string}"},"query-input":{"@type":"PropertyValueSpecification","valueRequired":true,"valueName":"search_term_string"}}],"inLanguage":"cs"},{"@type":"Organization","@id":"https:\/\/www.klaunika.eu\/#organization","name":"DIVADLO KLAUNIKY BRNO","url":"https:\/\/www.klaunika.eu\/","logo":{"@type":"ImageObject","inLanguage":"cs","@id":"https:\/\/www.klaunika.eu\/#\/schema\/logo\/image\/","url":"https:\/\/www.klaunika.eu\/wp-content\/uploads\/2021\/11\/cropped-cropped-PSX_20211123_210259.jpg","contentUrl":"https:\/\/www.klaunika.eu\/wp-content\/uploads\/2021\/11\/cropped-cropped-PSX_20211123_210259.jpg","width":248,"height":248,"caption":"DIVADLO KLAUNIKY BRNO"},"image":{"@id":"https:\/\/www.klaunika.eu\/#\/schema\/logo\/image\/"}}]}},"_links":{"self":[{"href":"https:\/\/www.klaunika.eu\/index.php?rest_route=\/wp\/v2\/pages\/1624","targetHints":{"allow":["GET"]}}],"collection":[{"href":"https:\/\/www.klaunika.eu\/index.php?rest_route=\/wp\/v2\/pages"}],"about":[{"href":"https:\/\/www.klaunika.eu\/index.php?rest_route=\/wp\/v2\/types\/page"}],"author":[{"embeddable":true,"href":"https:\/\/www.klaunika.eu\/index.php?rest_route=\/wp\/v2\/users\/1"}],"replies":[{"embeddable":true,"href":"https:\/\/www.klaunika.eu\/index.php?rest_route=%2Fwp%2Fv2%2Fcomments&post=1624"}],"version-history":[{"count":9,"href":"https:\/\/www.klaunika.eu\/index.php?rest_route=\/wp\/v2\/pages\/1624\/revisions"}],"predecessor-version":[{"id":2177,"href":"https:\/\/www.klaunika.eu\/index.php?rest_route=\/wp\/v2\/pages\/1624\/revisions\/2177"}],"wp:featuredmedia":[{"embeddable":true,"href":"https:\/\/www.klaunika.eu\/index.php?rest_route=\/wp\/v2\/media\/1620"}],"wp:attachment":[{"href":"https:\/\/www.klaunika.eu\/index.php?rest_route=%2Fwp%2Fv2%2Fmedia&parent=1624"}],"curies":[{"name":"wp","href":"https:\/\/api.w.org\/{rel}","templated":true}]}}