{"id":1611,"date":"2017-08-15T20:29:11","date_gmt":"2017-08-15T18:29:11","guid":{"rendered":"http:\/\/www.klaunika.eu\/?page_id=1611"},"modified":"2018-01-25T10:25:48","modified_gmt":"2018-01-25T09:25:48","slug":"program-iv-rocniku","status":"publish","type":"page","link":"https:\/\/www.klaunika.eu\/?page_id=1611","title":{"rendered":"PROGRAM IV. RO\u010cN\u00cdKU"},"content":{"rendered":"<pre>Festival se kon\u00e1 s finan\u010dn\u00ed podporou Ministerstva kultury \u010cR.<\/pre>\n<p><span style=\"text-decoration: underline;\"><strong>P\u00e1tek 1. z\u00e1\u0159\u00ed 2017<\/strong><\/span><\/p>\n<p><strong>15,30 h \u00a0\u00a0\u00a0\u00a0\u00a0\u00a0\u00a0 Zahajovac\u00ed pr\u016fvod masek, ma\u0161kar a ob\u0159\u00edch loutek<\/strong><\/p>\n<p><strong>16,00 h \u00a0\u00a0\u00a0\u00a0\u00a0\u00a0\u00a0 Marek Vojt\u011bch: <em>Kouzeln\u00fd hrnec<\/em>, poh\u00e1dka (hrad)<\/strong><\/p>\n<p><strong>17,00 h \u00a0\u00a0\u00a0\u00a0\u00a0\u00a0\u00a0 Vernis\u00e1\u017e soch Lenky Mor\u00e1vkov\u00e9 a obraz\u016f Ivany \u00a0 \u00a0 Synkov\u00e9 (hrad)<\/strong><\/p>\n<p><strong>17,30 h \u00a0\u00a0\u00a0\u00a0\u00a0\u00a0\u00a0 Hands Dance: P\u00edsn\u011b pro nesly\u0161\u00edc\u00ed (hrad)<\/strong><\/p>\n<p><strong>18,00 h \u00a0\u00a0\u00a0\u00a0\u00a0\u00a0\u00a0 Divadlo J\u00e1ry Pokojsk\u00e9ho: <em>Pavil\u00f3n pro svobodn\u00e9 \u00a0 p\u00e1ny aneb neuv\u011b\u0159iteln\u00e1 slu\u017eba asistenta Kocourka, <\/em>p\u0159edstaven\u00ed brn\u011bnsk\u00e9 integrovan\u00e9 ochotnick\u00e9 tlupy s\u00a0herci na voz\u00edku i bez (amfite\u00e1tr)<\/strong><\/p>\n<p><strong>20,00 h \u00a0\u00a0\u00a0\u00a0\u00a0\u00a0\u00a0 Proty boty: vystoupen\u00ed integrovan\u00e9ho tane\u010dn\u00edho souboru (amfite\u00e1tr)<\/strong><\/p>\n<p><strong>20,40 h \u00a0\u00a0\u00a0\u00a0\u00a0\u00a0\u00a0 M\u00e1\u0161a Kub\u00e1tov\u00e1: \u0160ansony (kostel)<\/strong><\/p>\n<p><strong>21,40 h \u00a0\u00a0\u00a0\u00a0\u00a0\u00a0\u00a0 Alda Makovec: Balady (kostel)<\/strong><\/p>\n<p><strong>23,00 h \u00a0\u00a0\u00a0\u00a0\u00a0\u00a0\u00a0 Prom\u00edt\u00e1n\u00ed filmu Robina Kvapila <em>V\u0161echno bude fajn \u2013 <\/em>laskav\u011b anarchistick\u00fd film brn\u011bnsk\u00e9ho dokumentaristy, v\u00a0hlavn\u00ed roli m\u011bsto Brno (amfite\u00e1tr)<\/strong><\/p>\n<p><span style=\"text-decoration: underline;\"><strong>Sobota 2. z\u00e1\u0159\u00ed 2017<\/strong><\/span><\/p>\n<p><strong>15,00 h\u00a0\u00a0\u00a0\u00a0\u00a0\u00a0\u00a0\u00a0 DramD\u00edlna: <em>Kouzeln\u00fd koberec<\/em> &#8211; pohybov\u00e9 etudy integra\u010dn\u00edho souboru pod veden\u00edm Ji\u0159\u00edho Priessnitze (amfite\u00e1tr n. hrad)<\/strong><\/p>\n<p><strong>16,00 h\u00a0\u00a0\u00a0\u00a0\u00a0\u00a0\u00a0\u00a0 BonneB art.: <em>\u0160kola \u010dar a kouzel, <\/em>poh\u00e1dka (hrad n. amfite\u00e1tr)<\/strong><\/p>\n<p><strong>17,00 h \u00a0\u00a0\u00a0\u00a0\u00a0\u00a0\u00a0 ADIVADLO: <em>Zem\u011b poklad\u016f, <\/em>p\u0159edstaven\u00ed havl\u00ed\u010dkobrodsk\u00e9ho ochotnick\u00e9ho divadla (hrad)<\/strong><\/p>\n<p><strong>18,00 h \u00a0\u00a0\u00a0\u00a0\u00a0\u00a0\u00a0 Divadlo Klauniky: <em>Poh\u00e1dky v\u00a0hantecu<\/em> &#8211; p\u0159edstaven\u00ed integra\u010dn\u00edho souboru (amfite\u00e1tr)<\/strong><\/p>\n<p><strong>20,00 h \u00a0\u00a0\u00a0\u00a0\u00a0\u00a0\u00a0 Ji\u0159\u00ed Vondr\u00e1k &amp; host\u00e9 &#8211; koncert p\u00edsni\u010dk\u00e1\u0159e Ji\u0159\u00edho Vondr\u00e1ka a jeho dvou host\u016f Antoni Murack\u00e9ho &#8211; PL a Alexeje Kudrjavceva &#8211; RU, (amfite\u00e1tr)<\/strong><\/p>\n<p><strong>21,00 h \u00a0\u00a0\u00a0\u00a0\u00a0\u00a0\u00a0 Hudebn\u011b-divadeln\u00ed blok:\u00a0 Bolek Pol\u00edvka, Hana a Petr Ulrychovi, Zden\u011bk Kor\u010di\u00e1n, And\u011blsk\u00fd kabaret Divadla Klauniky (amfite\u00e1tr)<\/strong><\/p>\n<p><strong>23,30 h \u00a0\u00a0\u00a0\u00a0\u00a0\u00a0\u00a0 Happening:\u00a0 <em>P\u016flno\u010dn\u00ed \u00a0exhumaniza\u010dn\u00ed \u00a0pochod za Jaroslava Ha\u0161ka<\/em> \u00a0\u00a0(h\u0159bitov)<\/strong><\/p>\n<p><strong>\u00a0<\/strong><\/p>\n<p><strong>Festival pr\u016fb\u011b\u017en\u011b protk\u00e1 autorsk\u00e9 \u010dten\u00ed (Marie \u010cmel\u00edkov\u00e1, Otakar Vejrosta, Franti\u0161ek \u0160afr\u00e1nek, Dominik \u0160imon) a v\u00fdtvarn\u00fd happening na sk\u00e1le v amfite\u00e1tru (Pavel V\u00e1gner), rovn\u011b\u017e tak\u00e9 v\u00fdtvarn\u00e1 tvorba autistick\u00e9ho mal\u00ed\u0159e Vojt\u011bcha \u0160\u016fry.<\/strong><\/p>\n","protected":false},"excerpt":{"rendered":"<p>Festival se kon\u00e1 s finan\u010dn\u00ed podporou Ministerstva kultury \u010cR. P\u00e1tek 1. z\u00e1\u0159\u00ed 2017 15,30 h \u00a0\u00a0\u00a0\u00a0\u00a0\u00a0\u00a0 Zahajovac\u00ed pr\u016fvod masek, ma\u0161kar a ob\u0159\u00edch loutek 16,00 h \u00a0\u00a0\u00a0\u00a0\u00a0\u00a0\u00a0 Marek Vojt\u011bch: Kouzeln\u00fd hrnec, poh\u00e1dka (hrad) 17,00 h \u00a0\u00a0\u00a0\u00a0\u00a0\u00a0\u00a0 Vernis\u00e1\u017e soch Lenky Mor\u00e1vkov\u00e9 a obraz\u016f Ivany \u00a0 \u00a0 Synkov\u00e9 (hrad) 17,30 h \u00a0\u00a0\u00a0\u00a0\u00a0\u00a0\u00a0 Hands Dance: P\u00edsn\u011b pro nesly\u0161\u00edc\u00ed (hrad) [&hellip;]<\/p>\n","protected":false},"author":1,"featured_media":1603,"parent":0,"menu_order":0,"comment_status":"closed","ping_status":"open","template":"","meta":{"footnotes":""},"class_list":["post-1611","page","type-page","status-publish","has-post-thumbnail","hentry"],"yoast_head":"<!-- This site is optimized with the Yoast SEO plugin v27.5 - https:\/\/yoast.com\/product\/yoast-seo-wordpress\/ -->\n<title>PROGRAM IV. RO\u010cN\u00cdKU - DIVADLO KLAUNIKY BRNO<\/title>\n<meta name=\"robots\" content=\"index, follow, max-snippet:-1, max-image-preview:large, max-video-preview:-1\" \/>\n<link rel=\"canonical\" href=\"https:\/\/www.klaunika.eu\/?page_id=1611\" \/>\n<meta property=\"og:locale\" content=\"cs_CZ\" \/>\n<meta property=\"og:type\" content=\"article\" \/>\n<meta property=\"og:title\" content=\"PROGRAM IV. RO\u010cN\u00cdKU - DIVADLO KLAUNIKY BRNO\" \/>\n<meta property=\"og:description\" content=\"Festival se kon\u00e1 s finan\u010dn\u00ed podporou Ministerstva kultury \u010cR. P\u00e1tek 1. z\u00e1\u0159\u00ed 2017 15,30 h \u00a0\u00a0\u00a0\u00a0\u00a0\u00a0\u00a0 Zahajovac\u00ed pr\u016fvod masek, ma\u0161kar a ob\u0159\u00edch loutek 16,00 h \u00a0\u00a0\u00a0\u00a0\u00a0\u00a0\u00a0 Marek Vojt\u011bch: Kouzeln\u00fd hrnec, poh\u00e1dka (hrad) 17,00 h \u00a0\u00a0\u00a0\u00a0\u00a0\u00a0\u00a0 Vernis\u00e1\u017e soch Lenky Mor\u00e1vkov\u00e9 a obraz\u016f Ivany \u00a0 \u00a0 Synkov\u00e9 (hrad) 17,30 h \u00a0\u00a0\u00a0\u00a0\u00a0\u00a0\u00a0 Hands Dance: P\u00edsn\u011b pro nesly\u0161\u00edc\u00ed (hrad) [&hellip;]\" \/>\n<meta property=\"og:url\" content=\"https:\/\/www.klaunika.eu\/?page_id=1611\" \/>\n<meta property=\"og:site_name\" content=\"DIVADLO KLAUNIKY BRNO\" \/>\n<meta property=\"article:modified_time\" content=\"2018-01-25T09:25:48+00:00\" \/>\n<meta property=\"og:image\" content=\"https:\/\/www.klaunika.eu\/wp-content\/uploads\/2015\/05\/20614445_10210148985745274_1067800066_n.jpg\" \/>\n\t<meta property=\"og:image:width\" content=\"664\" \/>\n\t<meta property=\"og:image:height\" content=\"322\" \/>\n\t<meta property=\"og:image:type\" content=\"image\/jpeg\" \/>\n<meta name=\"twitter:card\" content=\"summary_large_image\" \/>\n<meta name=\"twitter:label1\" content=\"Odhadovan\u00e1 doba \u010dten\u00ed\" \/>\n\t<meta name=\"twitter:data1\" content=\"2 minuty\" \/>\n<script type=\"application\/ld+json\" class=\"yoast-schema-graph\">{\"@context\":\"https:\\\/\\\/schema.org\",\"@graph\":[{\"@type\":\"WebPage\",\"@id\":\"https:\\\/\\\/www.klaunika.eu\\\/?page_id=1611\",\"url\":\"https:\\\/\\\/www.klaunika.eu\\\/?page_id=1611\",\"name\":\"PROGRAM IV. RO\u010cN\u00cdKU - DIVADLO KLAUNIKY BRNO\",\"isPartOf\":{\"@id\":\"https:\\\/\\\/www.klaunika.eu\\\/#website\"},\"primaryImageOfPage\":{\"@id\":\"https:\\\/\\\/www.klaunika.eu\\\/?page_id=1611#primaryimage\"},\"image\":{\"@id\":\"https:\\\/\\\/www.klaunika.eu\\\/?page_id=1611#primaryimage\"},\"thumbnailUrl\":\"https:\\\/\\\/www.klaunika.eu\\\/wp-content\\\/uploads\\\/2015\\\/05\\\/20614445_10210148985745274_1067800066_n.jpg\",\"datePublished\":\"2017-08-15T18:29:11+00:00\",\"dateModified\":\"2018-01-25T09:25:48+00:00\",\"breadcrumb\":{\"@id\":\"https:\\\/\\\/www.klaunika.eu\\\/?page_id=1611#breadcrumb\"},\"inLanguage\":\"cs\",\"potentialAction\":[{\"@type\":\"ReadAction\",\"target\":[\"https:\\\/\\\/www.klaunika.eu\\\/?page_id=1611\"]}]},{\"@type\":\"ImageObject\",\"inLanguage\":\"cs\",\"@id\":\"https:\\\/\\\/www.klaunika.eu\\\/?page_id=1611#primaryimage\",\"url\":\"https:\\\/\\\/www.klaunika.eu\\\/wp-content\\\/uploads\\\/2015\\\/05\\\/20614445_10210148985745274_1067800066_n.jpg\",\"contentUrl\":\"https:\\\/\\\/www.klaunika.eu\\\/wp-content\\\/uploads\\\/2015\\\/05\\\/20614445_10210148985745274_1067800066_n.jpg\",\"width\":664,\"height\":322},{\"@type\":\"BreadcrumbList\",\"@id\":\"https:\\\/\\\/www.klaunika.eu\\\/?page_id=1611#breadcrumb\",\"itemListElement\":[{\"@type\":\"ListItem\",\"position\":1,\"name\":\"Dom\u016f\",\"item\":\"https:\\\/\\\/www.klaunika.eu\\\/\"},{\"@type\":\"ListItem\",\"position\":2,\"name\":\"PROGRAM IV. RO\u010cN\u00cdKU\"}]},{\"@type\":\"WebSite\",\"@id\":\"https:\\\/\\\/www.klaunika.eu\\\/#website\",\"url\":\"https:\\\/\\\/www.klaunika.eu\\\/\",\"name\":\"DIVADLO KLAUNIKY BRNO\",\"description\":\"SOUKROM\u00c1 SC\u00c9NA HUMORU\",\"publisher\":{\"@id\":\"https:\\\/\\\/www.klaunika.eu\\\/#organization\"},\"potentialAction\":[{\"@type\":\"SearchAction\",\"target\":{\"@type\":\"EntryPoint\",\"urlTemplate\":\"https:\\\/\\\/www.klaunika.eu\\\/?s={search_term_string}\"},\"query-input\":{\"@type\":\"PropertyValueSpecification\",\"valueRequired\":true,\"valueName\":\"search_term_string\"}}],\"inLanguage\":\"cs\"},{\"@type\":\"Organization\",\"@id\":\"https:\\\/\\\/www.klaunika.eu\\\/#organization\",\"name\":\"DIVADLO KLAUNIKY BRNO\",\"url\":\"https:\\\/\\\/www.klaunika.eu\\\/\",\"logo\":{\"@type\":\"ImageObject\",\"inLanguage\":\"cs\",\"@id\":\"https:\\\/\\\/www.klaunika.eu\\\/#\\\/schema\\\/logo\\\/image\\\/\",\"url\":\"https:\\\/\\\/www.klaunika.eu\\\/wp-content\\\/uploads\\\/2021\\\/11\\\/cropped-cropped-PSX_20211123_210259.jpg\",\"contentUrl\":\"https:\\\/\\\/www.klaunika.eu\\\/wp-content\\\/uploads\\\/2021\\\/11\\\/cropped-cropped-PSX_20211123_210259.jpg\",\"width\":248,\"height\":248,\"caption\":\"DIVADLO KLAUNIKY BRNO\"},\"image\":{\"@id\":\"https:\\\/\\\/www.klaunika.eu\\\/#\\\/schema\\\/logo\\\/image\\\/\"}}]}<\/script>\n<!-- \/ Yoast SEO plugin. -->","yoast_head_json":{"title":"PROGRAM IV. RO\u010cN\u00cdKU - DIVADLO KLAUNIKY BRNO","robots":{"index":"index","follow":"follow","max-snippet":"max-snippet:-1","max-image-preview":"max-image-preview:large","max-video-preview":"max-video-preview:-1"},"canonical":"https:\/\/www.klaunika.eu\/?page_id=1611","og_locale":"cs_CZ","og_type":"article","og_title":"PROGRAM IV. RO\u010cN\u00cdKU - DIVADLO KLAUNIKY BRNO","og_description":"Festival se kon\u00e1 s finan\u010dn\u00ed podporou Ministerstva kultury \u010cR. P\u00e1tek 1. z\u00e1\u0159\u00ed 2017 15,30 h \u00a0\u00a0\u00a0\u00a0\u00a0\u00a0\u00a0 Zahajovac\u00ed pr\u016fvod masek, ma\u0161kar a ob\u0159\u00edch loutek 16,00 h \u00a0\u00a0\u00a0\u00a0\u00a0\u00a0\u00a0 Marek Vojt\u011bch: Kouzeln\u00fd hrnec, poh\u00e1dka (hrad) 17,00 h \u00a0\u00a0\u00a0\u00a0\u00a0\u00a0\u00a0 Vernis\u00e1\u017e soch Lenky Mor\u00e1vkov\u00e9 a obraz\u016f Ivany \u00a0 \u00a0 Synkov\u00e9 (hrad) 17,30 h \u00a0\u00a0\u00a0\u00a0\u00a0\u00a0\u00a0 Hands Dance: P\u00edsn\u011b pro nesly\u0161\u00edc\u00ed (hrad) [&hellip;]","og_url":"https:\/\/www.klaunika.eu\/?page_id=1611","og_site_name":"DIVADLO KLAUNIKY BRNO","article_modified_time":"2018-01-25T09:25:48+00:00","og_image":[{"width":664,"height":322,"url":"https:\/\/www.klaunika.eu\/wp-content\/uploads\/2015\/05\/20614445_10210148985745274_1067800066_n.jpg","type":"image\/jpeg"}],"twitter_card":"summary_large_image","twitter_misc":{"Odhadovan\u00e1 doba \u010dten\u00ed":"2 minuty"},"schema":{"@context":"https:\/\/schema.org","@graph":[{"@type":"WebPage","@id":"https:\/\/www.klaunika.eu\/?page_id=1611","url":"https:\/\/www.klaunika.eu\/?page_id=1611","name":"PROGRAM IV. RO\u010cN\u00cdKU - DIVADLO KLAUNIKY BRNO","isPartOf":{"@id":"https:\/\/www.klaunika.eu\/#website"},"primaryImageOfPage":{"@id":"https:\/\/www.klaunika.eu\/?page_id=1611#primaryimage"},"image":{"@id":"https:\/\/www.klaunika.eu\/?page_id=1611#primaryimage"},"thumbnailUrl":"https:\/\/www.klaunika.eu\/wp-content\/uploads\/2015\/05\/20614445_10210148985745274_1067800066_n.jpg","datePublished":"2017-08-15T18:29:11+00:00","dateModified":"2018-01-25T09:25:48+00:00","breadcrumb":{"@id":"https:\/\/www.klaunika.eu\/?page_id=1611#breadcrumb"},"inLanguage":"cs","potentialAction":[{"@type":"ReadAction","target":["https:\/\/www.klaunika.eu\/?page_id=1611"]}]},{"@type":"ImageObject","inLanguage":"cs","@id":"https:\/\/www.klaunika.eu\/?page_id=1611#primaryimage","url":"https:\/\/www.klaunika.eu\/wp-content\/uploads\/2015\/05\/20614445_10210148985745274_1067800066_n.jpg","contentUrl":"https:\/\/www.klaunika.eu\/wp-content\/uploads\/2015\/05\/20614445_10210148985745274_1067800066_n.jpg","width":664,"height":322},{"@type":"BreadcrumbList","@id":"https:\/\/www.klaunika.eu\/?page_id=1611#breadcrumb","itemListElement":[{"@type":"ListItem","position":1,"name":"Dom\u016f","item":"https:\/\/www.klaunika.eu\/"},{"@type":"ListItem","position":2,"name":"PROGRAM IV. RO\u010cN\u00cdKU"}]},{"@type":"WebSite","@id":"https:\/\/www.klaunika.eu\/#website","url":"https:\/\/www.klaunika.eu\/","name":"DIVADLO KLAUNIKY BRNO","description":"SOUKROM\u00c1 SC\u00c9NA HUMORU","publisher":{"@id":"https:\/\/www.klaunika.eu\/#organization"},"potentialAction":[{"@type":"SearchAction","target":{"@type":"EntryPoint","urlTemplate":"https:\/\/www.klaunika.eu\/?s={search_term_string}"},"query-input":{"@type":"PropertyValueSpecification","valueRequired":true,"valueName":"search_term_string"}}],"inLanguage":"cs"},{"@type":"Organization","@id":"https:\/\/www.klaunika.eu\/#organization","name":"DIVADLO KLAUNIKY BRNO","url":"https:\/\/www.klaunika.eu\/","logo":{"@type":"ImageObject","inLanguage":"cs","@id":"https:\/\/www.klaunika.eu\/#\/schema\/logo\/image\/","url":"https:\/\/www.klaunika.eu\/wp-content\/uploads\/2021\/11\/cropped-cropped-PSX_20211123_210259.jpg","contentUrl":"https:\/\/www.klaunika.eu\/wp-content\/uploads\/2021\/11\/cropped-cropped-PSX_20211123_210259.jpg","width":248,"height":248,"caption":"DIVADLO KLAUNIKY BRNO"},"image":{"@id":"https:\/\/www.klaunika.eu\/#\/schema\/logo\/image\/"}}]}},"_links":{"self":[{"href":"https:\/\/www.klaunika.eu\/index.php?rest_route=\/wp\/v2\/pages\/1611","targetHints":{"allow":["GET"]}}],"collection":[{"href":"https:\/\/www.klaunika.eu\/index.php?rest_route=\/wp\/v2\/pages"}],"about":[{"href":"https:\/\/www.klaunika.eu\/index.php?rest_route=\/wp\/v2\/types\/page"}],"author":[{"embeddable":true,"href":"https:\/\/www.klaunika.eu\/index.php?rest_route=\/wp\/v2\/users\/1"}],"replies":[{"embeddable":true,"href":"https:\/\/www.klaunika.eu\/index.php?rest_route=%2Fwp%2Fv2%2Fcomments&post=1611"}],"version-history":[{"count":3,"href":"https:\/\/www.klaunika.eu\/index.php?rest_route=\/wp\/v2\/pages\/1611\/revisions"}],"predecessor-version":[{"id":1635,"href":"https:\/\/www.klaunika.eu\/index.php?rest_route=\/wp\/v2\/pages\/1611\/revisions\/1635"}],"wp:featuredmedia":[{"embeddable":true,"href":"https:\/\/www.klaunika.eu\/index.php?rest_route=\/wp\/v2\/media\/1603"}],"wp:attachment":[{"href":"https:\/\/www.klaunika.eu\/index.php?rest_route=%2Fwp%2Fv2%2Fmedia&parent=1611"}],"curies":[{"name":"wp","href":"https:\/\/api.w.org\/{rel}","templated":true}]}}