{"id":1607,"date":"2017-08-14T18:44:51","date_gmt":"2017-08-14T16:44:51","guid":{"rendered":"http:\/\/www.klaunika.eu\/?page_id=1607"},"modified":"2021-12-02T14:43:45","modified_gmt":"2021-12-02T13:43:45","slug":"quijotova-sedesatka-2017","status":"publish","type":"page","link":"https:\/\/www.klaunika.eu\/?page_id=1607","title":{"rendered":"QUIJOTOVA \u0160EDES\u00c1TKA 2017"},"content":{"rendered":"<p style=\"text-align: center;\"><a title=\"PROGRAM IV. RO\u010cN\u00cdKU\" href=\"https:\/\/www.klaunika.eu\/?page_id=1611\">PROGRAM<\/a><\/p>\n<p style=\"text-align: center;\"><a href=\"https:\/\/www.klaunika.eu\/?page_id=2191\">FOTKY Z TOHOTO RO\u010cN\u00cdKU<\/a><\/p>\n<p style=\"text-align: justify;\">Na sam\u00e9m sklonku letn\u00edch pr\u00e1zdnin po\u0159\u00e1d\u00e1me IV. ro\u010dn\u00edk festivalu Quijotova \u0161edes\u00e1tka v\u00a0Lipnici nad S\u00e1zavou, kter\u00fd je ji\u017e tradi\u010dn\u011b v\u011bnov\u00e1n integra\u010dn\u00edm um\u011bleck\u00fdm projekt\u016fm. \u00a0Leto\u0161n\u00ed ro\u010dn\u00edk je velice <strong>brn\u011bnsk\u00fd: <\/strong>vystupuj\u00ed zde p\u0159ev\u00e1\u017en\u011b brn\u011bn\u0161t\u00ed um\u011blci, prom\u00edt\u00e1n je film o Brn\u011b, bude se mluvit v\u00a0hantecu a vzd\u00e1 se hold <strong>Frantovi Kocourkovi.<\/strong><\/p>\n<p style=\"text-align: justify;\">Z na\u0161\u00ed produkce se v r\u00e1mci festivalu m\u016f\u017eete t\u011b\u0161it na nov\u00fd projekt v\u011bnovan\u00fd nedo\u017eit\u00fdm 70. narozenin\u00e1m brn\u011bnsk\u00e9ho sil\u00e1ka a propag\u00e1tora brn\u011bnsk\u00e9ho hantecu <strong>Franti\u0161ka Kocourka \u2013 <\/strong>inscenace, na n\u00ed\u017e se spole\u010dn\u011b pod\u00edlej\u00ed herci Klauniky, \u010dlenov\u00e9 dramatick\u00e9ho krou\u017eku <em>Mal\u00e1 Klaunika<\/em> a d\u00e1le herci s\u00a0ment\u00e1ln\u00edm handicapem, nese n\u00e1zev <strong><em>Poh\u00e1dky v\u00a0hantecu.<\/em><\/strong><\/p>\n<p style=\"text-align: justify;\">D\u00e1le se p\u0159edstav\u00ed dal\u0161\u00ed brn\u011bnsk\u00e9 integrovan\u00e9 skupiny \u2013 <strong>Divadlo J\u00e1ry Pokojsk\u00e9ho <\/strong>a tane\u010dn\u00ed soubor <strong>Proty boty<\/strong>. Hudbu do znakov\u00e9 \u0159e\u010di n\u00e1m sv\u00fdm tancem rukou p\u0159etlumo\u010d\u00ed skupina <strong>Hands Dance<\/strong>. I letos p\u0159ijalo pozv\u00e1n\u00ed havl\u00ed\u010dkobrodsk\u00e9 <strong>ADIVADLO<\/strong>, kter\u00e9 uvede svou \u010derstvou inscenaci hry J. Tejkla <strong>Zem\u011b poklad\u016f.<\/strong><\/p>\n<p style=\"text-align: justify;\">Jako vz\u00e1cn\u00fd host vystoup\u00ed v\u00a0hudebn\u00ed talkshow s\u00e1m <strong>BOLEK POL\u00cdVKA<\/strong>, jako\u017eto u\u010ditel se sv\u00fdm \u017e\u00e1kem, zakladatelem Divadla Klauniky, slovutn\u00fdm Dr.\u017e\u00e1kem <strong>Zde\u0148kem Kor\u010di\u00e1nem<\/strong>. Div\u00e1ci festivalu se mohou rovn\u011b\u017e t\u011b\u0161it na koncert <strong>HANY A PETRA ULRYCHOV\u00ddCH<\/strong>.<\/p>\n<p style=\"text-align: justify;\">V\u00a0mezin\u00e1rodn\u00ed sestav\u011b letos do Lipnice nad S\u00e1zavou zav\u00edt\u00e1 n\u00e1\u0161 velk\u00fd p\u0159\u00edznivec, pravideln\u00ed host festivalu, n\u00e1m v\u0161em velice mil\u00fd brn\u011bnsk\u00fd p\u00edsni\u010dk\u00e1\u0159, texta\u0159 a p\u0159ekladatel <strong>Ji\u0159\u00ed Vondr\u00e1k<\/strong>. Spolu s\u00a0n\u00edm vystoup\u00ed <strong>Antoni Muracki<\/strong> (PL) a <strong>Alexej Kudrjavcev<\/strong> (RU).<\/p>\n<p style=\"text-align: justify;\">V\u00a0lipnick\u00e9m kostele zazn\u00ed \u0161ansony <strong>M\u00e1\u0161i Kub\u00e1tov\u00e9 <\/strong>a balady <strong>Aldy Makovce. <\/strong>Program festivalu sk\u00fdt\u00e1 tak\u00e9 poh\u00e1dky pro d\u011bti: <em>Kouzeln\u00fd hrnec <\/em><strong>Marka Vojt\u011bcha <\/strong>a <em>\u0160kolu \u010dar a kouzel <\/em>pra\u017esk\u00e9ho divadeln\u00edho uskupen\u00ed <strong>BonneB art. <\/strong>Sou\u010d\u00e1st\u00ed festivalu bude rovn\u011b\u017e prom\u00edt\u00e1n\u00ed filmu <strong>Robina Kvapila<\/strong> <em>V\u0161echno bude fajn, <\/em>kde v\u00a0hlavn\u00ed roli vystupuje pr\u00e1v\u011b na\u0161e m\u011bsto:\u00a0<strong>Brno.<\/strong><\/p>\n<p style=\"text-align: justify;\">Nebude chyb\u011bt ani v\u00fdtvarn\u00e9 um\u011bn\u00ed. Na lipnick\u00e9m hrad\u011b bude vernis\u00e1\u017e\u00ed otev\u0159ena v\u00fdstava soch <strong>Lenky Mor\u00e1vkov\u00e9 <\/strong>a obraz\u016f <strong>Ivany Synkov\u00e9. <\/strong>V\u00a0pr\u016fb\u011bhu cel\u00e9ho festivalu budou moci div\u00e1ci sledovat na sk\u00e1le v\u00a0amfite\u00e1tru v\u00fdtvarn\u00fd happening <strong>Pavla Vagnera <\/strong>i art-brut tvorbu libereck\u00e9ho autistick\u00e9ho mal\u00ed\u0159e <strong>Vojt\u011bcha \u0160\u016fry<\/strong>. Festival bude protk\u00e1n rovn\u011b\u017e autorsk\u00fdm \u010dten\u00edm mlad\u00fdch za\u010d\u00ednaj\u00edc\u00edch autor\u016f <strong>Marie \u010cmel\u00edkov\u00e9, Otakara Vejrosty <\/strong>a <strong>\u0160imona Dominika<\/strong>.<\/p>\n<p style=\"text-align: justify;\">Festival bude zah\u00e1jen <em>Pr\u016fvodem masek, ma\u0161kar a ob\u0159\u00edch loutek<\/em>, kter\u00fd bude proch\u00e1zet ulicemi Lipnice nad S\u00e1zavou, trasa se zapo\u010dne v\u00a0amfite\u00e1tru pod hradem a bude pokra\u010dovat kolem Divadeln\u00edho domku a\u017e ke st\u0159edov\u011bk\u00e9mu hradu Lipnice nad S\u00e1zavou. Sou\u010d\u00e1st\u00ed festivalu je tak\u00e9 p\u016flno\u010dn\u00ed happening nazvan\u00fd <em>Exhumaniza\u010dn\u00ed pochod za Jaroslava Ha\u0161ka<\/em>.<\/p>\n<p style=\"text-align: justify;\">Program bude prob\u00edhat v cel\u00e9 Lipnici: na hrad\u011b, v amfite\u00e1tru, v Boud\u011b, v kostele, na sk\u00e1le, v kapli\u010dce, ulic\u00edch obce i na h\u0159bitov\u011b.<\/p>\n<p style=\"text-align: justify;\">Tak p\u0159ije\u010fte! T\u011b\u0161\u00edme se na V\u00e1s!<\/p>\n<blockquote>\n<p><em>Festival se kon\u00e1 s finan\u010dn\u00ed podporou Ministerstva kultury \u010cR<\/em>.<\/p>\n<\/blockquote>\n\n\n<div class=\"wp-block-image\"><figure class=\"aligncenter size-large is-resized\"><a href=\"https:\/\/www.klaunika.eu\/wp-content\/uploads\/2021\/12\/2017-plQ60-scaled.jpg\"><img fetchpriority=\"high\" decoding=\"async\" src=\"https:\/\/www.klaunika.eu\/wp-content\/uploads\/2021\/12\/2017-plQ60-735x1024.jpg\" alt=\"\" class=\"wp-image-2187\" width=\"386\" height=\"535\"\/><\/a><\/figure><\/div>\n\n\n\n<blockquote class=\"wp-block-quote is-layout-flow wp-block-quote-is-layout-flow\"><p><em>Grafika: Kate\u0159ina Dubovcov\u00e1<\/em><\/p><\/blockquote>\n","protected":false},"excerpt":{"rendered":"<p>PROGRAM FOTKY Z TOHOTO RO\u010cN\u00cdKU Na sam\u00e9m sklonku letn\u00edch pr\u00e1zdnin po\u0159\u00e1d\u00e1me IV. ro\u010dn\u00edk festivalu Quijotova \u0161edes\u00e1tka v\u00a0Lipnici nad S\u00e1zavou, kter\u00fd je ji\u017e tradi\u010dn\u011b v\u011bnov\u00e1n integra\u010dn\u00edm um\u011bleck\u00fdm projekt\u016fm. \u00a0Leto\u0161n\u00ed ro\u010dn\u00edk je velice brn\u011bnsk\u00fd: vystupuj\u00ed zde p\u0159ev\u00e1\u017en\u011b brn\u011bn\u0161t\u00ed um\u011blci, prom\u00edt\u00e1n je film o Brn\u011b, bude se mluvit v\u00a0hantecu a vzd\u00e1 se hold Frantovi Kocourkovi. Z na\u0161\u00ed produkce [&hellip;]<\/p>\n","protected":false},"author":1,"featured_media":1603,"parent":0,"menu_order":0,"comment_status":"closed","ping_status":"open","template":"","meta":{"footnotes":""},"class_list":["post-1607","page","type-page","status-publish","has-post-thumbnail","hentry"],"yoast_head":"<!-- This site is optimized with the Yoast SEO plugin v27.5 - https:\/\/yoast.com\/product\/yoast-seo-wordpress\/ -->\n<title>QUIJOTOVA \u0160EDES\u00c1TKA 2017 - DIVADLO KLAUNIKY BRNO<\/title>\n<meta name=\"robots\" content=\"index, follow, max-snippet:-1, max-image-preview:large, max-video-preview:-1\" \/>\n<link rel=\"canonical\" href=\"https:\/\/www.klaunika.eu\/?page_id=1607\" \/>\n<meta property=\"og:locale\" content=\"cs_CZ\" \/>\n<meta property=\"og:type\" content=\"article\" \/>\n<meta property=\"og:title\" content=\"QUIJOTOVA \u0160EDES\u00c1TKA 2017 - DIVADLO KLAUNIKY BRNO\" \/>\n<meta property=\"og:description\" content=\"PROGRAM FOTKY Z TOHOTO RO\u010cN\u00cdKU Na sam\u00e9m sklonku letn\u00edch pr\u00e1zdnin po\u0159\u00e1d\u00e1me IV. ro\u010dn\u00edk festivalu Quijotova \u0161edes\u00e1tka v\u00a0Lipnici nad S\u00e1zavou, kter\u00fd je ji\u017e tradi\u010dn\u011b v\u011bnov\u00e1n integra\u010dn\u00edm um\u011bleck\u00fdm projekt\u016fm. \u00a0Leto\u0161n\u00ed ro\u010dn\u00edk je velice brn\u011bnsk\u00fd: vystupuj\u00ed zde p\u0159ev\u00e1\u017en\u011b brn\u011bn\u0161t\u00ed um\u011blci, prom\u00edt\u00e1n je film o Brn\u011b, bude se mluvit v\u00a0hantecu a vzd\u00e1 se hold Frantovi Kocourkovi. Z na\u0161\u00ed produkce [&hellip;]\" \/>\n<meta property=\"og:url\" content=\"https:\/\/www.klaunika.eu\/?page_id=1607\" \/>\n<meta property=\"og:site_name\" content=\"DIVADLO KLAUNIKY BRNO\" \/>\n<meta property=\"article:modified_time\" content=\"2021-12-02T13:43:45+00:00\" \/>\n<meta property=\"og:image\" content=\"https:\/\/www.klaunika.eu\/wp-content\/uploads\/2015\/05\/20614445_10210148985745274_1067800066_n.jpg\" \/>\n\t<meta property=\"og:image:width\" content=\"664\" \/>\n\t<meta property=\"og:image:height\" content=\"322\" \/>\n\t<meta property=\"og:image:type\" content=\"image\/jpeg\" \/>\n<meta name=\"twitter:card\" content=\"summary_large_image\" \/>\n<meta name=\"twitter:label1\" content=\"Odhadovan\u00e1 doba \u010dten\u00ed\" \/>\n\t<meta name=\"twitter:data1\" content=\"3 minuty\" \/>\n<script type=\"application\/ld+json\" class=\"yoast-schema-graph\">{\"@context\":\"https:\\\/\\\/schema.org\",\"@graph\":[{\"@type\":\"WebPage\",\"@id\":\"https:\\\/\\\/www.klaunika.eu\\\/?page_id=1607\",\"url\":\"https:\\\/\\\/www.klaunika.eu\\\/?page_id=1607\",\"name\":\"QUIJOTOVA \u0160EDES\u00c1TKA 2017 - DIVADLO KLAUNIKY BRNO\",\"isPartOf\":{\"@id\":\"https:\\\/\\\/www.klaunika.eu\\\/#website\"},\"primaryImageOfPage\":{\"@id\":\"https:\\\/\\\/www.klaunika.eu\\\/?page_id=1607#primaryimage\"},\"image\":{\"@id\":\"https:\\\/\\\/www.klaunika.eu\\\/?page_id=1607#primaryimage\"},\"thumbnailUrl\":\"https:\\\/\\\/www.klaunika.eu\\\/wp-content\\\/uploads\\\/2015\\\/05\\\/20614445_10210148985745274_1067800066_n.jpg\",\"datePublished\":\"2017-08-14T16:44:51+00:00\",\"dateModified\":\"2021-12-02T13:43:45+00:00\",\"breadcrumb\":{\"@id\":\"https:\\\/\\\/www.klaunika.eu\\\/?page_id=1607#breadcrumb\"},\"inLanguage\":\"cs\",\"potentialAction\":[{\"@type\":\"ReadAction\",\"target\":[\"https:\\\/\\\/www.klaunika.eu\\\/?page_id=1607\"]}]},{\"@type\":\"ImageObject\",\"inLanguage\":\"cs\",\"@id\":\"https:\\\/\\\/www.klaunika.eu\\\/?page_id=1607#primaryimage\",\"url\":\"https:\\\/\\\/www.klaunika.eu\\\/wp-content\\\/uploads\\\/2015\\\/05\\\/20614445_10210148985745274_1067800066_n.jpg\",\"contentUrl\":\"https:\\\/\\\/www.klaunika.eu\\\/wp-content\\\/uploads\\\/2015\\\/05\\\/20614445_10210148985745274_1067800066_n.jpg\",\"width\":664,\"height\":322},{\"@type\":\"BreadcrumbList\",\"@id\":\"https:\\\/\\\/www.klaunika.eu\\\/?page_id=1607#breadcrumb\",\"itemListElement\":[{\"@type\":\"ListItem\",\"position\":1,\"name\":\"Dom\u016f\",\"item\":\"https:\\\/\\\/www.klaunika.eu\\\/\"},{\"@type\":\"ListItem\",\"position\":2,\"name\":\"QUIJOTOVA \u0160EDES\u00c1TKA 2017\"}]},{\"@type\":\"WebSite\",\"@id\":\"https:\\\/\\\/www.klaunika.eu\\\/#website\",\"url\":\"https:\\\/\\\/www.klaunika.eu\\\/\",\"name\":\"DIVADLO KLAUNIKY BRNO\",\"description\":\"SOUKROM\u00c1 SC\u00c9NA HUMORU\",\"publisher\":{\"@id\":\"https:\\\/\\\/www.klaunika.eu\\\/#organization\"},\"potentialAction\":[{\"@type\":\"SearchAction\",\"target\":{\"@type\":\"EntryPoint\",\"urlTemplate\":\"https:\\\/\\\/www.klaunika.eu\\\/?s={search_term_string}\"},\"query-input\":{\"@type\":\"PropertyValueSpecification\",\"valueRequired\":true,\"valueName\":\"search_term_string\"}}],\"inLanguage\":\"cs\"},{\"@type\":\"Organization\",\"@id\":\"https:\\\/\\\/www.klaunika.eu\\\/#organization\",\"name\":\"DIVADLO KLAUNIKY BRNO\",\"url\":\"https:\\\/\\\/www.klaunika.eu\\\/\",\"logo\":{\"@type\":\"ImageObject\",\"inLanguage\":\"cs\",\"@id\":\"https:\\\/\\\/www.klaunika.eu\\\/#\\\/schema\\\/logo\\\/image\\\/\",\"url\":\"https:\\\/\\\/www.klaunika.eu\\\/wp-content\\\/uploads\\\/2021\\\/11\\\/cropped-cropped-PSX_20211123_210259.jpg\",\"contentUrl\":\"https:\\\/\\\/www.klaunika.eu\\\/wp-content\\\/uploads\\\/2021\\\/11\\\/cropped-cropped-PSX_20211123_210259.jpg\",\"width\":248,\"height\":248,\"caption\":\"DIVADLO KLAUNIKY BRNO\"},\"image\":{\"@id\":\"https:\\\/\\\/www.klaunika.eu\\\/#\\\/schema\\\/logo\\\/image\\\/\"}}]}<\/script>\n<!-- \/ Yoast SEO plugin. -->","yoast_head_json":{"title":"QUIJOTOVA \u0160EDES\u00c1TKA 2017 - DIVADLO KLAUNIKY BRNO","robots":{"index":"index","follow":"follow","max-snippet":"max-snippet:-1","max-image-preview":"max-image-preview:large","max-video-preview":"max-video-preview:-1"},"canonical":"https:\/\/www.klaunika.eu\/?page_id=1607","og_locale":"cs_CZ","og_type":"article","og_title":"QUIJOTOVA \u0160EDES\u00c1TKA 2017 - DIVADLO KLAUNIKY BRNO","og_description":"PROGRAM FOTKY Z TOHOTO RO\u010cN\u00cdKU Na sam\u00e9m sklonku letn\u00edch pr\u00e1zdnin po\u0159\u00e1d\u00e1me IV. ro\u010dn\u00edk festivalu Quijotova \u0161edes\u00e1tka v\u00a0Lipnici nad S\u00e1zavou, kter\u00fd je ji\u017e tradi\u010dn\u011b v\u011bnov\u00e1n integra\u010dn\u00edm um\u011bleck\u00fdm projekt\u016fm. \u00a0Leto\u0161n\u00ed ro\u010dn\u00edk je velice brn\u011bnsk\u00fd: vystupuj\u00ed zde p\u0159ev\u00e1\u017en\u011b brn\u011bn\u0161t\u00ed um\u011blci, prom\u00edt\u00e1n je film o Brn\u011b, bude se mluvit v\u00a0hantecu a vzd\u00e1 se hold Frantovi Kocourkovi. Z na\u0161\u00ed produkce [&hellip;]","og_url":"https:\/\/www.klaunika.eu\/?page_id=1607","og_site_name":"DIVADLO KLAUNIKY BRNO","article_modified_time":"2021-12-02T13:43:45+00:00","og_image":[{"width":664,"height":322,"url":"https:\/\/www.klaunika.eu\/wp-content\/uploads\/2015\/05\/20614445_10210148985745274_1067800066_n.jpg","type":"image\/jpeg"}],"twitter_card":"summary_large_image","twitter_misc":{"Odhadovan\u00e1 doba \u010dten\u00ed":"3 minuty"},"schema":{"@context":"https:\/\/schema.org","@graph":[{"@type":"WebPage","@id":"https:\/\/www.klaunika.eu\/?page_id=1607","url":"https:\/\/www.klaunika.eu\/?page_id=1607","name":"QUIJOTOVA \u0160EDES\u00c1TKA 2017 - DIVADLO KLAUNIKY BRNO","isPartOf":{"@id":"https:\/\/www.klaunika.eu\/#website"},"primaryImageOfPage":{"@id":"https:\/\/www.klaunika.eu\/?page_id=1607#primaryimage"},"image":{"@id":"https:\/\/www.klaunika.eu\/?page_id=1607#primaryimage"},"thumbnailUrl":"https:\/\/www.klaunika.eu\/wp-content\/uploads\/2015\/05\/20614445_10210148985745274_1067800066_n.jpg","datePublished":"2017-08-14T16:44:51+00:00","dateModified":"2021-12-02T13:43:45+00:00","breadcrumb":{"@id":"https:\/\/www.klaunika.eu\/?page_id=1607#breadcrumb"},"inLanguage":"cs","potentialAction":[{"@type":"ReadAction","target":["https:\/\/www.klaunika.eu\/?page_id=1607"]}]},{"@type":"ImageObject","inLanguage":"cs","@id":"https:\/\/www.klaunika.eu\/?page_id=1607#primaryimage","url":"https:\/\/www.klaunika.eu\/wp-content\/uploads\/2015\/05\/20614445_10210148985745274_1067800066_n.jpg","contentUrl":"https:\/\/www.klaunika.eu\/wp-content\/uploads\/2015\/05\/20614445_10210148985745274_1067800066_n.jpg","width":664,"height":322},{"@type":"BreadcrumbList","@id":"https:\/\/www.klaunika.eu\/?page_id=1607#breadcrumb","itemListElement":[{"@type":"ListItem","position":1,"name":"Dom\u016f","item":"https:\/\/www.klaunika.eu\/"},{"@type":"ListItem","position":2,"name":"QUIJOTOVA \u0160EDES\u00c1TKA 2017"}]},{"@type":"WebSite","@id":"https:\/\/www.klaunika.eu\/#website","url":"https:\/\/www.klaunika.eu\/","name":"DIVADLO KLAUNIKY BRNO","description":"SOUKROM\u00c1 SC\u00c9NA HUMORU","publisher":{"@id":"https:\/\/www.klaunika.eu\/#organization"},"potentialAction":[{"@type":"SearchAction","target":{"@type":"EntryPoint","urlTemplate":"https:\/\/www.klaunika.eu\/?s={search_term_string}"},"query-input":{"@type":"PropertyValueSpecification","valueRequired":true,"valueName":"search_term_string"}}],"inLanguage":"cs"},{"@type":"Organization","@id":"https:\/\/www.klaunika.eu\/#organization","name":"DIVADLO KLAUNIKY BRNO","url":"https:\/\/www.klaunika.eu\/","logo":{"@type":"ImageObject","inLanguage":"cs","@id":"https:\/\/www.klaunika.eu\/#\/schema\/logo\/image\/","url":"https:\/\/www.klaunika.eu\/wp-content\/uploads\/2021\/11\/cropped-cropped-PSX_20211123_210259.jpg","contentUrl":"https:\/\/www.klaunika.eu\/wp-content\/uploads\/2021\/11\/cropped-cropped-PSX_20211123_210259.jpg","width":248,"height":248,"caption":"DIVADLO KLAUNIKY BRNO"},"image":{"@id":"https:\/\/www.klaunika.eu\/#\/schema\/logo\/image\/"}}]}},"_links":{"self":[{"href":"https:\/\/www.klaunika.eu\/index.php?rest_route=\/wp\/v2\/pages\/1607","targetHints":{"allow":["GET"]}}],"collection":[{"href":"https:\/\/www.klaunika.eu\/index.php?rest_route=\/wp\/v2\/pages"}],"about":[{"href":"https:\/\/www.klaunika.eu\/index.php?rest_route=\/wp\/v2\/types\/page"}],"author":[{"embeddable":true,"href":"https:\/\/www.klaunika.eu\/index.php?rest_route=\/wp\/v2\/users\/1"}],"replies":[{"embeddable":true,"href":"https:\/\/www.klaunika.eu\/index.php?rest_route=%2Fwp%2Fv2%2Fcomments&post=1607"}],"version-history":[{"count":8,"href":"https:\/\/www.klaunika.eu\/index.php?rest_route=\/wp\/v2\/pages\/1607\/revisions"}],"predecessor-version":[{"id":2212,"href":"https:\/\/www.klaunika.eu\/index.php?rest_route=\/wp\/v2\/pages\/1607\/revisions\/2212"}],"wp:featuredmedia":[{"embeddable":true,"href":"https:\/\/www.klaunika.eu\/index.php?rest_route=\/wp\/v2\/media\/1603"}],"wp:attachment":[{"href":"https:\/\/www.klaunika.eu\/index.php?rest_route=%2Fwp%2Fv2%2Fmedia&parent=1607"}],"curies":[{"name":"wp","href":"https:\/\/api.w.org\/{rel}","templated":true}]}}