{"id":1468,"date":"2016-09-21T18:26:03","date_gmt":"2016-09-21T16:26:03","guid":{"rendered":"http:\/\/www.klaunika.eu\/?page_id=1468"},"modified":"2025-04-28T16:19:44","modified_gmt":"2025-04-28T14:19:44","slug":"velke-male-kabaretni-panoptikum","status":"publish","type":"page","link":"https:\/\/www.klaunika.eu\/?page_id=1468","title":{"rendered":"MAL\u00c9 VELK\u00c9 KABARETN\u00cd PANOPTIKUM"},"content":{"rendered":"\t\t<div data-elementor-type=\"wp-page\" data-elementor-id=\"1468\" class=\"elementor elementor-1468\">\n\t\t\t\t\t\t<section class=\"elementor-section elementor-top-section elementor-element elementor-element-183b3066 elementor-section-boxed elementor-section-height-default elementor-section-height-default\" data-id=\"183b3066\" data-element_type=\"section\" data-e-type=\"section\">\n\t\t\t\t\t\t<div class=\"elementor-container elementor-column-gap-default\">\n\t\t\t\t\t<div class=\"elementor-column elementor-col-100 elementor-top-column elementor-element elementor-element-3367aa58\" data-id=\"3367aa58\" data-element_type=\"column\" data-e-type=\"column\">\n\t\t\t<div class=\"elementor-widget-wrap elementor-element-populated\">\n\t\t\t\t\t\t<div class=\"elementor-element elementor-element-664084a6 elementor-widget elementor-widget-text-editor\" data-id=\"664084a6\" data-element_type=\"widget\" data-e-type=\"widget\" data-widget_type=\"text-editor.default\">\n\t\t\t\t<div class=\"elementor-widget-container\">\n\t\t\t\t\t\t\t\t\t<p style=\"text-align: justify;\"><strong>Mal\u00e9 velk\u00e9 kabaretn\u00ed panoptikum <\/strong>jejedine\u010dn\u00fd integra\u010dn\u00ed projekt, kter\u00fd vznikl ze spolupr\u00e1ce profesion\u00e1ln\u00edch herc\u016f, \u010dlen\u016f d\u011btsk\u00e9ho dramatick\u00e9ho krou\u017eku a herc\u016f s handicapem.<\/p><p style=\"text-align: justify;\"><span style=\"font-size: inherit;\">Toto voln\u011b komponovan\u00e9 kabaretn\u00ed p\u00e1smo tak umo\u017e\u0148uje otev\u0159en\u00fd n\u00e1hled do sv\u011bta ment\u00e1ln\u011b handicapovan\u00fdch&nbsp; &nbsp; &nbsp; &nbsp; a nastavuje zrcadlo sv\u011btu, kter\u00fd zdrav\u00fdm p\u0159ipad\u00e1 b\u011b\u017en\u00fd. Nav\u00edc zde vstupuj\u00ed do vz\u00e1jemn\u00e9ho, nesm\u00edrn\u011b k\u0159ehk\u00e9ho dialogu lid\u00e9 s&nbsp;ment\u00e1ln\u00edm posti\u017een\u00edm a mlad\u00e1 dosp\u00edvaj\u00edc\u00ed generace. &nbsp;Prost\u0159ednictv\u00edm t\u00e9to inscenace doch\u00e1z\u00ed rovn\u011b\u017e k vz\u00e1cn\u00e9 komunikaci mezi div\u00e1kem a hercem, kter\u00e1 dovoluje div\u00e1k\u016fm setk\u00e1n\u00ed s handicapem v nov\u00e9m \u00fahlu pohledu a vyrovn\u00e1n\u00ed se s n\u00edm prost\u0159ednictv\u00edm spole\u010dn\u00e9ho z\u00e1\u017eitku.<\/span><\/p>\n<p style=\"text-align: justify;\"><em>Mal\u00e9 velk\u00e9 kabaretn\u00ed panoptikum <\/em>je voln\u011b komponovan\u00fd pestr\u00fd divadeln\u00ed po\u0159ad, v&nbsp;n\u011bm\u017e nechyb\u00ed nic, co spr\u00e1vn\u00fd kabaret m\u00e1 m\u00edt: zazn\u00ed tedy spousta zn\u00e1m\u00fdch p\u00edsni\u010dek v&nbsp;neobvykl\u00fdch pohybov\u00fdch aran\u017em\u00e1, nebudou chyb\u011bt ani drobn\u00e9 tane\u010dn\u00ed choreografie a pochopiteln\u011b se div\u00e1ci do\u010dkaj\u00ed neot\u0159el\u00fdch komick\u00fdch v\u00fdstup\u016f. Nad celou inscenac\u00ed se klene <strong>r\u00e1mec svatebn\u00ed hostiny<\/strong>, p\u0159i n\u00ed\u017e se setk\u00e1 cel\u00e9 p\u0159\u00edbuzenstvo: nev\u011bsta a \u017eenich, a k&nbsp;tomu \u010dty\u0159i tetky se sv\u00fdmi rodinami, kter\u00e9 p\u0159ich\u00e1zej\u00ed novoman\u017eel\u016fm gratulovat.<\/p>\n<p style=\"text-align: justify;\">Div\u00e1ci se st\u00e1vaj\u00ed p\u0159\u00edm\u00fdmi \u00fa\u010dastn\u00edky ud\u00e1losti, tedy svateb\u010dany, kte\u0159\u00ed dle sv\u00e9 libosti mohou vstoupit do d\u011bn\u00ed a rovn\u011b\u017e p\u0159edat novoman\u017eel\u016fm sv\u00e9 gratulace, \u010di si na svatebn\u00ed hostin\u011b zatancovat.<\/p>\n<p style=\"text-align: justify;\">Projekt finan\u010dn\u011b podporuj\u00ed Ministerstvo kultury \u010cR a Statut\u00e1rn\u00ed m\u011bsto Brno.<\/p>\t\t\t\t\t\t\t\t<\/div>\n\t\t\t\t<\/div>\n\t\t\t\t\t<\/div>\n\t\t<\/div>\n\t\t\t\t\t<\/div>\n\t\t<\/section>\n\t\t\t\t<\/div>\n\t\t","protected":false},"excerpt":{"rendered":"<p>Mal\u00e9 velk\u00e9 kabaretn\u00ed panoptikum jejedine\u010dn\u00fd integra\u010dn\u00ed projekt, kter\u00fd vznikl ze spolupr\u00e1ce profesion\u00e1ln\u00edch herc\u016f, \u010dlen\u016f d\u011btsk\u00e9ho dramatick\u00e9ho krou\u017eku a herc\u016f s handicapem. Toto voln\u011b komponovan\u00e9 kabaretn\u00ed p\u00e1smo tak umo\u017e\u0148uje otev\u0159en\u00fd n\u00e1hled do sv\u011bta ment\u00e1ln\u011b handicapovan\u00fdch&nbsp; &nbsp; &nbsp; &nbsp; a nastavuje zrcadlo sv\u011btu, kter\u00fd zdrav\u00fdm p\u0159ipad\u00e1 b\u011b\u017en\u00fd. Nav\u00edc zde vstupuj\u00ed do vz\u00e1jemn\u00e9ho, nesm\u00edrn\u011b k\u0159ehk\u00e9ho dialogu lid\u00e9 s&nbsp;ment\u00e1ln\u00edm [&hellip;]<\/p>\n","protected":false},"author":1,"featured_media":0,"parent":0,"menu_order":0,"comment_status":"closed","ping_status":"open","template":"","meta":{"footnotes":""},"class_list":["post-1468","page","type-page","status-publish","hentry"],"yoast_head":"<!-- This site is optimized with the Yoast SEO plugin v27.5 - https:\/\/yoast.com\/product\/yoast-seo-wordpress\/ -->\n<title>MAL\u00c9 VELK\u00c9 KABARETN\u00cd PANOPTIKUM - DIVADLO KLAUNIKY BRNO<\/title>\n<meta name=\"robots\" content=\"index, follow, max-snippet:-1, max-image-preview:large, max-video-preview:-1\" \/>\n<link rel=\"canonical\" href=\"https:\/\/www.klaunika.eu\/?page_id=1468\" \/>\n<meta property=\"og:locale\" content=\"cs_CZ\" \/>\n<meta property=\"og:type\" content=\"article\" \/>\n<meta property=\"og:title\" content=\"MAL\u00c9 VELK\u00c9 KABARETN\u00cd PANOPTIKUM - DIVADLO KLAUNIKY BRNO\" \/>\n<meta property=\"og:description\" content=\"Mal\u00e9 velk\u00e9 kabaretn\u00ed panoptikum jejedine\u010dn\u00fd integra\u010dn\u00ed projekt, kter\u00fd vznikl ze spolupr\u00e1ce profesion\u00e1ln\u00edch herc\u016f, \u010dlen\u016f d\u011btsk\u00e9ho dramatick\u00e9ho krou\u017eku a herc\u016f s handicapem. Toto voln\u011b komponovan\u00e9 kabaretn\u00ed p\u00e1smo tak umo\u017e\u0148uje otev\u0159en\u00fd n\u00e1hled do sv\u011bta ment\u00e1ln\u011b handicapovan\u00fdch&nbsp; &nbsp; &nbsp; &nbsp; a nastavuje zrcadlo sv\u011btu, kter\u00fd zdrav\u00fdm p\u0159ipad\u00e1 b\u011b\u017en\u00fd. Nav\u00edc zde vstupuj\u00ed do vz\u00e1jemn\u00e9ho, nesm\u00edrn\u011b k\u0159ehk\u00e9ho dialogu lid\u00e9 s&nbsp;ment\u00e1ln\u00edm [&hellip;]\" \/>\n<meta property=\"og:url\" content=\"https:\/\/www.klaunika.eu\/?page_id=1468\" \/>\n<meta property=\"og:site_name\" content=\"DIVADLO KLAUNIKY BRNO\" \/>\n<meta property=\"article:modified_time\" content=\"2025-04-28T14:19:44+00:00\" \/>\n<meta name=\"twitter:card\" content=\"summary_large_image\" \/>\n<meta name=\"twitter:label1\" content=\"Odhadovan\u00e1 doba \u010dten\u00ed\" \/>\n\t<meta name=\"twitter:data1\" content=\"2 minuty\" \/>\n<script type=\"application\/ld+json\" class=\"yoast-schema-graph\">{\"@context\":\"https:\\\/\\\/schema.org\",\"@graph\":[{\"@type\":\"WebPage\",\"@id\":\"https:\\\/\\\/www.klaunika.eu\\\/?page_id=1468\",\"url\":\"https:\\\/\\\/www.klaunika.eu\\\/?page_id=1468\",\"name\":\"MAL\u00c9 VELK\u00c9 KABARETN\u00cd PANOPTIKUM - DIVADLO KLAUNIKY BRNO\",\"isPartOf\":{\"@id\":\"https:\\\/\\\/www.klaunika.eu\\\/#website\"},\"datePublished\":\"2016-09-21T16:26:03+00:00\",\"dateModified\":\"2025-04-28T14:19:44+00:00\",\"breadcrumb\":{\"@id\":\"https:\\\/\\\/www.klaunika.eu\\\/?page_id=1468#breadcrumb\"},\"inLanguage\":\"cs\",\"potentialAction\":[{\"@type\":\"ReadAction\",\"target\":[\"https:\\\/\\\/www.klaunika.eu\\\/?page_id=1468\"]}]},{\"@type\":\"BreadcrumbList\",\"@id\":\"https:\\\/\\\/www.klaunika.eu\\\/?page_id=1468#breadcrumb\",\"itemListElement\":[{\"@type\":\"ListItem\",\"position\":1,\"name\":\"Dom\u016f\",\"item\":\"https:\\\/\\\/www.klaunika.eu\\\/\"},{\"@type\":\"ListItem\",\"position\":2,\"name\":\"MAL\u00c9 VELK\u00c9 KABARETN\u00cd PANOPTIKUM\"}]},{\"@type\":\"WebSite\",\"@id\":\"https:\\\/\\\/www.klaunika.eu\\\/#website\",\"url\":\"https:\\\/\\\/www.klaunika.eu\\\/\",\"name\":\"DIVADLO KLAUNIKY BRNO\",\"description\":\"SOUKROM\u00c1 SC\u00c9NA HUMORU\",\"publisher\":{\"@id\":\"https:\\\/\\\/www.klaunika.eu\\\/#organization\"},\"potentialAction\":[{\"@type\":\"SearchAction\",\"target\":{\"@type\":\"EntryPoint\",\"urlTemplate\":\"https:\\\/\\\/www.klaunika.eu\\\/?s={search_term_string}\"},\"query-input\":{\"@type\":\"PropertyValueSpecification\",\"valueRequired\":true,\"valueName\":\"search_term_string\"}}],\"inLanguage\":\"cs\"},{\"@type\":\"Organization\",\"@id\":\"https:\\\/\\\/www.klaunika.eu\\\/#organization\",\"name\":\"DIVADLO KLAUNIKY BRNO\",\"url\":\"https:\\\/\\\/www.klaunika.eu\\\/\",\"logo\":{\"@type\":\"ImageObject\",\"inLanguage\":\"cs\",\"@id\":\"https:\\\/\\\/www.klaunika.eu\\\/#\\\/schema\\\/logo\\\/image\\\/\",\"url\":\"https:\\\/\\\/www.klaunika.eu\\\/wp-content\\\/uploads\\\/2021\\\/11\\\/cropped-cropped-PSX_20211123_210259.jpg\",\"contentUrl\":\"https:\\\/\\\/www.klaunika.eu\\\/wp-content\\\/uploads\\\/2021\\\/11\\\/cropped-cropped-PSX_20211123_210259.jpg\",\"width\":248,\"height\":248,\"caption\":\"DIVADLO KLAUNIKY BRNO\"},\"image\":{\"@id\":\"https:\\\/\\\/www.klaunika.eu\\\/#\\\/schema\\\/logo\\\/image\\\/\"}}]}<\/script>\n<!-- \/ Yoast SEO plugin. -->","yoast_head_json":{"title":"MAL\u00c9 VELK\u00c9 KABARETN\u00cd PANOPTIKUM - DIVADLO KLAUNIKY BRNO","robots":{"index":"index","follow":"follow","max-snippet":"max-snippet:-1","max-image-preview":"max-image-preview:large","max-video-preview":"max-video-preview:-1"},"canonical":"https:\/\/www.klaunika.eu\/?page_id=1468","og_locale":"cs_CZ","og_type":"article","og_title":"MAL\u00c9 VELK\u00c9 KABARETN\u00cd PANOPTIKUM - DIVADLO KLAUNIKY BRNO","og_description":"Mal\u00e9 velk\u00e9 kabaretn\u00ed panoptikum jejedine\u010dn\u00fd integra\u010dn\u00ed projekt, kter\u00fd vznikl ze spolupr\u00e1ce profesion\u00e1ln\u00edch herc\u016f, \u010dlen\u016f d\u011btsk\u00e9ho dramatick\u00e9ho krou\u017eku a herc\u016f s handicapem. Toto voln\u011b komponovan\u00e9 kabaretn\u00ed p\u00e1smo tak umo\u017e\u0148uje otev\u0159en\u00fd n\u00e1hled do sv\u011bta ment\u00e1ln\u011b handicapovan\u00fdch&nbsp; &nbsp; &nbsp; &nbsp; a nastavuje zrcadlo sv\u011btu, kter\u00fd zdrav\u00fdm p\u0159ipad\u00e1 b\u011b\u017en\u00fd. Nav\u00edc zde vstupuj\u00ed do vz\u00e1jemn\u00e9ho, nesm\u00edrn\u011b k\u0159ehk\u00e9ho dialogu lid\u00e9 s&nbsp;ment\u00e1ln\u00edm [&hellip;]","og_url":"https:\/\/www.klaunika.eu\/?page_id=1468","og_site_name":"DIVADLO KLAUNIKY BRNO","article_modified_time":"2025-04-28T14:19:44+00:00","twitter_card":"summary_large_image","twitter_misc":{"Odhadovan\u00e1 doba \u010dten\u00ed":"2 minuty"},"schema":{"@context":"https:\/\/schema.org","@graph":[{"@type":"WebPage","@id":"https:\/\/www.klaunika.eu\/?page_id=1468","url":"https:\/\/www.klaunika.eu\/?page_id=1468","name":"MAL\u00c9 VELK\u00c9 KABARETN\u00cd PANOPTIKUM - DIVADLO KLAUNIKY BRNO","isPartOf":{"@id":"https:\/\/www.klaunika.eu\/#website"},"datePublished":"2016-09-21T16:26:03+00:00","dateModified":"2025-04-28T14:19:44+00:00","breadcrumb":{"@id":"https:\/\/www.klaunika.eu\/?page_id=1468#breadcrumb"},"inLanguage":"cs","potentialAction":[{"@type":"ReadAction","target":["https:\/\/www.klaunika.eu\/?page_id=1468"]}]},{"@type":"BreadcrumbList","@id":"https:\/\/www.klaunika.eu\/?page_id=1468#breadcrumb","itemListElement":[{"@type":"ListItem","position":1,"name":"Dom\u016f","item":"https:\/\/www.klaunika.eu\/"},{"@type":"ListItem","position":2,"name":"MAL\u00c9 VELK\u00c9 KABARETN\u00cd PANOPTIKUM"}]},{"@type":"WebSite","@id":"https:\/\/www.klaunika.eu\/#website","url":"https:\/\/www.klaunika.eu\/","name":"DIVADLO KLAUNIKY BRNO","description":"SOUKROM\u00c1 SC\u00c9NA HUMORU","publisher":{"@id":"https:\/\/www.klaunika.eu\/#organization"},"potentialAction":[{"@type":"SearchAction","target":{"@type":"EntryPoint","urlTemplate":"https:\/\/www.klaunika.eu\/?s={search_term_string}"},"query-input":{"@type":"PropertyValueSpecification","valueRequired":true,"valueName":"search_term_string"}}],"inLanguage":"cs"},{"@type":"Organization","@id":"https:\/\/www.klaunika.eu\/#organization","name":"DIVADLO KLAUNIKY BRNO","url":"https:\/\/www.klaunika.eu\/","logo":{"@type":"ImageObject","inLanguage":"cs","@id":"https:\/\/www.klaunika.eu\/#\/schema\/logo\/image\/","url":"https:\/\/www.klaunika.eu\/wp-content\/uploads\/2021\/11\/cropped-cropped-PSX_20211123_210259.jpg","contentUrl":"https:\/\/www.klaunika.eu\/wp-content\/uploads\/2021\/11\/cropped-cropped-PSX_20211123_210259.jpg","width":248,"height":248,"caption":"DIVADLO KLAUNIKY BRNO"},"image":{"@id":"https:\/\/www.klaunika.eu\/#\/schema\/logo\/image\/"}}]}},"_links":{"self":[{"href":"https:\/\/www.klaunika.eu\/index.php?rest_route=\/wp\/v2\/pages\/1468","targetHints":{"allow":["GET"]}}],"collection":[{"href":"https:\/\/www.klaunika.eu\/index.php?rest_route=\/wp\/v2\/pages"}],"about":[{"href":"https:\/\/www.klaunika.eu\/index.php?rest_route=\/wp\/v2\/types\/page"}],"author":[{"embeddable":true,"href":"https:\/\/www.klaunika.eu\/index.php?rest_route=\/wp\/v2\/users\/1"}],"replies":[{"embeddable":true,"href":"https:\/\/www.klaunika.eu\/index.php?rest_route=%2Fwp%2Fv2%2Fcomments&post=1468"}],"version-history":[{"count":11,"href":"https:\/\/www.klaunika.eu\/index.php?rest_route=\/wp\/v2\/pages\/1468\/revisions"}],"predecessor-version":[{"id":5307,"href":"https:\/\/www.klaunika.eu\/index.php?rest_route=\/wp\/v2\/pages\/1468\/revisions\/5307"}],"wp:attachment":[{"href":"https:\/\/www.klaunika.eu\/index.php?rest_route=%2Fwp%2Fv2%2Fmedia&parent=1468"}],"curies":[{"name":"wp","href":"https:\/\/api.w.org\/{rel}","templated":true}]}}