{"id":1465,"date":"2016-09-21T18:05:21","date_gmt":"2016-09-21T16:05:21","guid":{"rendered":"http:\/\/www.klaunika.eu\/?page_id=1465"},"modified":"2016-09-21T18:05:21","modified_gmt":"2016-09-21T16:05:21","slug":"rozkos-bez-rizika","status":"publish","type":"page","link":"https:\/\/www.klaunika.eu\/?page_id=1465","title":{"rendered":"ROZKO\u0160 BEZ RIZIKA"},"content":{"rendered":"<p style=\"text-align: justify;\">Ochotnick\u00fd divadeln\u00ed soubor Rozko\u0161 funguje v\u00a0r\u00e1mci ROZKO\u0160E bez RIZIKA jako sou\u010d\u00e1st terapie pro klientky sdru\u017een\u00ed. \u201eC\u00edlem divadeln\u00edch aktivit ROZKO\u0160E bez RIZKA je dostat nahoru \u2013 na p\u00f3dium \u2013 ty, co se c\u00edt\u00ed b\u00fdt dole, na dn\u011b nebo skoro na dn\u011b,&#8220; \u0159\u00edk\u00e1 Hana Malinov\u00e1, princip\u00e1lka souboru.<\/p>\n<p style=\"text-align: justify;\">Spolek celkem uvedl u\u017e dvan\u00e1ct autorsk\u00fdch divadeln\u00edch her a nap\u0159\u00edklad <strong>Trag\u00e9die na Mississipi<\/strong> z\u00a0roku 2016 z\u00edskal na divadeln\u00edm festivalu Hobbl\u00edk v\u00a0Hodon\u00edn\u011b ocen\u011bn\u00ed za hudebn\u00ed slo\u017eku inscenace a p\u0159edstavitelka role Belle Star obdr\u017eela cenu uzn\u00e1n\u00ed.<\/p>\n<p style=\"text-align: justify;\">V sou\u010dasn\u00e9 dob\u011b hraje soubor Rozko\u0161 dv\u011b p\u0159edstaven\u00ed, poh\u00e1dkovou komedii, kde je v\u0161e naopak, <strong>Sn\u011bhur\u00e1k<\/strong> a pr\u00e1v\u011b vesel\u00e9 drama se zp\u011bvy\u00a0<strong>Trag\u00e9die na Mississippi<\/strong>.<\/p>\n<p style=\"text-align: justify;\"><strong>TRAG\u00c9DIE NA MISSISSIPPI<br \/>\n<\/strong><br \/>\nJe to takov\u00e9 vesel\u00e9 drama se zp\u011bvy. Po \u0159ece Mississippi pluje lo\u010f, tzv.boat, na n\u00ed\u017e se pro ukr\u00e1cen\u00ed dlouh\u00e9 chv\u00edle hraj\u00ed divadlen\u00ed p\u0159edstaven\u00ed. Lo\u010f je p\u0159epadena pir\u00e1ty a n\u00e1sledn\u011b vyhozena do pov\u011bt\u0159\u00ed. Zachr\u00e1n\u011bna je pouze Czech girl Anycka. Ale ani radost pirat\u016f z bohat\u00e9ho lupu nem\u00e1 dlouh\u00e9 trv\u00e1n\u00ed. Jsou pro zm\u011bnu p\u0159epaden\u00ed indi\u00e1ny. Kdo p\u0159e\u017eije? To je p\u0159ece nade v\u0161i pochybnost: Czech girl Anycka.<\/p>\n","protected":false},"excerpt":{"rendered":"<p>Ochotnick\u00fd divadeln\u00ed soubor Rozko\u0161 funguje v\u00a0r\u00e1mci ROZKO\u0160E bez RIZIKA jako sou\u010d\u00e1st terapie pro klientky sdru\u017een\u00ed. \u201eC\u00edlem divadeln\u00edch aktivit ROZKO\u0160E bez RIZKA je dostat nahoru \u2013 na p\u00f3dium \u2013 ty, co se c\u00edt\u00ed b\u00fdt dole, na dn\u011b nebo skoro na dn\u011b,&#8220; \u0159\u00edk\u00e1 Hana Malinov\u00e1, princip\u00e1lka souboru. Spolek celkem uvedl u\u017e dvan\u00e1ct autorsk\u00fdch divadeln\u00edch her a nap\u0159\u00edklad [&hellip;]<\/p>\n","protected":false},"author":1,"featured_media":0,"parent":0,"menu_order":0,"comment_status":"closed","ping_status":"open","template":"","meta":{"footnotes":""},"class_list":["post-1465","page","type-page","status-publish","hentry"],"yoast_head":"<!-- This site is optimized with the Yoast SEO plugin v27.5 - https:\/\/yoast.com\/product\/yoast-seo-wordpress\/ -->\n<title>ROZKO\u0160 BEZ RIZIKA - DIVADLO KLAUNIKY BRNO<\/title>\n<meta name=\"robots\" content=\"index, follow, max-snippet:-1, max-image-preview:large, max-video-preview:-1\" \/>\n<link rel=\"canonical\" href=\"https:\/\/www.klaunika.eu\/?page_id=1465\" \/>\n<meta property=\"og:locale\" content=\"cs_CZ\" \/>\n<meta property=\"og:type\" content=\"article\" \/>\n<meta property=\"og:title\" content=\"ROZKO\u0160 BEZ RIZIKA - DIVADLO KLAUNIKY BRNO\" \/>\n<meta property=\"og:description\" content=\"Ochotnick\u00fd divadeln\u00ed soubor Rozko\u0161 funguje v\u00a0r\u00e1mci ROZKO\u0160E bez RIZIKA jako sou\u010d\u00e1st terapie pro klientky sdru\u017een\u00ed. \u201eC\u00edlem divadeln\u00edch aktivit ROZKO\u0160E bez RIZKA je dostat nahoru \u2013 na p\u00f3dium \u2013 ty, co se c\u00edt\u00ed b\u00fdt dole, na dn\u011b nebo skoro na dn\u011b,&#8220; \u0159\u00edk\u00e1 Hana Malinov\u00e1, princip\u00e1lka souboru. Spolek celkem uvedl u\u017e dvan\u00e1ct autorsk\u00fdch divadeln\u00edch her a nap\u0159\u00edklad [&hellip;]\" \/>\n<meta property=\"og:url\" content=\"https:\/\/www.klaunika.eu\/?page_id=1465\" \/>\n<meta property=\"og:site_name\" content=\"DIVADLO KLAUNIKY BRNO\" \/>\n<meta name=\"twitter:card\" content=\"summary_large_image\" \/>\n<meta name=\"twitter:label1\" content=\"Odhadovan\u00e1 doba \u010dten\u00ed\" \/>\n\t<meta name=\"twitter:data1\" content=\"1 minuta\" \/>\n<script type=\"application\/ld+json\" class=\"yoast-schema-graph\">{\"@context\":\"https:\\\/\\\/schema.org\",\"@graph\":[{\"@type\":\"WebPage\",\"@id\":\"https:\\\/\\\/www.klaunika.eu\\\/?page_id=1465\",\"url\":\"https:\\\/\\\/www.klaunika.eu\\\/?page_id=1465\",\"name\":\"ROZKO\u0160 BEZ RIZIKA - DIVADLO KLAUNIKY BRNO\",\"isPartOf\":{\"@id\":\"https:\\\/\\\/www.klaunika.eu\\\/#website\"},\"datePublished\":\"2016-09-21T16:05:21+00:00\",\"breadcrumb\":{\"@id\":\"https:\\\/\\\/www.klaunika.eu\\\/?page_id=1465#breadcrumb\"},\"inLanguage\":\"cs\",\"potentialAction\":[{\"@type\":\"ReadAction\",\"target\":[\"https:\\\/\\\/www.klaunika.eu\\\/?page_id=1465\"]}]},{\"@type\":\"BreadcrumbList\",\"@id\":\"https:\\\/\\\/www.klaunika.eu\\\/?page_id=1465#breadcrumb\",\"itemListElement\":[{\"@type\":\"ListItem\",\"position\":1,\"name\":\"Dom\u016f\",\"item\":\"https:\\\/\\\/www.klaunika.eu\\\/\"},{\"@type\":\"ListItem\",\"position\":2,\"name\":\"ROZKO\u0160 BEZ RIZIKA\"}]},{\"@type\":\"WebSite\",\"@id\":\"https:\\\/\\\/www.klaunika.eu\\\/#website\",\"url\":\"https:\\\/\\\/www.klaunika.eu\\\/\",\"name\":\"DIVADLO KLAUNIKY BRNO\",\"description\":\"SOUKROM\u00c1 SC\u00c9NA HUMORU\",\"publisher\":{\"@id\":\"https:\\\/\\\/www.klaunika.eu\\\/#organization\"},\"potentialAction\":[{\"@type\":\"SearchAction\",\"target\":{\"@type\":\"EntryPoint\",\"urlTemplate\":\"https:\\\/\\\/www.klaunika.eu\\\/?s={search_term_string}\"},\"query-input\":{\"@type\":\"PropertyValueSpecification\",\"valueRequired\":true,\"valueName\":\"search_term_string\"}}],\"inLanguage\":\"cs\"},{\"@type\":\"Organization\",\"@id\":\"https:\\\/\\\/www.klaunika.eu\\\/#organization\",\"name\":\"DIVADLO KLAUNIKY BRNO\",\"url\":\"https:\\\/\\\/www.klaunika.eu\\\/\",\"logo\":{\"@type\":\"ImageObject\",\"inLanguage\":\"cs\",\"@id\":\"https:\\\/\\\/www.klaunika.eu\\\/#\\\/schema\\\/logo\\\/image\\\/\",\"url\":\"https:\\\/\\\/www.klaunika.eu\\\/wp-content\\\/uploads\\\/2021\\\/11\\\/cropped-cropped-PSX_20211123_210259.jpg\",\"contentUrl\":\"https:\\\/\\\/www.klaunika.eu\\\/wp-content\\\/uploads\\\/2021\\\/11\\\/cropped-cropped-PSX_20211123_210259.jpg\",\"width\":248,\"height\":248,\"caption\":\"DIVADLO KLAUNIKY BRNO\"},\"image\":{\"@id\":\"https:\\\/\\\/www.klaunika.eu\\\/#\\\/schema\\\/logo\\\/image\\\/\"}}]}<\/script>\n<!-- \/ Yoast SEO plugin. -->","yoast_head_json":{"title":"ROZKO\u0160 BEZ RIZIKA - DIVADLO KLAUNIKY BRNO","robots":{"index":"index","follow":"follow","max-snippet":"max-snippet:-1","max-image-preview":"max-image-preview:large","max-video-preview":"max-video-preview:-1"},"canonical":"https:\/\/www.klaunika.eu\/?page_id=1465","og_locale":"cs_CZ","og_type":"article","og_title":"ROZKO\u0160 BEZ RIZIKA - DIVADLO KLAUNIKY BRNO","og_description":"Ochotnick\u00fd divadeln\u00ed soubor Rozko\u0161 funguje v\u00a0r\u00e1mci ROZKO\u0160E bez RIZIKA jako sou\u010d\u00e1st terapie pro klientky sdru\u017een\u00ed. \u201eC\u00edlem divadeln\u00edch aktivit ROZKO\u0160E bez RIZKA je dostat nahoru \u2013 na p\u00f3dium \u2013 ty, co se c\u00edt\u00ed b\u00fdt dole, na dn\u011b nebo skoro na dn\u011b,&#8220; \u0159\u00edk\u00e1 Hana Malinov\u00e1, princip\u00e1lka souboru. Spolek celkem uvedl u\u017e dvan\u00e1ct autorsk\u00fdch divadeln\u00edch her a nap\u0159\u00edklad [&hellip;]","og_url":"https:\/\/www.klaunika.eu\/?page_id=1465","og_site_name":"DIVADLO KLAUNIKY BRNO","twitter_card":"summary_large_image","twitter_misc":{"Odhadovan\u00e1 doba \u010dten\u00ed":"1 minuta"},"schema":{"@context":"https:\/\/schema.org","@graph":[{"@type":"WebPage","@id":"https:\/\/www.klaunika.eu\/?page_id=1465","url":"https:\/\/www.klaunika.eu\/?page_id=1465","name":"ROZKO\u0160 BEZ RIZIKA - DIVADLO KLAUNIKY BRNO","isPartOf":{"@id":"https:\/\/www.klaunika.eu\/#website"},"datePublished":"2016-09-21T16:05:21+00:00","breadcrumb":{"@id":"https:\/\/www.klaunika.eu\/?page_id=1465#breadcrumb"},"inLanguage":"cs","potentialAction":[{"@type":"ReadAction","target":["https:\/\/www.klaunika.eu\/?page_id=1465"]}]},{"@type":"BreadcrumbList","@id":"https:\/\/www.klaunika.eu\/?page_id=1465#breadcrumb","itemListElement":[{"@type":"ListItem","position":1,"name":"Dom\u016f","item":"https:\/\/www.klaunika.eu\/"},{"@type":"ListItem","position":2,"name":"ROZKO\u0160 BEZ RIZIKA"}]},{"@type":"WebSite","@id":"https:\/\/www.klaunika.eu\/#website","url":"https:\/\/www.klaunika.eu\/","name":"DIVADLO KLAUNIKY BRNO","description":"SOUKROM\u00c1 SC\u00c9NA HUMORU","publisher":{"@id":"https:\/\/www.klaunika.eu\/#organization"},"potentialAction":[{"@type":"SearchAction","target":{"@type":"EntryPoint","urlTemplate":"https:\/\/www.klaunika.eu\/?s={search_term_string}"},"query-input":{"@type":"PropertyValueSpecification","valueRequired":true,"valueName":"search_term_string"}}],"inLanguage":"cs"},{"@type":"Organization","@id":"https:\/\/www.klaunika.eu\/#organization","name":"DIVADLO KLAUNIKY BRNO","url":"https:\/\/www.klaunika.eu\/","logo":{"@type":"ImageObject","inLanguage":"cs","@id":"https:\/\/www.klaunika.eu\/#\/schema\/logo\/image\/","url":"https:\/\/www.klaunika.eu\/wp-content\/uploads\/2021\/11\/cropped-cropped-PSX_20211123_210259.jpg","contentUrl":"https:\/\/www.klaunika.eu\/wp-content\/uploads\/2021\/11\/cropped-cropped-PSX_20211123_210259.jpg","width":248,"height":248,"caption":"DIVADLO KLAUNIKY BRNO"},"image":{"@id":"https:\/\/www.klaunika.eu\/#\/schema\/logo\/image\/"}}]}},"_links":{"self":[{"href":"https:\/\/www.klaunika.eu\/index.php?rest_route=\/wp\/v2\/pages\/1465","targetHints":{"allow":["GET"]}}],"collection":[{"href":"https:\/\/www.klaunika.eu\/index.php?rest_route=\/wp\/v2\/pages"}],"about":[{"href":"https:\/\/www.klaunika.eu\/index.php?rest_route=\/wp\/v2\/types\/page"}],"author":[{"embeddable":true,"href":"https:\/\/www.klaunika.eu\/index.php?rest_route=\/wp\/v2\/users\/1"}],"replies":[{"embeddable":true,"href":"https:\/\/www.klaunika.eu\/index.php?rest_route=%2Fwp%2Fv2%2Fcomments&post=1465"}],"version-history":[{"count":1,"href":"https:\/\/www.klaunika.eu\/index.php?rest_route=\/wp\/v2\/pages\/1465\/revisions"}],"predecessor-version":[{"id":1466,"href":"https:\/\/www.klaunika.eu\/index.php?rest_route=\/wp\/v2\/pages\/1465\/revisions\/1466"}],"wp:attachment":[{"href":"https:\/\/www.klaunika.eu\/index.php?rest_route=%2Fwp%2Fv2%2Fmedia&parent=1465"}],"curies":[{"name":"wp","href":"https:\/\/api.w.org\/{rel}","templated":true}]}}