{"id":1462,"date":"2016-09-21T17:50:35","date_gmt":"2016-09-21T15:50:35","guid":{"rendered":"http:\/\/www.klaunika.eu\/?page_id=1462"},"modified":"2016-09-21T17:50:35","modified_gmt":"2016-09-21T15:50:35","slug":"bohnicka-divadelni-spolecnost-2","status":"publish","type":"page","link":"https:\/\/www.klaunika.eu\/?page_id=1462","title":{"rendered":"BOHNICK\u00c1 DIVADELN\u00cd SPOLE\u010cNOST"},"content":{"rendered":"<p style=\"text-align: justify;\">BDS je p\u0159edev\u0161\u00edm spole\u010denstv\u00ed &#8211; voln\u00e1, otev\u0159en\u00e1 formace lid\u00ed s \u0161irokou \u0161k\u00e1lou zku\u0161enost\u00ed, n\u00e1zor\u016f a post\u0159eh\u016f, lid\u00ed s r\u016fzn\u00fdmi stupni a diagn\u00f3zami &#8222;nemoci&#8220;. J\u00e1dro experiment\u00e1ln\u00edho souboru tvo\u0159\u00ed profesion\u00e1ln\u00ed divadeln\u00edci a\u00a0psychiatri\u010dt\u00ed pacienti-herci (hospitalizovan\u00ed, ambulantn\u011b l\u00e9\u010den\u00ed, ob\u010dasn\u011b nemocn\u00ed). Spole\u010dnost dopl\u0148uj\u00ed studenti, terapeuti, lekto\u0159i, p\u0159\u00e1tel\u00e9 a sympatizanti. Ka\u017ed\u00fd m\u016f\u017ee p\u0159ij\u00edt a obsadit svoje m\u00edsto.<\/p>\n<p style=\"text-align: justify;\"><a title=\"BDS na Facebooku!\" href=\"http:\/\/www.facebook.com\/bohnicka.divadelni\" target=\"_blank\">BDS<\/a> vznikla v roce 1991 na p\u016fd\u011b Bohnick\u00e9 psychiatrick\u00e9 l\u00e9\u010debny. Od roku 1996 s\u00eddl\u00ed a zkou\u0161\u00ed v domovsk\u00e9m\u00a0Studiu Citadela v centru Prahy.<\/p>\n<p style=\"text-align: justify;\"><div class=\"su-youtube su-u-responsive-media-yes\"><iframe width=\"360\" height=\"300\" src=\"https:\/\/www.youtube.com\/embed\/5gGYbtjfNIA?\" frameborder=\"0\" allowfullscreen allow=\"autoplay; encrypted-media; picture-in-picture\" title=\"\"><\/iframe><\/div>\n<p style=\"text-align: justify;\">SOCIAL SPECIFIC ANEB SOCI\u00c1LN\u00cd DIVADLO<\/p>\n<p style=\"text-align: justify;\">Vlastn\u00edm z\u00e1m\u011brem zde z\u016fst\u00e1v\u00e1 p\u0159edev\u0161\u00edm proces tvorby, nikoli v\u00fdsledn\u00e9 p\u0159edstaven\u00ed, kter\u00e9 je jist\u00fdm d\u00edl\u010d\u00edm horizontem spole\u010dn\u00e9ho um\u011bleck\u00e9ho-lidsk\u00e9ho usilov\u00e1n\u00ed. Nehybnost a\u017e totalita pohybov\u00e9 kreace, rytmizovan\u00e1 souhra gesta a slova, kontrast kolektivn\u00ed a individu\u00e1ln\u00ed role pat\u0159\u00ed k z\u00e1kladn\u00edm prost\u0159edk\u016fm na\u0161\u00ed inscena\u010dn\u00ed tvorby.<\/p>\n<p style=\"text-align: justify;\">V evropsk\u00e9 zku\u0161enosti se v \u0159\u00e1du posledn\u00edch 20 let zako\u0159enila tradice profesion\u00e1ln\u00edch divadel handicapovan\u00fdch.\u00a0Ze soubor\u016f p\u016fsob\u00edc\u00edch na\u00a0hranici um\u011bn\u00ed a psychiatrie m\u016f\u017eeme vedle BDS jmenovat kup\u0159. <a title=\"Theater Maatwerk\" href=\"http:\/\/www.theatermaatwerk.nl\/\" target=\"_blank\">Theater Maatwerk<\/a> z Holandska, <a title=\"Theater im Glashaus\" href=\"http:\/\/www.theaterglashaus.de\/\" target=\"_blank\">Theater im Glashaus<\/a>, Theater Sycorax a <a title=\"Theater Chaosium\" href=\"http:\/\/theater-chaosium.de\/\" target=\"_blank\">Theater Chaosium <\/a>z N\u011bmecka, francouzsk\u00fd sobor Compagnie de l&#8217;Oiseau Mouche,\u00a0<a title=\"Arte e Salute\" href=\"http:\/\/www.arteesalute.org\/\" target=\"_blank\">Arte e Salute <\/a>z It\u00e1lie a dal\u0161\u00ed.<\/p>\n<p><span style=\"text-decoration: underline;\">JEDEN DEN. Kabaret Ivan Blatn\u00fd<\/span><\/p>\n<p style=\"text-align: justify;\">Inscenace inspirovan\u00e1 neklidn\u00fdm \u017eivotem a d\u00edlem jednoho z velk\u00fdch talent\u016f \u010desk\u00e9 poezie, b\u00e1sn\u00edka Ivana Blatn\u00e9ho. V\u0161emi milovan\u00fd a v\u0161emi zatracen\u00fd. Zak\u00e1zan\u00fd, opu\u0161t\u011bn\u00fd, \u0161\u00edlen\u00fd. Idol \u0160kvoreck\u00e9ho, Nezval\u016fv, nejv\u011brn\u011bj\u0161\u00ed p\u0159\u00edtel Orten\u016fv &#8211; po nutn\u00e9 emigraci v 50. letech str\u00e1v\u00ed zbytek \u017eivota v \u00fastran\u00ed v psychiatrick\u00fdch l\u00e9\u010debn\u00e1ch v Brit\u00e1nii. Zav\u00edtejme na jeden krati\u010dk\u00fd den do \u0161pit\u00e1ln\u00edho pokoj\u00edku g\u00e9nia&#8230; A jak\u00e1 je va\u0161e zku\u0161enost s hospitalizac\u00ed?!<\/p>\n<p>\u00a0Hraj\u00ed: Martin Bonne, Petr Korpas, \u0160\u00e1rka Ku\u010derov\u00e1, Jacek Ortmann, Magda Pra\u017e\u00e1kov\u00e1, Martin \u0158eh\u00e1\u010dek, Luk\u00e1\u0161 Sl\u00e1ma, Pavel Schrank, Josef Vrba, Ivana Hessov\u00e1 a Kate\u0159ina \u0160tefanov\u00e1 j.h.<\/p>\n<p>Re\u017eie a dramaturgie: Ivana Hessov\u00e1, Vendula Kodetov\u00e1<\/p>\n","protected":false},"excerpt":{"rendered":"<p>BDS je p\u0159edev\u0161\u00edm spole\u010denstv\u00ed &#8211; voln\u00e1, otev\u0159en\u00e1 formace lid\u00ed s \u0161irokou \u0161k\u00e1lou zku\u0161enost\u00ed, n\u00e1zor\u016f a post\u0159eh\u016f, lid\u00ed s r\u016fzn\u00fdmi stupni a diagn\u00f3zami &#8222;nemoci&#8220;. J\u00e1dro experiment\u00e1ln\u00edho souboru tvo\u0159\u00ed profesion\u00e1ln\u00ed divadeln\u00edci a\u00a0psychiatri\u010dt\u00ed pacienti-herci (hospitalizovan\u00ed, ambulantn\u011b l\u00e9\u010den\u00ed, ob\u010dasn\u011b nemocn\u00ed). Spole\u010dnost dopl\u0148uj\u00ed studenti, terapeuti, lekto\u0159i, p\u0159\u00e1tel\u00e9 a sympatizanti. Ka\u017ed\u00fd m\u016f\u017ee p\u0159ij\u00edt a obsadit svoje m\u00edsto. BDS vznikla v roce [&hellip;]<\/p>\n","protected":false},"author":1,"featured_media":0,"parent":0,"menu_order":0,"comment_status":"closed","ping_status":"open","template":"","meta":{"footnotes":""},"class_list":["post-1462","page","type-page","status-publish","hentry"],"yoast_head":"<!-- This site is optimized with the Yoast SEO plugin v27.5 - https:\/\/yoast.com\/product\/yoast-seo-wordpress\/ -->\n<title>BOHNICK\u00c1 DIVADELN\u00cd SPOLE\u010cNOST - DIVADLO KLAUNIKY BRNO<\/title>\n<meta name=\"robots\" content=\"index, follow, max-snippet:-1, max-image-preview:large, max-video-preview:-1\" \/>\n<link rel=\"canonical\" href=\"https:\/\/www.klaunika.eu\/?page_id=1462\" \/>\n<meta property=\"og:locale\" content=\"cs_CZ\" \/>\n<meta property=\"og:type\" content=\"article\" \/>\n<meta property=\"og:title\" content=\"BOHNICK\u00c1 DIVADELN\u00cd SPOLE\u010cNOST - DIVADLO KLAUNIKY BRNO\" \/>\n<meta property=\"og:description\" content=\"BDS je p\u0159edev\u0161\u00edm spole\u010denstv\u00ed &#8211; voln\u00e1, otev\u0159en\u00e1 formace lid\u00ed s \u0161irokou \u0161k\u00e1lou zku\u0161enost\u00ed, n\u00e1zor\u016f a post\u0159eh\u016f, lid\u00ed s r\u016fzn\u00fdmi stupni a diagn\u00f3zami &#8222;nemoci&#8220;. J\u00e1dro experiment\u00e1ln\u00edho souboru tvo\u0159\u00ed profesion\u00e1ln\u00ed divadeln\u00edci a\u00a0psychiatri\u010dt\u00ed pacienti-herci (hospitalizovan\u00ed, ambulantn\u011b l\u00e9\u010den\u00ed, ob\u010dasn\u011b nemocn\u00ed). Spole\u010dnost dopl\u0148uj\u00ed studenti, terapeuti, lekto\u0159i, p\u0159\u00e1tel\u00e9 a sympatizanti. Ka\u017ed\u00fd m\u016f\u017ee p\u0159ij\u00edt a obsadit svoje m\u00edsto. BDS vznikla v roce [&hellip;]\" \/>\n<meta property=\"og:url\" content=\"https:\/\/www.klaunika.eu\/?page_id=1462\" \/>\n<meta property=\"og:site_name\" content=\"DIVADLO KLAUNIKY BRNO\" \/>\n<meta name=\"twitter:card\" content=\"summary_large_image\" \/>\n<meta name=\"twitter:label1\" content=\"Odhadovan\u00e1 doba \u010dten\u00ed\" \/>\n\t<meta name=\"twitter:data1\" content=\"2 minuty\" \/>\n<script type=\"application\/ld+json\" class=\"yoast-schema-graph\">{\"@context\":\"https:\\\/\\\/schema.org\",\"@graph\":[{\"@type\":\"WebPage\",\"@id\":\"https:\\\/\\\/www.klaunika.eu\\\/?page_id=1462\",\"url\":\"https:\\\/\\\/www.klaunika.eu\\\/?page_id=1462\",\"name\":\"BOHNICK\u00c1 DIVADELN\u00cd SPOLE\u010cNOST - DIVADLO KLAUNIKY BRNO\",\"isPartOf\":{\"@id\":\"https:\\\/\\\/www.klaunika.eu\\\/#website\"},\"datePublished\":\"2016-09-21T15:50:35+00:00\",\"breadcrumb\":{\"@id\":\"https:\\\/\\\/www.klaunika.eu\\\/?page_id=1462#breadcrumb\"},\"inLanguage\":\"cs\",\"potentialAction\":[{\"@type\":\"ReadAction\",\"target\":[\"https:\\\/\\\/www.klaunika.eu\\\/?page_id=1462\"]}]},{\"@type\":\"BreadcrumbList\",\"@id\":\"https:\\\/\\\/www.klaunika.eu\\\/?page_id=1462#breadcrumb\",\"itemListElement\":[{\"@type\":\"ListItem\",\"position\":1,\"name\":\"Dom\u016f\",\"item\":\"https:\\\/\\\/www.klaunika.eu\\\/\"},{\"@type\":\"ListItem\",\"position\":2,\"name\":\"BOHNICK\u00c1 DIVADELN\u00cd SPOLE\u010cNOST\"}]},{\"@type\":\"WebSite\",\"@id\":\"https:\\\/\\\/www.klaunika.eu\\\/#website\",\"url\":\"https:\\\/\\\/www.klaunika.eu\\\/\",\"name\":\"DIVADLO KLAUNIKY BRNO\",\"description\":\"SOUKROM\u00c1 SC\u00c9NA HUMORU\",\"publisher\":{\"@id\":\"https:\\\/\\\/www.klaunika.eu\\\/#organization\"},\"potentialAction\":[{\"@type\":\"SearchAction\",\"target\":{\"@type\":\"EntryPoint\",\"urlTemplate\":\"https:\\\/\\\/www.klaunika.eu\\\/?s={search_term_string}\"},\"query-input\":{\"@type\":\"PropertyValueSpecification\",\"valueRequired\":true,\"valueName\":\"search_term_string\"}}],\"inLanguage\":\"cs\"},{\"@type\":\"Organization\",\"@id\":\"https:\\\/\\\/www.klaunika.eu\\\/#organization\",\"name\":\"DIVADLO KLAUNIKY BRNO\",\"url\":\"https:\\\/\\\/www.klaunika.eu\\\/\",\"logo\":{\"@type\":\"ImageObject\",\"inLanguage\":\"cs\",\"@id\":\"https:\\\/\\\/www.klaunika.eu\\\/#\\\/schema\\\/logo\\\/image\\\/\",\"url\":\"https:\\\/\\\/www.klaunika.eu\\\/wp-content\\\/uploads\\\/2021\\\/11\\\/cropped-cropped-PSX_20211123_210259.jpg\",\"contentUrl\":\"https:\\\/\\\/www.klaunika.eu\\\/wp-content\\\/uploads\\\/2021\\\/11\\\/cropped-cropped-PSX_20211123_210259.jpg\",\"width\":248,\"height\":248,\"caption\":\"DIVADLO KLAUNIKY BRNO\"},\"image\":{\"@id\":\"https:\\\/\\\/www.klaunika.eu\\\/#\\\/schema\\\/logo\\\/image\\\/\"}}]}<\/script>\n<!-- \/ Yoast SEO plugin. -->","yoast_head_json":{"title":"BOHNICK\u00c1 DIVADELN\u00cd SPOLE\u010cNOST - DIVADLO KLAUNIKY BRNO","robots":{"index":"index","follow":"follow","max-snippet":"max-snippet:-1","max-image-preview":"max-image-preview:large","max-video-preview":"max-video-preview:-1"},"canonical":"https:\/\/www.klaunika.eu\/?page_id=1462","og_locale":"cs_CZ","og_type":"article","og_title":"BOHNICK\u00c1 DIVADELN\u00cd SPOLE\u010cNOST - DIVADLO KLAUNIKY BRNO","og_description":"BDS je p\u0159edev\u0161\u00edm spole\u010denstv\u00ed &#8211; voln\u00e1, otev\u0159en\u00e1 formace lid\u00ed s \u0161irokou \u0161k\u00e1lou zku\u0161enost\u00ed, n\u00e1zor\u016f a post\u0159eh\u016f, lid\u00ed s r\u016fzn\u00fdmi stupni a diagn\u00f3zami &#8222;nemoci&#8220;. J\u00e1dro experiment\u00e1ln\u00edho souboru tvo\u0159\u00ed profesion\u00e1ln\u00ed divadeln\u00edci a\u00a0psychiatri\u010dt\u00ed pacienti-herci (hospitalizovan\u00ed, ambulantn\u011b l\u00e9\u010den\u00ed, ob\u010dasn\u011b nemocn\u00ed). Spole\u010dnost dopl\u0148uj\u00ed studenti, terapeuti, lekto\u0159i, p\u0159\u00e1tel\u00e9 a sympatizanti. Ka\u017ed\u00fd m\u016f\u017ee p\u0159ij\u00edt a obsadit svoje m\u00edsto. BDS vznikla v roce [&hellip;]","og_url":"https:\/\/www.klaunika.eu\/?page_id=1462","og_site_name":"DIVADLO KLAUNIKY BRNO","twitter_card":"summary_large_image","twitter_misc":{"Odhadovan\u00e1 doba \u010dten\u00ed":"2 minuty"},"schema":{"@context":"https:\/\/schema.org","@graph":[{"@type":"WebPage","@id":"https:\/\/www.klaunika.eu\/?page_id=1462","url":"https:\/\/www.klaunika.eu\/?page_id=1462","name":"BOHNICK\u00c1 DIVADELN\u00cd SPOLE\u010cNOST - DIVADLO KLAUNIKY BRNO","isPartOf":{"@id":"https:\/\/www.klaunika.eu\/#website"},"datePublished":"2016-09-21T15:50:35+00:00","breadcrumb":{"@id":"https:\/\/www.klaunika.eu\/?page_id=1462#breadcrumb"},"inLanguage":"cs","potentialAction":[{"@type":"ReadAction","target":["https:\/\/www.klaunika.eu\/?page_id=1462"]}]},{"@type":"BreadcrumbList","@id":"https:\/\/www.klaunika.eu\/?page_id=1462#breadcrumb","itemListElement":[{"@type":"ListItem","position":1,"name":"Dom\u016f","item":"https:\/\/www.klaunika.eu\/"},{"@type":"ListItem","position":2,"name":"BOHNICK\u00c1 DIVADELN\u00cd SPOLE\u010cNOST"}]},{"@type":"WebSite","@id":"https:\/\/www.klaunika.eu\/#website","url":"https:\/\/www.klaunika.eu\/","name":"DIVADLO KLAUNIKY BRNO","description":"SOUKROM\u00c1 SC\u00c9NA HUMORU","publisher":{"@id":"https:\/\/www.klaunika.eu\/#organization"},"potentialAction":[{"@type":"SearchAction","target":{"@type":"EntryPoint","urlTemplate":"https:\/\/www.klaunika.eu\/?s={search_term_string}"},"query-input":{"@type":"PropertyValueSpecification","valueRequired":true,"valueName":"search_term_string"}}],"inLanguage":"cs"},{"@type":"Organization","@id":"https:\/\/www.klaunika.eu\/#organization","name":"DIVADLO KLAUNIKY BRNO","url":"https:\/\/www.klaunika.eu\/","logo":{"@type":"ImageObject","inLanguage":"cs","@id":"https:\/\/www.klaunika.eu\/#\/schema\/logo\/image\/","url":"https:\/\/www.klaunika.eu\/wp-content\/uploads\/2021\/11\/cropped-cropped-PSX_20211123_210259.jpg","contentUrl":"https:\/\/www.klaunika.eu\/wp-content\/uploads\/2021\/11\/cropped-cropped-PSX_20211123_210259.jpg","width":248,"height":248,"caption":"DIVADLO KLAUNIKY BRNO"},"image":{"@id":"https:\/\/www.klaunika.eu\/#\/schema\/logo\/image\/"}}]}},"_links":{"self":[{"href":"https:\/\/www.klaunika.eu\/index.php?rest_route=\/wp\/v2\/pages\/1462","targetHints":{"allow":["GET"]}}],"collection":[{"href":"https:\/\/www.klaunika.eu\/index.php?rest_route=\/wp\/v2\/pages"}],"about":[{"href":"https:\/\/www.klaunika.eu\/index.php?rest_route=\/wp\/v2\/types\/page"}],"author":[{"embeddable":true,"href":"https:\/\/www.klaunika.eu\/index.php?rest_route=\/wp\/v2\/users\/1"}],"replies":[{"embeddable":true,"href":"https:\/\/www.klaunika.eu\/index.php?rest_route=%2Fwp%2Fv2%2Fcomments&post=1462"}],"version-history":[{"count":1,"href":"https:\/\/www.klaunika.eu\/index.php?rest_route=\/wp\/v2\/pages\/1462\/revisions"}],"predecessor-version":[{"id":1463,"href":"https:\/\/www.klaunika.eu\/index.php?rest_route=\/wp\/v2\/pages\/1462\/revisions\/1463"}],"wp:attachment":[{"href":"https:\/\/www.klaunika.eu\/index.php?rest_route=%2Fwp%2Fv2%2Fmedia&parent=1462"}],"curies":[{"name":"wp","href":"https:\/\/api.w.org\/{rel}","templated":true}]}}