{"id":1458,"date":"2016-09-21T16:37:32","date_gmt":"2016-09-21T14:37:32","guid":{"rendered":"http:\/\/www.klaunika.eu\/?page_id=1458"},"modified":"2016-09-21T16:37:32","modified_gmt":"2016-09-21T14:37:32","slug":"do-hospody-dobry","status":"publish","type":"page","link":"https:\/\/www.klaunika.eu\/?page_id=1458","title":{"rendered":"DO HOSPODY DOBR\u00dd"},"content":{"rendered":"<p style=\"text-align: justify;\">Skupina Do Hospody Dobr\u00fd je tv\u00e1rn\u00e9 a person\u00e1ln\u011b velmi prom\u011bnliv\u00e9 t\u011bleso. Hudebn\u00ed t\u011bleso vzniklo \u010dist\u011b za \u00fa\u010delem hran\u00ed po hospod\u00e1ch pod n\u00e1zvem Lep\u0161\u00ed ve\u010der. Hraj\u00ed p\u00edsn\u011b Marka Lep\u0161\u00edho, Pavla Houfka a celou \u0159adu cover\u016f dom\u00e1c\u00edch i zahrani\u010dn\u00edch autor\u016f. D\u016fle\u017eit\u00fdm \u010dlenem je kytarov\u00fd virtu\u00f3z Samuel N\u011bmec. nepostradateln\u00fdm \u010dlenem je kytarista, skladatel a zp\u011bv\u00e1k Pavel Houfek. Kapela je o stupe\u0148 lep\u0161\u00ed, kdy\u017e s nimi hraje kytarista, zp\u011bv\u00e1k a skladatel Marek Lep\u0161\u00ed, ale je\u0161t\u011b lep\u0161\u00ed z\u00e1\u017eitek je, kdy\u017e se p\u0159id\u00e1 n\u011bjak\u00e1 zp\u011bva\u010dka. Ale v\u00edte, jak je to se zp\u011bva\u010dkami. Zakladatelem skupiny je Anton\u00edn Moravec, kter\u00fd na \u017e\u00e1dn\u00fd n\u00e1stroj nehraje po\u0159\u00e1dn\u011b, ale po\u0159\u00e1d by cht\u011bl na n\u011bco hr\u00e1t a ob\u010das i zp\u00edv\u00e1.<\/p>\n","protected":false},"excerpt":{"rendered":"<p>Skupina Do Hospody Dobr\u00fd je tv\u00e1rn\u00e9 a person\u00e1ln\u011b velmi prom\u011bnliv\u00e9 t\u011bleso. Hudebn\u00ed t\u011bleso vzniklo \u010dist\u011b za \u00fa\u010delem hran\u00ed po hospod\u00e1ch pod n\u00e1zvem Lep\u0161\u00ed ve\u010der. Hraj\u00ed p\u00edsn\u011b Marka Lep\u0161\u00edho, Pavla Houfka a celou \u0159adu cover\u016f dom\u00e1c\u00edch i zahrani\u010dn\u00edch autor\u016f. D\u016fle\u017eit\u00fdm \u010dlenem je kytarov\u00fd virtu\u00f3z Samuel N\u011bmec. nepostradateln\u00fdm \u010dlenem je kytarista, skladatel a zp\u011bv\u00e1k Pavel Houfek. Kapela [&hellip;]<\/p>\n","protected":false},"author":1,"featured_media":0,"parent":0,"menu_order":0,"comment_status":"closed","ping_status":"open","template":"","meta":{"footnotes":""},"class_list":["post-1458","page","type-page","status-publish","hentry"],"yoast_head":"<!-- This site is optimized with the Yoast SEO plugin v27.5 - https:\/\/yoast.com\/product\/yoast-seo-wordpress\/ -->\n<title>DO HOSPODY DOBR\u00dd - DIVADLO KLAUNIKY BRNO<\/title>\n<meta name=\"robots\" content=\"index, follow, max-snippet:-1, max-image-preview:large, max-video-preview:-1\" \/>\n<link rel=\"canonical\" href=\"https:\/\/www.klaunika.eu\/?page_id=1458\" \/>\n<meta property=\"og:locale\" content=\"cs_CZ\" \/>\n<meta property=\"og:type\" content=\"article\" \/>\n<meta property=\"og:title\" content=\"DO HOSPODY DOBR\u00dd - DIVADLO KLAUNIKY BRNO\" \/>\n<meta property=\"og:description\" content=\"Skupina Do Hospody Dobr\u00fd je tv\u00e1rn\u00e9 a person\u00e1ln\u011b velmi prom\u011bnliv\u00e9 t\u011bleso. Hudebn\u00ed t\u011bleso vzniklo \u010dist\u011b za \u00fa\u010delem hran\u00ed po hospod\u00e1ch pod n\u00e1zvem Lep\u0161\u00ed ve\u010der. Hraj\u00ed p\u00edsn\u011b Marka Lep\u0161\u00edho, Pavla Houfka a celou \u0159adu cover\u016f dom\u00e1c\u00edch i zahrani\u010dn\u00edch autor\u016f. D\u016fle\u017eit\u00fdm \u010dlenem je kytarov\u00fd virtu\u00f3z Samuel N\u011bmec. nepostradateln\u00fdm \u010dlenem je kytarista, skladatel a zp\u011bv\u00e1k Pavel Houfek. Kapela [&hellip;]\" \/>\n<meta property=\"og:url\" content=\"https:\/\/www.klaunika.eu\/?page_id=1458\" \/>\n<meta property=\"og:site_name\" content=\"DIVADLO KLAUNIKY BRNO\" \/>\n<meta name=\"twitter:card\" content=\"summary_large_image\" \/>\n<meta name=\"twitter:label1\" content=\"Odhadovan\u00e1 doba \u010dten\u00ed\" \/>\n\t<meta name=\"twitter:data1\" content=\"1 minuta\" \/>\n<script type=\"application\/ld+json\" class=\"yoast-schema-graph\">{\"@context\":\"https:\\\/\\\/schema.org\",\"@graph\":[{\"@type\":\"WebPage\",\"@id\":\"https:\\\/\\\/www.klaunika.eu\\\/?page_id=1458\",\"url\":\"https:\\\/\\\/www.klaunika.eu\\\/?page_id=1458\",\"name\":\"DO HOSPODY DOBR\u00dd - DIVADLO KLAUNIKY BRNO\",\"isPartOf\":{\"@id\":\"https:\\\/\\\/www.klaunika.eu\\\/#website\"},\"datePublished\":\"2016-09-21T14:37:32+00:00\",\"breadcrumb\":{\"@id\":\"https:\\\/\\\/www.klaunika.eu\\\/?page_id=1458#breadcrumb\"},\"inLanguage\":\"cs\",\"potentialAction\":[{\"@type\":\"ReadAction\",\"target\":[\"https:\\\/\\\/www.klaunika.eu\\\/?page_id=1458\"]}]},{\"@type\":\"BreadcrumbList\",\"@id\":\"https:\\\/\\\/www.klaunika.eu\\\/?page_id=1458#breadcrumb\",\"itemListElement\":[{\"@type\":\"ListItem\",\"position\":1,\"name\":\"Dom\u016f\",\"item\":\"https:\\\/\\\/www.klaunika.eu\\\/\"},{\"@type\":\"ListItem\",\"position\":2,\"name\":\"DO HOSPODY DOBR\u00dd\"}]},{\"@type\":\"WebSite\",\"@id\":\"https:\\\/\\\/www.klaunika.eu\\\/#website\",\"url\":\"https:\\\/\\\/www.klaunika.eu\\\/\",\"name\":\"DIVADLO KLAUNIKY BRNO\",\"description\":\"SOUKROM\u00c1 SC\u00c9NA HUMORU\",\"publisher\":{\"@id\":\"https:\\\/\\\/www.klaunika.eu\\\/#organization\"},\"potentialAction\":[{\"@type\":\"SearchAction\",\"target\":{\"@type\":\"EntryPoint\",\"urlTemplate\":\"https:\\\/\\\/www.klaunika.eu\\\/?s={search_term_string}\"},\"query-input\":{\"@type\":\"PropertyValueSpecification\",\"valueRequired\":true,\"valueName\":\"search_term_string\"}}],\"inLanguage\":\"cs\"},{\"@type\":\"Organization\",\"@id\":\"https:\\\/\\\/www.klaunika.eu\\\/#organization\",\"name\":\"DIVADLO KLAUNIKY BRNO\",\"url\":\"https:\\\/\\\/www.klaunika.eu\\\/\",\"logo\":{\"@type\":\"ImageObject\",\"inLanguage\":\"cs\",\"@id\":\"https:\\\/\\\/www.klaunika.eu\\\/#\\\/schema\\\/logo\\\/image\\\/\",\"url\":\"https:\\\/\\\/www.klaunika.eu\\\/wp-content\\\/uploads\\\/2021\\\/11\\\/cropped-cropped-PSX_20211123_210259.jpg\",\"contentUrl\":\"https:\\\/\\\/www.klaunika.eu\\\/wp-content\\\/uploads\\\/2021\\\/11\\\/cropped-cropped-PSX_20211123_210259.jpg\",\"width\":248,\"height\":248,\"caption\":\"DIVADLO KLAUNIKY BRNO\"},\"image\":{\"@id\":\"https:\\\/\\\/www.klaunika.eu\\\/#\\\/schema\\\/logo\\\/image\\\/\"}}]}<\/script>\n<!-- \/ Yoast SEO plugin. -->","yoast_head_json":{"title":"DO HOSPODY DOBR\u00dd - DIVADLO KLAUNIKY BRNO","robots":{"index":"index","follow":"follow","max-snippet":"max-snippet:-1","max-image-preview":"max-image-preview:large","max-video-preview":"max-video-preview:-1"},"canonical":"https:\/\/www.klaunika.eu\/?page_id=1458","og_locale":"cs_CZ","og_type":"article","og_title":"DO HOSPODY DOBR\u00dd - DIVADLO KLAUNIKY BRNO","og_description":"Skupina Do Hospody Dobr\u00fd je tv\u00e1rn\u00e9 a person\u00e1ln\u011b velmi prom\u011bnliv\u00e9 t\u011bleso. Hudebn\u00ed t\u011bleso vzniklo \u010dist\u011b za \u00fa\u010delem hran\u00ed po hospod\u00e1ch pod n\u00e1zvem Lep\u0161\u00ed ve\u010der. Hraj\u00ed p\u00edsn\u011b Marka Lep\u0161\u00edho, Pavla Houfka a celou \u0159adu cover\u016f dom\u00e1c\u00edch i zahrani\u010dn\u00edch autor\u016f. D\u016fle\u017eit\u00fdm \u010dlenem je kytarov\u00fd virtu\u00f3z Samuel N\u011bmec. nepostradateln\u00fdm \u010dlenem je kytarista, skladatel a zp\u011bv\u00e1k Pavel Houfek. Kapela [&hellip;]","og_url":"https:\/\/www.klaunika.eu\/?page_id=1458","og_site_name":"DIVADLO KLAUNIKY BRNO","twitter_card":"summary_large_image","twitter_misc":{"Odhadovan\u00e1 doba \u010dten\u00ed":"1 minuta"},"schema":{"@context":"https:\/\/schema.org","@graph":[{"@type":"WebPage","@id":"https:\/\/www.klaunika.eu\/?page_id=1458","url":"https:\/\/www.klaunika.eu\/?page_id=1458","name":"DO HOSPODY DOBR\u00dd - DIVADLO KLAUNIKY BRNO","isPartOf":{"@id":"https:\/\/www.klaunika.eu\/#website"},"datePublished":"2016-09-21T14:37:32+00:00","breadcrumb":{"@id":"https:\/\/www.klaunika.eu\/?page_id=1458#breadcrumb"},"inLanguage":"cs","potentialAction":[{"@type":"ReadAction","target":["https:\/\/www.klaunika.eu\/?page_id=1458"]}]},{"@type":"BreadcrumbList","@id":"https:\/\/www.klaunika.eu\/?page_id=1458#breadcrumb","itemListElement":[{"@type":"ListItem","position":1,"name":"Dom\u016f","item":"https:\/\/www.klaunika.eu\/"},{"@type":"ListItem","position":2,"name":"DO HOSPODY DOBR\u00dd"}]},{"@type":"WebSite","@id":"https:\/\/www.klaunika.eu\/#website","url":"https:\/\/www.klaunika.eu\/","name":"DIVADLO KLAUNIKY BRNO","description":"SOUKROM\u00c1 SC\u00c9NA HUMORU","publisher":{"@id":"https:\/\/www.klaunika.eu\/#organization"},"potentialAction":[{"@type":"SearchAction","target":{"@type":"EntryPoint","urlTemplate":"https:\/\/www.klaunika.eu\/?s={search_term_string}"},"query-input":{"@type":"PropertyValueSpecification","valueRequired":true,"valueName":"search_term_string"}}],"inLanguage":"cs"},{"@type":"Organization","@id":"https:\/\/www.klaunika.eu\/#organization","name":"DIVADLO KLAUNIKY BRNO","url":"https:\/\/www.klaunika.eu\/","logo":{"@type":"ImageObject","inLanguage":"cs","@id":"https:\/\/www.klaunika.eu\/#\/schema\/logo\/image\/","url":"https:\/\/www.klaunika.eu\/wp-content\/uploads\/2021\/11\/cropped-cropped-PSX_20211123_210259.jpg","contentUrl":"https:\/\/www.klaunika.eu\/wp-content\/uploads\/2021\/11\/cropped-cropped-PSX_20211123_210259.jpg","width":248,"height":248,"caption":"DIVADLO KLAUNIKY BRNO"},"image":{"@id":"https:\/\/www.klaunika.eu\/#\/schema\/logo\/image\/"}}]}},"_links":{"self":[{"href":"https:\/\/www.klaunika.eu\/index.php?rest_route=\/wp\/v2\/pages\/1458","targetHints":{"allow":["GET"]}}],"collection":[{"href":"https:\/\/www.klaunika.eu\/index.php?rest_route=\/wp\/v2\/pages"}],"about":[{"href":"https:\/\/www.klaunika.eu\/index.php?rest_route=\/wp\/v2\/types\/page"}],"author":[{"embeddable":true,"href":"https:\/\/www.klaunika.eu\/index.php?rest_route=\/wp\/v2\/users\/1"}],"replies":[{"embeddable":true,"href":"https:\/\/www.klaunika.eu\/index.php?rest_route=%2Fwp%2Fv2%2Fcomments&post=1458"}],"version-history":[{"count":1,"href":"https:\/\/www.klaunika.eu\/index.php?rest_route=\/wp\/v2\/pages\/1458\/revisions"}],"predecessor-version":[{"id":1459,"href":"https:\/\/www.klaunika.eu\/index.php?rest_route=\/wp\/v2\/pages\/1458\/revisions\/1459"}],"wp:attachment":[{"href":"https:\/\/www.klaunika.eu\/index.php?rest_route=%2Fwp%2Fv2%2Fmedia&parent=1458"}],"curies":[{"name":"wp","href":"https:\/\/api.w.org\/{rel}","templated":true}]}}