{"id":1454,"date":"2016-09-21T16:18:17","date_gmt":"2016-09-21T14:18:17","guid":{"rendered":"http:\/\/www.klaunika.eu\/?page_id=1454"},"modified":"2016-09-21T16:25:51","modified_gmt":"2016-09-21T14:25:51","slug":"4-pod-perinou","status":"publish","type":"page","link":"https:\/\/www.klaunika.eu\/?page_id=1454","title":{"rendered":"4 POD PE\u0158INOU"},"content":{"rendered":"<p style=\"text-align: justify;\"><strong><a href=\"http:\/\/www2.4podperinou.com\/\">Divadeln\u00ed spole\u010dnost 4 pod pe\u0159inou<\/a> (DS 4pp)<\/strong> p\u016fsob\u00ed v Teplic\u00edch od roku 2003. Zakl\u00e1daj\u00edc\u00ed \u010dlenov\u00e9 vych\u00e1z\u00ed z \u0159ad \u010dlen\u016f Hereck\u00e9ho studia Ley \u010cih\u00e1kov\u00e9 p\u0159i Domu kultury v Teplic\u00edch.\u00a0Nosnou my\u0161lenkou t\u00e9to\u00a0spole\u010dnosti je navazovat na divadeln\u00ed tradici v tomto l\u00e1ze\u0148sk\u00e9m m\u011bst\u011b a z\u00edsk\u00e1vat nov\u00e9 z\u00e1jemce o divadlo. K dne\u0161n\u00edmu dni nastudovali ji\u017e v\u00edce jak 40 p\u0159edstaven\u00ed. S vybran\u00fdmi hrami se sna\u017e\u00ed reprezentovat Teplice v nejbli\u017e\u0161\u00edm okol\u00ed m\u011bsta a na divadeln\u00edch festivalech. 4 pod pe\u0159inou ka\u017edoro\u010dn\u011b po\u0159\u00e1daj\u00ed divadeln\u00ed festival Prost\u011b pod pe\u0159inou. A jejich hlavn\u00edm c\u00edlem\u00a0c\u00edlem je pod\u011blit se o radost a l\u00e1sku k divadlu.<\/p>\n<h5 style=\"text-align: justify;\"><span style=\"color: #ff0000;\">V\u00c1LKA VE T\u0158ET\u00cdM POSCHOD\u00cd<\/span><\/h5>\n<p style=\"text-align: justify;\">Absurdn\u00ed d\u011bj hry spisovatele Pavla Kohouta, poukazuje na nesmyslnost v\u00e1lek a zoufalou snahu gener\u00e1l\u016f, rozv\u011bd\u010d\u00edk\u016f a dal\u0161\u00edch sm\u011b\u0161n\u00fdch, uniformovan\u00fdch figurek dok\u00e1zat sv\u011btu, ale hlavn\u011b sami sob\u011b svou nepostradatelnost.<\/p>\n<p style=\"text-align: justify;\">V brzk\u00fdch rann\u00edch hodin\u00e1ch doru\u010d\u00ed panu Bl\u00e1hovi, doktoru pr\u00e1v, pracovn\u00edk po\u0161ty dopis. Jedn\u00e1 se o nesmysln\u00fd povol\u00e1vac\u00ed rozkaz do jeho vlastn\u00edho bytu. Bl\u00e1ha se m\u00e1 pr\u00fd p\u0159ipravit k v\u00e1le\u010dn\u00e9 pohotovosti. Pan Bl\u00e1ha je instruov\u00e1n, \u017ee jeho protivn\u00edk, pan M\u00fcller z NDR, se domn\u00edv\u00e1, \u017ee se chce zmocnit jeho obchodu a zn\u00e1silnit mu \u017eenu. Pan Bl\u00e1ha ov\u0161em nem\u00e1 o ni\u010dem tu\u0161en\u00ed a nic podobn\u00e9ho nem\u00e1 v \u00famyslu a v\u011b\u0159\u00ed, \u017ee se jedn\u00e1 o pouh\u00fd \u017eert. Jakmile do bytu vstoup\u00ed dal\u0161\u00ed lid\u00e9, za\u010d\u00edn\u00e1 v\u0161e dost\u00e1vat krut\u011b re\u00e1ln\u00e9 obrysy.<\/p>\n<p style=\"text-align: justify;\">\n","protected":false},"excerpt":{"rendered":"<p>Divadeln\u00ed spole\u010dnost 4 pod pe\u0159inou (DS 4pp) p\u016fsob\u00ed v Teplic\u00edch od roku 2003. Zakl\u00e1daj\u00edc\u00ed \u010dlenov\u00e9 vych\u00e1z\u00ed z \u0159ad \u010dlen\u016f Hereck\u00e9ho studia Ley \u010cih\u00e1kov\u00e9 p\u0159i Domu kultury v Teplic\u00edch.\u00a0Nosnou my\u0161lenkou t\u00e9to\u00a0spole\u010dnosti je navazovat na divadeln\u00ed tradici v tomto l\u00e1ze\u0148sk\u00e9m m\u011bst\u011b a z\u00edsk\u00e1vat nov\u00e9 z\u00e1jemce o divadlo. K dne\u0161n\u00edmu dni nastudovali ji\u017e v\u00edce jak 40 p\u0159edstaven\u00ed. S [&hellip;]<\/p>\n","protected":false},"author":1,"featured_media":0,"parent":0,"menu_order":0,"comment_status":"closed","ping_status":"open","template":"","meta":{"footnotes":""},"class_list":["post-1454","page","type-page","status-publish","hentry"],"yoast_head":"<!-- This site is optimized with the Yoast SEO plugin v27.5 - https:\/\/yoast.com\/product\/yoast-seo-wordpress\/ -->\n<title>4 POD PE\u0158INOU - DIVADLO KLAUNIKY BRNO<\/title>\n<meta name=\"robots\" content=\"index, follow, max-snippet:-1, max-image-preview:large, max-video-preview:-1\" \/>\n<link rel=\"canonical\" href=\"https:\/\/www.klaunika.eu\/?page_id=1454\" \/>\n<meta property=\"og:locale\" content=\"cs_CZ\" \/>\n<meta property=\"og:type\" content=\"article\" \/>\n<meta property=\"og:title\" content=\"4 POD PE\u0158INOU - DIVADLO KLAUNIKY BRNO\" \/>\n<meta property=\"og:description\" content=\"Divadeln\u00ed spole\u010dnost 4 pod pe\u0159inou (DS 4pp) p\u016fsob\u00ed v Teplic\u00edch od roku 2003. Zakl\u00e1daj\u00edc\u00ed \u010dlenov\u00e9 vych\u00e1z\u00ed z \u0159ad \u010dlen\u016f Hereck\u00e9ho studia Ley \u010cih\u00e1kov\u00e9 p\u0159i Domu kultury v Teplic\u00edch.\u00a0Nosnou my\u0161lenkou t\u00e9to\u00a0spole\u010dnosti je navazovat na divadeln\u00ed tradici v tomto l\u00e1ze\u0148sk\u00e9m m\u011bst\u011b a z\u00edsk\u00e1vat nov\u00e9 z\u00e1jemce o divadlo. K dne\u0161n\u00edmu dni nastudovali ji\u017e v\u00edce jak 40 p\u0159edstaven\u00ed. S [&hellip;]\" \/>\n<meta property=\"og:url\" content=\"https:\/\/www.klaunika.eu\/?page_id=1454\" \/>\n<meta property=\"og:site_name\" content=\"DIVADLO KLAUNIKY BRNO\" \/>\n<meta property=\"article:modified_time\" content=\"2016-09-21T14:25:51+00:00\" \/>\n<meta name=\"twitter:card\" content=\"summary_large_image\" \/>\n<meta name=\"twitter:label1\" content=\"Odhadovan\u00e1 doba \u010dten\u00ed\" \/>\n\t<meta name=\"twitter:data1\" content=\"1 minuta\" \/>\n<script type=\"application\/ld+json\" class=\"yoast-schema-graph\">{\"@context\":\"https:\\\/\\\/schema.org\",\"@graph\":[{\"@type\":\"WebPage\",\"@id\":\"https:\\\/\\\/www.klaunika.eu\\\/?page_id=1454\",\"url\":\"https:\\\/\\\/www.klaunika.eu\\\/?page_id=1454\",\"name\":\"4 POD PE\u0158INOU - DIVADLO KLAUNIKY BRNO\",\"isPartOf\":{\"@id\":\"https:\\\/\\\/www.klaunika.eu\\\/#website\"},\"datePublished\":\"2016-09-21T14:18:17+00:00\",\"dateModified\":\"2016-09-21T14:25:51+00:00\",\"breadcrumb\":{\"@id\":\"https:\\\/\\\/www.klaunika.eu\\\/?page_id=1454#breadcrumb\"},\"inLanguage\":\"cs\",\"potentialAction\":[{\"@type\":\"ReadAction\",\"target\":[\"https:\\\/\\\/www.klaunika.eu\\\/?page_id=1454\"]}]},{\"@type\":\"BreadcrumbList\",\"@id\":\"https:\\\/\\\/www.klaunika.eu\\\/?page_id=1454#breadcrumb\",\"itemListElement\":[{\"@type\":\"ListItem\",\"position\":1,\"name\":\"Dom\u016f\",\"item\":\"https:\\\/\\\/www.klaunika.eu\\\/\"},{\"@type\":\"ListItem\",\"position\":2,\"name\":\"4 POD PE\u0158INOU\"}]},{\"@type\":\"WebSite\",\"@id\":\"https:\\\/\\\/www.klaunika.eu\\\/#website\",\"url\":\"https:\\\/\\\/www.klaunika.eu\\\/\",\"name\":\"DIVADLO KLAUNIKY BRNO\",\"description\":\"SOUKROM\u00c1 SC\u00c9NA HUMORU\",\"publisher\":{\"@id\":\"https:\\\/\\\/www.klaunika.eu\\\/#organization\"},\"potentialAction\":[{\"@type\":\"SearchAction\",\"target\":{\"@type\":\"EntryPoint\",\"urlTemplate\":\"https:\\\/\\\/www.klaunika.eu\\\/?s={search_term_string}\"},\"query-input\":{\"@type\":\"PropertyValueSpecification\",\"valueRequired\":true,\"valueName\":\"search_term_string\"}}],\"inLanguage\":\"cs\"},{\"@type\":\"Organization\",\"@id\":\"https:\\\/\\\/www.klaunika.eu\\\/#organization\",\"name\":\"DIVADLO KLAUNIKY BRNO\",\"url\":\"https:\\\/\\\/www.klaunika.eu\\\/\",\"logo\":{\"@type\":\"ImageObject\",\"inLanguage\":\"cs\",\"@id\":\"https:\\\/\\\/www.klaunika.eu\\\/#\\\/schema\\\/logo\\\/image\\\/\",\"url\":\"https:\\\/\\\/www.klaunika.eu\\\/wp-content\\\/uploads\\\/2021\\\/11\\\/cropped-cropped-PSX_20211123_210259.jpg\",\"contentUrl\":\"https:\\\/\\\/www.klaunika.eu\\\/wp-content\\\/uploads\\\/2021\\\/11\\\/cropped-cropped-PSX_20211123_210259.jpg\",\"width\":248,\"height\":248,\"caption\":\"DIVADLO KLAUNIKY BRNO\"},\"image\":{\"@id\":\"https:\\\/\\\/www.klaunika.eu\\\/#\\\/schema\\\/logo\\\/image\\\/\"}}]}<\/script>\n<!-- \/ Yoast SEO plugin. -->","yoast_head_json":{"title":"4 POD PE\u0158INOU - DIVADLO KLAUNIKY BRNO","robots":{"index":"index","follow":"follow","max-snippet":"max-snippet:-1","max-image-preview":"max-image-preview:large","max-video-preview":"max-video-preview:-1"},"canonical":"https:\/\/www.klaunika.eu\/?page_id=1454","og_locale":"cs_CZ","og_type":"article","og_title":"4 POD PE\u0158INOU - DIVADLO KLAUNIKY BRNO","og_description":"Divadeln\u00ed spole\u010dnost 4 pod pe\u0159inou (DS 4pp) p\u016fsob\u00ed v Teplic\u00edch od roku 2003. Zakl\u00e1daj\u00edc\u00ed \u010dlenov\u00e9 vych\u00e1z\u00ed z \u0159ad \u010dlen\u016f Hereck\u00e9ho studia Ley \u010cih\u00e1kov\u00e9 p\u0159i Domu kultury v Teplic\u00edch.\u00a0Nosnou my\u0161lenkou t\u00e9to\u00a0spole\u010dnosti je navazovat na divadeln\u00ed tradici v tomto l\u00e1ze\u0148sk\u00e9m m\u011bst\u011b a z\u00edsk\u00e1vat nov\u00e9 z\u00e1jemce o divadlo. K dne\u0161n\u00edmu dni nastudovali ji\u017e v\u00edce jak 40 p\u0159edstaven\u00ed. S [&hellip;]","og_url":"https:\/\/www.klaunika.eu\/?page_id=1454","og_site_name":"DIVADLO KLAUNIKY BRNO","article_modified_time":"2016-09-21T14:25:51+00:00","twitter_card":"summary_large_image","twitter_misc":{"Odhadovan\u00e1 doba \u010dten\u00ed":"1 minuta"},"schema":{"@context":"https:\/\/schema.org","@graph":[{"@type":"WebPage","@id":"https:\/\/www.klaunika.eu\/?page_id=1454","url":"https:\/\/www.klaunika.eu\/?page_id=1454","name":"4 POD PE\u0158INOU - DIVADLO KLAUNIKY BRNO","isPartOf":{"@id":"https:\/\/www.klaunika.eu\/#website"},"datePublished":"2016-09-21T14:18:17+00:00","dateModified":"2016-09-21T14:25:51+00:00","breadcrumb":{"@id":"https:\/\/www.klaunika.eu\/?page_id=1454#breadcrumb"},"inLanguage":"cs","potentialAction":[{"@type":"ReadAction","target":["https:\/\/www.klaunika.eu\/?page_id=1454"]}]},{"@type":"BreadcrumbList","@id":"https:\/\/www.klaunika.eu\/?page_id=1454#breadcrumb","itemListElement":[{"@type":"ListItem","position":1,"name":"Dom\u016f","item":"https:\/\/www.klaunika.eu\/"},{"@type":"ListItem","position":2,"name":"4 POD PE\u0158INOU"}]},{"@type":"WebSite","@id":"https:\/\/www.klaunika.eu\/#website","url":"https:\/\/www.klaunika.eu\/","name":"DIVADLO KLAUNIKY BRNO","description":"SOUKROM\u00c1 SC\u00c9NA HUMORU","publisher":{"@id":"https:\/\/www.klaunika.eu\/#organization"},"potentialAction":[{"@type":"SearchAction","target":{"@type":"EntryPoint","urlTemplate":"https:\/\/www.klaunika.eu\/?s={search_term_string}"},"query-input":{"@type":"PropertyValueSpecification","valueRequired":true,"valueName":"search_term_string"}}],"inLanguage":"cs"},{"@type":"Organization","@id":"https:\/\/www.klaunika.eu\/#organization","name":"DIVADLO KLAUNIKY BRNO","url":"https:\/\/www.klaunika.eu\/","logo":{"@type":"ImageObject","inLanguage":"cs","@id":"https:\/\/www.klaunika.eu\/#\/schema\/logo\/image\/","url":"https:\/\/www.klaunika.eu\/wp-content\/uploads\/2021\/11\/cropped-cropped-PSX_20211123_210259.jpg","contentUrl":"https:\/\/www.klaunika.eu\/wp-content\/uploads\/2021\/11\/cropped-cropped-PSX_20211123_210259.jpg","width":248,"height":248,"caption":"DIVADLO KLAUNIKY BRNO"},"image":{"@id":"https:\/\/www.klaunika.eu\/#\/schema\/logo\/image\/"}}]}},"_links":{"self":[{"href":"https:\/\/www.klaunika.eu\/index.php?rest_route=\/wp\/v2\/pages\/1454","targetHints":{"allow":["GET"]}}],"collection":[{"href":"https:\/\/www.klaunika.eu\/index.php?rest_route=\/wp\/v2\/pages"}],"about":[{"href":"https:\/\/www.klaunika.eu\/index.php?rest_route=\/wp\/v2\/types\/page"}],"author":[{"embeddable":true,"href":"https:\/\/www.klaunika.eu\/index.php?rest_route=\/wp\/v2\/users\/1"}],"replies":[{"embeddable":true,"href":"https:\/\/www.klaunika.eu\/index.php?rest_route=%2Fwp%2Fv2%2Fcomments&post=1454"}],"version-history":[{"count":2,"href":"https:\/\/www.klaunika.eu\/index.php?rest_route=\/wp\/v2\/pages\/1454\/revisions"}],"predecessor-version":[{"id":1457,"href":"https:\/\/www.klaunika.eu\/index.php?rest_route=\/wp\/v2\/pages\/1454\/revisions\/1457"}],"wp:attachment":[{"href":"https:\/\/www.klaunika.eu\/index.php?rest_route=%2Fwp%2Fv2%2Fmedia&parent=1454"}],"curies":[{"name":"wp","href":"https:\/\/api.w.org\/{rel}","templated":true}]}}