{"id":1415,"date":"2016-08-30T22:50:41","date_gmt":"2016-08-30T20:50:41","guid":{"rendered":"http:\/\/www.klaunika.eu\/?page_id=1415"},"modified":"2016-09-21T20:35:18","modified_gmt":"2016-09-21T18:35:18","slug":"katerina-dubovcova","status":"publish","type":"page","link":"https:\/\/www.klaunika.eu\/?page_id=1415","title":{"rendered":"KATE\u0158INA DUBOVCOV\u00c1"},"content":{"rendered":"<p style=\"text-align: justify;\">Leto\u0161n\u00ed v\u00fdstava na hrad\u011b se tematicky dot\u00fdk\u00e1 klaunick\u00e9 inscenace Dona Quijota. Vznikla na po\u010dest 30. v\u00fdro\u010d\u00ed Divadla Klauniky a 400. v\u00fdro\u010d\u00ed od \u00famrt\u00ed Miguela de Cervantese. Kate\u0159ina v pr\u016fb\u011bhu dvou let zachycovala sv\u00fdm objektivem momenty z inscenace Dona Quijota. Sv\u00e9 portr\u00e9tn\u00ed i situa\u010dn\u00ed fotografie nech\u00e1v\u00e1 v t\u00e9to sv\u00e9 nov\u00e9 v\u00fdstav\u011b protnout se s d\u00edlem \u0161pan\u011blsk\u00e9ho surrealisty Salvadora Dal\u00edho, konkr\u00e9tn\u011b s jeho quijotovsk\u00fdmi ilustracemi.<\/p>\n<p style=\"text-align: justify;\"><strong><a href=\"https:\/\/www.klaunika.eu\/wp-content\/uploads\/2016\/08\/kate\u0159inec.jpg\"><img fetchpriority=\"high\" decoding=\"async\" class=\"alignnone  wp-image-1419\" src=\"https:\/\/www.klaunika.eu\/wp-content\/uploads\/2016\/08\/kate\u0159inec-300x300.jpg\" alt=\"kate\u0159inec\" width=\"262\" height=\"262\" srcset=\"https:\/\/www.klaunika.eu\/wp-content\/uploads\/2016\/08\/kate\u0159inec-300x300.jpg 300w, https:\/\/www.klaunika.eu\/wp-content\/uploads\/2016\/08\/kate\u0159inec-150x150.jpg 150w, https:\/\/www.klaunika.eu\/wp-content\/uploads\/2016\/08\/kate\u0159inec.jpg 720w\" sizes=\"(max-width: 262px) 100vw, 262px\" \/><\/a><\/strong><\/p>\n<p style=\"text-align: justify;\"><strong>Kate\u0159ina DUBOVCOV\u00c1<\/strong><\/p>\n<p style=\"text-align: justify;\">FOTOGRAF \u2013 GRAFIK<\/p>\n<p style=\"text-align: justify;\">Narozen\u00e1 1973 ve znamen\u00ed \u0161t\u00edra v Brn\u011b. Fotografov\u00e1n\u00ed, reklamn\u00ed \u010dinnost, grafick\u00fd design je ka\u017edodenn\u00ed sou\u010d\u00e1st\u00ed jej\u00edho \u017eivota. Kvalitn\u00ed odborn\u00e9 vzd\u011bl\u00e1n\u00ed ji p\u0159edur\u010dilo k v\u0161estrann\u00e9mu vyu\u017eit\u00ed, kter\u00e9 ov\u0161em nijak nezabra\u0148uje vlastn\u00edmu v\u00fdtvarn\u00e9mu vyjad\u0159ov\u00e1n\u00ed. P\u0159es obdivuhodn\u011b \u0161irok\u00fd profesn\u00ed z\u00e1b\u011br a slu\u017eebn\u00ed pod\u0159\u00edzenost z\u00e1kaznick\u00fdm rozmar\u016fm, si st\u00e1le \u010dast\u011bji vy\u010dle\u0148uje prostor na zastaven\u00ed s discipl\u00ednou j\u00ed nejbli\u017e\u0161\u00ed \u2013 fotografi\u00ed. Cesta, kterou se ub\u00edr\u00e1, ukazuje osobnost nepostr\u00e1daj\u00edc\u00ed bohatou fantazii a cit s osobit\u00fdm, pro ni tak typick\u00fdm rukopisem. Melancholie osi\u0159el\u00e9 krajiny i strohost m\u011bstsk\u00e9 architektury, to v\u0161e v jej\u00edch motivech slou\u017e\u00ed k d\u016fv\u011brn\u00e9mu pozn\u00e1v\u00e1n\u00ed a z\u00e1rove\u0148 touze po zachycen\u00ed prchav\u00e9ho okam\u017eiku. Klade ot\u00e1zky jazykem ryze poetick\u00fdm, s nab\u00eddkou k\u00a0dialogu a mo\u017enost\u00ed dovypr\u00e1v\u011bn\u00ed jej\u00edch p\u0159\u00edb\u011bh\u016f. Fotografie se pro Kate\u0159inu stala jedine\u010dnou seberealizac\u00ed, kter\u00e1 j\u00ed p\u0159inesla \u0159adu p\u0159\u00edzniv\u00fdch ohlas\u016f nejen mezi \u0161irokou ve\u0159ejnost\u00ed, ale i uzn\u00e1n\u00ed v odborn\u00fdch kruz\u00edch. Ceny a odm\u011bny nejsou t\u00edm, co by ji limitovalo nebo uspokojovalo, d\u016fle\u017eit\u00e1 je pro ni cesta hled\u00e1n\u00ed, nal\u00e9z\u00e1n\u00ed, ale i p\u0159ed\u00e1v\u00e1n\u00ed osobn\u00edch pocit\u016f mimoslovn\u00ed, obrazovou komunikac\u00ed. Hlavn\u00ed t\u00e9matikou, kterou prezentuje a vyhled\u00e1v\u00e1 je architektura, design, detaily a lid\u00e9. Je pohlcena sv\u011btem, kter\u00fd n\u00e1s obklopuje, fascinov\u00e1na lidsk\u00fdmi emocemi. Zn\u00e1t sv\u011btlo a st\u00edn, dot\u00fdkat se jich, zachytit moment prom\u011bny, to je c\u00edl ka\u017ed\u00e9 jej\u00ed fotografie. Pr\u00e1v\u011b tajemstv\u00ed a v\u011b\u010dn\u011b neukojiteln\u00e1 touha po zaznamen\u00e1n\u00ed prchavosti okam\u017eiku je to, co d\u011bl\u00e1 fotografie Kate\u0159iny hlubok\u00fdmi. V\u0161e plyne a nic netrv\u00e1 \u2013 tvrdili anti\u010dt\u00ed myslitel\u00e9. P\u0159esto lze um\u011bn\u00ed fotografie do jist\u00e9 m\u00edry charakterizovat jako proces, kter\u00fd m\u016f\u017ee pozastavit \u010das i prostor. Kate\u0159ina se ve sv\u00fdch kol\u00e1\u017e\u00edch urputn\u011b propl\u00e9t\u00e1 pom\u00edjivost\u00ed okam\u017eiku a s pokorou zachycuje jeho kr\u00e1sy. Ale jej\u00ed fotografie sp\u00ed\u0161e kladou ot\u00e1zky, ne\u017e aby odpov\u00eddaly s drtivost\u00ed jasn\u00fdch pravd. V roce 2006,2007,2009,2010 \u00fa\u010dast v projektu amat\u00e9rsk\u00fdch um\u011blc\u016f v \u010cesk\u00e9 republice.(foto, kresba, malba) a s t\u00edm i uskute\u010dn\u011bn\u00e9 vernis\u00e1\u017ee s vybran\u00fdmi autory. V roce <strong>2009<\/strong>, <strong>2010, 2011<\/strong> v\u00edt\u011bzstv\u00ed v projektu <strong>\u201eEMOCE\u201c<\/strong> v\u00a0kategorii fotografie, a s t\u00edm spojen\u00e1 v\u00fdstava v Jind\u0159i\u0161sk\u00e9 v\u011b\u017ei + galerie Azeret v Praze, n\u00e1sledn\u011b v Brn\u011b. Samostatn\u00e9 v\u00fdstavy na vybran\u00fdch m\u00edstech \u010cR. (<strong>21 GRAM\u016e DU\u0160E, TICHO VE SV\u011aTLE, HOLANDSK\u00c9 KOUZLO, V\u00a0K\u0158IVK\u00c1CH SRDCE, N\u00c1VRATY<\/strong>). Od roku 2013 se pln\u011b v\u011bnuje v\u00fdstavn\u00edm prostor\u00e1m Galerie \u201e<strong>13<\/strong>\u201c v Brn\u011b<strong>.<\/strong><\/p>\n<p style=\"text-align: justify;\"><div class=\"su-custom-gallery su-custom-gallery-align-left su-custom-gallery-title-never su-lightbox-gallery\"><div class=\"su-custom-gallery-slide\" style=\"width:100px;height:100px\"><a href=\"https:\/\/www.klaunika.eu\/wp-content\/uploads\/2016\/08\/DSC7294.jpg\" title=\"_dsc7294\"><img decoding=\"async\" src=\"https:\/\/www.klaunika.eu\/wp-content\/uploads\/2016\/08\/DSC7294-100x100.jpg\" alt=\"_dsc7294\" width=\"100\" height=\"100\" \/><span class=\"su-custom-gallery-title\">_dsc7294<\/span><\/a><\/div><div class=\"su-custom-gallery-slide\" style=\"width:100px;height:100px\"><a href=\"https:\/\/www.klaunika.eu\/wp-content\/uploads\/2016\/08\/DSC7296.jpg\" title=\"_dsc7296\"><img decoding=\"async\" src=\"https:\/\/www.klaunika.eu\/wp-content\/uploads\/2016\/08\/DSC7296-100x100.jpg\" alt=\"_dsc7296\" width=\"100\" height=\"100\" \/><span class=\"su-custom-gallery-title\">_dsc7296<\/span><\/a><\/div><div class=\"su-custom-gallery-slide\" style=\"width:100px;height:100px\"><a href=\"https:\/\/www.klaunika.eu\/wp-content\/uploads\/2016\/08\/DSC7298.jpg\" title=\"_dsc7298\"><img loading=\"lazy\" decoding=\"async\" src=\"https:\/\/www.klaunika.eu\/wp-content\/uploads\/2016\/08\/DSC7298-100x100.jpg\" alt=\"_dsc7298\" width=\"100\" height=\"100\" \/><span class=\"su-custom-gallery-title\">_dsc7298<\/span><\/a><\/div><div class=\"su-custom-gallery-slide\" style=\"width:100px;height:100px\"><a href=\"https:\/\/www.klaunika.eu\/wp-content\/uploads\/2016\/08\/DSC7312.jpg\" title=\"_dsc7312\"><img loading=\"lazy\" decoding=\"async\" src=\"https:\/\/www.klaunika.eu\/wp-content\/uploads\/2016\/08\/DSC7312-100x100.jpg\" alt=\"_dsc7312\" width=\"100\" height=\"100\" \/><span class=\"su-custom-gallery-title\">_dsc7312<\/span><\/a><\/div><div class=\"su-custom-gallery-slide\" style=\"width:100px;height:100px\"><a href=\"https:\/\/www.klaunika.eu\/wp-content\/uploads\/2016\/08\/DSC7314.jpg\" title=\"_dsc7314\"><img loading=\"lazy\" decoding=\"async\" src=\"https:\/\/www.klaunika.eu\/wp-content\/uploads\/2016\/08\/DSC7314-100x100.jpg\" alt=\"_dsc7314\" width=\"100\" height=\"100\" \/><span class=\"su-custom-gallery-title\">_dsc7314<\/span><\/a><\/div><div class=\"su-custom-gallery-slide\" style=\"width:100px;height:100px\"><a href=\"https:\/\/www.klaunika.eu\/wp-content\/uploads\/2016\/08\/DSC7315.jpg\" title=\"_dsc7315\"><img loading=\"lazy\" decoding=\"async\" src=\"https:\/\/www.klaunika.eu\/wp-content\/uploads\/2016\/08\/DSC7315-100x100.jpg\" alt=\"_dsc7315\" width=\"100\" height=\"100\" \/><span class=\"su-custom-gallery-title\">_dsc7315<\/span><\/a><\/div><div class=\"su-custom-gallery-slide\" style=\"width:100px;height:100px\"><a href=\"https:\/\/www.klaunika.eu\/wp-content\/uploads\/2016\/08\/DSC7331.jpg\" title=\"_dsc7331\"><img loading=\"lazy\" decoding=\"async\" src=\"https:\/\/www.klaunika.eu\/wp-content\/uploads\/2016\/08\/DSC7331-100x100.jpg\" alt=\"_dsc7331\" width=\"100\" height=\"100\" \/><span class=\"su-custom-gallery-title\">_dsc7331<\/span><\/a><\/div><div class=\"su-clear\"><\/div><\/div>\n<p style=\"text-align: justify;\">\n","protected":false},"excerpt":{"rendered":"<p>Leto\u0161n\u00ed v\u00fdstava na hrad\u011b se tematicky dot\u00fdk\u00e1 klaunick\u00e9 inscenace Dona Quijota. Vznikla na po\u010dest 30. v\u00fdro\u010d\u00ed Divadla Klauniky a 400. v\u00fdro\u010d\u00ed od \u00famrt\u00ed Miguela de Cervantese. Kate\u0159ina v pr\u016fb\u011bhu dvou let zachycovala sv\u00fdm objektivem momenty z inscenace Dona Quijota. Sv\u00e9 portr\u00e9tn\u00ed i situa\u010dn\u00ed fotografie nech\u00e1v\u00e1 v t\u00e9to sv\u00e9 nov\u00e9 v\u00fdstav\u011b protnout se s d\u00edlem \u0161pan\u011blsk\u00e9ho [&hellip;]<\/p>\n","protected":false},"author":1,"featured_media":1416,"parent":0,"menu_order":0,"comment_status":"closed","ping_status":"open","template":"","meta":{"footnotes":""},"class_list":["post-1415","page","type-page","status-publish","has-post-thumbnail","hentry"],"yoast_head":"<!-- This site is optimized with the Yoast SEO plugin v27.5 - https:\/\/yoast.com\/product\/yoast-seo-wordpress\/ -->\n<title>KATE\u0158INA DUBOVCOV\u00c1 - DIVADLO KLAUNIKY BRNO<\/title>\n<meta name=\"robots\" content=\"index, follow, max-snippet:-1, max-image-preview:large, max-video-preview:-1\" \/>\n<link rel=\"canonical\" href=\"https:\/\/www.klaunika.eu\/?page_id=1415\" \/>\n<meta property=\"og:locale\" content=\"cs_CZ\" \/>\n<meta property=\"og:type\" content=\"article\" \/>\n<meta property=\"og:title\" content=\"KATE\u0158INA DUBOVCOV\u00c1 - DIVADLO KLAUNIKY BRNO\" \/>\n<meta property=\"og:description\" content=\"Leto\u0161n\u00ed v\u00fdstava na hrad\u011b se tematicky dot\u00fdk\u00e1 klaunick\u00e9 inscenace Dona Quijota. Vznikla na po\u010dest 30. v\u00fdro\u010d\u00ed Divadla Klauniky a 400. v\u00fdro\u010d\u00ed od \u00famrt\u00ed Miguela de Cervantese. Kate\u0159ina v pr\u016fb\u011bhu dvou let zachycovala sv\u00fdm objektivem momenty z inscenace Dona Quijota. Sv\u00e9 portr\u00e9tn\u00ed i situa\u010dn\u00ed fotografie nech\u00e1v\u00e1 v t\u00e9to sv\u00e9 nov\u00e9 v\u00fdstav\u011b protnout se s d\u00edlem \u0161pan\u011blsk\u00e9ho [&hellip;]\" \/>\n<meta property=\"og:url\" content=\"https:\/\/www.klaunika.eu\/?page_id=1415\" \/>\n<meta property=\"og:site_name\" content=\"DIVADLO KLAUNIKY BRNO\" \/>\n<meta property=\"article:modified_time\" content=\"2016-09-21T18:35:18+00:00\" \/>\n<meta property=\"og:image\" content=\"https:\/\/www.klaunika.eu\/wp-content\/uploads\/2016\/08\/DSC6409a.jpg\" \/>\n\t<meta property=\"og:image:width\" content=\"2000\" \/>\n\t<meta property=\"og:image:height\" content=\"1093\" \/>\n\t<meta property=\"og:image:type\" content=\"image\/jpeg\" \/>\n<meta name=\"twitter:card\" content=\"summary_large_image\" \/>\n<meta name=\"twitter:label1\" content=\"Odhadovan\u00e1 doba \u010dten\u00ed\" \/>\n\t<meta name=\"twitter:data1\" content=\"3 minuty\" \/>\n<script type=\"application\/ld+json\" class=\"yoast-schema-graph\">{\"@context\":\"https:\\\/\\\/schema.org\",\"@graph\":[{\"@type\":\"WebPage\",\"@id\":\"https:\\\/\\\/www.klaunika.eu\\\/?page_id=1415\",\"url\":\"https:\\\/\\\/www.klaunika.eu\\\/?page_id=1415\",\"name\":\"KATE\u0158INA DUBOVCOV\u00c1 - DIVADLO KLAUNIKY BRNO\",\"isPartOf\":{\"@id\":\"https:\\\/\\\/www.klaunika.eu\\\/#website\"},\"primaryImageOfPage\":{\"@id\":\"https:\\\/\\\/www.klaunika.eu\\\/?page_id=1415#primaryimage\"},\"image\":{\"@id\":\"https:\\\/\\\/www.klaunika.eu\\\/?page_id=1415#primaryimage\"},\"thumbnailUrl\":\"https:\\\/\\\/www.klaunika.eu\\\/wp-content\\\/uploads\\\/2016\\\/08\\\/DSC6409a.jpg\",\"datePublished\":\"2016-08-30T20:50:41+00:00\",\"dateModified\":\"2016-09-21T18:35:18+00:00\",\"breadcrumb\":{\"@id\":\"https:\\\/\\\/www.klaunika.eu\\\/?page_id=1415#breadcrumb\"},\"inLanguage\":\"cs\",\"potentialAction\":[{\"@type\":\"ReadAction\",\"target\":[\"https:\\\/\\\/www.klaunika.eu\\\/?page_id=1415\"]}]},{\"@type\":\"ImageObject\",\"inLanguage\":\"cs\",\"@id\":\"https:\\\/\\\/www.klaunika.eu\\\/?page_id=1415#primaryimage\",\"url\":\"https:\\\/\\\/www.klaunika.eu\\\/wp-content\\\/uploads\\\/2016\\\/08\\\/DSC6409a.jpg\",\"contentUrl\":\"https:\\\/\\\/www.klaunika.eu\\\/wp-content\\\/uploads\\\/2016\\\/08\\\/DSC6409a.jpg\",\"width\":2000,\"height\":1093},{\"@type\":\"BreadcrumbList\",\"@id\":\"https:\\\/\\\/www.klaunika.eu\\\/?page_id=1415#breadcrumb\",\"itemListElement\":[{\"@type\":\"ListItem\",\"position\":1,\"name\":\"Dom\u016f\",\"item\":\"https:\\\/\\\/www.klaunika.eu\\\/\"},{\"@type\":\"ListItem\",\"position\":2,\"name\":\"KATE\u0158INA DUBOVCOV\u00c1\"}]},{\"@type\":\"WebSite\",\"@id\":\"https:\\\/\\\/www.klaunika.eu\\\/#website\",\"url\":\"https:\\\/\\\/www.klaunika.eu\\\/\",\"name\":\"DIVADLO KLAUNIKY BRNO\",\"description\":\"SOUKROM\u00c1 SC\u00c9NA HUMORU\",\"publisher\":{\"@id\":\"https:\\\/\\\/www.klaunika.eu\\\/#organization\"},\"potentialAction\":[{\"@type\":\"SearchAction\",\"target\":{\"@type\":\"EntryPoint\",\"urlTemplate\":\"https:\\\/\\\/www.klaunika.eu\\\/?s={search_term_string}\"},\"query-input\":{\"@type\":\"PropertyValueSpecification\",\"valueRequired\":true,\"valueName\":\"search_term_string\"}}],\"inLanguage\":\"cs\"},{\"@type\":\"Organization\",\"@id\":\"https:\\\/\\\/www.klaunika.eu\\\/#organization\",\"name\":\"DIVADLO KLAUNIKY BRNO\",\"url\":\"https:\\\/\\\/www.klaunika.eu\\\/\",\"logo\":{\"@type\":\"ImageObject\",\"inLanguage\":\"cs\",\"@id\":\"https:\\\/\\\/www.klaunika.eu\\\/#\\\/schema\\\/logo\\\/image\\\/\",\"url\":\"https:\\\/\\\/www.klaunika.eu\\\/wp-content\\\/uploads\\\/2021\\\/11\\\/cropped-cropped-PSX_20211123_210259.jpg\",\"contentUrl\":\"https:\\\/\\\/www.klaunika.eu\\\/wp-content\\\/uploads\\\/2021\\\/11\\\/cropped-cropped-PSX_20211123_210259.jpg\",\"width\":248,\"height\":248,\"caption\":\"DIVADLO KLAUNIKY BRNO\"},\"image\":{\"@id\":\"https:\\\/\\\/www.klaunika.eu\\\/#\\\/schema\\\/logo\\\/image\\\/\"}}]}<\/script>\n<!-- \/ Yoast SEO plugin. -->","yoast_head_json":{"title":"KATE\u0158INA DUBOVCOV\u00c1 - DIVADLO KLAUNIKY BRNO","robots":{"index":"index","follow":"follow","max-snippet":"max-snippet:-1","max-image-preview":"max-image-preview:large","max-video-preview":"max-video-preview:-1"},"canonical":"https:\/\/www.klaunika.eu\/?page_id=1415","og_locale":"cs_CZ","og_type":"article","og_title":"KATE\u0158INA DUBOVCOV\u00c1 - DIVADLO KLAUNIKY BRNO","og_description":"Leto\u0161n\u00ed v\u00fdstava na hrad\u011b se tematicky dot\u00fdk\u00e1 klaunick\u00e9 inscenace Dona Quijota. Vznikla na po\u010dest 30. v\u00fdro\u010d\u00ed Divadla Klauniky a 400. v\u00fdro\u010d\u00ed od \u00famrt\u00ed Miguela de Cervantese. Kate\u0159ina v pr\u016fb\u011bhu dvou let zachycovala sv\u00fdm objektivem momenty z inscenace Dona Quijota. Sv\u00e9 portr\u00e9tn\u00ed i situa\u010dn\u00ed fotografie nech\u00e1v\u00e1 v t\u00e9to sv\u00e9 nov\u00e9 v\u00fdstav\u011b protnout se s d\u00edlem \u0161pan\u011blsk\u00e9ho [&hellip;]","og_url":"https:\/\/www.klaunika.eu\/?page_id=1415","og_site_name":"DIVADLO KLAUNIKY BRNO","article_modified_time":"2016-09-21T18:35:18+00:00","og_image":[{"width":2000,"height":1093,"url":"https:\/\/www.klaunika.eu\/wp-content\/uploads\/2016\/08\/DSC6409a.jpg","type":"image\/jpeg"}],"twitter_card":"summary_large_image","twitter_misc":{"Odhadovan\u00e1 doba \u010dten\u00ed":"3 minuty"},"schema":{"@context":"https:\/\/schema.org","@graph":[{"@type":"WebPage","@id":"https:\/\/www.klaunika.eu\/?page_id=1415","url":"https:\/\/www.klaunika.eu\/?page_id=1415","name":"KATE\u0158INA DUBOVCOV\u00c1 - DIVADLO KLAUNIKY BRNO","isPartOf":{"@id":"https:\/\/www.klaunika.eu\/#website"},"primaryImageOfPage":{"@id":"https:\/\/www.klaunika.eu\/?page_id=1415#primaryimage"},"image":{"@id":"https:\/\/www.klaunika.eu\/?page_id=1415#primaryimage"},"thumbnailUrl":"https:\/\/www.klaunika.eu\/wp-content\/uploads\/2016\/08\/DSC6409a.jpg","datePublished":"2016-08-30T20:50:41+00:00","dateModified":"2016-09-21T18:35:18+00:00","breadcrumb":{"@id":"https:\/\/www.klaunika.eu\/?page_id=1415#breadcrumb"},"inLanguage":"cs","potentialAction":[{"@type":"ReadAction","target":["https:\/\/www.klaunika.eu\/?page_id=1415"]}]},{"@type":"ImageObject","inLanguage":"cs","@id":"https:\/\/www.klaunika.eu\/?page_id=1415#primaryimage","url":"https:\/\/www.klaunika.eu\/wp-content\/uploads\/2016\/08\/DSC6409a.jpg","contentUrl":"https:\/\/www.klaunika.eu\/wp-content\/uploads\/2016\/08\/DSC6409a.jpg","width":2000,"height":1093},{"@type":"BreadcrumbList","@id":"https:\/\/www.klaunika.eu\/?page_id=1415#breadcrumb","itemListElement":[{"@type":"ListItem","position":1,"name":"Dom\u016f","item":"https:\/\/www.klaunika.eu\/"},{"@type":"ListItem","position":2,"name":"KATE\u0158INA DUBOVCOV\u00c1"}]},{"@type":"WebSite","@id":"https:\/\/www.klaunika.eu\/#website","url":"https:\/\/www.klaunika.eu\/","name":"DIVADLO KLAUNIKY BRNO","description":"SOUKROM\u00c1 SC\u00c9NA HUMORU","publisher":{"@id":"https:\/\/www.klaunika.eu\/#organization"},"potentialAction":[{"@type":"SearchAction","target":{"@type":"EntryPoint","urlTemplate":"https:\/\/www.klaunika.eu\/?s={search_term_string}"},"query-input":{"@type":"PropertyValueSpecification","valueRequired":true,"valueName":"search_term_string"}}],"inLanguage":"cs"},{"@type":"Organization","@id":"https:\/\/www.klaunika.eu\/#organization","name":"DIVADLO KLAUNIKY BRNO","url":"https:\/\/www.klaunika.eu\/","logo":{"@type":"ImageObject","inLanguage":"cs","@id":"https:\/\/www.klaunika.eu\/#\/schema\/logo\/image\/","url":"https:\/\/www.klaunika.eu\/wp-content\/uploads\/2021\/11\/cropped-cropped-PSX_20211123_210259.jpg","contentUrl":"https:\/\/www.klaunika.eu\/wp-content\/uploads\/2021\/11\/cropped-cropped-PSX_20211123_210259.jpg","width":248,"height":248,"caption":"DIVADLO KLAUNIKY BRNO"},"image":{"@id":"https:\/\/www.klaunika.eu\/#\/schema\/logo\/image\/"}}]}},"_links":{"self":[{"href":"https:\/\/www.klaunika.eu\/index.php?rest_route=\/wp\/v2\/pages\/1415","targetHints":{"allow":["GET"]}}],"collection":[{"href":"https:\/\/www.klaunika.eu\/index.php?rest_route=\/wp\/v2\/pages"}],"about":[{"href":"https:\/\/www.klaunika.eu\/index.php?rest_route=\/wp\/v2\/types\/page"}],"author":[{"embeddable":true,"href":"https:\/\/www.klaunika.eu\/index.php?rest_route=\/wp\/v2\/users\/1"}],"replies":[{"embeddable":true,"href":"https:\/\/www.klaunika.eu\/index.php?rest_route=%2Fwp%2Fv2%2Fcomments&post=1415"}],"version-history":[{"count":5,"href":"https:\/\/www.klaunika.eu\/index.php?rest_route=\/wp\/v2\/pages\/1415\/revisions"}],"predecessor-version":[{"id":1573,"href":"https:\/\/www.klaunika.eu\/index.php?rest_route=\/wp\/v2\/pages\/1415\/revisions\/1573"}],"wp:featuredmedia":[{"embeddable":true,"href":"https:\/\/www.klaunika.eu\/index.php?rest_route=\/wp\/v2\/media\/1416"}],"wp:attachment":[{"href":"https:\/\/www.klaunika.eu\/index.php?rest_route=%2Fwp%2Fv2%2Fmedia&parent=1415"}],"curies":[{"name":"wp","href":"https:\/\/api.w.org\/{rel}","templated":true}]}}