{"id":1408,"date":"2016-08-30T20:18:26","date_gmt":"2016-08-30T18:18:26","guid":{"rendered":"http:\/\/www.klaunika.eu\/?page_id=1408"},"modified":"2016-09-21T20:42:15","modified_gmt":"2016-09-21T18:42:15","slug":"jiri-vondrak-2","status":"publish","type":"page","link":"https:\/\/www.klaunika.eu\/?page_id=1408","title":{"rendered":"JI\u0158\u00cd VONDR\u00c1K"},"content":{"rendered":"<p class=\"p15\" style=\"text-align: justify;\">Letos n\u00e1m Ji\u0159\u00ed Vondr\u00e1k zahraje p\u0159edev\u0161\u00edm zhudebn\u011bnou poezii Jana Sk\u00e1cela a Ji\u0159\u00edho Ortena. Zazn\u00ed v\u0161ak tak\u00e9 p\u00edsn\u011b z jeho vlastn\u00ed d\u00edlny a d\u00e1le pochopiteln\u011b nebudou chyb\u011bt ani p\u00edsn\u011b Bulata Okud\u017eavy.<\/p>\n<p class=\"p15\" style=\"text-align: justify;\">Tedy n\u011bco o Jirkovi:<\/p>\n<p class=\"p15\" style=\"text-align: justify;\">vlastn\u00edm\u00a0jm\u00e9nem\u00a0Ji\u0159\u00ed\u00a0Vondr\u00e1\u010dek, narozen\u00a07.\u00a03.\u00a01954\u00a0v\u00a0Litom\u011b\u0159ic\u00edch. Do oblasti um\u011bn\u00ed vstupuje ji\u017e na p\u0159elomu 60. a 70. let pod vlivem p\u00edsni\u010dk\u00e1\u0159\u016f (Bob Dylan, Donovan, Bulat Okud\u017eava a Vladim\u00edr Vysock\u00fd). Ve\u0159ejn\u011b vystupuje ji\u017e od konce roku 1969 a to v duu Bodl\u00e1k \u2013 Vondr\u00e1k. Jeho p\u00edsn\u011b vych\u00e1zej\u00ed na nemnoh\u00fdch gramofonov\u00fdch desk\u00e1ch a jen ob\u010das, zejm\u00e9na pro jeho protisocialistick\u00e9 zam\u011b\u0159en\u00ed. Od roku 1980 do z\u00e1\u0159\u00ed 1982 pak ve folkov\u00e9 formaci Bodl\u00e1k \u2013 Vondr\u00e1k \u2013 Pol\u00e1k pln\u00ed s\u00e1ly t\u00e9m\u011b\u0159 v cel\u00e9 republice.<\/p>\n<div class=\"ezcol ezcol-one-half\">\n<p class=\"p15\" style=\"text-align: justify;\">V roce 1989 p\u00ed\u0161e divadeln\u00ed poetickou a hudebn\u00ed kol\u00e1\u017e Skute\u010dn\u011b<a href=\"https:\/\/www.klaunika.eu\/wp-content\/uploads\/2015\/07\/vondrakmodrybal.jpg\"><img fetchpriority=\"high\" decoding=\"async\" class=\"wp-image-868 alignright\" src=\"https:\/\/www.klaunika.eu\/wp-content\/uploads\/2015\/07\/vondrakmodrybal-300x300.jpg\" alt=\"vondrakmodrybal\" width=\"240\" height=\"240\" srcset=\"https:\/\/www.klaunika.eu\/wp-content\/uploads\/2015\/07\/vondrakmodrybal-300x300.jpg 300w, https:\/\/www.klaunika.eu\/wp-content\/uploads\/2015\/07\/vondrakmodrybal-150x150.jpg 150w, https:\/\/www.klaunika.eu\/wp-content\/uploads\/2015\/07\/vondrakmodrybal.jpg 945w\" sizes=\"(max-width: 240px) 100vw, 240px\" \/><\/a> jsem necht\u011bl ubl\u00ed\u017eit nikomu, kter\u00e1 se st\u00e1v\u00e1 jedn\u00edm z kmenov\u00fdch p\u0159edstaven\u00ed Divadla na prov\u00e1zku v Brn\u011b a hraje se rekordn\u00ed po\u010det repr\u00edz.<\/p>\n<p class=\"p15\" style=\"text-align: justify;\">Se svou skupinou BOWLE \u00fa\u010dinkuje v letech 1989 \u2013 1994 na n\u011bkolika stovk\u00e1ch koncert\u016f po cel\u00e9 Evrop\u011b. V roce 1990 vy\u0161la jeho prvn\u00ed kniha \u2013 rom\u00e1n z antick\u00e9ho \u0158\u00edma OSUD JM\u00c9NEM PERTINAX a prvn\u011b nav\u0161t\u011bvuje Bulata Okud\u017eavu na jeho chat\u011b v P\u011bred\u011blkinu u Moskvy.<\/p>\n<p class=\"p15\" style=\"text-align: justify;\">V tomt\u00e9\u017e roce zakl\u00e1d\u00e1 um\u011bleckou agenturu a posl\u00e9ze i hudebn\u00ed vydavatelstv\u00ed Free Art, zastupuje nejv\u00fdznamn\u011bj\u0161\u00ed osobnosti \u010deskoslovensk\u00e9 hudby, jim\u017e pozd\u011bji vyd\u00e1v\u00e1 LP, CD a MC.V letech 1994 \u2013 1995 to\u010d\u00ed sv\u016fj prvn\u00ed um\u011bleck\u00e9 dokument\u00e1rn\u00ed filmy Porta 94 a NAD\u011aJE A STESKY BULATA OKUD\u017dAVY. Na tento film v p\u0159\u00ed\u0161t\u00edch \u010dty\u0159ech letech nav\u00e1\u017ee je\u0161t\u011b dal\u0161\u00edch 12 film\u016f, kter\u00e9 dohromady vytvo\u0159\u00ed kritikou i publikem vysoce cen\u011bn\u00fd cyklus B\u00c1SN\u00cdCI EVROPY, v n\u011bm\u017e byly zachyceny osobnosti takov\u00e9ho form\u00e1tu jako Donovan (Irsko), Hugues Aufray (Francie), Ian Anderson z Jethro Tull (Anglie) ad. Tyto filmy se staly sou\u010d\u00e1st\u00ed exkluz\u00edvn\u00ed nab\u00eddky \u010cesk\u00e9 televize na festivalu TV tvorby v Cannes.<\/p>\n<p class=\"p15\" style=\"text-align: justify;\">V \u0159\u00edjnu 1995 se na pozv\u00e1n\u00ed Ji\u0159\u00edho Vondr\u00e1ka uskute\u010d\u0148uj\u00ed jedin\u00e9 a posledn\u00ed koncerty Bulata Okud\u017eavy v \u010cesk\u00e9 republice \u2013 z tohoto koncertu vych\u00e1z\u00ed i limitovan\u00e1 s\u00e9rie CD a hodinov\u00fd z\u00e1znam \u010cesk\u00e9 televize<em>.<\/em><\/p>\n<p class=\"p15\" style=\"text-align: justify;\">V roce 1998 kon\u010d\u00ed s hudbou a v\u011bnuje se ji\u017e jen televizn\u00ed tvorb\u011b. V roce 2000 se st\u00e1v\u00e1 jeho partnerem ve Free Artu producent a televizn\u00ed sc\u00e9n\u00e1rista Pavel Loffelmann a jako jejich prvn\u00ed spole\u010dn\u00e9 d\u00edlo vznik\u00e1 epos t\u0159in\u00e1cti hodinov\u00fdch film\u016f o historii \u010deskoslovensk\u00e9ho folku LEGENDY FOLKU A COUNTRY. Za tento cyklus byl ocen\u011bn cenou Porta 2000.<\/p>\n<p class=\"p15\" style=\"text-align: justify;\">V \u0159\u00edjnu 2014 vych\u00e1z\u00ed v pra\u017esk\u00e9m nakladatelstv\u00ed Omega v po\u0159ad\u00ed dev\u00e1t\u00e1 kniha \u201cOKUD\u017dAVA, aneb od Nohavici k Prov\u00e1zku\u201d. Tuto knihu, kterou \u00fasp\u011bchem presentuje v r\u00e1mci sv\u00e9ho koncertu v s\u00e1le \u010cesk\u00e9ho centra v Moskv\u011b pok\u0159tila v\u00fdzman\u00e1 rusk\u00e1 b\u00e1sn\u00ed\u0159ka a p\u00edsni\u010dk\u00e1\u0159ka Jelena Frolov\u00e1 22. ledna 2015.<\/p>\n<p class=\"p15\" style=\"text-align: justify;\"><em>Tyto v\u00fd\u0148atky z bohat\u00e9ho Jirkova \u017eivotopisu nejsou ani zdaleka kompletn\u00ed. Tak\u017ee pokud si budete cht\u00edt p\u0159e\u010d\u00edst kompletn\u00ed verzi \u2013 pros\u00edm <a href=\"http:\/\/www.vondrak-jiri.cz\/cs\/profil\/\" target=\"_blank\">zde<\/a>.<\/em><\/p>\n<p class=\"p15\" style=\"text-align: justify;\"><div class=\"su-custom-gallery su-custom-gallery-align-left su-custom-gallery-title-never su-lightbox-gallery\"><div class=\"su-custom-gallery-slide\" style=\"width:100px;height:100px\"><a href=\"https:\/\/www.klaunika.eu\/wp-content\/uploads\/2016\/08\/DSC7358.jpg\" title=\"_dsc7358\"><img decoding=\"async\" src=\"https:\/\/www.klaunika.eu\/wp-content\/uploads\/2016\/08\/DSC7358-100x100.jpg\" alt=\"_dsc7358\" width=\"100\" height=\"100\" \/><span class=\"su-custom-gallery-title\">_dsc7358<\/span><\/a><\/div><div class=\"su-custom-gallery-slide\" style=\"width:100px;height:100px\"><a href=\"https:\/\/www.klaunika.eu\/wp-content\/uploads\/2016\/08\/DSC7361.jpg\" title=\"_dsc7361\"><img decoding=\"async\" src=\"https:\/\/www.klaunika.eu\/wp-content\/uploads\/2016\/08\/DSC7361-100x100.jpg\" alt=\"_dsc7361\" width=\"100\" height=\"100\" \/><span class=\"su-custom-gallery-title\">_dsc7361<\/span><\/a><\/div><div class=\"su-custom-gallery-slide\" style=\"width:100px;height:100px\"><a href=\"https:\/\/www.klaunika.eu\/wp-content\/uploads\/2016\/08\/DSC7362.jpg\" title=\"_dsc7362\"><img loading=\"lazy\" decoding=\"async\" src=\"https:\/\/www.klaunika.eu\/wp-content\/uploads\/2016\/08\/DSC7362-100x100.jpg\" alt=\"_dsc7362\" width=\"100\" height=\"100\" \/><span class=\"su-custom-gallery-title\">_dsc7362<\/span><\/a><\/div><div class=\"su-custom-gallery-slide\" style=\"width:100px;height:100px\"><a href=\"https:\/\/www.klaunika.eu\/wp-content\/uploads\/2016\/08\/DSC7365.jpg\" title=\"_dsc7365\"><img loading=\"lazy\" decoding=\"async\" src=\"https:\/\/www.klaunika.eu\/wp-content\/uploads\/2016\/08\/DSC7365-100x100.jpg\" alt=\"_dsc7365\" width=\"100\" height=\"100\" \/><span class=\"su-custom-gallery-title\">_dsc7365<\/span><\/a><\/div><div class=\"su-custom-gallery-slide\" style=\"width:100px;height:100px\"><a href=\"https:\/\/www.klaunika.eu\/wp-content\/uploads\/2016\/08\/DSC7366.jpg\" title=\"_dsc7366\"><img loading=\"lazy\" decoding=\"async\" src=\"https:\/\/www.klaunika.eu\/wp-content\/uploads\/2016\/08\/DSC7366-100x100.jpg\" alt=\"_dsc7366\" width=\"100\" height=\"100\" \/><span class=\"su-custom-gallery-title\">_dsc7366<\/span><\/a><\/div><div class=\"su-custom-gallery-slide\" style=\"width:100px;height:100px\"><a href=\"https:\/\/www.klaunika.eu\/wp-content\/uploads\/2016\/08\/DSC7369.jpg\" title=\"_dsc7369\"><img loading=\"lazy\" decoding=\"async\" src=\"https:\/\/www.klaunika.eu\/wp-content\/uploads\/2016\/08\/DSC7369-100x100.jpg\" alt=\"_dsc7369\" width=\"100\" height=\"100\" \/><span class=\"su-custom-gallery-title\">_dsc7369<\/span><\/a><\/div><div class=\"su-custom-gallery-slide\" style=\"width:100px;height:100px\"><a href=\"https:\/\/www.klaunika.eu\/wp-content\/uploads\/2016\/08\/DSC7375.jpg\" title=\"_dsc7375\"><img loading=\"lazy\" decoding=\"async\" src=\"https:\/\/www.klaunika.eu\/wp-content\/uploads\/2016\/08\/DSC7375-100x100.jpg\" alt=\"_dsc7375\" width=\"100\" height=\"100\" \/><span class=\"su-custom-gallery-title\">_dsc7375<\/span><\/a><\/div><div class=\"su-custom-gallery-slide\" style=\"width:100px;height:100px\"><a href=\"https:\/\/www.klaunika.eu\/wp-content\/uploads\/2016\/08\/DSC7382.jpg\" title=\"_dsc7382\"><img loading=\"lazy\" decoding=\"async\" src=\"https:\/\/www.klaunika.eu\/wp-content\/uploads\/2016\/08\/DSC7382-100x100.jpg\" alt=\"_dsc7382\" width=\"100\" height=\"100\" \/><span class=\"su-custom-gallery-title\">_dsc7382<\/span><\/a><\/div><div class=\"su-custom-gallery-slide\" style=\"width:100px;height:100px\"><a href=\"https:\/\/www.klaunika.eu\/wp-content\/uploads\/2016\/08\/DSC7383.jpg\" title=\"_dsc7383\"><img loading=\"lazy\" decoding=\"async\" src=\"https:\/\/www.klaunika.eu\/wp-content\/uploads\/2016\/08\/DSC7383-100x100.jpg\" alt=\"_dsc7383\" width=\"100\" height=\"100\" \/><span class=\"su-custom-gallery-title\">_dsc7383<\/span><\/a><\/div><div class=\"su-clear\"><\/div><\/div>\n<\/div>\n","protected":false},"excerpt":{"rendered":"<p>Letos n\u00e1m Ji\u0159\u00ed Vondr\u00e1k zahraje p\u0159edev\u0161\u00edm zhudebn\u011bnou poezii Jana Sk\u00e1cela a Ji\u0159\u00edho Ortena. Zazn\u00ed v\u0161ak tak\u00e9 p\u00edsn\u011b z jeho vlastn\u00ed d\u00edlny a d\u00e1le pochopiteln\u011b nebudou chyb\u011bt ani p\u00edsn\u011b Bulata Okud\u017eavy. Tedy n\u011bco o Jirkovi: vlastn\u00edm\u00a0jm\u00e9nem\u00a0Ji\u0159\u00ed\u00a0Vondr\u00e1\u010dek, narozen\u00a07.\u00a03.\u00a01954\u00a0v\u00a0Litom\u011b\u0159ic\u00edch. Do oblasti um\u011bn\u00ed vstupuje ji\u017e na p\u0159elomu 60. a 70. let pod vlivem p\u00edsni\u010dk\u00e1\u0159\u016f (Bob Dylan, Donovan, Bulat Okud\u017eava [&hellip;]<\/p>\n","protected":false},"author":1,"featured_media":1411,"parent":0,"menu_order":0,"comment_status":"closed","ping_status":"open","template":"","meta":{"footnotes":""},"class_list":["post-1408","page","type-page","status-publish","has-post-thumbnail","hentry"],"yoast_head":"<!-- This site is optimized with the Yoast SEO plugin v27.5 - https:\/\/yoast.com\/product\/yoast-seo-wordpress\/ -->\n<title>JI\u0158\u00cd VONDR\u00c1K - DIVADLO KLAUNIKY BRNO<\/title>\n<meta name=\"robots\" content=\"index, follow, max-snippet:-1, max-image-preview:large, max-video-preview:-1\" \/>\n<link rel=\"canonical\" href=\"https:\/\/www.klaunika.eu\/?page_id=1408\" \/>\n<meta property=\"og:locale\" content=\"cs_CZ\" \/>\n<meta property=\"og:type\" content=\"article\" \/>\n<meta property=\"og:title\" content=\"JI\u0158\u00cd VONDR\u00c1K - DIVADLO KLAUNIKY BRNO\" \/>\n<meta property=\"og:description\" content=\"Letos n\u00e1m Ji\u0159\u00ed Vondr\u00e1k zahraje p\u0159edev\u0161\u00edm zhudebn\u011bnou poezii Jana Sk\u00e1cela a Ji\u0159\u00edho Ortena. Zazn\u00ed v\u0161ak tak\u00e9 p\u00edsn\u011b z jeho vlastn\u00ed d\u00edlny a d\u00e1le pochopiteln\u011b nebudou chyb\u011bt ani p\u00edsn\u011b Bulata Okud\u017eavy. Tedy n\u011bco o Jirkovi: vlastn\u00edm\u00a0jm\u00e9nem\u00a0Ji\u0159\u00ed\u00a0Vondr\u00e1\u010dek, narozen\u00a07.\u00a03.\u00a01954\u00a0v\u00a0Litom\u011b\u0159ic\u00edch. Do oblasti um\u011bn\u00ed vstupuje ji\u017e na p\u0159elomu 60. a 70. let pod vlivem p\u00edsni\u010dk\u00e1\u0159\u016f (Bob Dylan, Donovan, Bulat Okud\u017eava [&hellip;]\" \/>\n<meta property=\"og:url\" content=\"https:\/\/www.klaunika.eu\/?page_id=1408\" \/>\n<meta property=\"og:site_name\" content=\"DIVADLO KLAUNIKY BRNO\" \/>\n<meta property=\"article:modified_time\" content=\"2016-09-21T18:42:15+00:00\" \/>\n<meta property=\"og:image\" content=\"https:\/\/www.klaunika.eu\/wp-content\/uploads\/2016\/08\/DSC7375a.jpg\" \/>\n\t<meta property=\"og:image:width\" content=\"1460\" \/>\n\t<meta property=\"og:image:height\" content=\"946\" \/>\n\t<meta property=\"og:image:type\" content=\"image\/jpeg\" \/>\n<meta name=\"twitter:card\" content=\"summary_large_image\" \/>\n<meta name=\"twitter:label1\" content=\"Odhadovan\u00e1 doba \u010dten\u00ed\" \/>\n\t<meta name=\"twitter:data1\" content=\"3 minuty\" \/>\n<script type=\"application\/ld+json\" class=\"yoast-schema-graph\">{\"@context\":\"https:\\\/\\\/schema.org\",\"@graph\":[{\"@type\":\"WebPage\",\"@id\":\"https:\\\/\\\/www.klaunika.eu\\\/?page_id=1408\",\"url\":\"https:\\\/\\\/www.klaunika.eu\\\/?page_id=1408\",\"name\":\"JI\u0158\u00cd VONDR\u00c1K - DIVADLO KLAUNIKY BRNO\",\"isPartOf\":{\"@id\":\"https:\\\/\\\/www.klaunika.eu\\\/#website\"},\"primaryImageOfPage\":{\"@id\":\"https:\\\/\\\/www.klaunika.eu\\\/?page_id=1408#primaryimage\"},\"image\":{\"@id\":\"https:\\\/\\\/www.klaunika.eu\\\/?page_id=1408#primaryimage\"},\"thumbnailUrl\":\"https:\\\/\\\/www.klaunika.eu\\\/wp-content\\\/uploads\\\/2016\\\/08\\\/DSC7375a.jpg\",\"datePublished\":\"2016-08-30T18:18:26+00:00\",\"dateModified\":\"2016-09-21T18:42:15+00:00\",\"breadcrumb\":{\"@id\":\"https:\\\/\\\/www.klaunika.eu\\\/?page_id=1408#breadcrumb\"},\"inLanguage\":\"cs\",\"potentialAction\":[{\"@type\":\"ReadAction\",\"target\":[\"https:\\\/\\\/www.klaunika.eu\\\/?page_id=1408\"]}]},{\"@type\":\"ImageObject\",\"inLanguage\":\"cs\",\"@id\":\"https:\\\/\\\/www.klaunika.eu\\\/?page_id=1408#primaryimage\",\"url\":\"https:\\\/\\\/www.klaunika.eu\\\/wp-content\\\/uploads\\\/2016\\\/08\\\/DSC7375a.jpg\",\"contentUrl\":\"https:\\\/\\\/www.klaunika.eu\\\/wp-content\\\/uploads\\\/2016\\\/08\\\/DSC7375a.jpg\",\"width\":1460,\"height\":946},{\"@type\":\"BreadcrumbList\",\"@id\":\"https:\\\/\\\/www.klaunika.eu\\\/?page_id=1408#breadcrumb\",\"itemListElement\":[{\"@type\":\"ListItem\",\"position\":1,\"name\":\"Dom\u016f\",\"item\":\"https:\\\/\\\/www.klaunika.eu\\\/\"},{\"@type\":\"ListItem\",\"position\":2,\"name\":\"JI\u0158\u00cd VONDR\u00c1K\"}]},{\"@type\":\"WebSite\",\"@id\":\"https:\\\/\\\/www.klaunika.eu\\\/#website\",\"url\":\"https:\\\/\\\/www.klaunika.eu\\\/\",\"name\":\"DIVADLO KLAUNIKY BRNO\",\"description\":\"SOUKROM\u00c1 SC\u00c9NA HUMORU\",\"publisher\":{\"@id\":\"https:\\\/\\\/www.klaunika.eu\\\/#organization\"},\"potentialAction\":[{\"@type\":\"SearchAction\",\"target\":{\"@type\":\"EntryPoint\",\"urlTemplate\":\"https:\\\/\\\/www.klaunika.eu\\\/?s={search_term_string}\"},\"query-input\":{\"@type\":\"PropertyValueSpecification\",\"valueRequired\":true,\"valueName\":\"search_term_string\"}}],\"inLanguage\":\"cs\"},{\"@type\":\"Organization\",\"@id\":\"https:\\\/\\\/www.klaunika.eu\\\/#organization\",\"name\":\"DIVADLO KLAUNIKY BRNO\",\"url\":\"https:\\\/\\\/www.klaunika.eu\\\/\",\"logo\":{\"@type\":\"ImageObject\",\"inLanguage\":\"cs\",\"@id\":\"https:\\\/\\\/www.klaunika.eu\\\/#\\\/schema\\\/logo\\\/image\\\/\",\"url\":\"https:\\\/\\\/www.klaunika.eu\\\/wp-content\\\/uploads\\\/2021\\\/11\\\/cropped-cropped-PSX_20211123_210259.jpg\",\"contentUrl\":\"https:\\\/\\\/www.klaunika.eu\\\/wp-content\\\/uploads\\\/2021\\\/11\\\/cropped-cropped-PSX_20211123_210259.jpg\",\"width\":248,\"height\":248,\"caption\":\"DIVADLO KLAUNIKY BRNO\"},\"image\":{\"@id\":\"https:\\\/\\\/www.klaunika.eu\\\/#\\\/schema\\\/logo\\\/image\\\/\"}}]}<\/script>\n<!-- \/ Yoast SEO plugin. -->","yoast_head_json":{"title":"JI\u0158\u00cd VONDR\u00c1K - DIVADLO KLAUNIKY BRNO","robots":{"index":"index","follow":"follow","max-snippet":"max-snippet:-1","max-image-preview":"max-image-preview:large","max-video-preview":"max-video-preview:-1"},"canonical":"https:\/\/www.klaunika.eu\/?page_id=1408","og_locale":"cs_CZ","og_type":"article","og_title":"JI\u0158\u00cd VONDR\u00c1K - DIVADLO KLAUNIKY BRNO","og_description":"Letos n\u00e1m Ji\u0159\u00ed Vondr\u00e1k zahraje p\u0159edev\u0161\u00edm zhudebn\u011bnou poezii Jana Sk\u00e1cela a Ji\u0159\u00edho Ortena. Zazn\u00ed v\u0161ak tak\u00e9 p\u00edsn\u011b z jeho vlastn\u00ed d\u00edlny a d\u00e1le pochopiteln\u011b nebudou chyb\u011bt ani p\u00edsn\u011b Bulata Okud\u017eavy. Tedy n\u011bco o Jirkovi: vlastn\u00edm\u00a0jm\u00e9nem\u00a0Ji\u0159\u00ed\u00a0Vondr\u00e1\u010dek, narozen\u00a07.\u00a03.\u00a01954\u00a0v\u00a0Litom\u011b\u0159ic\u00edch. Do oblasti um\u011bn\u00ed vstupuje ji\u017e na p\u0159elomu 60. a 70. let pod vlivem p\u00edsni\u010dk\u00e1\u0159\u016f (Bob Dylan, Donovan, Bulat Okud\u017eava [&hellip;]","og_url":"https:\/\/www.klaunika.eu\/?page_id=1408","og_site_name":"DIVADLO KLAUNIKY BRNO","article_modified_time":"2016-09-21T18:42:15+00:00","og_image":[{"width":1460,"height":946,"url":"https:\/\/www.klaunika.eu\/wp-content\/uploads\/2016\/08\/DSC7375a.jpg","type":"image\/jpeg"}],"twitter_card":"summary_large_image","twitter_misc":{"Odhadovan\u00e1 doba \u010dten\u00ed":"3 minuty"},"schema":{"@context":"https:\/\/schema.org","@graph":[{"@type":"WebPage","@id":"https:\/\/www.klaunika.eu\/?page_id=1408","url":"https:\/\/www.klaunika.eu\/?page_id=1408","name":"JI\u0158\u00cd VONDR\u00c1K - DIVADLO KLAUNIKY BRNO","isPartOf":{"@id":"https:\/\/www.klaunika.eu\/#website"},"primaryImageOfPage":{"@id":"https:\/\/www.klaunika.eu\/?page_id=1408#primaryimage"},"image":{"@id":"https:\/\/www.klaunika.eu\/?page_id=1408#primaryimage"},"thumbnailUrl":"https:\/\/www.klaunika.eu\/wp-content\/uploads\/2016\/08\/DSC7375a.jpg","datePublished":"2016-08-30T18:18:26+00:00","dateModified":"2016-09-21T18:42:15+00:00","breadcrumb":{"@id":"https:\/\/www.klaunika.eu\/?page_id=1408#breadcrumb"},"inLanguage":"cs","potentialAction":[{"@type":"ReadAction","target":["https:\/\/www.klaunika.eu\/?page_id=1408"]}]},{"@type":"ImageObject","inLanguage":"cs","@id":"https:\/\/www.klaunika.eu\/?page_id=1408#primaryimage","url":"https:\/\/www.klaunika.eu\/wp-content\/uploads\/2016\/08\/DSC7375a.jpg","contentUrl":"https:\/\/www.klaunika.eu\/wp-content\/uploads\/2016\/08\/DSC7375a.jpg","width":1460,"height":946},{"@type":"BreadcrumbList","@id":"https:\/\/www.klaunika.eu\/?page_id=1408#breadcrumb","itemListElement":[{"@type":"ListItem","position":1,"name":"Dom\u016f","item":"https:\/\/www.klaunika.eu\/"},{"@type":"ListItem","position":2,"name":"JI\u0158\u00cd VONDR\u00c1K"}]},{"@type":"WebSite","@id":"https:\/\/www.klaunika.eu\/#website","url":"https:\/\/www.klaunika.eu\/","name":"DIVADLO KLAUNIKY BRNO","description":"SOUKROM\u00c1 SC\u00c9NA HUMORU","publisher":{"@id":"https:\/\/www.klaunika.eu\/#organization"},"potentialAction":[{"@type":"SearchAction","target":{"@type":"EntryPoint","urlTemplate":"https:\/\/www.klaunika.eu\/?s={search_term_string}"},"query-input":{"@type":"PropertyValueSpecification","valueRequired":true,"valueName":"search_term_string"}}],"inLanguage":"cs"},{"@type":"Organization","@id":"https:\/\/www.klaunika.eu\/#organization","name":"DIVADLO KLAUNIKY BRNO","url":"https:\/\/www.klaunika.eu\/","logo":{"@type":"ImageObject","inLanguage":"cs","@id":"https:\/\/www.klaunika.eu\/#\/schema\/logo\/image\/","url":"https:\/\/www.klaunika.eu\/wp-content\/uploads\/2021\/11\/cropped-cropped-PSX_20211123_210259.jpg","contentUrl":"https:\/\/www.klaunika.eu\/wp-content\/uploads\/2021\/11\/cropped-cropped-PSX_20211123_210259.jpg","width":248,"height":248,"caption":"DIVADLO KLAUNIKY BRNO"},"image":{"@id":"https:\/\/www.klaunika.eu\/#\/schema\/logo\/image\/"}}]}},"_links":{"self":[{"href":"https:\/\/www.klaunika.eu\/index.php?rest_route=\/wp\/v2\/pages\/1408","targetHints":{"allow":["GET"]}}],"collection":[{"href":"https:\/\/www.klaunika.eu\/index.php?rest_route=\/wp\/v2\/pages"}],"about":[{"href":"https:\/\/www.klaunika.eu\/index.php?rest_route=\/wp\/v2\/types\/page"}],"author":[{"embeddable":true,"href":"https:\/\/www.klaunika.eu\/index.php?rest_route=\/wp\/v2\/users\/1"}],"replies":[{"embeddable":true,"href":"https:\/\/www.klaunika.eu\/index.php?rest_route=%2Fwp%2Fv2%2Fcomments&post=1408"}],"version-history":[{"count":5,"href":"https:\/\/www.klaunika.eu\/index.php?rest_route=\/wp\/v2\/pages\/1408\/revisions"}],"predecessor-version":[{"id":1583,"href":"https:\/\/www.klaunika.eu\/index.php?rest_route=\/wp\/v2\/pages\/1408\/revisions\/1583"}],"wp:featuredmedia":[{"embeddable":true,"href":"https:\/\/www.klaunika.eu\/index.php?rest_route=\/wp\/v2\/media\/1411"}],"wp:attachment":[{"href":"https:\/\/www.klaunika.eu\/index.php?rest_route=%2Fwp%2Fv2%2Fmedia&parent=1408"}],"curies":[{"name":"wp","href":"https:\/\/api.w.org\/{rel}","templated":true}]}}