{"id":1399,"date":"2016-08-30T00:27:53","date_gmt":"2016-08-29T22:27:53","guid":{"rendered":"http:\/\/www.klaunika.eu\/?page_id=1399"},"modified":"2016-09-21T19:55:06","modified_gmt":"2016-09-21T17:55:06","slug":"adivadlo","status":"publish","type":"page","link":"https:\/\/www.klaunika.eu\/?page_id=1399","title":{"rendered":"ADIVADLO"},"content":{"rendered":"<p style=\"text-align: justify;\">Havl\u00ed\u010dkobrodsk\u00e9 ADIVADLO p\u0159ijalo na\u0161e pozv\u00e1n\u00ed na festival ji\u017e po druh\u00e9. Letos p\u0159ivezou inscenaci <em>Osam\u011bl\u00e9 ve\u010dery Dory N.<\/em><\/p>\n<p style=\"text-align: justify;\">Theodora Wilhelma Roz\u00e1lie N\u011bmcov\u00e1 (1841 \u2013 1920), kter\u00e9 doma \u0159\u00edkali Dora, byla v po\u0159ad\u00ed t\u0159et\u00edm ze \u010dty\u0159 d\u011bt\u00ed Bo\u017eeny N\u011bmcov\u00e9. P\u0159esto\u017ee od d\u011btstv\u00ed trp\u011bla tuberkul\u00f3zou m\u00edzn\u00edch uzlin, p\u0159e\u017eila o mnoho let v\u0161echny t\u0159i bratry. Samot\u00e1\u0159sk\u00e1 a uzav\u0159en\u00e1 bytost se cel\u00fd \u017eivot vyh\u00fdbala oslav\u00e1m sv\u00e9 matky a k v\u00fdpov\u011bdi o jej\u00edm \u017eivot\u011b ji p\u0159im\u011bl ji\u010d\u00ednsk\u00fd profesor Lelek a\u017e v r. 1912. Milena \u0160tr\u00e1feldov\u00e1 napsala podle korespondence Bo\u017eeny N\u011bmcov\u00e9 rozhlasovou hru. Otev\u00edr\u00e1 v n\u00ed prost\u0159ednictv\u00edm jej\u00ed jedin\u00e9 dcery jin\u00fd a mnohdy ne\u010dekan\u00fd pohled na tuto slavnou \u010deskou spisovatelku. V tomto monodramatu uvid\u00edte zakl\u00e1daj\u00edc\u00ed \u010dlenku souboru, dnes sedmasedmdes\u00e1tiletou a skv\u011blou <strong>L\u00eddu Honzovou<\/strong>.<\/p>\n<h6>Slovo o souboru<\/h6>\n<div>\n<p style=\"text-align: justify;\">Soubor vznikl v roce 1969, od roku 1985 existuje pod n\u00e1zvem ADIVADLO. Dlouholet\u00e1 historie ochotnick\u00e9ho divadla ve m\u011bst\u011b v\u0161ak sah\u00e1 a\u017e do roku 1836, p\u0159i\u010dem\u017e u zrodu prvn\u00edho \u010desky hran\u00e9ho p\u0159edstaven\u00ed st\u00e1l v roce 1844 Karel Havl\u00ed\u010dek Borovsk\u00fd. Statut\u00e1rn\u011b byl spolek ustaven v roce 1853 a byl prvn\u00edm existuj\u00edc\u00edm spolkem v tehdej\u0161\u00edm N\u011bmeck\u00e9m Brod\u011b a okol\u00ed.<\/p>\n<p style=\"text-align: justify;\">Po roce 1990 byla zalo\u017eena nejprve nadace a pozd\u011bji ob\u010dansk\u00e9 sdru\u017een\u00ed Adivadlo, kter\u00e9 je z\u0159izovatelem souboru. Ten se p\u0159edev\u0161\u00edm v\u011bnuje p\u0159\u00edprav\u011b nov\u00fdch inscenac\u00ed a jejich uv\u00e1d\u011bn\u00ed nejen doma, ale i v nejr\u016fzn\u011bj\u0161\u00edch m\u00edstech v regionu Vyso\u010diny a b\u00fdval\u00e9ho V\u00fdchodo\u010desk\u00e9ho kraje a \u010cesk\u00e9 republiky. No a ob\u010das vyjede reprezentovat i do zahrani\u010d\u00ed. Se sv\u00fdmi inscenacemi se Adivadlo pravideln\u011b z\u00fa\u010dast\u0148uje nejr\u016fzn\u011bj\u0161\u00edch p\u0159ehl\u00eddek amat\u00e9rsk\u00e9ho divadla v\u0161ech stup\u0148\u016f a druh\u016f.<\/p>\n<p style=\"text-align: justify;\">Sdru\u017een\u00ed Adivadlo je hlavn\u00edm po\u0159adatelem region\u00e1ln\u00ed p\u0159ehl\u00eddky divadeln\u00edch soubor\u016f hraj\u00edc\u00edch pro d\u011bti a ml\u00e1de\u017e Dosp\u011bl\u00ed (pro radost) d\u011btem, kter\u00e1 se nep\u0159etr\u017eit\u011b kon\u00e1 od roku 1991. Jde o postupovou p\u0159ehl\u00eddku s pr\u00e1vem doporu\u010den\u00ed na N\u00e1rodn\u00ed p\u0159ehl\u00eddku Popelka Rakovn\u00edk.<\/p>\n<p style=\"text-align: justify;\"><div class=\"su-custom-gallery su-custom-gallery-align-left su-custom-gallery-title-never su-lightbox-gallery\"><div class=\"su-custom-gallery-slide\" style=\"width:100px;height:100px\"><a href=\"https:\/\/www.klaunika.eu\/wp-content\/uploads\/2016\/08\/DSC6926.jpg\" title=\"_dsc6926\"><img decoding=\"async\" src=\"https:\/\/www.klaunika.eu\/wp-content\/uploads\/2016\/08\/DSC6926-100x100.jpg\" alt=\"_dsc6926\" width=\"100\" height=\"100\" \/><span class=\"su-custom-gallery-title\">_dsc6926<\/span><\/a><\/div><div class=\"su-custom-gallery-slide\" style=\"width:100px;height:100px\"><a href=\"https:\/\/www.klaunika.eu\/wp-content\/uploads\/2016\/08\/DSC6927.jpg\" title=\"_dsc6927\"><img decoding=\"async\" src=\"https:\/\/www.klaunika.eu\/wp-content\/uploads\/2016\/08\/DSC6927-100x100.jpg\" alt=\"_dsc6927\" width=\"100\" height=\"100\" \/><span class=\"su-custom-gallery-title\">_dsc6927<\/span><\/a><\/div><div class=\"su-custom-gallery-slide\" style=\"width:100px;height:100px\"><a href=\"https:\/\/www.klaunika.eu\/wp-content\/uploads\/2016\/08\/DSC6931.jpg\" title=\"_dsc6931\"><img decoding=\"async\" src=\"https:\/\/www.klaunika.eu\/wp-content\/uploads\/2016\/08\/DSC6931-100x100.jpg\" alt=\"_dsc6931\" width=\"100\" height=\"100\" \/><span class=\"su-custom-gallery-title\">_dsc6931<\/span><\/a><\/div><div class=\"su-custom-gallery-slide\" style=\"width:100px;height:100px\"><a href=\"https:\/\/www.klaunika.eu\/wp-content\/uploads\/2016\/08\/DSC6936.jpg\" title=\"_dsc6936\"><img loading=\"lazy\" decoding=\"async\" src=\"https:\/\/www.klaunika.eu\/wp-content\/uploads\/2016\/08\/DSC6936-100x100.jpg\" alt=\"_dsc6936\" width=\"100\" height=\"100\" \/><span class=\"su-custom-gallery-title\">_dsc6936<\/span><\/a><\/div><div class=\"su-custom-gallery-slide\" style=\"width:100px;height:100px\"><a href=\"https:\/\/www.klaunika.eu\/wp-content\/uploads\/2016\/08\/DSC6937.jpg\" title=\"_dsc6937\"><img loading=\"lazy\" decoding=\"async\" src=\"https:\/\/www.klaunika.eu\/wp-content\/uploads\/2016\/08\/DSC6937-100x100.jpg\" alt=\"_dsc6937\" width=\"100\" height=\"100\" \/><span class=\"su-custom-gallery-title\">_dsc6937<\/span><\/a><\/div><div class=\"su-custom-gallery-slide\" style=\"width:100px;height:100px\"><a href=\"https:\/\/www.klaunika.eu\/wp-content\/uploads\/2016\/08\/DSC6939.jpg\" title=\"_dsc6939\"><img loading=\"lazy\" decoding=\"async\" src=\"https:\/\/www.klaunika.eu\/wp-content\/uploads\/2016\/08\/DSC6939-100x100.jpg\" alt=\"_dsc6939\" width=\"100\" height=\"100\" \/><span class=\"su-custom-gallery-title\">_dsc6939<\/span><\/a><\/div><div class=\"su-custom-gallery-slide\" style=\"width:100px;height:100px\"><a href=\"https:\/\/www.klaunika.eu\/wp-content\/uploads\/2016\/08\/DSC6942.jpg\" title=\"_dsc6942\"><img loading=\"lazy\" decoding=\"async\" src=\"https:\/\/www.klaunika.eu\/wp-content\/uploads\/2016\/08\/DSC6942-100x100.jpg\" alt=\"_dsc6942\" width=\"100\" height=\"100\" \/><span class=\"su-custom-gallery-title\">_dsc6942<\/span><\/a><\/div><div class=\"su-custom-gallery-slide\" style=\"width:100px;height:100px\"><a href=\"https:\/\/www.klaunika.eu\/wp-content\/uploads\/2016\/08\/DSC6944.jpg\" title=\"_dsc6944\"><img loading=\"lazy\" decoding=\"async\" src=\"https:\/\/www.klaunika.eu\/wp-content\/uploads\/2016\/08\/DSC6944-100x100.jpg\" alt=\"_dsc6944\" width=\"100\" height=\"100\" \/><span class=\"su-custom-gallery-title\">_dsc6944<\/span><\/a><\/div><div class=\"su-custom-gallery-slide\" style=\"width:100px;height:100px\"><a href=\"https:\/\/www.klaunika.eu\/wp-content\/uploads\/2016\/08\/DSC6951.jpg\" title=\"_dsc6951\"><img loading=\"lazy\" decoding=\"async\" src=\"https:\/\/www.klaunika.eu\/wp-content\/uploads\/2016\/08\/DSC6951-100x100.jpg\" alt=\"_dsc6951\" width=\"100\" height=\"100\" \/><span class=\"su-custom-gallery-title\">_dsc6951<\/span><\/a><\/div><div class=\"su-custom-gallery-slide\" style=\"width:100px;height:100px\"><a href=\"https:\/\/www.klaunika.eu\/wp-content\/uploads\/2016\/08\/DSC6952.jpg\" title=\"_dsc6952\"><img loading=\"lazy\" decoding=\"async\" src=\"https:\/\/www.klaunika.eu\/wp-content\/uploads\/2016\/08\/DSC6952-100x100.jpg\" alt=\"_dsc6952\" width=\"100\" height=\"100\" \/><span class=\"su-custom-gallery-title\">_dsc6952<\/span><\/a><\/div><div class=\"su-custom-gallery-slide\" style=\"width:100px;height:100px\"><a href=\"https:\/\/www.klaunika.eu\/wp-content\/uploads\/2016\/08\/DSC6953.jpg\" title=\"_dsc6953\"><img loading=\"lazy\" decoding=\"async\" src=\"https:\/\/www.klaunika.eu\/wp-content\/uploads\/2016\/08\/DSC6953-100x100.jpg\" alt=\"_dsc6953\" width=\"100\" height=\"100\" \/><span class=\"su-custom-gallery-title\">_dsc6953<\/span><\/a><\/div><div class=\"su-custom-gallery-slide\" style=\"width:100px;height:100px\"><a href=\"https:\/\/www.klaunika.eu\/wp-content\/uploads\/2016\/08\/DSC6956.jpg\" title=\"_dsc6956\"><img loading=\"lazy\" decoding=\"async\" src=\"https:\/\/www.klaunika.eu\/wp-content\/uploads\/2016\/08\/DSC6956-100x100.jpg\" alt=\"_dsc6956\" width=\"100\" height=\"100\" \/><span class=\"su-custom-gallery-title\">_dsc6956<\/span><\/a><\/div><div class=\"su-custom-gallery-slide\" style=\"width:100px;height:100px\"><a href=\"https:\/\/www.klaunika.eu\/wp-content\/uploads\/2016\/08\/DSC6957.jpg\" title=\"_dsc6957\"><img loading=\"lazy\" decoding=\"async\" src=\"https:\/\/www.klaunika.eu\/wp-content\/uploads\/2016\/08\/DSC6957-100x100.jpg\" alt=\"_dsc6957\" width=\"100\" height=\"100\" \/><span class=\"su-custom-gallery-title\">_dsc6957<\/span><\/a><\/div><div class=\"su-custom-gallery-slide\" style=\"width:100px;height:100px\"><a href=\"https:\/\/www.klaunika.eu\/wp-content\/uploads\/2016\/08\/DSC6960.jpg\" title=\"_dsc6960\"><img loading=\"lazy\" decoding=\"async\" src=\"https:\/\/www.klaunika.eu\/wp-content\/uploads\/2016\/08\/DSC6960-100x100.jpg\" alt=\"_dsc6960\" width=\"100\" height=\"100\" \/><span class=\"su-custom-gallery-title\">_dsc6960<\/span><\/a><\/div><div class=\"su-custom-gallery-slide\" style=\"width:100px;height:100px\"><a href=\"https:\/\/www.klaunika.eu\/wp-content\/uploads\/2016\/08\/DSC6961.jpg\" title=\"_dsc6961\"><img loading=\"lazy\" decoding=\"async\" src=\"https:\/\/www.klaunika.eu\/wp-content\/uploads\/2016\/08\/DSC6961-100x100.jpg\" alt=\"_dsc6961\" width=\"100\" height=\"100\" \/><span class=\"su-custom-gallery-title\">_dsc6961<\/span><\/a><\/div><div class=\"su-custom-gallery-slide\" style=\"width:100px;height:100px\"><a href=\"https:\/\/www.klaunika.eu\/wp-content\/uploads\/2016\/08\/DSC6965.jpg\" title=\"_dsc6965\"><img loading=\"lazy\" decoding=\"async\" src=\"https:\/\/www.klaunika.eu\/wp-content\/uploads\/2016\/08\/DSC6965-100x100.jpg\" alt=\"_dsc6965\" width=\"100\" height=\"100\" \/><span class=\"su-custom-gallery-title\">_dsc6965<\/span><\/a><\/div><div class=\"su-clear\"><\/div><\/div>\n<\/div>\n","protected":false},"excerpt":{"rendered":"<p>Havl\u00ed\u010dkobrodsk\u00e9 ADIVADLO p\u0159ijalo na\u0161e pozv\u00e1n\u00ed na festival ji\u017e po druh\u00e9. Letos p\u0159ivezou inscenaci Osam\u011bl\u00e9 ve\u010dery Dory N. Theodora Wilhelma Roz\u00e1lie N\u011bmcov\u00e1 (1841 \u2013 1920), kter\u00e9 doma \u0159\u00edkali Dora, byla v po\u0159ad\u00ed t\u0159et\u00edm ze \u010dty\u0159 d\u011bt\u00ed Bo\u017eeny N\u011bmcov\u00e9. P\u0159esto\u017ee od d\u011btstv\u00ed trp\u011bla tuberkul\u00f3zou m\u00edzn\u00edch uzlin, p\u0159e\u017eila o mnoho let v\u0161echny t\u0159i bratry. Samot\u00e1\u0159sk\u00e1 a uzav\u0159en\u00e1 bytost [&hellip;]<\/p>\n","protected":false},"author":1,"featured_media":1400,"parent":0,"menu_order":0,"comment_status":"closed","ping_status":"open","template":"","meta":{"footnotes":""},"class_list":["post-1399","page","type-page","status-publish","has-post-thumbnail","hentry"],"yoast_head":"<!-- This site is optimized with the Yoast SEO plugin v27.5 - https:\/\/yoast.com\/product\/yoast-seo-wordpress\/ -->\n<title>ADIVADLO - DIVADLO KLAUNIKY BRNO<\/title>\n<meta name=\"robots\" content=\"index, follow, max-snippet:-1, max-image-preview:large, max-video-preview:-1\" \/>\n<link rel=\"canonical\" href=\"https:\/\/www.klaunika.eu\/?page_id=1399\" \/>\n<meta property=\"og:locale\" content=\"cs_CZ\" \/>\n<meta property=\"og:type\" content=\"article\" \/>\n<meta property=\"og:title\" content=\"ADIVADLO - DIVADLO KLAUNIKY BRNO\" \/>\n<meta property=\"og:description\" content=\"Havl\u00ed\u010dkobrodsk\u00e9 ADIVADLO p\u0159ijalo na\u0161e pozv\u00e1n\u00ed na festival ji\u017e po druh\u00e9. Letos p\u0159ivezou inscenaci Osam\u011bl\u00e9 ve\u010dery Dory N. Theodora Wilhelma Roz\u00e1lie N\u011bmcov\u00e1 (1841 \u2013 1920), kter\u00e9 doma \u0159\u00edkali Dora, byla v po\u0159ad\u00ed t\u0159et\u00edm ze \u010dty\u0159 d\u011bt\u00ed Bo\u017eeny N\u011bmcov\u00e9. P\u0159esto\u017ee od d\u011btstv\u00ed trp\u011bla tuberkul\u00f3zou m\u00edzn\u00edch uzlin, p\u0159e\u017eila o mnoho let v\u0161echny t\u0159i bratry. Samot\u00e1\u0159sk\u00e1 a uzav\u0159en\u00e1 bytost [&hellip;]\" \/>\n<meta property=\"og:url\" content=\"https:\/\/www.klaunika.eu\/?page_id=1399\" \/>\n<meta property=\"og:site_name\" content=\"DIVADLO KLAUNIKY BRNO\" \/>\n<meta property=\"article:modified_time\" content=\"2016-09-21T17:55:06+00:00\" \/>\n<meta property=\"og:image\" content=\"https:\/\/www.klaunika.eu\/wp-content\/uploads\/2016\/08\/Dora-N.-crop.jpg\" \/>\n\t<meta property=\"og:image:width\" content=\"1378\" \/>\n\t<meta property=\"og:image:height\" content=\"762\" \/>\n\t<meta property=\"og:image:type\" content=\"image\/jpeg\" \/>\n<meta name=\"twitter:card\" content=\"summary_large_image\" \/>\n<meta name=\"twitter:label1\" content=\"Odhadovan\u00e1 doba \u010dten\u00ed\" \/>\n\t<meta name=\"twitter:data1\" content=\"2 minuty\" \/>\n<script type=\"application\/ld+json\" class=\"yoast-schema-graph\">{\"@context\":\"https:\\\/\\\/schema.org\",\"@graph\":[{\"@type\":\"WebPage\",\"@id\":\"https:\\\/\\\/www.klaunika.eu\\\/?page_id=1399\",\"url\":\"https:\\\/\\\/www.klaunika.eu\\\/?page_id=1399\",\"name\":\"ADIVADLO - DIVADLO KLAUNIKY BRNO\",\"isPartOf\":{\"@id\":\"https:\\\/\\\/www.klaunika.eu\\\/#website\"},\"primaryImageOfPage\":{\"@id\":\"https:\\\/\\\/www.klaunika.eu\\\/?page_id=1399#primaryimage\"},\"image\":{\"@id\":\"https:\\\/\\\/www.klaunika.eu\\\/?page_id=1399#primaryimage\"},\"thumbnailUrl\":\"https:\\\/\\\/www.klaunika.eu\\\/wp-content\\\/uploads\\\/2016\\\/08\\\/Dora-N.-crop.jpg\",\"datePublished\":\"2016-08-29T22:27:53+00:00\",\"dateModified\":\"2016-09-21T17:55:06+00:00\",\"breadcrumb\":{\"@id\":\"https:\\\/\\\/www.klaunika.eu\\\/?page_id=1399#breadcrumb\"},\"inLanguage\":\"cs\",\"potentialAction\":[{\"@type\":\"ReadAction\",\"target\":[\"https:\\\/\\\/www.klaunika.eu\\\/?page_id=1399\"]}]},{\"@type\":\"ImageObject\",\"inLanguage\":\"cs\",\"@id\":\"https:\\\/\\\/www.klaunika.eu\\\/?page_id=1399#primaryimage\",\"url\":\"https:\\\/\\\/www.klaunika.eu\\\/wp-content\\\/uploads\\\/2016\\\/08\\\/Dora-N.-crop.jpg\",\"contentUrl\":\"https:\\\/\\\/www.klaunika.eu\\\/wp-content\\\/uploads\\\/2016\\\/08\\\/Dora-N.-crop.jpg\",\"width\":1378,\"height\":762},{\"@type\":\"BreadcrumbList\",\"@id\":\"https:\\\/\\\/www.klaunika.eu\\\/?page_id=1399#breadcrumb\",\"itemListElement\":[{\"@type\":\"ListItem\",\"position\":1,\"name\":\"Dom\u016f\",\"item\":\"https:\\\/\\\/www.klaunika.eu\\\/\"},{\"@type\":\"ListItem\",\"position\":2,\"name\":\"ADIVADLO\"}]},{\"@type\":\"WebSite\",\"@id\":\"https:\\\/\\\/www.klaunika.eu\\\/#website\",\"url\":\"https:\\\/\\\/www.klaunika.eu\\\/\",\"name\":\"DIVADLO KLAUNIKY BRNO\",\"description\":\"SOUKROM\u00c1 SC\u00c9NA HUMORU\",\"publisher\":{\"@id\":\"https:\\\/\\\/www.klaunika.eu\\\/#organization\"},\"potentialAction\":[{\"@type\":\"SearchAction\",\"target\":{\"@type\":\"EntryPoint\",\"urlTemplate\":\"https:\\\/\\\/www.klaunika.eu\\\/?s={search_term_string}\"},\"query-input\":{\"@type\":\"PropertyValueSpecification\",\"valueRequired\":true,\"valueName\":\"search_term_string\"}}],\"inLanguage\":\"cs\"},{\"@type\":\"Organization\",\"@id\":\"https:\\\/\\\/www.klaunika.eu\\\/#organization\",\"name\":\"DIVADLO KLAUNIKY BRNO\",\"url\":\"https:\\\/\\\/www.klaunika.eu\\\/\",\"logo\":{\"@type\":\"ImageObject\",\"inLanguage\":\"cs\",\"@id\":\"https:\\\/\\\/www.klaunika.eu\\\/#\\\/schema\\\/logo\\\/image\\\/\",\"url\":\"https:\\\/\\\/www.klaunika.eu\\\/wp-content\\\/uploads\\\/2021\\\/11\\\/cropped-cropped-PSX_20211123_210259.jpg\",\"contentUrl\":\"https:\\\/\\\/www.klaunika.eu\\\/wp-content\\\/uploads\\\/2021\\\/11\\\/cropped-cropped-PSX_20211123_210259.jpg\",\"width\":248,\"height\":248,\"caption\":\"DIVADLO KLAUNIKY BRNO\"},\"image\":{\"@id\":\"https:\\\/\\\/www.klaunika.eu\\\/#\\\/schema\\\/logo\\\/image\\\/\"}}]}<\/script>\n<!-- \/ Yoast SEO plugin. -->","yoast_head_json":{"title":"ADIVADLO - DIVADLO KLAUNIKY BRNO","robots":{"index":"index","follow":"follow","max-snippet":"max-snippet:-1","max-image-preview":"max-image-preview:large","max-video-preview":"max-video-preview:-1"},"canonical":"https:\/\/www.klaunika.eu\/?page_id=1399","og_locale":"cs_CZ","og_type":"article","og_title":"ADIVADLO - DIVADLO KLAUNIKY BRNO","og_description":"Havl\u00ed\u010dkobrodsk\u00e9 ADIVADLO p\u0159ijalo na\u0161e pozv\u00e1n\u00ed na festival ji\u017e po druh\u00e9. Letos p\u0159ivezou inscenaci Osam\u011bl\u00e9 ve\u010dery Dory N. Theodora Wilhelma Roz\u00e1lie N\u011bmcov\u00e1 (1841 \u2013 1920), kter\u00e9 doma \u0159\u00edkali Dora, byla v po\u0159ad\u00ed t\u0159et\u00edm ze \u010dty\u0159 d\u011bt\u00ed Bo\u017eeny N\u011bmcov\u00e9. P\u0159esto\u017ee od d\u011btstv\u00ed trp\u011bla tuberkul\u00f3zou m\u00edzn\u00edch uzlin, p\u0159e\u017eila o mnoho let v\u0161echny t\u0159i bratry. Samot\u00e1\u0159sk\u00e1 a uzav\u0159en\u00e1 bytost [&hellip;]","og_url":"https:\/\/www.klaunika.eu\/?page_id=1399","og_site_name":"DIVADLO KLAUNIKY BRNO","article_modified_time":"2016-09-21T17:55:06+00:00","og_image":[{"width":1378,"height":762,"url":"https:\/\/www.klaunika.eu\/wp-content\/uploads\/2016\/08\/Dora-N.-crop.jpg","type":"image\/jpeg"}],"twitter_card":"summary_large_image","twitter_misc":{"Odhadovan\u00e1 doba \u010dten\u00ed":"2 minuty"},"schema":{"@context":"https:\/\/schema.org","@graph":[{"@type":"WebPage","@id":"https:\/\/www.klaunika.eu\/?page_id=1399","url":"https:\/\/www.klaunika.eu\/?page_id=1399","name":"ADIVADLO - DIVADLO KLAUNIKY BRNO","isPartOf":{"@id":"https:\/\/www.klaunika.eu\/#website"},"primaryImageOfPage":{"@id":"https:\/\/www.klaunika.eu\/?page_id=1399#primaryimage"},"image":{"@id":"https:\/\/www.klaunika.eu\/?page_id=1399#primaryimage"},"thumbnailUrl":"https:\/\/www.klaunika.eu\/wp-content\/uploads\/2016\/08\/Dora-N.-crop.jpg","datePublished":"2016-08-29T22:27:53+00:00","dateModified":"2016-09-21T17:55:06+00:00","breadcrumb":{"@id":"https:\/\/www.klaunika.eu\/?page_id=1399#breadcrumb"},"inLanguage":"cs","potentialAction":[{"@type":"ReadAction","target":["https:\/\/www.klaunika.eu\/?page_id=1399"]}]},{"@type":"ImageObject","inLanguage":"cs","@id":"https:\/\/www.klaunika.eu\/?page_id=1399#primaryimage","url":"https:\/\/www.klaunika.eu\/wp-content\/uploads\/2016\/08\/Dora-N.-crop.jpg","contentUrl":"https:\/\/www.klaunika.eu\/wp-content\/uploads\/2016\/08\/Dora-N.-crop.jpg","width":1378,"height":762},{"@type":"BreadcrumbList","@id":"https:\/\/www.klaunika.eu\/?page_id=1399#breadcrumb","itemListElement":[{"@type":"ListItem","position":1,"name":"Dom\u016f","item":"https:\/\/www.klaunika.eu\/"},{"@type":"ListItem","position":2,"name":"ADIVADLO"}]},{"@type":"WebSite","@id":"https:\/\/www.klaunika.eu\/#website","url":"https:\/\/www.klaunika.eu\/","name":"DIVADLO KLAUNIKY BRNO","description":"SOUKROM\u00c1 SC\u00c9NA HUMORU","publisher":{"@id":"https:\/\/www.klaunika.eu\/#organization"},"potentialAction":[{"@type":"SearchAction","target":{"@type":"EntryPoint","urlTemplate":"https:\/\/www.klaunika.eu\/?s={search_term_string}"},"query-input":{"@type":"PropertyValueSpecification","valueRequired":true,"valueName":"search_term_string"}}],"inLanguage":"cs"},{"@type":"Organization","@id":"https:\/\/www.klaunika.eu\/#organization","name":"DIVADLO KLAUNIKY BRNO","url":"https:\/\/www.klaunika.eu\/","logo":{"@type":"ImageObject","inLanguage":"cs","@id":"https:\/\/www.klaunika.eu\/#\/schema\/logo\/image\/","url":"https:\/\/www.klaunika.eu\/wp-content\/uploads\/2021\/11\/cropped-cropped-PSX_20211123_210259.jpg","contentUrl":"https:\/\/www.klaunika.eu\/wp-content\/uploads\/2021\/11\/cropped-cropped-PSX_20211123_210259.jpg","width":248,"height":248,"caption":"DIVADLO KLAUNIKY BRNO"},"image":{"@id":"https:\/\/www.klaunika.eu\/#\/schema\/logo\/image\/"}}]}},"_links":{"self":[{"href":"https:\/\/www.klaunika.eu\/index.php?rest_route=\/wp\/v2\/pages\/1399","targetHints":{"allow":["GET"]}}],"collection":[{"href":"https:\/\/www.klaunika.eu\/index.php?rest_route=\/wp\/v2\/pages"}],"about":[{"href":"https:\/\/www.klaunika.eu\/index.php?rest_route=\/wp\/v2\/types\/page"}],"author":[{"embeddable":true,"href":"https:\/\/www.klaunika.eu\/index.php?rest_route=\/wp\/v2\/users\/1"}],"replies":[{"embeddable":true,"href":"https:\/\/www.klaunika.eu\/index.php?rest_route=%2Fwp%2Fv2%2Fcomments&post=1399"}],"version-history":[{"count":2,"href":"https:\/\/www.klaunika.eu\/index.php?rest_route=\/wp\/v2\/pages\/1399\/revisions"}],"predecessor-version":[{"id":1530,"href":"https:\/\/www.klaunika.eu\/index.php?rest_route=\/wp\/v2\/pages\/1399\/revisions\/1530"}],"wp:featuredmedia":[{"embeddable":true,"href":"https:\/\/www.klaunika.eu\/index.php?rest_route=\/wp\/v2\/media\/1400"}],"wp:attachment":[{"href":"https:\/\/www.klaunika.eu\/index.php?rest_route=%2Fwp%2Fv2%2Fmedia&parent=1399"}],"curies":[{"name":"wp","href":"https:\/\/api.w.org\/{rel}","templated":true}]}}