{"id":1394,"date":"2016-08-25T12:53:58","date_gmt":"2016-08-25T10:53:58","guid":{"rendered":"http:\/\/www.klaunika.eu\/?page_id=1394"},"modified":"2016-09-21T20:27:33","modified_gmt":"2016-09-21T18:27:33","slug":"benebend","status":"publish","type":"page","link":"https:\/\/www.klaunika.eu\/?page_id=1394","title":{"rendered":"BENEBEND"},"content":{"rendered":"<p style=\"text-align: justify;\">Kapela, kter\u00e1 vznikla z velk\u00e9ho nad\u0161en\u00ed do hran\u00ed a zp\u00edv\u00e1n\u00ed. N\u00e1zev v p\u0159ekladu znamen\u00e1 &#8222;DOBR\u00c1 KAPELA&#8220;, ka\u017ed\u00fd si v n\u00ed dob\u0159e zahraje. V na\u0161\u00ed kapele nez\u00e1le\u017e\u00ed na hudebn\u00edm talentu, m\u00e1 toti\u017e v podtitulu &#8222;JINAK OBDAROVAN\u00c1 KAPELA&#8220;. Lid\u00e9 v BeneBendu maj\u00ed v\u011bt\u0161inou jin\u00e9 dary ne\u017e hudebn\u00ed. Benebend tvo\u0159\u00ed r\u016fzn\u011b obdarovan\u00ed lid\u00e9 v\u010detn\u011b lid\u00ed s ment\u00e1ln\u00edm posti\u017een\u00edm. Kapela m\u00e1 kolem dvaceti \u010dlen\u016f, podle toho, kolik se jich zrovna sejde. V\u011bt\u0161ina hudebn\u00edk\u016f hraje na perkuse (chrast\u00edtka, \u0161ust\u00edtka) z r\u016fzn\u00fdch kon\u010din sv\u011bta, ale tak\u00e9 na n\u00e1stroje vyroben\u00e9 vlastn\u00edma rukama. V obsazen\u00ed naleznete i n\u00e1stroje jako je kytara, klav\u00edr, fl\u00e9tna, saxofon&#8230;zp\u00edv\u00e1 kdo m\u016f\u017ee.<\/p>\n<p style=\"text-align: justify;\"><div class=\"su-youtube su-u-responsive-media-yes\"><iframe width=\"360\" height=\"300\" src=\"https:\/\/www.youtube.com\/embed\/40VnJFyvsnE?\" frameborder=\"0\" allowfullscreen allow=\"autoplay; encrypted-media; picture-in-picture\" title=\"\"><\/iframe><\/div>\n<p style=\"text-align: justify;\"><div class=\"su-youtube su-u-responsive-media-yes\"><iframe width=\"360\" height=\"300\" src=\"https:\/\/www.youtube.com\/embed\/f6ChmhowlKw?\" frameborder=\"0\" allowfullscreen allow=\"autoplay; encrypted-media; picture-in-picture\" title=\"\"><\/iframe><\/div>\n<p style=\"text-align: justify;\"><div class=\"su-custom-gallery su-custom-gallery-align-left su-custom-gallery-title-never su-lightbox-gallery\"><div class=\"su-custom-gallery-slide\" style=\"width:100px;height:100px\"><a href=\"https:\/\/www.klaunika.eu\/wp-content\/uploads\/2016\/08\/DSC7109.jpg\" title=\"_dsc7109\"><img decoding=\"async\" src=\"https:\/\/www.klaunika.eu\/wp-content\/uploads\/2016\/08\/DSC7109-100x100.jpg\" alt=\"_dsc7109\" width=\"100\" height=\"100\" \/><span class=\"su-custom-gallery-title\">_dsc7109<\/span><\/a><\/div><div class=\"su-custom-gallery-slide\" style=\"width:100px;height:100px\"><a href=\"https:\/\/www.klaunika.eu\/wp-content\/uploads\/2016\/08\/DSC7112.jpg\" title=\"_dsc7112\"><img decoding=\"async\" src=\"https:\/\/www.klaunika.eu\/wp-content\/uploads\/2016\/08\/DSC7112-100x100.jpg\" alt=\"_dsc7112\" width=\"100\" height=\"100\" \/><span class=\"su-custom-gallery-title\">_dsc7112<\/span><\/a><\/div><div class=\"su-custom-gallery-slide\" style=\"width:100px;height:100px\"><a href=\"https:\/\/www.klaunika.eu\/wp-content\/uploads\/2016\/08\/DSC7114.jpg\" title=\"_dsc7114\"><img decoding=\"async\" src=\"https:\/\/www.klaunika.eu\/wp-content\/uploads\/2016\/08\/DSC7114-100x100.jpg\" alt=\"_dsc7114\" width=\"100\" height=\"100\" \/><span class=\"su-custom-gallery-title\">_dsc7114<\/span><\/a><\/div><div class=\"su-custom-gallery-slide\" style=\"width:100px;height:100px\"><a href=\"https:\/\/www.klaunika.eu\/wp-content\/uploads\/2016\/08\/DSC7115.jpg\" title=\"_dsc7115\"><img loading=\"lazy\" decoding=\"async\" src=\"https:\/\/www.klaunika.eu\/wp-content\/uploads\/2016\/08\/DSC7115-100x100.jpg\" alt=\"_dsc7115\" width=\"100\" height=\"100\" \/><span class=\"su-custom-gallery-title\">_dsc7115<\/span><\/a><\/div><div class=\"su-custom-gallery-slide\" style=\"width:100px;height:100px\"><a href=\"https:\/\/www.klaunika.eu\/wp-content\/uploads\/2016\/08\/DSC7118a.jpg\" title=\"_dsc7118a\"><img loading=\"lazy\" decoding=\"async\" src=\"https:\/\/www.klaunika.eu\/wp-content\/uploads\/2016\/08\/DSC7118a-100x100.jpg\" alt=\"_dsc7118a\" width=\"100\" height=\"100\" \/><span class=\"su-custom-gallery-title\">_dsc7118a<\/span><\/a><\/div><div class=\"su-custom-gallery-slide\" style=\"width:100px;height:100px\"><a href=\"https:\/\/www.klaunika.eu\/wp-content\/uploads\/2016\/08\/DSC7120a.jpg\" title=\"_dsc7120a\"><img loading=\"lazy\" decoding=\"async\" src=\"https:\/\/www.klaunika.eu\/wp-content\/uploads\/2016\/08\/DSC7120a-100x100.jpg\" alt=\"_dsc7120a\" width=\"100\" height=\"100\" \/><span class=\"su-custom-gallery-title\">_dsc7120a<\/span><\/a><\/div><div class=\"su-custom-gallery-slide\" style=\"width:100px;height:100px\"><a href=\"https:\/\/www.klaunika.eu\/wp-content\/uploads\/2016\/08\/DSC7124.jpg\" title=\"_dsc7124\"><img loading=\"lazy\" decoding=\"async\" src=\"https:\/\/www.klaunika.eu\/wp-content\/uploads\/2016\/08\/DSC7124-100x100.jpg\" alt=\"_dsc7124\" width=\"100\" height=\"100\" \/><span class=\"su-custom-gallery-title\">_dsc7124<\/span><\/a><\/div><div class=\"su-custom-gallery-slide\" style=\"width:100px;height:100px\"><a href=\"https:\/\/www.klaunika.eu\/wp-content\/uploads\/2016\/08\/DSC7126.jpg\" title=\"_dsc7126\"><img loading=\"lazy\" decoding=\"async\" src=\"https:\/\/www.klaunika.eu\/wp-content\/uploads\/2016\/08\/DSC7126-100x100.jpg\" alt=\"_dsc7126\" width=\"100\" height=\"100\" \/><span class=\"su-custom-gallery-title\">_dsc7126<\/span><\/a><\/div><div class=\"su-custom-gallery-slide\" style=\"width:100px;height:100px\"><a href=\"https:\/\/www.klaunika.eu\/wp-content\/uploads\/2016\/08\/DSC7128.jpg\" title=\"_dsc7128\"><img loading=\"lazy\" decoding=\"async\" src=\"https:\/\/www.klaunika.eu\/wp-content\/uploads\/2016\/08\/DSC7128-100x100.jpg\" alt=\"_dsc7128\" width=\"100\" height=\"100\" \/><span class=\"su-custom-gallery-title\">_dsc7128<\/span><\/a><\/div><div class=\"su-custom-gallery-slide\" style=\"width:100px;height:100px\"><a href=\"https:\/\/www.klaunika.eu\/wp-content\/uploads\/2016\/08\/DSC7133.jpg\" title=\"_dsc7133\"><img loading=\"lazy\" decoding=\"async\" src=\"https:\/\/www.klaunika.eu\/wp-content\/uploads\/2016\/08\/DSC7133-100x100.jpg\" alt=\"_dsc7133\" width=\"100\" height=\"100\" \/><span class=\"su-custom-gallery-title\">_dsc7133<\/span><\/a><\/div><div class=\"su-custom-gallery-slide\" style=\"width:100px;height:100px\"><a href=\"https:\/\/www.klaunika.eu\/wp-content\/uploads\/2016\/08\/DSC7136.jpg\" title=\"_dsc7136\"><img loading=\"lazy\" decoding=\"async\" src=\"https:\/\/www.klaunika.eu\/wp-content\/uploads\/2016\/08\/DSC7136-100x100.jpg\" alt=\"_dsc7136\" width=\"100\" height=\"100\" \/><span class=\"su-custom-gallery-title\">_dsc7136<\/span><\/a><\/div><div class=\"su-custom-gallery-slide\" style=\"width:100px;height:100px\"><a href=\"https:\/\/www.klaunika.eu\/wp-content\/uploads\/2016\/08\/DSC7137a.jpg\" title=\"_dsc7137a\"><img loading=\"lazy\" decoding=\"async\" src=\"https:\/\/www.klaunika.eu\/wp-content\/uploads\/2016\/08\/DSC7137a-100x100.jpg\" alt=\"_dsc7137a\" width=\"100\" height=\"100\" \/><span class=\"su-custom-gallery-title\">_dsc7137a<\/span><\/a><\/div><div class=\"su-custom-gallery-slide\" style=\"width:100px;height:100px\"><a href=\"https:\/\/www.klaunika.eu\/wp-content\/uploads\/2016\/08\/DSC7138.jpg\" title=\"_dsc7138\"><img loading=\"lazy\" decoding=\"async\" src=\"https:\/\/www.klaunika.eu\/wp-content\/uploads\/2016\/08\/DSC7138-100x100.jpg\" alt=\"_dsc7138\" width=\"100\" height=\"100\" \/><span class=\"su-custom-gallery-title\">_dsc7138<\/span><\/a><\/div><div class=\"su-custom-gallery-slide\" style=\"width:100px;height:100px\"><a href=\"https:\/\/www.klaunika.eu\/wp-content\/uploads\/2016\/08\/DSC7141a.jpg\" title=\"_dsc7141a\"><img loading=\"lazy\" decoding=\"async\" src=\"https:\/\/www.klaunika.eu\/wp-content\/uploads\/2016\/08\/DSC7141a-100x100.jpg\" alt=\"_dsc7141a\" width=\"100\" height=\"100\" \/><span class=\"su-custom-gallery-title\">_dsc7141a<\/span><\/a><\/div><div class=\"su-custom-gallery-slide\" style=\"width:100px;height:100px\"><a href=\"https:\/\/www.klaunika.eu\/wp-content\/uploads\/2016\/08\/DSC7145.jpg\" title=\"_dsc7145\"><img loading=\"lazy\" decoding=\"async\" src=\"https:\/\/www.klaunika.eu\/wp-content\/uploads\/2016\/08\/DSC7145-100x100.jpg\" alt=\"_dsc7145\" width=\"100\" height=\"100\" \/><span class=\"su-custom-gallery-title\">_dsc7145<\/span><\/a><\/div><div class=\"su-custom-gallery-slide\" style=\"width:100px;height:100px\"><a href=\"https:\/\/www.klaunika.eu\/wp-content\/uploads\/2016\/08\/DSC7150.jpg\" title=\"_dsc7150\"><img loading=\"lazy\" decoding=\"async\" src=\"https:\/\/www.klaunika.eu\/wp-content\/uploads\/2016\/08\/DSC7150-100x100.jpg\" alt=\"_dsc7150\" width=\"100\" height=\"100\" \/><span class=\"su-custom-gallery-title\">_dsc7150<\/span><\/a><\/div><div class=\"su-custom-gallery-slide\" style=\"width:100px;height:100px\"><a href=\"https:\/\/www.klaunika.eu\/wp-content\/uploads\/2016\/08\/DSC7153.jpg\" title=\"_dsc7153\"><img loading=\"lazy\" decoding=\"async\" src=\"https:\/\/www.klaunika.eu\/wp-content\/uploads\/2016\/08\/DSC7153-100x100.jpg\" alt=\"_dsc7153\" width=\"100\" height=\"100\" \/><span class=\"su-custom-gallery-title\">_dsc7153<\/span><\/a><\/div><div class=\"su-custom-gallery-slide\" style=\"width:100px;height:100px\"><a href=\"https:\/\/www.klaunika.eu\/wp-content\/uploads\/2016\/08\/DSC7155.jpg\" title=\"_dsc7155\"><img loading=\"lazy\" decoding=\"async\" src=\"https:\/\/www.klaunika.eu\/wp-content\/uploads\/2016\/08\/DSC7155-100x100.jpg\" alt=\"_dsc7155\" width=\"100\" height=\"100\" \/><span class=\"su-custom-gallery-title\">_dsc7155<\/span><\/a><\/div><div class=\"su-custom-gallery-slide\" style=\"width:100px;height:100px\"><a href=\"https:\/\/www.klaunika.eu\/wp-content\/uploads\/2016\/08\/DSC7159.jpg\" title=\"_dsc7159\"><img loading=\"lazy\" decoding=\"async\" src=\"https:\/\/www.klaunika.eu\/wp-content\/uploads\/2016\/08\/DSC7159-100x100.jpg\" alt=\"_dsc7159\" width=\"100\" height=\"100\" \/><span class=\"su-custom-gallery-title\">_dsc7159<\/span><\/a><\/div><div class=\"su-custom-gallery-slide\" style=\"width:100px;height:100px\"><a href=\"https:\/\/www.klaunika.eu\/wp-content\/uploads\/2016\/08\/DSC7160.jpg\" title=\"_dsc7160\"><img loading=\"lazy\" decoding=\"async\" src=\"https:\/\/www.klaunika.eu\/wp-content\/uploads\/2016\/08\/DSC7160-100x100.jpg\" alt=\"_dsc7160\" width=\"100\" height=\"100\" \/><span class=\"su-custom-gallery-title\">_dsc7160<\/span><\/a><\/div><div class=\"su-custom-gallery-slide\" style=\"width:100px;height:100px\"><a href=\"https:\/\/www.klaunika.eu\/wp-content\/uploads\/2016\/08\/DSC7162.jpg\" title=\"_dsc7162\"><img loading=\"lazy\" decoding=\"async\" src=\"https:\/\/www.klaunika.eu\/wp-content\/uploads\/2016\/08\/DSC7162-100x100.jpg\" alt=\"_dsc7162\" width=\"100\" height=\"100\" \/><span class=\"su-custom-gallery-title\">_dsc7162<\/span><\/a><\/div><div class=\"su-custom-gallery-slide\" style=\"width:100px;height:100px\"><a href=\"https:\/\/www.klaunika.eu\/wp-content\/uploads\/2016\/08\/DSC7170a.jpg\" title=\"_dsc7170a\"><img loading=\"lazy\" decoding=\"async\" src=\"https:\/\/www.klaunika.eu\/wp-content\/uploads\/2016\/08\/DSC7170a-100x100.jpg\" alt=\"_dsc7170a\" width=\"100\" height=\"100\" \/><span class=\"su-custom-gallery-title\">_dsc7170a<\/span><\/a><\/div><div class=\"su-custom-gallery-slide\" style=\"width:100px;height:100px\"><a href=\"https:\/\/www.klaunika.eu\/wp-content\/uploads\/2016\/08\/DSC7174.jpg\" title=\"_dsc7174\"><img loading=\"lazy\" decoding=\"async\" src=\"https:\/\/www.klaunika.eu\/wp-content\/uploads\/2016\/08\/DSC7174-100x100.jpg\" alt=\"_dsc7174\" width=\"100\" height=\"100\" \/><span class=\"su-custom-gallery-title\">_dsc7174<\/span><\/a><\/div><div class=\"su-custom-gallery-slide\" style=\"width:100px;height:100px\"><a href=\"https:\/\/www.klaunika.eu\/wp-content\/uploads\/2016\/08\/DSC7175.jpg\" title=\"_dsc7175\"><img loading=\"lazy\" decoding=\"async\" src=\"https:\/\/www.klaunika.eu\/wp-content\/uploads\/2016\/08\/DSC7175-100x100.jpg\" alt=\"_dsc7175\" width=\"100\" height=\"100\" \/><span class=\"su-custom-gallery-title\">_dsc7175<\/span><\/a><\/div><div class=\"su-custom-gallery-slide\" style=\"width:100px;height:100px\"><a href=\"https:\/\/www.klaunika.eu\/wp-content\/uploads\/2016\/08\/DSC7176.jpg\" title=\"_dsc7176\"><img loading=\"lazy\" decoding=\"async\" src=\"https:\/\/www.klaunika.eu\/wp-content\/uploads\/2016\/08\/DSC7176-100x100.jpg\" alt=\"_dsc7176\" width=\"100\" height=\"100\" \/><span class=\"su-custom-gallery-title\">_dsc7176<\/span><\/a><\/div><div class=\"su-custom-gallery-slide\" style=\"width:100px;height:100px\"><a href=\"https:\/\/www.klaunika.eu\/wp-content\/uploads\/2016\/08\/DSC7179a.jpg\" title=\"_dsc7179a\"><img loading=\"lazy\" decoding=\"async\" src=\"https:\/\/www.klaunika.eu\/wp-content\/uploads\/2016\/08\/DSC7179a-100x100.jpg\" alt=\"_dsc7179a\" width=\"100\" height=\"100\" \/><span class=\"su-custom-gallery-title\">_dsc7179a<\/span><\/a><\/div><div class=\"su-custom-gallery-slide\" style=\"width:100px;height:100px\"><a href=\"https:\/\/www.klaunika.eu\/wp-content\/uploads\/2016\/08\/DSC7180.jpg\" title=\"_dsc7180\"><img loading=\"lazy\" decoding=\"async\" src=\"https:\/\/www.klaunika.eu\/wp-content\/uploads\/2016\/08\/DSC7180-100x100.jpg\" alt=\"_dsc7180\" width=\"100\" height=\"100\" \/><span class=\"su-custom-gallery-title\">_dsc7180<\/span><\/a><\/div><div class=\"su-custom-gallery-slide\" style=\"width:100px;height:100px\"><a href=\"https:\/\/www.klaunika.eu\/wp-content\/uploads\/2016\/08\/DSC7181.jpg\" title=\"_dsc7181\"><img loading=\"lazy\" decoding=\"async\" src=\"https:\/\/www.klaunika.eu\/wp-content\/uploads\/2016\/08\/DSC7181-100x100.jpg\" alt=\"_dsc7181\" width=\"100\" height=\"100\" \/><span class=\"su-custom-gallery-title\">_dsc7181<\/span><\/a><\/div><div class=\"su-custom-gallery-slide\" style=\"width:100px;height:100px\"><a href=\"https:\/\/www.klaunika.eu\/wp-content\/uploads\/2016\/08\/DSC7188.jpg\" title=\"_dsc7188\"><img loading=\"lazy\" decoding=\"async\" src=\"https:\/\/www.klaunika.eu\/wp-content\/uploads\/2016\/08\/DSC7188-100x100.jpg\" alt=\"_dsc7188\" width=\"100\" height=\"100\" \/><span class=\"su-custom-gallery-title\">_dsc7188<\/span><\/a><\/div><div class=\"su-custom-gallery-slide\" style=\"width:100px;height:100px\"><a href=\"https:\/\/www.klaunika.eu\/wp-content\/uploads\/2016\/08\/DSC7189a.jpg\" title=\"_dsc7189a\"><img loading=\"lazy\" decoding=\"async\" src=\"https:\/\/www.klaunika.eu\/wp-content\/uploads\/2016\/08\/DSC7189a-100x100.jpg\" alt=\"_dsc7189a\" width=\"100\" height=\"100\" \/><span class=\"su-custom-gallery-title\">_dsc7189a<\/span><\/a><\/div><div class=\"su-custom-gallery-slide\" style=\"width:100px;height:100px\"><a href=\"https:\/\/www.klaunika.eu\/wp-content\/uploads\/2016\/08\/DSC7191.jpg\" title=\"_dsc7191\"><img loading=\"lazy\" decoding=\"async\" src=\"https:\/\/www.klaunika.eu\/wp-content\/uploads\/2016\/08\/DSC7191-100x100.jpg\" alt=\"_dsc7191\" width=\"100\" height=\"100\" \/><span class=\"su-custom-gallery-title\">_dsc7191<\/span><\/a><\/div><div class=\"su-custom-gallery-slide\" style=\"width:100px;height:100px\"><a href=\"https:\/\/www.klaunika.eu\/wp-content\/uploads\/2016\/08\/DSC7193.jpg\" title=\"_dsc7193\"><img loading=\"lazy\" decoding=\"async\" src=\"https:\/\/www.klaunika.eu\/wp-content\/uploads\/2016\/08\/DSC7193-100x100.jpg\" alt=\"_dsc7193\" width=\"100\" height=\"100\" \/><span class=\"su-custom-gallery-title\">_dsc7193<\/span><\/a><\/div><div class=\"su-custom-gallery-slide\" style=\"width:100px;height:100px\"><a href=\"https:\/\/www.klaunika.eu\/wp-content\/uploads\/2016\/08\/DSC7199.jpg\" title=\"_dsc7199\"><img loading=\"lazy\" decoding=\"async\" src=\"https:\/\/www.klaunika.eu\/wp-content\/uploads\/2016\/08\/DSC7199-100x100.jpg\" alt=\"_dsc7199\" width=\"100\" height=\"100\" \/><span class=\"su-custom-gallery-title\">_dsc7199<\/span><\/a><\/div><div class=\"su-clear\"><\/div><\/div>\n","protected":false},"excerpt":{"rendered":"<p>Kapela, kter\u00e1 vznikla z velk\u00e9ho nad\u0161en\u00ed do hran\u00ed a zp\u00edv\u00e1n\u00ed. N\u00e1zev v p\u0159ekladu znamen\u00e1 &#8222;DOBR\u00c1 KAPELA&#8220;, ka\u017ed\u00fd si v n\u00ed dob\u0159e zahraje. V na\u0161\u00ed kapele nez\u00e1le\u017e\u00ed na hudebn\u00edm talentu, m\u00e1 toti\u017e v podtitulu &#8222;JINAK OBDAROVAN\u00c1 KAPELA&#8220;. Lid\u00e9 v BeneBendu maj\u00ed v\u011bt\u0161inou jin\u00e9 dary ne\u017e hudebn\u00ed. Benebend tvo\u0159\u00ed r\u016fzn\u011b obdarovan\u00ed lid\u00e9 v\u010detn\u011b lid\u00ed s ment\u00e1ln\u00edm posti\u017een\u00edm. [&hellip;]<\/p>\n","protected":false},"author":1,"featured_media":1531,"parent":0,"menu_order":0,"comment_status":"closed","ping_status":"open","template":"","meta":{"footnotes":""},"class_list":["post-1394","page","type-page","status-publish","has-post-thumbnail","hentry"],"yoast_head":"<!-- This site is optimized with the Yoast SEO plugin v27.5 - https:\/\/yoast.com\/product\/yoast-seo-wordpress\/ -->\n<title>BENEBEND - DIVADLO KLAUNIKY BRNO<\/title>\n<meta name=\"robots\" content=\"index, follow, max-snippet:-1, max-image-preview:large, max-video-preview:-1\" \/>\n<link rel=\"canonical\" href=\"https:\/\/www.klaunika.eu\/?page_id=1394\" \/>\n<meta property=\"og:locale\" content=\"cs_CZ\" \/>\n<meta property=\"og:type\" content=\"article\" \/>\n<meta property=\"og:title\" content=\"BENEBEND - DIVADLO KLAUNIKY BRNO\" \/>\n<meta property=\"og:description\" content=\"Kapela, kter\u00e1 vznikla z velk\u00e9ho nad\u0161en\u00ed do hran\u00ed a zp\u00edv\u00e1n\u00ed. N\u00e1zev v p\u0159ekladu znamen\u00e1 &#8222;DOBR\u00c1 KAPELA&#8220;, ka\u017ed\u00fd si v n\u00ed dob\u0159e zahraje. V na\u0161\u00ed kapele nez\u00e1le\u017e\u00ed na hudebn\u00edm talentu, m\u00e1 toti\u017e v podtitulu &#8222;JINAK OBDAROVAN\u00c1 KAPELA&#8220;. Lid\u00e9 v BeneBendu maj\u00ed v\u011bt\u0161inou jin\u00e9 dary ne\u017e hudebn\u00ed. Benebend tvo\u0159\u00ed r\u016fzn\u011b obdarovan\u00ed lid\u00e9 v\u010detn\u011b lid\u00ed s ment\u00e1ln\u00edm posti\u017een\u00edm. [&hellip;]\" \/>\n<meta property=\"og:url\" content=\"https:\/\/www.klaunika.eu\/?page_id=1394\" \/>\n<meta property=\"og:site_name\" content=\"DIVADLO KLAUNIKY BRNO\" \/>\n<meta property=\"article:modified_time\" content=\"2016-09-21T18:27:33+00:00\" \/>\n<meta property=\"og:image\" content=\"https:\/\/www.klaunika.eu\/wp-content\/uploads\/2016\/08\/benediktus1.jpg\" \/>\n\t<meta property=\"og:image:width\" content=\"960\" \/>\n\t<meta property=\"og:image:height\" content=\"640\" \/>\n\t<meta property=\"og:image:type\" content=\"image\/jpeg\" \/>\n<meta name=\"twitter:card\" content=\"summary_large_image\" \/>\n<meta name=\"twitter:label1\" content=\"Odhadovan\u00e1 doba \u010dten\u00ed\" \/>\n\t<meta name=\"twitter:data1\" content=\"1 minuta\" \/>\n<script type=\"application\/ld+json\" class=\"yoast-schema-graph\">{\"@context\":\"https:\\\/\\\/schema.org\",\"@graph\":[{\"@type\":\"WebPage\",\"@id\":\"https:\\\/\\\/www.klaunika.eu\\\/?page_id=1394\",\"url\":\"https:\\\/\\\/www.klaunika.eu\\\/?page_id=1394\",\"name\":\"BENEBEND - DIVADLO KLAUNIKY BRNO\",\"isPartOf\":{\"@id\":\"https:\\\/\\\/www.klaunika.eu\\\/#website\"},\"primaryImageOfPage\":{\"@id\":\"https:\\\/\\\/www.klaunika.eu\\\/?page_id=1394#primaryimage\"},\"image\":{\"@id\":\"https:\\\/\\\/www.klaunika.eu\\\/?page_id=1394#primaryimage\"},\"thumbnailUrl\":\"https:\\\/\\\/www.klaunika.eu\\\/wp-content\\\/uploads\\\/2016\\\/08\\\/benediktus1.jpg\",\"datePublished\":\"2016-08-25T10:53:58+00:00\",\"dateModified\":\"2016-09-21T18:27:33+00:00\",\"breadcrumb\":{\"@id\":\"https:\\\/\\\/www.klaunika.eu\\\/?page_id=1394#breadcrumb\"},\"inLanguage\":\"cs\",\"potentialAction\":[{\"@type\":\"ReadAction\",\"target\":[\"https:\\\/\\\/www.klaunika.eu\\\/?page_id=1394\"]}]},{\"@type\":\"ImageObject\",\"inLanguage\":\"cs\",\"@id\":\"https:\\\/\\\/www.klaunika.eu\\\/?page_id=1394#primaryimage\",\"url\":\"https:\\\/\\\/www.klaunika.eu\\\/wp-content\\\/uploads\\\/2016\\\/08\\\/benediktus1.jpg\",\"contentUrl\":\"https:\\\/\\\/www.klaunika.eu\\\/wp-content\\\/uploads\\\/2016\\\/08\\\/benediktus1.jpg\",\"width\":960,\"height\":640},{\"@type\":\"BreadcrumbList\",\"@id\":\"https:\\\/\\\/www.klaunika.eu\\\/?page_id=1394#breadcrumb\",\"itemListElement\":[{\"@type\":\"ListItem\",\"position\":1,\"name\":\"Dom\u016f\",\"item\":\"https:\\\/\\\/www.klaunika.eu\\\/\"},{\"@type\":\"ListItem\",\"position\":2,\"name\":\"BENEBEND\"}]},{\"@type\":\"WebSite\",\"@id\":\"https:\\\/\\\/www.klaunika.eu\\\/#website\",\"url\":\"https:\\\/\\\/www.klaunika.eu\\\/\",\"name\":\"DIVADLO KLAUNIKY BRNO\",\"description\":\"SOUKROM\u00c1 SC\u00c9NA HUMORU\",\"publisher\":{\"@id\":\"https:\\\/\\\/www.klaunika.eu\\\/#organization\"},\"potentialAction\":[{\"@type\":\"SearchAction\",\"target\":{\"@type\":\"EntryPoint\",\"urlTemplate\":\"https:\\\/\\\/www.klaunika.eu\\\/?s={search_term_string}\"},\"query-input\":{\"@type\":\"PropertyValueSpecification\",\"valueRequired\":true,\"valueName\":\"search_term_string\"}}],\"inLanguage\":\"cs\"},{\"@type\":\"Organization\",\"@id\":\"https:\\\/\\\/www.klaunika.eu\\\/#organization\",\"name\":\"DIVADLO KLAUNIKY BRNO\",\"url\":\"https:\\\/\\\/www.klaunika.eu\\\/\",\"logo\":{\"@type\":\"ImageObject\",\"inLanguage\":\"cs\",\"@id\":\"https:\\\/\\\/www.klaunika.eu\\\/#\\\/schema\\\/logo\\\/image\\\/\",\"url\":\"https:\\\/\\\/www.klaunika.eu\\\/wp-content\\\/uploads\\\/2021\\\/11\\\/cropped-cropped-PSX_20211123_210259.jpg\",\"contentUrl\":\"https:\\\/\\\/www.klaunika.eu\\\/wp-content\\\/uploads\\\/2021\\\/11\\\/cropped-cropped-PSX_20211123_210259.jpg\",\"width\":248,\"height\":248,\"caption\":\"DIVADLO KLAUNIKY BRNO\"},\"image\":{\"@id\":\"https:\\\/\\\/www.klaunika.eu\\\/#\\\/schema\\\/logo\\\/image\\\/\"}}]}<\/script>\n<!-- \/ Yoast SEO plugin. -->","yoast_head_json":{"title":"BENEBEND - DIVADLO KLAUNIKY BRNO","robots":{"index":"index","follow":"follow","max-snippet":"max-snippet:-1","max-image-preview":"max-image-preview:large","max-video-preview":"max-video-preview:-1"},"canonical":"https:\/\/www.klaunika.eu\/?page_id=1394","og_locale":"cs_CZ","og_type":"article","og_title":"BENEBEND - DIVADLO KLAUNIKY BRNO","og_description":"Kapela, kter\u00e1 vznikla z velk\u00e9ho nad\u0161en\u00ed do hran\u00ed a zp\u00edv\u00e1n\u00ed. N\u00e1zev v p\u0159ekladu znamen\u00e1 &#8222;DOBR\u00c1 KAPELA&#8220;, ka\u017ed\u00fd si v n\u00ed dob\u0159e zahraje. V na\u0161\u00ed kapele nez\u00e1le\u017e\u00ed na hudebn\u00edm talentu, m\u00e1 toti\u017e v podtitulu &#8222;JINAK OBDAROVAN\u00c1 KAPELA&#8220;. Lid\u00e9 v BeneBendu maj\u00ed v\u011bt\u0161inou jin\u00e9 dary ne\u017e hudebn\u00ed. Benebend tvo\u0159\u00ed r\u016fzn\u011b obdarovan\u00ed lid\u00e9 v\u010detn\u011b lid\u00ed s ment\u00e1ln\u00edm posti\u017een\u00edm. [&hellip;]","og_url":"https:\/\/www.klaunika.eu\/?page_id=1394","og_site_name":"DIVADLO KLAUNIKY BRNO","article_modified_time":"2016-09-21T18:27:33+00:00","og_image":[{"width":960,"height":640,"url":"https:\/\/www.klaunika.eu\/wp-content\/uploads\/2016\/08\/benediktus1.jpg","type":"image\/jpeg"}],"twitter_card":"summary_large_image","twitter_misc":{"Odhadovan\u00e1 doba \u010dten\u00ed":"1 minuta"},"schema":{"@context":"https:\/\/schema.org","@graph":[{"@type":"WebPage","@id":"https:\/\/www.klaunika.eu\/?page_id=1394","url":"https:\/\/www.klaunika.eu\/?page_id=1394","name":"BENEBEND - DIVADLO KLAUNIKY BRNO","isPartOf":{"@id":"https:\/\/www.klaunika.eu\/#website"},"primaryImageOfPage":{"@id":"https:\/\/www.klaunika.eu\/?page_id=1394#primaryimage"},"image":{"@id":"https:\/\/www.klaunika.eu\/?page_id=1394#primaryimage"},"thumbnailUrl":"https:\/\/www.klaunika.eu\/wp-content\/uploads\/2016\/08\/benediktus1.jpg","datePublished":"2016-08-25T10:53:58+00:00","dateModified":"2016-09-21T18:27:33+00:00","breadcrumb":{"@id":"https:\/\/www.klaunika.eu\/?page_id=1394#breadcrumb"},"inLanguage":"cs","potentialAction":[{"@type":"ReadAction","target":["https:\/\/www.klaunika.eu\/?page_id=1394"]}]},{"@type":"ImageObject","inLanguage":"cs","@id":"https:\/\/www.klaunika.eu\/?page_id=1394#primaryimage","url":"https:\/\/www.klaunika.eu\/wp-content\/uploads\/2016\/08\/benediktus1.jpg","contentUrl":"https:\/\/www.klaunika.eu\/wp-content\/uploads\/2016\/08\/benediktus1.jpg","width":960,"height":640},{"@type":"BreadcrumbList","@id":"https:\/\/www.klaunika.eu\/?page_id=1394#breadcrumb","itemListElement":[{"@type":"ListItem","position":1,"name":"Dom\u016f","item":"https:\/\/www.klaunika.eu\/"},{"@type":"ListItem","position":2,"name":"BENEBEND"}]},{"@type":"WebSite","@id":"https:\/\/www.klaunika.eu\/#website","url":"https:\/\/www.klaunika.eu\/","name":"DIVADLO KLAUNIKY BRNO","description":"SOUKROM\u00c1 SC\u00c9NA HUMORU","publisher":{"@id":"https:\/\/www.klaunika.eu\/#organization"},"potentialAction":[{"@type":"SearchAction","target":{"@type":"EntryPoint","urlTemplate":"https:\/\/www.klaunika.eu\/?s={search_term_string}"},"query-input":{"@type":"PropertyValueSpecification","valueRequired":true,"valueName":"search_term_string"}}],"inLanguage":"cs"},{"@type":"Organization","@id":"https:\/\/www.klaunika.eu\/#organization","name":"DIVADLO KLAUNIKY BRNO","url":"https:\/\/www.klaunika.eu\/","logo":{"@type":"ImageObject","inLanguage":"cs","@id":"https:\/\/www.klaunika.eu\/#\/schema\/logo\/image\/","url":"https:\/\/www.klaunika.eu\/wp-content\/uploads\/2021\/11\/cropped-cropped-PSX_20211123_210259.jpg","contentUrl":"https:\/\/www.klaunika.eu\/wp-content\/uploads\/2021\/11\/cropped-cropped-PSX_20211123_210259.jpg","width":248,"height":248,"caption":"DIVADLO KLAUNIKY BRNO"},"image":{"@id":"https:\/\/www.klaunika.eu\/#\/schema\/logo\/image\/"}}]}},"_links":{"self":[{"href":"https:\/\/www.klaunika.eu\/index.php?rest_route=\/wp\/v2\/pages\/1394","targetHints":{"allow":["GET"]}}],"collection":[{"href":"https:\/\/www.klaunika.eu\/index.php?rest_route=\/wp\/v2\/pages"}],"about":[{"href":"https:\/\/www.klaunika.eu\/index.php?rest_route=\/wp\/v2\/types\/page"}],"author":[{"embeddable":true,"href":"https:\/\/www.klaunika.eu\/index.php?rest_route=\/wp\/v2\/users\/1"}],"replies":[{"embeddable":true,"href":"https:\/\/www.klaunika.eu\/index.php?rest_route=%2Fwp%2Fv2%2Fcomments&post=1394"}],"version-history":[{"count":3,"href":"https:\/\/www.klaunika.eu\/index.php?rest_route=\/wp\/v2\/pages\/1394\/revisions"}],"predecessor-version":[{"id":1565,"href":"https:\/\/www.klaunika.eu\/index.php?rest_route=\/wp\/v2\/pages\/1394\/revisions\/1565"}],"wp:featuredmedia":[{"embeddable":true,"href":"https:\/\/www.klaunika.eu\/index.php?rest_route=\/wp\/v2\/media\/1531"}],"wp:attachment":[{"href":"https:\/\/www.klaunika.eu\/index.php?rest_route=%2Fwp%2Fv2%2Fmedia&parent=1394"}],"curies":[{"name":"wp","href":"https:\/\/api.w.org\/{rel}","templated":true}]}}