{"id":1388,"date":"2016-08-24T21:44:29","date_gmt":"2016-08-24T19:44:29","guid":{"rendered":"http:\/\/www.klaunika.eu\/?page_id=1388"},"modified":"2016-09-21T19:39:39","modified_gmt":"2016-09-21T17:39:39","slug":"drina-a-papir","status":"publish","type":"page","link":"https:\/\/www.klaunika.eu\/?page_id=1388","title":{"rendered":"D\u0158INA A PAP\u00cdR"},"content":{"rendered":"<h4 style=\"text-align: center;\"><strong>GILGAME\u0160<\/strong><\/h4>\n<p style=\"text-align: justify;\">P\u0159\u00edb\u011bh, kter\u00fd se p\u0159ed p\u011bti tis\u00edci lety z p\u00edsn\u00ed snesl do tabulek, za Babyl\u00f3\u0148an\u016f v nich pevn\u011b zakotvil a pak dlouho dlouho zr\u00e1l pod n\u00e1nosy p\u00edsku.<br \/>\nP\u0159\u00edb\u011bh barvy lv\u016f, co von\u00ed pou\u0161t\u00ed i step\u00ed. P\u0159\u00edb\u011bh z nejslavn\u011bj\u0161\u00edch; o boj\u00edch s p\u0159\u00ed\u0161erami, o hrdinech a boz\u00edch. Ale p\u0159eci jen i o n\u00e1s.<\/p>\n<p style=\"text-align: justify;\">P\u0159edstaven\u00ed vzniklo na DIFA JAMU jako absolventsk\u00fd magistersk\u00fd projekt pod veden\u00edm prof. Silvy Mackov\u00e9. Z\u00e1m\u011brem bylo kvalitn\u00ed p\u0159edstaven\u00ed s velmi rozd\u00edln\u00fdmi herci. Hlavn\u00ed roli Gilgame\u0161e hraje intelektu\u00e1l na voz\u00ed\u010dku, tomu sekunduje na p\u016fl vyholenej na p\u016fl dredatej borec a t\u0159et\u00edm hercem je fousat\u00fd p\u00e1n bez domova ve zral\u00e9m v\u011bku. Dan, Ban\u00e1n a Ji\u0159\u00ed jako \u00fast\u0159edn\u00ed trojice. \u010ctvrt\u00fdm partem jsou anim\u00e1ln\u00ed a \u017eensk\u00e9 role, kter\u00e9 byly alternov\u00e1ny. P\u016fvodn\u011b byly ur\u010deny \u010dtrn\u00e1ctilet\u00fdm romsk\u00fdm dvoj\u010dat\u016fm Lucii a Veronice. Ty to s n\u00e1mi nebavilo. Hr\u00e1la tedy \u0130mren \u015eengel, drobn\u00e1 erasma\u010dka s bujnou h\u0159\u00edvou havran\u00edch vlas\u016f, kter\u00e1 po dvou repr\u00edz\u00e1ch odl\u00e9tla dom\u016f do Turecka. Jej\u00ed role p\u0159ezkou\u0161el ry\u0161av\u00fd ekonom Mira Mr\u00e1z, pot\u00e9 energick\u00e1 Slovenka Marika Smrekov\u00e1, sn\u00ed\u017e se v posledku st\u0159\u00edd\u00e1 jedine\u010dn\u00e1 a jemn\u00e1 Jarka Smejkalov\u00e1.\u00a0 \u00a0\u00a0\u00a0\u00a0\u00a0\u00a0\u00a0\u00a0\u00a0\u00a0 \u0130mren je here\u010dka v Istanbulu, jinak hraj\u00ed amat\u00e9\u0159i (\u201eti, co tak \u010din\u00ed z l\u00e1sky\u201c) s rozd\u00edlnou divadeln\u00ed (a zejm\u00e9na \u017eivotn\u00ed) zku\u0161enost\u00ed. Spojilo n\u00e1s zkou\u0161en\u00ed.\u00a0 Dramaturgicky \u0161lo o objevov\u00e1n\u00ed a znovuroz\u017eit\u00ed Eposu o Gilgame\u0161ovi bez v\u00fdrazn\u00e9ho tematick\u00e9ho posouv\u00e1n\u00ed. Kniha, kter\u00e1 je knihovnou. Pr\u00e1zdno nedochovan\u00fdch \u0159\u00e1dk\u016f a mnoho \u0161krt\u00e1n\u00ed. Uk\u00e1zalo se, \u017ee hrajeme zejm\u00e9na o lidstv\u00ed, na\u0161\u00ed spole\u010dn\u00e9 podstat\u011b, a p\u0159\u00e1telstv\u00ed, kter\u00e9 p\u0159ekon\u00e1v\u00e1 p\u0159ek\u00e1\u017eky. Chud\u00e9 divadlo \u2013 bal\u00edc\u00ed pap\u00edr, krabice, pap\u00edrov\u00e9 ty\u010de. Zkr\u00e1tka D\u0159ina a pap\u00edr!<\/p>\n<p style=\"text-align: justify;\"><div class=\"su-custom-gallery su-custom-gallery-align-left su-custom-gallery-title-never su-lightbox-gallery\"><div class=\"su-custom-gallery-slide\" style=\"width:100px;height:100px\"><a href=\"https:\/\/www.klaunika.eu\/wp-content\/uploads\/2016\/08\/DSC6771a.jpg\" title=\"_dsc6771a\"><img decoding=\"async\" src=\"https:\/\/www.klaunika.eu\/wp-content\/uploads\/2016\/08\/DSC6771a-100x100.jpg\" alt=\"_dsc6771a\" width=\"100\" height=\"100\" \/><span class=\"su-custom-gallery-title\">_dsc6771a<\/span><\/a><\/div><div class=\"su-custom-gallery-slide\" style=\"width:100px;height:100px\"><a href=\"https:\/\/www.klaunika.eu\/wp-content\/uploads\/2016\/08\/DSC6776.jpg\" title=\"_dsc6776\"><img decoding=\"async\" src=\"https:\/\/www.klaunika.eu\/wp-content\/uploads\/2016\/08\/DSC6776-100x100.jpg\" alt=\"_dsc6776\" width=\"100\" height=\"100\" \/><span class=\"su-custom-gallery-title\">_dsc6776<\/span><\/a><\/div><div class=\"su-custom-gallery-slide\" style=\"width:100px;height:100px\"><a href=\"https:\/\/www.klaunika.eu\/wp-content\/uploads\/2016\/08\/DSC6788.jpg\" title=\"_dsc6788\"><img decoding=\"async\" src=\"https:\/\/www.klaunika.eu\/wp-content\/uploads\/2016\/08\/DSC6788-100x100.jpg\" alt=\"_dsc6788\" width=\"100\" height=\"100\" \/><span class=\"su-custom-gallery-title\">_dsc6788<\/span><\/a><\/div><div class=\"su-custom-gallery-slide\" style=\"width:100px;height:100px\"><a href=\"https:\/\/www.klaunika.eu\/wp-content\/uploads\/2016\/08\/DSC6798.jpg\" title=\"_dsc6798\"><img loading=\"lazy\" decoding=\"async\" src=\"https:\/\/www.klaunika.eu\/wp-content\/uploads\/2016\/08\/DSC6798-100x100.jpg\" alt=\"_dsc6798\" width=\"100\" height=\"100\" \/><span class=\"su-custom-gallery-title\">_dsc6798<\/span><\/a><\/div><div class=\"su-custom-gallery-slide\" style=\"width:100px;height:100px\"><a href=\"https:\/\/www.klaunika.eu\/wp-content\/uploads\/2016\/08\/DSC6803.jpg\" title=\"_dsc6803\"><img loading=\"lazy\" decoding=\"async\" src=\"https:\/\/www.klaunika.eu\/wp-content\/uploads\/2016\/08\/DSC6803-100x100.jpg\" alt=\"_dsc6803\" width=\"100\" height=\"100\" \/><span class=\"su-custom-gallery-title\">_dsc6803<\/span><\/a><\/div><div class=\"su-custom-gallery-slide\" style=\"width:100px;height:100px\"><a href=\"https:\/\/www.klaunika.eu\/wp-content\/uploads\/2016\/08\/DSC6812.jpg\" title=\"_dsc6812\"><img loading=\"lazy\" decoding=\"async\" src=\"https:\/\/www.klaunika.eu\/wp-content\/uploads\/2016\/08\/DSC6812-100x100.jpg\" alt=\"_dsc6812\" width=\"100\" height=\"100\" \/><span class=\"su-custom-gallery-title\">_dsc6812<\/span><\/a><\/div><div class=\"su-custom-gallery-slide\" style=\"width:100px;height:100px\"><a href=\"https:\/\/www.klaunika.eu\/wp-content\/uploads\/2016\/08\/DSC6819.jpg\" title=\"_dsc6819\"><img loading=\"lazy\" decoding=\"async\" src=\"https:\/\/www.klaunika.eu\/wp-content\/uploads\/2016\/08\/DSC6819-100x100.jpg\" alt=\"_dsc6819\" width=\"100\" height=\"100\" \/><span class=\"su-custom-gallery-title\">_dsc6819<\/span><\/a><\/div><div class=\"su-custom-gallery-slide\" style=\"width:100px;height:100px\"><a href=\"https:\/\/www.klaunika.eu\/wp-content\/uploads\/2016\/08\/DSC6823.jpg\" title=\"_dsc6823\"><img loading=\"lazy\" decoding=\"async\" src=\"https:\/\/www.klaunika.eu\/wp-content\/uploads\/2016\/08\/DSC6823-100x100.jpg\" alt=\"_dsc6823\" width=\"100\" height=\"100\" \/><span class=\"su-custom-gallery-title\">_dsc6823<\/span><\/a><\/div><div class=\"su-custom-gallery-slide\" style=\"width:100px;height:100px\"><a href=\"https:\/\/www.klaunika.eu\/wp-content\/uploads\/2016\/08\/DSC6827.jpg\" title=\"_dsc6827\"><img loading=\"lazy\" decoding=\"async\" src=\"https:\/\/www.klaunika.eu\/wp-content\/uploads\/2016\/08\/DSC6827-100x100.jpg\" alt=\"_dsc6827\" width=\"100\" height=\"100\" \/><span class=\"su-custom-gallery-title\">_dsc6827<\/span><\/a><\/div><div class=\"su-custom-gallery-slide\" style=\"width:100px;height:100px\"><a href=\"https:\/\/www.klaunika.eu\/wp-content\/uploads\/2016\/08\/DSC6835.jpg\" title=\"_dsc6835\"><img loading=\"lazy\" decoding=\"async\" src=\"https:\/\/www.klaunika.eu\/wp-content\/uploads\/2016\/08\/DSC6835-100x100.jpg\" alt=\"_dsc6835\" width=\"100\" height=\"100\" \/><span class=\"su-custom-gallery-title\">_dsc6835<\/span><\/a><\/div><div class=\"su-custom-gallery-slide\" style=\"width:100px;height:100px\"><a href=\"https:\/\/www.klaunika.eu\/wp-content\/uploads\/2016\/08\/DSC6843.jpg\" title=\"_dsc6843\"><img loading=\"lazy\" decoding=\"async\" src=\"https:\/\/www.klaunika.eu\/wp-content\/uploads\/2016\/08\/DSC6843-100x100.jpg\" alt=\"_dsc6843\" width=\"100\" height=\"100\" \/><span class=\"su-custom-gallery-title\">_dsc6843<\/span><\/a><\/div><div class=\"su-custom-gallery-slide\" style=\"width:100px;height:100px\"><a href=\"https:\/\/www.klaunika.eu\/wp-content\/uploads\/2016\/08\/DSC6854.jpg\" title=\"_dsc6854\"><img loading=\"lazy\" decoding=\"async\" src=\"https:\/\/www.klaunika.eu\/wp-content\/uploads\/2016\/08\/DSC6854-100x100.jpg\" alt=\"_dsc6854\" width=\"100\" height=\"100\" \/><span class=\"su-custom-gallery-title\">_dsc6854<\/span><\/a><\/div><div class=\"su-custom-gallery-slide\" style=\"width:100px;height:100px\"><a href=\"https:\/\/www.klaunika.eu\/wp-content\/uploads\/2016\/08\/DSC6855.jpg\" title=\"_dsc6855\"><img loading=\"lazy\" decoding=\"async\" src=\"https:\/\/www.klaunika.eu\/wp-content\/uploads\/2016\/08\/DSC6855-100x100.jpg\" alt=\"_dsc6855\" width=\"100\" height=\"100\" \/><span class=\"su-custom-gallery-title\">_dsc6855<\/span><\/a><\/div><div class=\"su-custom-gallery-slide\" style=\"width:100px;height:100px\"><a href=\"https:\/\/www.klaunika.eu\/wp-content\/uploads\/2016\/08\/DSC6884.jpg\" title=\"_dsc6884\"><img loading=\"lazy\" decoding=\"async\" src=\"https:\/\/www.klaunika.eu\/wp-content\/uploads\/2016\/08\/DSC6884-100x100.jpg\" alt=\"_dsc6884\" width=\"100\" height=\"100\" \/><span class=\"su-custom-gallery-title\">_dsc6884<\/span><\/a><\/div><div class=\"su-custom-gallery-slide\" style=\"width:100px;height:100px\"><a href=\"https:\/\/www.klaunika.eu\/wp-content\/uploads\/2016\/08\/DSC6887.jpg\" title=\"_dsc6887\"><img loading=\"lazy\" decoding=\"async\" src=\"https:\/\/www.klaunika.eu\/wp-content\/uploads\/2016\/08\/DSC6887-100x100.jpg\" alt=\"_dsc6887\" width=\"100\" height=\"100\" \/><span class=\"su-custom-gallery-title\">_dsc6887<\/span><\/a><\/div><div class=\"su-custom-gallery-slide\" style=\"width:100px;height:100px\"><a href=\"https:\/\/www.klaunika.eu\/wp-content\/uploads\/2016\/08\/DSC6890.jpg\" title=\"_dsc6890\"><img loading=\"lazy\" decoding=\"async\" src=\"https:\/\/www.klaunika.eu\/wp-content\/uploads\/2016\/08\/DSC6890-100x100.jpg\" alt=\"_dsc6890\" width=\"100\" height=\"100\" \/><span class=\"su-custom-gallery-title\">_dsc6890<\/span><\/a><\/div><div class=\"su-custom-gallery-slide\" style=\"width:100px;height:100px\"><a href=\"https:\/\/www.klaunika.eu\/wp-content\/uploads\/2016\/08\/DSC6893.jpg\" title=\"_dsc6893\"><img loading=\"lazy\" decoding=\"async\" src=\"https:\/\/www.klaunika.eu\/wp-content\/uploads\/2016\/08\/DSC6893-100x100.jpg\" alt=\"_dsc6893\" width=\"100\" height=\"100\" \/><span class=\"su-custom-gallery-title\">_dsc6893<\/span><\/a><\/div><div class=\"su-custom-gallery-slide\" style=\"width:100px;height:100px\"><a href=\"https:\/\/www.klaunika.eu\/wp-content\/uploads\/2016\/08\/DSC6897.jpg\" title=\"_dsc6897\"><img loading=\"lazy\" decoding=\"async\" src=\"https:\/\/www.klaunika.eu\/wp-content\/uploads\/2016\/08\/DSC6897-100x100.jpg\" alt=\"_dsc6897\" width=\"100\" height=\"100\" \/><span class=\"su-custom-gallery-title\">_dsc6897<\/span><\/a><\/div><div class=\"su-custom-gallery-slide\" style=\"width:100px;height:100px\"><a href=\"https:\/\/www.klaunika.eu\/wp-content\/uploads\/2016\/08\/DSC6900.jpg\" title=\"_dsc6900\"><img loading=\"lazy\" decoding=\"async\" src=\"https:\/\/www.klaunika.eu\/wp-content\/uploads\/2016\/08\/DSC6900-100x100.jpg\" alt=\"_dsc6900\" width=\"100\" height=\"100\" \/><span class=\"su-custom-gallery-title\">_dsc6900<\/span><\/a><\/div><div class=\"su-custom-gallery-slide\" style=\"width:100px;height:100px\"><a href=\"https:\/\/www.klaunika.eu\/wp-content\/uploads\/2016\/08\/DSC6909.jpg\" title=\"_dsc6909\"><img loading=\"lazy\" decoding=\"async\" src=\"https:\/\/www.klaunika.eu\/wp-content\/uploads\/2016\/08\/DSC6909-100x100.jpg\" alt=\"_dsc6909\" width=\"100\" height=\"100\" \/><span class=\"su-custom-gallery-title\">_dsc6909<\/span><\/a><\/div><div class=\"su-custom-gallery-slide\" style=\"width:100px;height:100px\"><a href=\"https:\/\/www.klaunika.eu\/wp-content\/uploads\/2016\/08\/DSC6913.jpg\" title=\"_dsc6913\"><img loading=\"lazy\" decoding=\"async\" src=\"https:\/\/www.klaunika.eu\/wp-content\/uploads\/2016\/08\/DSC6913-100x100.jpg\" alt=\"_dsc6913\" width=\"100\" height=\"100\" \/><span class=\"su-custom-gallery-title\">_dsc6913<\/span><\/a><\/div><div class=\"su-custom-gallery-slide\" style=\"width:100px;height:100px\"><a href=\"https:\/\/www.klaunika.eu\/wp-content\/uploads\/2016\/08\/DSC6916.jpg\" title=\"_dsc6916\"><img loading=\"lazy\" decoding=\"async\" src=\"https:\/\/www.klaunika.eu\/wp-content\/uploads\/2016\/08\/DSC6916-100x100.jpg\" alt=\"_dsc6916\" width=\"100\" height=\"100\" \/><span class=\"su-custom-gallery-title\">_dsc6916<\/span><\/a><\/div><div class=\"su-custom-gallery-slide\" style=\"width:100px;height:100px\"><a href=\"https:\/\/www.klaunika.eu\/wp-content\/uploads\/2016\/08\/DSC6918.jpg\" title=\"_dsc6918\"><img loading=\"lazy\" decoding=\"async\" src=\"https:\/\/www.klaunika.eu\/wp-content\/uploads\/2016\/08\/DSC6918-100x100.jpg\" alt=\"_dsc6918\" width=\"100\" height=\"100\" \/><span class=\"su-custom-gallery-title\">_dsc6918<\/span><\/a><\/div><div class=\"su-custom-gallery-slide\" style=\"width:100px;height:100px\"><a href=\"https:\/\/www.klaunika.eu\/wp-content\/uploads\/2016\/08\/DSC6921.jpg\" title=\"_dsc6921\"><img loading=\"lazy\" decoding=\"async\" src=\"https:\/\/www.klaunika.eu\/wp-content\/uploads\/2016\/08\/DSC6921-100x100.jpg\" alt=\"_dsc6921\" width=\"100\" height=\"100\" \/><span class=\"su-custom-gallery-title\">_dsc6921<\/span><\/a><\/div><div class=\"su-clear\"><\/div><\/div>\n","protected":false},"excerpt":{"rendered":"<p>GILGAME\u0160 P\u0159\u00edb\u011bh, kter\u00fd se p\u0159ed p\u011bti tis\u00edci lety z p\u00edsn\u00ed snesl do tabulek, za Babyl\u00f3\u0148an\u016f v nich pevn\u011b zakotvil a pak dlouho dlouho zr\u00e1l pod n\u00e1nosy p\u00edsku. P\u0159\u00edb\u011bh barvy lv\u016f, co von\u00ed pou\u0161t\u00ed i step\u00ed. P\u0159\u00edb\u011bh z nejslavn\u011bj\u0161\u00edch; o boj\u00edch s p\u0159\u00ed\u0161erami, o hrdinech a boz\u00edch. Ale p\u0159eci jen i o n\u00e1s. P\u0159edstaven\u00ed vzniklo na [&hellip;]<\/p>\n","protected":false},"author":1,"featured_media":1404,"parent":0,"menu_order":0,"comment_status":"closed","ping_status":"open","template":"","meta":{"footnotes":""},"class_list":["post-1388","page","type-page","status-publish","has-post-thumbnail","hentry"],"yoast_head":"<!-- This site is optimized with the Yoast SEO plugin v27.5 - https:\/\/yoast.com\/product\/yoast-seo-wordpress\/ -->\n<title>D\u0158INA A PAP\u00cdR - DIVADLO KLAUNIKY BRNO<\/title>\n<meta name=\"robots\" content=\"index, follow, max-snippet:-1, max-image-preview:large, max-video-preview:-1\" \/>\n<link rel=\"canonical\" href=\"https:\/\/www.klaunika.eu\/?page_id=1388\" \/>\n<meta property=\"og:locale\" content=\"cs_CZ\" \/>\n<meta property=\"og:type\" content=\"article\" \/>\n<meta property=\"og:title\" content=\"D\u0158INA A PAP\u00cdR - DIVADLO KLAUNIKY BRNO\" \/>\n<meta property=\"og:description\" content=\"GILGAME\u0160 P\u0159\u00edb\u011bh, kter\u00fd se p\u0159ed p\u011bti tis\u00edci lety z p\u00edsn\u00ed snesl do tabulek, za Babyl\u00f3\u0148an\u016f v nich pevn\u011b zakotvil a pak dlouho dlouho zr\u00e1l pod n\u00e1nosy p\u00edsku. P\u0159\u00edb\u011bh barvy lv\u016f, co von\u00ed pou\u0161t\u00ed i step\u00ed. P\u0159\u00edb\u011bh z nejslavn\u011bj\u0161\u00edch; o boj\u00edch s p\u0159\u00ed\u0161erami, o hrdinech a boz\u00edch. Ale p\u0159eci jen i o n\u00e1s. P\u0159edstaven\u00ed vzniklo na [&hellip;]\" \/>\n<meta property=\"og:url\" content=\"https:\/\/www.klaunika.eu\/?page_id=1388\" \/>\n<meta property=\"og:site_name\" content=\"DIVADLO KLAUNIKY BRNO\" \/>\n<meta property=\"article:modified_time\" content=\"2016-09-21T17:39:39+00:00\" \/>\n<meta property=\"og:image\" content=\"https:\/\/www.klaunika.eu\/wp-content\/uploads\/2016\/08\/DSC6910a.jpg\" \/>\n\t<meta property=\"og:image:width\" content=\"1600\" \/>\n\t<meta property=\"og:image:height\" content=\"862\" \/>\n\t<meta property=\"og:image:type\" content=\"image\/jpeg\" \/>\n<meta name=\"twitter:card\" content=\"summary_large_image\" \/>\n<meta name=\"twitter:label1\" content=\"Odhadovan\u00e1 doba \u010dten\u00ed\" \/>\n\t<meta name=\"twitter:data1\" content=\"2 minuty\" \/>\n<script type=\"application\/ld+json\" class=\"yoast-schema-graph\">{\"@context\":\"https:\\\/\\\/schema.org\",\"@graph\":[{\"@type\":\"WebPage\",\"@id\":\"https:\\\/\\\/www.klaunika.eu\\\/?page_id=1388\",\"url\":\"https:\\\/\\\/www.klaunika.eu\\\/?page_id=1388\",\"name\":\"D\u0158INA A PAP\u00cdR - DIVADLO KLAUNIKY BRNO\",\"isPartOf\":{\"@id\":\"https:\\\/\\\/www.klaunika.eu\\\/#website\"},\"primaryImageOfPage\":{\"@id\":\"https:\\\/\\\/www.klaunika.eu\\\/?page_id=1388#primaryimage\"},\"image\":{\"@id\":\"https:\\\/\\\/www.klaunika.eu\\\/?page_id=1388#primaryimage\"},\"thumbnailUrl\":\"https:\\\/\\\/www.klaunika.eu\\\/wp-content\\\/uploads\\\/2016\\\/08\\\/DSC6910a.jpg\",\"datePublished\":\"2016-08-24T19:44:29+00:00\",\"dateModified\":\"2016-09-21T17:39:39+00:00\",\"breadcrumb\":{\"@id\":\"https:\\\/\\\/www.klaunika.eu\\\/?page_id=1388#breadcrumb\"},\"inLanguage\":\"cs\",\"potentialAction\":[{\"@type\":\"ReadAction\",\"target\":[\"https:\\\/\\\/www.klaunika.eu\\\/?page_id=1388\"]}]},{\"@type\":\"ImageObject\",\"inLanguage\":\"cs\",\"@id\":\"https:\\\/\\\/www.klaunika.eu\\\/?page_id=1388#primaryimage\",\"url\":\"https:\\\/\\\/www.klaunika.eu\\\/wp-content\\\/uploads\\\/2016\\\/08\\\/DSC6910a.jpg\",\"contentUrl\":\"https:\\\/\\\/www.klaunika.eu\\\/wp-content\\\/uploads\\\/2016\\\/08\\\/DSC6910a.jpg\",\"width\":1600,\"height\":862},{\"@type\":\"BreadcrumbList\",\"@id\":\"https:\\\/\\\/www.klaunika.eu\\\/?page_id=1388#breadcrumb\",\"itemListElement\":[{\"@type\":\"ListItem\",\"position\":1,\"name\":\"Dom\u016f\",\"item\":\"https:\\\/\\\/www.klaunika.eu\\\/\"},{\"@type\":\"ListItem\",\"position\":2,\"name\":\"D\u0158INA A PAP\u00cdR\"}]},{\"@type\":\"WebSite\",\"@id\":\"https:\\\/\\\/www.klaunika.eu\\\/#website\",\"url\":\"https:\\\/\\\/www.klaunika.eu\\\/\",\"name\":\"DIVADLO KLAUNIKY BRNO\",\"description\":\"SOUKROM\u00c1 SC\u00c9NA HUMORU\",\"publisher\":{\"@id\":\"https:\\\/\\\/www.klaunika.eu\\\/#organization\"},\"potentialAction\":[{\"@type\":\"SearchAction\",\"target\":{\"@type\":\"EntryPoint\",\"urlTemplate\":\"https:\\\/\\\/www.klaunika.eu\\\/?s={search_term_string}\"},\"query-input\":{\"@type\":\"PropertyValueSpecification\",\"valueRequired\":true,\"valueName\":\"search_term_string\"}}],\"inLanguage\":\"cs\"},{\"@type\":\"Organization\",\"@id\":\"https:\\\/\\\/www.klaunika.eu\\\/#organization\",\"name\":\"DIVADLO KLAUNIKY BRNO\",\"url\":\"https:\\\/\\\/www.klaunika.eu\\\/\",\"logo\":{\"@type\":\"ImageObject\",\"inLanguage\":\"cs\",\"@id\":\"https:\\\/\\\/www.klaunika.eu\\\/#\\\/schema\\\/logo\\\/image\\\/\",\"url\":\"https:\\\/\\\/www.klaunika.eu\\\/wp-content\\\/uploads\\\/2021\\\/11\\\/cropped-cropped-PSX_20211123_210259.jpg\",\"contentUrl\":\"https:\\\/\\\/www.klaunika.eu\\\/wp-content\\\/uploads\\\/2021\\\/11\\\/cropped-cropped-PSX_20211123_210259.jpg\",\"width\":248,\"height\":248,\"caption\":\"DIVADLO KLAUNIKY BRNO\"},\"image\":{\"@id\":\"https:\\\/\\\/www.klaunika.eu\\\/#\\\/schema\\\/logo\\\/image\\\/\"}}]}<\/script>\n<!-- \/ Yoast SEO plugin. -->","yoast_head_json":{"title":"D\u0158INA A PAP\u00cdR - DIVADLO KLAUNIKY BRNO","robots":{"index":"index","follow":"follow","max-snippet":"max-snippet:-1","max-image-preview":"max-image-preview:large","max-video-preview":"max-video-preview:-1"},"canonical":"https:\/\/www.klaunika.eu\/?page_id=1388","og_locale":"cs_CZ","og_type":"article","og_title":"D\u0158INA A PAP\u00cdR - DIVADLO KLAUNIKY BRNO","og_description":"GILGAME\u0160 P\u0159\u00edb\u011bh, kter\u00fd se p\u0159ed p\u011bti tis\u00edci lety z p\u00edsn\u00ed snesl do tabulek, za Babyl\u00f3\u0148an\u016f v nich pevn\u011b zakotvil a pak dlouho dlouho zr\u00e1l pod n\u00e1nosy p\u00edsku. P\u0159\u00edb\u011bh barvy lv\u016f, co von\u00ed pou\u0161t\u00ed i step\u00ed. P\u0159\u00edb\u011bh z nejslavn\u011bj\u0161\u00edch; o boj\u00edch s p\u0159\u00ed\u0161erami, o hrdinech a boz\u00edch. Ale p\u0159eci jen i o n\u00e1s. P\u0159edstaven\u00ed vzniklo na [&hellip;]","og_url":"https:\/\/www.klaunika.eu\/?page_id=1388","og_site_name":"DIVADLO KLAUNIKY BRNO","article_modified_time":"2016-09-21T17:39:39+00:00","og_image":[{"width":1600,"height":862,"url":"https:\/\/www.klaunika.eu\/wp-content\/uploads\/2016\/08\/DSC6910a.jpg","type":"image\/jpeg"}],"twitter_card":"summary_large_image","twitter_misc":{"Odhadovan\u00e1 doba \u010dten\u00ed":"2 minuty"},"schema":{"@context":"https:\/\/schema.org","@graph":[{"@type":"WebPage","@id":"https:\/\/www.klaunika.eu\/?page_id=1388","url":"https:\/\/www.klaunika.eu\/?page_id=1388","name":"D\u0158INA A PAP\u00cdR - DIVADLO KLAUNIKY BRNO","isPartOf":{"@id":"https:\/\/www.klaunika.eu\/#website"},"primaryImageOfPage":{"@id":"https:\/\/www.klaunika.eu\/?page_id=1388#primaryimage"},"image":{"@id":"https:\/\/www.klaunika.eu\/?page_id=1388#primaryimage"},"thumbnailUrl":"https:\/\/www.klaunika.eu\/wp-content\/uploads\/2016\/08\/DSC6910a.jpg","datePublished":"2016-08-24T19:44:29+00:00","dateModified":"2016-09-21T17:39:39+00:00","breadcrumb":{"@id":"https:\/\/www.klaunika.eu\/?page_id=1388#breadcrumb"},"inLanguage":"cs","potentialAction":[{"@type":"ReadAction","target":["https:\/\/www.klaunika.eu\/?page_id=1388"]}]},{"@type":"ImageObject","inLanguage":"cs","@id":"https:\/\/www.klaunika.eu\/?page_id=1388#primaryimage","url":"https:\/\/www.klaunika.eu\/wp-content\/uploads\/2016\/08\/DSC6910a.jpg","contentUrl":"https:\/\/www.klaunika.eu\/wp-content\/uploads\/2016\/08\/DSC6910a.jpg","width":1600,"height":862},{"@type":"BreadcrumbList","@id":"https:\/\/www.klaunika.eu\/?page_id=1388#breadcrumb","itemListElement":[{"@type":"ListItem","position":1,"name":"Dom\u016f","item":"https:\/\/www.klaunika.eu\/"},{"@type":"ListItem","position":2,"name":"D\u0158INA A PAP\u00cdR"}]},{"@type":"WebSite","@id":"https:\/\/www.klaunika.eu\/#website","url":"https:\/\/www.klaunika.eu\/","name":"DIVADLO KLAUNIKY BRNO","description":"SOUKROM\u00c1 SC\u00c9NA HUMORU","publisher":{"@id":"https:\/\/www.klaunika.eu\/#organization"},"potentialAction":[{"@type":"SearchAction","target":{"@type":"EntryPoint","urlTemplate":"https:\/\/www.klaunika.eu\/?s={search_term_string}"},"query-input":{"@type":"PropertyValueSpecification","valueRequired":true,"valueName":"search_term_string"}}],"inLanguage":"cs"},{"@type":"Organization","@id":"https:\/\/www.klaunika.eu\/#organization","name":"DIVADLO KLAUNIKY BRNO","url":"https:\/\/www.klaunika.eu\/","logo":{"@type":"ImageObject","inLanguage":"cs","@id":"https:\/\/www.klaunika.eu\/#\/schema\/logo\/image\/","url":"https:\/\/www.klaunika.eu\/wp-content\/uploads\/2021\/11\/cropped-cropped-PSX_20211123_210259.jpg","contentUrl":"https:\/\/www.klaunika.eu\/wp-content\/uploads\/2021\/11\/cropped-cropped-PSX_20211123_210259.jpg","width":248,"height":248,"caption":"DIVADLO KLAUNIKY BRNO"},"image":{"@id":"https:\/\/www.klaunika.eu\/#\/schema\/logo\/image\/"}}]}},"_links":{"self":[{"href":"https:\/\/www.klaunika.eu\/index.php?rest_route=\/wp\/v2\/pages\/1388","targetHints":{"allow":["GET"]}}],"collection":[{"href":"https:\/\/www.klaunika.eu\/index.php?rest_route=\/wp\/v2\/pages"}],"about":[{"href":"https:\/\/www.klaunika.eu\/index.php?rest_route=\/wp\/v2\/types\/page"}],"author":[{"embeddable":true,"href":"https:\/\/www.klaunika.eu\/index.php?rest_route=\/wp\/v2\/users\/1"}],"replies":[{"embeddable":true,"href":"https:\/\/www.klaunika.eu\/index.php?rest_route=%2Fwp%2Fv2%2Fcomments&post=1388"}],"version-history":[{"count":3,"href":"https:\/\/www.klaunika.eu\/index.php?rest_route=\/wp\/v2\/pages\/1388\/revisions"}],"predecessor-version":[{"id":1512,"href":"https:\/\/www.klaunika.eu\/index.php?rest_route=\/wp\/v2\/pages\/1388\/revisions\/1512"}],"wp:featuredmedia":[{"embeddable":true,"href":"https:\/\/www.klaunika.eu\/index.php?rest_route=\/wp\/v2\/media\/1404"}],"wp:attachment":[{"href":"https:\/\/www.klaunika.eu\/index.php?rest_route=%2Fwp%2Fv2%2Fmedia&parent=1388"}],"curies":[{"name":"wp","href":"https:\/\/api.w.org\/{rel}","templated":true}]}}