{"id":1375,"date":"2016-08-24T11:26:48","date_gmt":"2016-08-24T09:26:48","guid":{"rendered":"http:\/\/www.klaunika.eu\/?page_id=1375"},"modified":"2022-08-17T16:33:18","modified_gmt":"2022-08-17T14:33:18","slug":"program-2","status":"publish","type":"page","link":"https:\/\/www.klaunika.eu\/?page_id=1375","title":{"rendered":"Quijotova \u0161edes\u00e1tka 2016"},"content":{"rendered":"<p><strong><span style=\"text-decoration: underline;\">\u010cTVRTEK 25. SRPNA<\/span>:<\/strong><\/p>\n<p><span style=\"color: #ff0000;\">16,00h<\/span>\u00a0 Zah\u00e1jen\u00ed a festivalov\u00fd pr\u016fvod<\/p>\n<p><span style=\"color: #ff0000;\">16,30h\u00a0<\/span> <strong><a title=\"PRUHOVAN\u00c9 PANENKY\" href=\"https:\/\/www.klaunika.eu\/?page_id=1382\">Pruhovan\u00e9 panenky<\/a> \u2013 <\/strong><em>O t\u0159ech neposlu\u0161n\u00fdch k\u016fzl\u00e1tk\u00e1ch <\/em>(hrad)<\/p>\n<p><span style=\"color: #ff0000;\">17,30h<\/span> \u00a0<strong><a title=\"D\u0158INA A PAP\u00cdR\" href=\"https:\/\/www.klaunika.eu\/?page_id=1388\">D\u0159ina a pap\u00edr<\/a> \u2013 <\/strong><em>Gilgame\u0161<br \/>\n<\/em><\/p>\n<p><span style=\"color: #ff0000;\">19,00h\u00a0<\/span> <a title=\"ADIVADLO\" href=\"https:\/\/www.klaunika.eu\/?page_id=1399\"><strong>DS ADIVADLO<\/strong><\/a> \u2013 <em>Osam\u011bl\u00e9 ve\u010dery Dory N <\/em>(hrad)<em><br \/>\n<\/em><\/p>\n<p><span style=\"color: #ff0000;\">20,30h<\/span> \u00a0<a title=\"VOLI\u010cSK\u00c1 KAMPA\u0147\" href=\"https:\/\/www.klaunika.eu\/?page_id=57\"><strong>Divadlo Klauniky<\/strong><\/a> &#8211; <em>Voli\u010dsk\u00e1 kampa\u0148 Strany m\u00edrn\u00e9ho pokroku v\u00a0mez\u00edch z\u00e1kona tedy p\u0159\u00edrodn\u00edho<\/em><\/p>\n<p><span style=\"color: #ff0000;\">21,30h<\/span> \u00a0Hudebn\u00ed uskupen\u00ed <strong><a title=\"BENEBEND\" href=\"https:\/\/www.klaunika.eu\/?page_id=1394\">Benebend<\/a> + <a title=\"AND\u011aLSK\u00dd KABARET\" href=\"https:\/\/www.klaunika.eu\/?page_id=59\">Divadlo Klauniky<\/a> &#8211; <\/strong><em>And\u011blsk\u00fd kabaret <\/em><\/p>\n<p><strong>\u00a0<\/strong><\/p>\n<p><strong><span style=\"text-decoration: underline;\">P\u00c1TEK 26. SRPNA<\/span>:<\/strong><\/p>\n<p><span style=\"color: #ff0000;\">17,00h<\/span> Vernis\u00e1\u017e v\u00fdstavy <em>Voln\u00e9 variace <\/em>\u2013 <strong><a title=\"KATE\u0158INA DUBOVCOV\u00c1\" href=\"https:\/\/www.klaunika.eu\/?page_id=1415\">Kate\u0159ina Dubovcov\u00e1<\/a><br \/>\n<\/strong>(hrad)<\/p>\n<p><span style=\"color: #ff0000;\">17,30h<\/span> Koncert p\u00edsni\u010dk\u00e1\u0159e <strong><a title=\"JI\u0158\u00cd VONDR\u00c1K\" href=\"https:\/\/www.klaunika.eu\/?page_id=1408\">Ji\u0159\u00edho Vondr\u00e1ka<\/a>\u00a0 <\/strong>(hradn\u00ed kaple)<\/p>\n<p><span style=\"color: #ff0000;\">18,30h<\/span> <a title=\"4 POD PE\u0158INOU\" href=\"https:\/\/www.klaunika.eu\/?page_id=1454\"><strong>4 pod pe\u0159inou<\/strong><\/a> \u2013 Pavel Kohout: <em>V\u00e1lka ve t\u0159et\u00edm poschod\u00ed<\/em><\/p>\n<p><span style=\"color: #ff0000;\">20,30h<\/span> <strong><a title=\"DON QUIJOTE DE LA mANCHA\" href=\"https:\/\/www.klaunika.eu\/?page_id=54\">Divadlo Klauniky<\/a> \u2013 <\/strong><em>Don Quijote de la mAncha<\/em><\/p>\n<p><span style=\"color: #ff0000;\">22,00h<\/span> Koncert teplick\u00e9 kapely <a title=\"DO HOSPODY DOBR\u00dd\" href=\"https:\/\/www.klaunika.eu\/?page_id=1458\"><strong>Do hospody Dobr\u00fd <\/strong><\/a><\/p>\n<p><strong><span style=\"text-decoration: underline;\">SOBOTA 27. SPRNA<\/span>:<br \/>\n<\/strong><\/p>\n<p><span style=\"color: #ff0000;\">17,30h<\/span> \u00a0Vernis\u00e1\u017e v\u00fdstavy <strong>Art-brut na tahu<\/strong><\/p>\n<p><span style=\"color: #ff0000;\">18,00h<\/span> \u00a0<a title=\"BOHNICK\u00c1 DIVADELN\u00cd SPOLE\u010cNOST\" href=\"https:\/\/www.klaunika.eu\/?page_id=1462\"><strong>Bohnick\u00e1 divadeln\u00ed spole\u010dnost <\/strong><\/a>\u2013 <em>Jeden den. Kabaret Ivan Blatn\u00fd. <\/em><\/p>\n<p><span style=\"color: #ff0000;\">20,00h<\/span> \u00a0<a title=\"ROZKO\u0160 BEZ RIZIKA\" href=\"https:\/\/www.klaunika.eu\/?page_id=1465\"><strong>Rozko\u0161 bez Rizika<\/strong><\/a> \u2013 <em>Tragedie na Mississippi<\/em><\/p>\n<p><span style=\"color: #ff0000;\">21,30h<\/span> \u00a0<a title=\"VELK\u00c9 MAL\u00c9 KABARETN\u00cd PANOPTIKUM\" href=\"https:\/\/www.klaunika.eu\/?page_id=1468\"><strong>Divadlo Klauniky <\/strong><\/a><em>Velk\u00e9 mal\u00e9 kabaretn\u00ed panoptikum <\/em><\/p>\n<address><span style=\"color: #ff0000;\">24,00h<\/span> \u00a0<em>Exhumaniza\u010dn\u00ed pochod za Jaroslava Ha\u0161ka <\/em><\/address>\n<p>Pokud nen\u00ed uvedeno jinak, zapo\u010d\u00edn\u00e1 se program v Divadeln\u00ed boud\u011b v amfite\u00e1tru pod hradem.<\/p>\n","protected":false},"excerpt":{"rendered":"<p>\u010cTVRTEK 25. SRPNA: 16,00h\u00a0 Zah\u00e1jen\u00ed a festivalov\u00fd pr\u016fvod 16,30h\u00a0 Pruhovan\u00e9 panenky \u2013 O t\u0159ech neposlu\u0161n\u00fdch k\u016fzl\u00e1tk\u00e1ch (hrad) 17,30h \u00a0D\u0159ina a pap\u00edr \u2013 Gilgame\u0161 19,00h\u00a0 DS ADIVADLO \u2013 Osam\u011bl\u00e9 ve\u010dery Dory N (hrad) 20,30h \u00a0Divadlo Klauniky &#8211; Voli\u010dsk\u00e1 kampa\u0148 Strany m\u00edrn\u00e9ho pokroku v\u00a0mez\u00edch z\u00e1kona tedy p\u0159\u00edrodn\u00edho 21,30h \u00a0Hudebn\u00ed uskupen\u00ed Benebend + Divadlo Klauniky &#8211; And\u011blsk\u00fd kabaret [&hellip;]<\/p>\n","protected":false},"author":1,"featured_media":1407,"parent":0,"menu_order":0,"comment_status":"closed","ping_status":"open","template":"","meta":{"footnotes":""},"class_list":["post-1375","page","type-page","status-publish","has-post-thumbnail","hentry"],"yoast_head":"<!-- This site is optimized with the Yoast SEO plugin v27.5 - https:\/\/yoast.com\/product\/yoast-seo-wordpress\/ -->\n<title>Quijotova \u0161edes\u00e1tka 2016 - DIVADLO KLAUNIKY BRNO<\/title>\n<meta name=\"robots\" content=\"index, follow, max-snippet:-1, max-image-preview:large, max-video-preview:-1\" \/>\n<link rel=\"canonical\" href=\"https:\/\/www.klaunika.eu\/?page_id=1375\" \/>\n<meta property=\"og:locale\" content=\"cs_CZ\" \/>\n<meta property=\"og:type\" content=\"article\" \/>\n<meta property=\"og:title\" content=\"Quijotova \u0161edes\u00e1tka 2016 - DIVADLO KLAUNIKY BRNO\" \/>\n<meta property=\"og:description\" content=\"\u010cTVRTEK 25. SRPNA: 16,00h\u00a0 Zah\u00e1jen\u00ed a festivalov\u00fd pr\u016fvod 16,30h\u00a0 Pruhovan\u00e9 panenky \u2013 O t\u0159ech neposlu\u0161n\u00fdch k\u016fzl\u00e1tk\u00e1ch (hrad) 17,30h \u00a0D\u0159ina a pap\u00edr \u2013 Gilgame\u0161 19,00h\u00a0 DS ADIVADLO \u2013 Osam\u011bl\u00e9 ve\u010dery Dory N (hrad) 20,30h \u00a0Divadlo Klauniky &#8211; Voli\u010dsk\u00e1 kampa\u0148 Strany m\u00edrn\u00e9ho pokroku v\u00a0mez\u00edch z\u00e1kona tedy p\u0159\u00edrodn\u00edho 21,30h \u00a0Hudebn\u00ed uskupen\u00ed Benebend + Divadlo Klauniky &#8211; And\u011blsk\u00fd kabaret [&hellip;]\" \/>\n<meta property=\"og:url\" content=\"https:\/\/www.klaunika.eu\/?page_id=1375\" \/>\n<meta property=\"og:site_name\" content=\"DIVADLO KLAUNIKY BRNO\" \/>\n<meta property=\"article:modified_time\" content=\"2022-08-17T14:33:18+00:00\" \/>\n<meta property=\"og:image\" content=\"https:\/\/www.klaunika.eu\/wp-content\/uploads\/2016\/05\/14101555_10207431536930752_1143334951_n.jpg\" \/>\n\t<meta property=\"og:image:width\" content=\"803\" \/>\n\t<meta property=\"og:image:height\" content=\"315\" \/>\n\t<meta property=\"og:image:type\" content=\"image\/jpeg\" \/>\n<meta name=\"twitter:card\" content=\"summary_large_image\" \/>\n<meta name=\"twitter:label1\" content=\"Odhadovan\u00e1 doba \u010dten\u00ed\" \/>\n\t<meta name=\"twitter:data1\" content=\"1 minuta\" \/>\n<script type=\"application\/ld+json\" class=\"yoast-schema-graph\">{\"@context\":\"https:\\\/\\\/schema.org\",\"@graph\":[{\"@type\":\"WebPage\",\"@id\":\"https:\\\/\\\/www.klaunika.eu\\\/?page_id=1375\",\"url\":\"https:\\\/\\\/www.klaunika.eu\\\/?page_id=1375\",\"name\":\"Quijotova \u0161edes\u00e1tka 2016 - DIVADLO KLAUNIKY BRNO\",\"isPartOf\":{\"@id\":\"https:\\\/\\\/www.klaunika.eu\\\/#website\"},\"primaryImageOfPage\":{\"@id\":\"https:\\\/\\\/www.klaunika.eu\\\/?page_id=1375#primaryimage\"},\"image\":{\"@id\":\"https:\\\/\\\/www.klaunika.eu\\\/?page_id=1375#primaryimage\"},\"thumbnailUrl\":\"https:\\\/\\\/www.klaunika.eu\\\/wp-content\\\/uploads\\\/2016\\\/05\\\/14101555_10207431536930752_1143334951_n.jpg\",\"datePublished\":\"2016-08-24T09:26:48+00:00\",\"dateModified\":\"2022-08-17T14:33:18+00:00\",\"breadcrumb\":{\"@id\":\"https:\\\/\\\/www.klaunika.eu\\\/?page_id=1375#breadcrumb\"},\"inLanguage\":\"cs\",\"potentialAction\":[{\"@type\":\"ReadAction\",\"target\":[\"https:\\\/\\\/www.klaunika.eu\\\/?page_id=1375\"]}]},{\"@type\":\"ImageObject\",\"inLanguage\":\"cs\",\"@id\":\"https:\\\/\\\/www.klaunika.eu\\\/?page_id=1375#primaryimage\",\"url\":\"https:\\\/\\\/www.klaunika.eu\\\/wp-content\\\/uploads\\\/2016\\\/05\\\/14101555_10207431536930752_1143334951_n.jpg\",\"contentUrl\":\"https:\\\/\\\/www.klaunika.eu\\\/wp-content\\\/uploads\\\/2016\\\/05\\\/14101555_10207431536930752_1143334951_n.jpg\",\"width\":803,\"height\":315},{\"@type\":\"BreadcrumbList\",\"@id\":\"https:\\\/\\\/www.klaunika.eu\\\/?page_id=1375#breadcrumb\",\"itemListElement\":[{\"@type\":\"ListItem\",\"position\":1,\"name\":\"Dom\u016f\",\"item\":\"https:\\\/\\\/www.klaunika.eu\\\/\"},{\"@type\":\"ListItem\",\"position\":2,\"name\":\"Quijotova \u0161edes\u00e1tka 2016\"}]},{\"@type\":\"WebSite\",\"@id\":\"https:\\\/\\\/www.klaunika.eu\\\/#website\",\"url\":\"https:\\\/\\\/www.klaunika.eu\\\/\",\"name\":\"DIVADLO KLAUNIKY BRNO\",\"description\":\"SOUKROM\u00c1 SC\u00c9NA HUMORU\",\"publisher\":{\"@id\":\"https:\\\/\\\/www.klaunika.eu\\\/#organization\"},\"potentialAction\":[{\"@type\":\"SearchAction\",\"target\":{\"@type\":\"EntryPoint\",\"urlTemplate\":\"https:\\\/\\\/www.klaunika.eu\\\/?s={search_term_string}\"},\"query-input\":{\"@type\":\"PropertyValueSpecification\",\"valueRequired\":true,\"valueName\":\"search_term_string\"}}],\"inLanguage\":\"cs\"},{\"@type\":\"Organization\",\"@id\":\"https:\\\/\\\/www.klaunika.eu\\\/#organization\",\"name\":\"DIVADLO KLAUNIKY BRNO\",\"url\":\"https:\\\/\\\/www.klaunika.eu\\\/\",\"logo\":{\"@type\":\"ImageObject\",\"inLanguage\":\"cs\",\"@id\":\"https:\\\/\\\/www.klaunika.eu\\\/#\\\/schema\\\/logo\\\/image\\\/\",\"url\":\"https:\\\/\\\/www.klaunika.eu\\\/wp-content\\\/uploads\\\/2021\\\/11\\\/cropped-cropped-PSX_20211123_210259.jpg\",\"contentUrl\":\"https:\\\/\\\/www.klaunika.eu\\\/wp-content\\\/uploads\\\/2021\\\/11\\\/cropped-cropped-PSX_20211123_210259.jpg\",\"width\":248,\"height\":248,\"caption\":\"DIVADLO KLAUNIKY BRNO\"},\"image\":{\"@id\":\"https:\\\/\\\/www.klaunika.eu\\\/#\\\/schema\\\/logo\\\/image\\\/\"}}]}<\/script>\n<!-- \/ Yoast SEO plugin. -->","yoast_head_json":{"title":"Quijotova \u0161edes\u00e1tka 2016 - DIVADLO KLAUNIKY BRNO","robots":{"index":"index","follow":"follow","max-snippet":"max-snippet:-1","max-image-preview":"max-image-preview:large","max-video-preview":"max-video-preview:-1"},"canonical":"https:\/\/www.klaunika.eu\/?page_id=1375","og_locale":"cs_CZ","og_type":"article","og_title":"Quijotova \u0161edes\u00e1tka 2016 - DIVADLO KLAUNIKY BRNO","og_description":"\u010cTVRTEK 25. SRPNA: 16,00h\u00a0 Zah\u00e1jen\u00ed a festivalov\u00fd pr\u016fvod 16,30h\u00a0 Pruhovan\u00e9 panenky \u2013 O t\u0159ech neposlu\u0161n\u00fdch k\u016fzl\u00e1tk\u00e1ch (hrad) 17,30h \u00a0D\u0159ina a pap\u00edr \u2013 Gilgame\u0161 19,00h\u00a0 DS ADIVADLO \u2013 Osam\u011bl\u00e9 ve\u010dery Dory N (hrad) 20,30h \u00a0Divadlo Klauniky &#8211; Voli\u010dsk\u00e1 kampa\u0148 Strany m\u00edrn\u00e9ho pokroku v\u00a0mez\u00edch z\u00e1kona tedy p\u0159\u00edrodn\u00edho 21,30h \u00a0Hudebn\u00ed uskupen\u00ed Benebend + Divadlo Klauniky &#8211; And\u011blsk\u00fd kabaret [&hellip;]","og_url":"https:\/\/www.klaunika.eu\/?page_id=1375","og_site_name":"DIVADLO KLAUNIKY BRNO","article_modified_time":"2022-08-17T14:33:18+00:00","og_image":[{"width":803,"height":315,"url":"https:\/\/www.klaunika.eu\/wp-content\/uploads\/2016\/05\/14101555_10207431536930752_1143334951_n.jpg","type":"image\/jpeg"}],"twitter_card":"summary_large_image","twitter_misc":{"Odhadovan\u00e1 doba \u010dten\u00ed":"1 minuta"},"schema":{"@context":"https:\/\/schema.org","@graph":[{"@type":"WebPage","@id":"https:\/\/www.klaunika.eu\/?page_id=1375","url":"https:\/\/www.klaunika.eu\/?page_id=1375","name":"Quijotova \u0161edes\u00e1tka 2016 - DIVADLO KLAUNIKY BRNO","isPartOf":{"@id":"https:\/\/www.klaunika.eu\/#website"},"primaryImageOfPage":{"@id":"https:\/\/www.klaunika.eu\/?page_id=1375#primaryimage"},"image":{"@id":"https:\/\/www.klaunika.eu\/?page_id=1375#primaryimage"},"thumbnailUrl":"https:\/\/www.klaunika.eu\/wp-content\/uploads\/2016\/05\/14101555_10207431536930752_1143334951_n.jpg","datePublished":"2016-08-24T09:26:48+00:00","dateModified":"2022-08-17T14:33:18+00:00","breadcrumb":{"@id":"https:\/\/www.klaunika.eu\/?page_id=1375#breadcrumb"},"inLanguage":"cs","potentialAction":[{"@type":"ReadAction","target":["https:\/\/www.klaunika.eu\/?page_id=1375"]}]},{"@type":"ImageObject","inLanguage":"cs","@id":"https:\/\/www.klaunika.eu\/?page_id=1375#primaryimage","url":"https:\/\/www.klaunika.eu\/wp-content\/uploads\/2016\/05\/14101555_10207431536930752_1143334951_n.jpg","contentUrl":"https:\/\/www.klaunika.eu\/wp-content\/uploads\/2016\/05\/14101555_10207431536930752_1143334951_n.jpg","width":803,"height":315},{"@type":"BreadcrumbList","@id":"https:\/\/www.klaunika.eu\/?page_id=1375#breadcrumb","itemListElement":[{"@type":"ListItem","position":1,"name":"Dom\u016f","item":"https:\/\/www.klaunika.eu\/"},{"@type":"ListItem","position":2,"name":"Quijotova \u0161edes\u00e1tka 2016"}]},{"@type":"WebSite","@id":"https:\/\/www.klaunika.eu\/#website","url":"https:\/\/www.klaunika.eu\/","name":"DIVADLO KLAUNIKY BRNO","description":"SOUKROM\u00c1 SC\u00c9NA HUMORU","publisher":{"@id":"https:\/\/www.klaunika.eu\/#organization"},"potentialAction":[{"@type":"SearchAction","target":{"@type":"EntryPoint","urlTemplate":"https:\/\/www.klaunika.eu\/?s={search_term_string}"},"query-input":{"@type":"PropertyValueSpecification","valueRequired":true,"valueName":"search_term_string"}}],"inLanguage":"cs"},{"@type":"Organization","@id":"https:\/\/www.klaunika.eu\/#organization","name":"DIVADLO KLAUNIKY BRNO","url":"https:\/\/www.klaunika.eu\/","logo":{"@type":"ImageObject","inLanguage":"cs","@id":"https:\/\/www.klaunika.eu\/#\/schema\/logo\/image\/","url":"https:\/\/www.klaunika.eu\/wp-content\/uploads\/2021\/11\/cropped-cropped-PSX_20211123_210259.jpg","contentUrl":"https:\/\/www.klaunika.eu\/wp-content\/uploads\/2021\/11\/cropped-cropped-PSX_20211123_210259.jpg","width":248,"height":248,"caption":"DIVADLO KLAUNIKY BRNO"},"image":{"@id":"https:\/\/www.klaunika.eu\/#\/schema\/logo\/image\/"}}]}},"_links":{"self":[{"href":"https:\/\/www.klaunika.eu\/index.php?rest_route=\/wp\/v2\/pages\/1375","targetHints":{"allow":["GET"]}}],"collection":[{"href":"https:\/\/www.klaunika.eu\/index.php?rest_route=\/wp\/v2\/pages"}],"about":[{"href":"https:\/\/www.klaunika.eu\/index.php?rest_route=\/wp\/v2\/types\/page"}],"author":[{"embeddable":true,"href":"https:\/\/www.klaunika.eu\/index.php?rest_route=\/wp\/v2\/users\/1"}],"replies":[{"embeddable":true,"href":"https:\/\/www.klaunika.eu\/index.php?rest_route=%2Fwp%2Fv2%2Fcomments&post=1375"}],"version-history":[{"count":19,"href":"https:\/\/www.klaunika.eu\/index.php?rest_route=\/wp\/v2\/pages\/1375\/revisions"}],"predecessor-version":[{"id":3281,"href":"https:\/\/www.klaunika.eu\/index.php?rest_route=\/wp\/v2\/pages\/1375\/revisions\/3281"}],"wp:featuredmedia":[{"embeddable":true,"href":"https:\/\/www.klaunika.eu\/index.php?rest_route=\/wp\/v2\/media\/1407"}],"wp:attachment":[{"href":"https:\/\/www.klaunika.eu\/index.php?rest_route=%2Fwp%2Fv2%2Fmedia&parent=1375"}],"curies":[{"name":"wp","href":"https:\/\/api.w.org\/{rel}","templated":true}]}}