{"id":1334,"date":"2016-06-19T11:58:03","date_gmt":"2016-06-19T09:58:03","guid":{"rendered":"http:\/\/www.klaunika.eu\/?page_id=1334"},"modified":"2025-10-19T19:31:45","modified_gmt":"2025-10-19T17:31:45","slug":"archiv","status":"publish","type":"page","link":"https:\/\/www.klaunika.eu\/?page_id=1334","title":{"rendered":"ARCHIV"},"content":{"rendered":"\t\t<div data-elementor-type=\"wp-page\" data-elementor-id=\"1334\" class=\"elementor elementor-1334\">\n\t\t\t\t\t\t<section class=\"elementor-section elementor-top-section elementor-element elementor-element-21ece7a0 elementor-section-boxed elementor-section-height-default elementor-section-height-default\" data-id=\"21ece7a0\" data-element_type=\"section\" data-e-type=\"section\">\n\t\t\t\t\t\t<div class=\"elementor-container elementor-column-gap-default\">\n\t\t\t\t\t<div class=\"elementor-column elementor-col-100 elementor-top-column elementor-element elementor-element-3bbd94be\" data-id=\"3bbd94be\" data-element_type=\"column\" data-e-type=\"column\">\n\t\t\t<div class=\"elementor-widget-wrap elementor-element-populated\">\n\t\t\t\t\t\t<div class=\"elementor-element elementor-element-67d9276e elementor-widget elementor-widget-text-editor\" data-id=\"67d9276e\" data-element_type=\"widget\" data-e-type=\"widget\" data-widget_type=\"text-editor.default\">\n\t\t\t\t<div class=\"elementor-widget-container\">\n\t\t\t\t\t\t\t\t\t<h6><a href=\"https:\/\/www.klaunika.eu\/?page_id=5396\">QUIJOTOVA \u0160EDES\u00c1TKA 2025<\/a><\/h6><h6><a href=\"https:\/\/www.klaunika.eu\/?page_id=4885\">quijotova \u0161edes\u00e1tka 2024<\/a><\/h6><h6><a href=\"https:\/\/www.klaunika.eu\/?page_id=4458\">Pocta Jaroslavu Ha\u0161kovi 2023<\/a><\/h6><h6><a href=\"https:\/\/www.klaunika.eu\/?page_id=3338\">QUIJOTOVA \u0160EDES\u00c1TKA 2022<\/a><\/h6><h6><a href=\"https:\/\/www.klaunika.eu\/?page_id=1933(otev\u0159e se na nov\u00e9 z\u00e1lo\u017ece)\" data-wplink-url-error=\"true\">QUIJOTOVA \u0160EDES\u00c1TKA 2021<\/a><\/h6><h6><a href=\"https:\/\/www.klaunika.eu\/?page_id=1903\">QUIJOTOVA \u0160EDES\u00c1TKA 2020<\/a><\/h6><h6><a href=\"https:\/\/www.klaunika.eu\/?page_id=1668\">QUIJOTOVA \u0160EDES\u00c1TKA 2019<\/a><\/h6><h6><a href=\"https:\/\/www.klaunika.eu\/?page_id=1624\">QUIJOTOVA \u0160EDES\u00c1TKA 2018<\/a><\/h6><h6><a title=\"QUIJOTOVA \u0160EDES\u00c1TKA 2017\" href=\"https:\/\/www.klaunika.eu\/?page_id=1607\">QUIJOTOVA \u0160EDES\u00c1TKA 2017<\/a><\/h6><h6><a title=\"QUIJOTOVA \u0160EDES\u00c1TKA 2016\" href=\"https:\/\/www.klaunika.eu\/?page_id=1277\">QUIJOTOVA \u0160EDES\u00c1TKA 2016<\/a><\/h6><h6><a title=\"QUIJOTOVA \u0160EDES\u00c1TKA 2015\" href=\"https:\/\/www.klaunika.eu\/?page_id=243\">QUIJOTOVA \u0160EDES\u00c1TKA 2015<\/a><\/h6><h6><a title=\"QUIJOTOVA \u0160EDES\u00c1TKA 2013\" href=\"https:\/\/www.klaunika.eu\/?page_id=245\">QUIJOTOVA \u0160EDES\u00c1TKA 2013<\/a><\/h6>\t\t\t\t\t\t\t\t<\/div>\n\t\t\t\t<\/div>\n\t\t\t\t\t<\/div>\n\t\t<\/div>\n\t\t\t\t\t<\/div>\n\t\t<\/section>\n\t\t\t\t<\/div>\n\t\t","protected":false},"excerpt":{"rendered":"<p>QUIJOTOVA \u0160EDES\u00c1TKA 2025 quijotova \u0161edes\u00e1tka 2024 Pocta Jaroslavu Ha\u0161kovi 2023 QUIJOTOVA \u0160EDES\u00c1TKA 2022 QUIJOTOVA \u0160EDES\u00c1TKA 2021 QUIJOTOVA \u0160EDES\u00c1TKA 2020 QUIJOTOVA \u0160EDES\u00c1TKA 2019 QUIJOTOVA \u0160EDES\u00c1TKA 2018 QUIJOTOVA \u0160EDES\u00c1TKA 2017 QUIJOTOVA \u0160EDES\u00c1TKA 2016 QUIJOTOVA \u0160EDES\u00c1TKA 2015 QUIJOTOVA \u0160EDES\u00c1TKA 2013<\/p>\n","protected":false},"author":1,"featured_media":644,"parent":0,"menu_order":0,"comment_status":"closed","ping_status":"open","template":"","meta":{"footnotes":""},"class_list":["post-1334","page","type-page","status-publish","has-post-thumbnail","hentry"],"yoast_head":"<!-- This site is optimized with the Yoast SEO plugin v27.5 - https:\/\/yoast.com\/product\/yoast-seo-wordpress\/ -->\n<title>ARCHIV - DIVADLO KLAUNIKY BRNO<\/title>\n<meta name=\"description\" content=\"Archiv vzpom\u00ednek na ro\u010dn\u00edky integra\u010dn\u00edho festivalu Quijotova \u0161edes\u00e1tka.\" \/>\n<meta name=\"robots\" content=\"index, follow, max-snippet:-1, max-image-preview:large, max-video-preview:-1\" \/>\n<link rel=\"canonical\" href=\"https:\/\/www.klaunika.eu\/?page_id=1334\" \/>\n<meta property=\"og:locale\" content=\"cs_CZ\" \/>\n<meta property=\"og:type\" content=\"article\" \/>\n<meta property=\"og:title\" content=\"ARCHIV - DIVADLO KLAUNIKY BRNO\" \/>\n<meta property=\"og:description\" content=\"Archiv vzpom\u00ednek na ro\u010dn\u00edky integra\u010dn\u00edho festivalu Quijotova \u0161edes\u00e1tka.\" \/>\n<meta property=\"og:url\" content=\"https:\/\/www.klaunika.eu\/?page_id=1334\" \/>\n<meta property=\"og:site_name\" content=\"DIVADLO KLAUNIKY BRNO\" \/>\n<meta property=\"article:modified_time\" content=\"2025-10-19T17:31:45+00:00\" \/>\n<meta property=\"og:image\" content=\"https:\/\/www.klaunika.eu\/wp-content\/uploads\/2015\/06\/11640355_10204828580258462_1950371715_o1.jpg\" \/>\n\t<meta property=\"og:image:width\" content=\"2048\" \/>\n\t<meta property=\"og:image:height\" content=\"1210\" \/>\n\t<meta property=\"og:image:type\" content=\"image\/jpeg\" \/>\n<meta name=\"twitter:card\" content=\"summary_large_image\" \/>\n<meta name=\"twitter:label1\" content=\"Odhadovan\u00e1 doba \u010dten\u00ed\" \/>\n\t<meta name=\"twitter:data1\" content=\"1 minuta\" \/>\n<script type=\"application\/ld+json\" class=\"yoast-schema-graph\">{\"@context\":\"https:\\\/\\\/schema.org\",\"@graph\":[{\"@type\":\"WebPage\",\"@id\":\"https:\\\/\\\/www.klaunika.eu\\\/?page_id=1334\",\"url\":\"https:\\\/\\\/www.klaunika.eu\\\/?page_id=1334\",\"name\":\"ARCHIV - DIVADLO KLAUNIKY BRNO\",\"isPartOf\":{\"@id\":\"https:\\\/\\\/www.klaunika.eu\\\/#website\"},\"primaryImageOfPage\":{\"@id\":\"https:\\\/\\\/www.klaunika.eu\\\/?page_id=1334#primaryimage\"},\"image\":{\"@id\":\"https:\\\/\\\/www.klaunika.eu\\\/?page_id=1334#primaryimage\"},\"thumbnailUrl\":\"https:\\\/\\\/www.klaunika.eu\\\/wp-content\\\/uploads\\\/2015\\\/06\\\/11640355_10204828580258462_1950371715_o1.jpg\",\"datePublished\":\"2016-06-19T09:58:03+00:00\",\"dateModified\":\"2025-10-19T17:31:45+00:00\",\"description\":\"Archiv vzpom\u00ednek na ro\u010dn\u00edky integra\u010dn\u00edho festivalu Quijotova \u0161edes\u00e1tka.\",\"breadcrumb\":{\"@id\":\"https:\\\/\\\/www.klaunika.eu\\\/?page_id=1334#breadcrumb\"},\"inLanguage\":\"cs\",\"potentialAction\":[{\"@type\":\"ReadAction\",\"target\":[\"https:\\\/\\\/www.klaunika.eu\\\/?page_id=1334\"]}]},{\"@type\":\"ImageObject\",\"inLanguage\":\"cs\",\"@id\":\"https:\\\/\\\/www.klaunika.eu\\\/?page_id=1334#primaryimage\",\"url\":\"https:\\\/\\\/www.klaunika.eu\\\/wp-content\\\/uploads\\\/2015\\\/06\\\/11640355_10204828580258462_1950371715_o1.jpg\",\"contentUrl\":\"https:\\\/\\\/www.klaunika.eu\\\/wp-content\\\/uploads\\\/2015\\\/06\\\/11640355_10204828580258462_1950371715_o1.jpg\",\"width\":2048,\"height\":1210},{\"@type\":\"BreadcrumbList\",\"@id\":\"https:\\\/\\\/www.klaunika.eu\\\/?page_id=1334#breadcrumb\",\"itemListElement\":[{\"@type\":\"ListItem\",\"position\":1,\"name\":\"Dom\u016f\",\"item\":\"https:\\\/\\\/www.klaunika.eu\\\/\"},{\"@type\":\"ListItem\",\"position\":2,\"name\":\"ARCHIV\"}]},{\"@type\":\"WebSite\",\"@id\":\"https:\\\/\\\/www.klaunika.eu\\\/#website\",\"url\":\"https:\\\/\\\/www.klaunika.eu\\\/\",\"name\":\"DIVADLO KLAUNIKY BRNO\",\"description\":\"SOUKROM\u00c1 SC\u00c9NA HUMORU\",\"publisher\":{\"@id\":\"https:\\\/\\\/www.klaunika.eu\\\/#organization\"},\"potentialAction\":[{\"@type\":\"SearchAction\",\"target\":{\"@type\":\"EntryPoint\",\"urlTemplate\":\"https:\\\/\\\/www.klaunika.eu\\\/?s={search_term_string}\"},\"query-input\":{\"@type\":\"PropertyValueSpecification\",\"valueRequired\":true,\"valueName\":\"search_term_string\"}}],\"inLanguage\":\"cs\"},{\"@type\":\"Organization\",\"@id\":\"https:\\\/\\\/www.klaunika.eu\\\/#organization\",\"name\":\"DIVADLO KLAUNIKY BRNO\",\"url\":\"https:\\\/\\\/www.klaunika.eu\\\/\",\"logo\":{\"@type\":\"ImageObject\",\"inLanguage\":\"cs\",\"@id\":\"https:\\\/\\\/www.klaunika.eu\\\/#\\\/schema\\\/logo\\\/image\\\/\",\"url\":\"https:\\\/\\\/www.klaunika.eu\\\/wp-content\\\/uploads\\\/2021\\\/11\\\/cropped-cropped-PSX_20211123_210259.jpg\",\"contentUrl\":\"https:\\\/\\\/www.klaunika.eu\\\/wp-content\\\/uploads\\\/2021\\\/11\\\/cropped-cropped-PSX_20211123_210259.jpg\",\"width\":248,\"height\":248,\"caption\":\"DIVADLO KLAUNIKY BRNO\"},\"image\":{\"@id\":\"https:\\\/\\\/www.klaunika.eu\\\/#\\\/schema\\\/logo\\\/image\\\/\"}}]}<\/script>\n<!-- \/ Yoast SEO plugin. -->","yoast_head_json":{"title":"ARCHIV - DIVADLO KLAUNIKY BRNO","description":"Archiv vzpom\u00ednek na ro\u010dn\u00edky integra\u010dn\u00edho festivalu Quijotova \u0161edes\u00e1tka.","robots":{"index":"index","follow":"follow","max-snippet":"max-snippet:-1","max-image-preview":"max-image-preview:large","max-video-preview":"max-video-preview:-1"},"canonical":"https:\/\/www.klaunika.eu\/?page_id=1334","og_locale":"cs_CZ","og_type":"article","og_title":"ARCHIV - DIVADLO KLAUNIKY BRNO","og_description":"Archiv vzpom\u00ednek na ro\u010dn\u00edky integra\u010dn\u00edho festivalu Quijotova \u0161edes\u00e1tka.","og_url":"https:\/\/www.klaunika.eu\/?page_id=1334","og_site_name":"DIVADLO KLAUNIKY BRNO","article_modified_time":"2025-10-19T17:31:45+00:00","og_image":[{"width":2048,"height":1210,"url":"https:\/\/www.klaunika.eu\/wp-content\/uploads\/2015\/06\/11640355_10204828580258462_1950371715_o1.jpg","type":"image\/jpeg"}],"twitter_card":"summary_large_image","twitter_misc":{"Odhadovan\u00e1 doba \u010dten\u00ed":"1 minuta"},"schema":{"@context":"https:\/\/schema.org","@graph":[{"@type":"WebPage","@id":"https:\/\/www.klaunika.eu\/?page_id=1334","url":"https:\/\/www.klaunika.eu\/?page_id=1334","name":"ARCHIV - DIVADLO KLAUNIKY BRNO","isPartOf":{"@id":"https:\/\/www.klaunika.eu\/#website"},"primaryImageOfPage":{"@id":"https:\/\/www.klaunika.eu\/?page_id=1334#primaryimage"},"image":{"@id":"https:\/\/www.klaunika.eu\/?page_id=1334#primaryimage"},"thumbnailUrl":"https:\/\/www.klaunika.eu\/wp-content\/uploads\/2015\/06\/11640355_10204828580258462_1950371715_o1.jpg","datePublished":"2016-06-19T09:58:03+00:00","dateModified":"2025-10-19T17:31:45+00:00","description":"Archiv vzpom\u00ednek na ro\u010dn\u00edky integra\u010dn\u00edho festivalu Quijotova \u0161edes\u00e1tka.","breadcrumb":{"@id":"https:\/\/www.klaunika.eu\/?page_id=1334#breadcrumb"},"inLanguage":"cs","potentialAction":[{"@type":"ReadAction","target":["https:\/\/www.klaunika.eu\/?page_id=1334"]}]},{"@type":"ImageObject","inLanguage":"cs","@id":"https:\/\/www.klaunika.eu\/?page_id=1334#primaryimage","url":"https:\/\/www.klaunika.eu\/wp-content\/uploads\/2015\/06\/11640355_10204828580258462_1950371715_o1.jpg","contentUrl":"https:\/\/www.klaunika.eu\/wp-content\/uploads\/2015\/06\/11640355_10204828580258462_1950371715_o1.jpg","width":2048,"height":1210},{"@type":"BreadcrumbList","@id":"https:\/\/www.klaunika.eu\/?page_id=1334#breadcrumb","itemListElement":[{"@type":"ListItem","position":1,"name":"Dom\u016f","item":"https:\/\/www.klaunika.eu\/"},{"@type":"ListItem","position":2,"name":"ARCHIV"}]},{"@type":"WebSite","@id":"https:\/\/www.klaunika.eu\/#website","url":"https:\/\/www.klaunika.eu\/","name":"DIVADLO KLAUNIKY BRNO","description":"SOUKROM\u00c1 SC\u00c9NA HUMORU","publisher":{"@id":"https:\/\/www.klaunika.eu\/#organization"},"potentialAction":[{"@type":"SearchAction","target":{"@type":"EntryPoint","urlTemplate":"https:\/\/www.klaunika.eu\/?s={search_term_string}"},"query-input":{"@type":"PropertyValueSpecification","valueRequired":true,"valueName":"search_term_string"}}],"inLanguage":"cs"},{"@type":"Organization","@id":"https:\/\/www.klaunika.eu\/#organization","name":"DIVADLO KLAUNIKY BRNO","url":"https:\/\/www.klaunika.eu\/","logo":{"@type":"ImageObject","inLanguage":"cs","@id":"https:\/\/www.klaunika.eu\/#\/schema\/logo\/image\/","url":"https:\/\/www.klaunika.eu\/wp-content\/uploads\/2021\/11\/cropped-cropped-PSX_20211123_210259.jpg","contentUrl":"https:\/\/www.klaunika.eu\/wp-content\/uploads\/2021\/11\/cropped-cropped-PSX_20211123_210259.jpg","width":248,"height":248,"caption":"DIVADLO KLAUNIKY BRNO"},"image":{"@id":"https:\/\/www.klaunika.eu\/#\/schema\/logo\/image\/"}}]}},"_links":{"self":[{"href":"https:\/\/www.klaunika.eu\/index.php?rest_route=\/wp\/v2\/pages\/1334","targetHints":{"allow":["GET"]}}],"collection":[{"href":"https:\/\/www.klaunika.eu\/index.php?rest_route=\/wp\/v2\/pages"}],"about":[{"href":"https:\/\/www.klaunika.eu\/index.php?rest_route=\/wp\/v2\/types\/page"}],"author":[{"embeddable":true,"href":"https:\/\/www.klaunika.eu\/index.php?rest_route=\/wp\/v2\/users\/1"}],"replies":[{"embeddable":true,"href":"https:\/\/www.klaunika.eu\/index.php?rest_route=%2Fwp%2Fv2%2Fcomments&post=1334"}],"version-history":[{"count":34,"href":"https:\/\/www.klaunika.eu\/index.php?rest_route=\/wp\/v2\/pages\/1334\/revisions"}],"predecessor-version":[{"id":5631,"href":"https:\/\/www.klaunika.eu\/index.php?rest_route=\/wp\/v2\/pages\/1334\/revisions\/5631"}],"wp:featuredmedia":[{"embeddable":true,"href":"https:\/\/www.klaunika.eu\/index.php?rest_route=\/wp\/v2\/media\/644"}],"wp:attachment":[{"href":"https:\/\/www.klaunika.eu\/index.php?rest_route=%2Fwp%2Fv2%2Fmedia&parent=1334"}],"curies":[{"name":"wp","href":"https:\/\/api.w.org\/{rel}","templated":true}]}}