{"id":1277,"date":"2016-05-26T16:31:05","date_gmt":"2016-05-26T14:31:05","guid":{"rendered":"http:\/\/www.klaunika.eu\/?page_id=1277"},"modified":"2023-05-27T20:56:14","modified_gmt":"2023-05-27T18:56:14","slug":"quijotova-sedesatka-2016","status":"publish","type":"page","link":"https:\/\/www.klaunika.eu\/?page_id=1277","title":{"rendered":"QUIJOTOVA \u0160EDES\u00c1TKA 2016"},"content":{"rendered":"<p style=\"text-align: center;\"><em><strong>III. RO\u010cN\u00cdK<\/strong><\/em><\/p>\n<p style=\"text-align: center;\"><strong>LIPNICE NAD S\u00c1ZAVOU<\/strong><\/p>\n<p style=\"text-align: center;\"><span style=\"color: #ff0000;\"><strong>25. SRPNA &#8211; 27. SRPNA 2016<\/strong><\/span><\/p>\n<p style=\"text-align: center;\"><a title=\"PROGRAM\" href=\"https:\/\/www.klaunika.eu\/?page_id=1375\">PROGRAM<\/a>\u00a0\u00a0\u00a0\u00a0\u00a0\u00a0\u00a0\u00a0\u00a0\u00a0\u00a0\u00a0\u00a0\u00a0\u00a0\u00a0\u00a0\u00a0\u00a0\u00a0\u00a0\u00a0\u00a0\u00a0\u00a0\u00a0\u00a0\u00a0\u00a0\u00a0\u00a0 <a title=\"PARTNE\u0158I FESTIVALU\" href=\"https:\/\/www.klaunika.eu\/?page_id=1429\">PARTNE\u0158I<\/a><\/p>\n<p style=\"text-align: justify;\">III. ro\u010dn\u00edk festivalu Quijotova \u0161edes\u00e1tka v Lipnici nad S\u00e1zavou se letos kon\u00e1 na sam\u00e9m sklonku letn\u00edch pr\u00e1zdnin, o posledn\u00edm srpnov\u00e9m v\u00edkendu: 25.-27. 8. 2016. Program festivalu se n\u00e1m letos roz\u0161\u00ed\u0159il na cel\u00e9 t\u0159i dny. Stejn\u011b jako v lo\u0148sk\u00e9m roce, z\u016fstane zachov\u00e1n integra\u010dn\u00ed r\u00e1z festivalu.<\/p>\n<p style=\"text-align: justify;\">Mezi pozvan\u00fdmi hosty jsou soci\u00e1ln\u00ed divadlo <strong>Rozko\u0161<\/strong> s obnovenou premi\u00e9rou inscenace <em>Trag\u00e9die na Mississippi<\/em>, d\u00e1le brn\u011bnsk\u00e9 uskupen\u00ed<strong> D\u0159ina a pap\u00edr<\/strong> s inscenac\u00ed <em>Gilgame\u0161<\/em>, v n\u00ed\u017e tituln\u00ed roli ztv\u00e1r\u0148uje student psychologie na voz\u00ed\u010dku. Objev\u00ed se tak\u00e9 soubor ze stacion\u00e1\u0159e <strong>Ok\u00fdnko<\/strong> z Mohelnice, pracuj\u00edc\u00ed s ment\u00e1ln\u011b posti\u017een\u00fdmi. I letos pozv\u00e1n\u00ed p\u0159ijala <strong>Bohnick\u00e1 divadeln\u00ed spole\u010dnost<\/strong>. Samoz\u0159ejm\u011b nebudou chyb\u011bt integra\u010dn\u00ed inscenace <strong>Divadla Klauniky<\/strong> \u2013 <em>Voli\u010dsk\u00e1 kampa\u0148 Strany m\u00edrn\u00e9ho pokroku v mez\u00edch z\u00e1kona, tedy p\u0159\u00edrodn\u00edho<\/em> a v p\u0159edpremi\u00e9\u0159e se p\u0159edstav\u00ed nov\u00e1 inscenace <em>Velk\u00e9 mal\u00e9 kabaretn\u00ed panoptikum<\/em>, v n\u00ed\u017e vedle ment\u00e1ln\u011b posti\u017een\u00fdch herc\u016f a profesion\u00e1ln\u00edch herc\u016f, \u00fa\u010dinkuj\u00ed tak\u00e9 zdrav\u00e9 d\u011bti.<\/p>\n<p style=\"text-align: justify;\">Sou\u010d\u00e1st\u00ed festivalu bude samoz\u0159ejm\u011b rovn\u011b\u017e tituln\u00ed <a title=\"DON QUIJOTE DE LA mANCHA\" href=\"https:\/\/www.klaunika.eu\/?page_id=54\">Don Quijote de la mAncha<\/a>, v leto\u0161n\u00edm roce se m\u016f\u017eete t\u011b\u0161it na jinou verzi t\u00e9to inscenace. Z p\u016fvodn\u011b \u010dty\u0159hodinov\u00e9ho kusu budou pro tento festival vybr\u00e1ny jin\u00e9 sc\u00e9ny.<\/p>\n<p style=\"text-align: justify;\">Z poloprofesion\u00e1ln\u00ed divadeln\u00ed sc\u00e9ny se p\u0159edstav\u00ed teplick\u00fd soubor <strong>4 pod pe\u0159inou<\/strong> a havl\u00ed\u010dkobrodsk\u00e9 <strong>ADIVADLO<\/strong>. Hudebn\u00ed \u010d\u00e1st festivalu zajist\u00ed chot\u011bbo\u0159sk\u00fd <strong>Benebend<\/strong> \u2013 kapela slo\u017een\u00e1 z ment\u00e1ln\u011b handicapovan\u00fdch muzikant\u016f a teplick\u00e9 uskupen\u00ed <strong>Do hospody dobr\u00fd<\/strong>. Op\u011bt vystoup\u00ed n\u00e1\u0161 mil\u00fd host\u00a0<strong>Jirka Vondr\u00e1k<\/strong>.<\/p>\n<p style=\"text-align: justify;\">Prob\u011bhne zde tak\u00e9 <strong>2x Art brut v\u00fdstava<\/strong> \u2013 libereck\u00fd mal\u00ed\u0159 <strong>Vojt\u011bch \u0160\u016fra<\/strong> (mal\u00ed\u0159 s poruchou autistick\u00e9ho spektra) bude vystavovat sv\u00e1 d\u00edla na lipnick\u00e9m hrad\u011b. Pod veden\u00edm mal\u00ed\u0159e <strong>Pavla Vagnera<\/strong> vznikla drobn\u00e1 d\u00edlka v r\u00e1mci workshopu pro ment\u00e1ln\u011b posti\u017een\u00e9 \u010dleny brn\u011bnsk\u00e9ho Divadla Klauniky \u2013 tato v\u00fdstava ponese n\u00e1zev <strong>Z jednoho tahu s poslanci<\/strong>.<\/p>\n<p style=\"text-align: justify;\">K d\u00edlu, jeho\u017e n\u00e1zev festival nese, se obrac\u00ed t\u0159et\u00ed (a rozhodn\u011b ne posledn\u00ed v \u0159ad\u011b) v\u00fdtvarn\u00e1 sekce leto\u0161n\u00edho ro\u010dn\u00edku festivalu, v\u00fdstava fotografick\u00fdch kol\u00e1\u017e\u00ed <strong>Kate\u0159iny Dubovcov\u00e9<\/strong>. Fotomont\u00e1\u017ee zachycuj\u00ed momenty z legend\u00e1rn\u00ed inscenace Divadla Klauniky a nech\u00e1vaj\u00ed je protnout se s d\u00edly Salvatora Dal\u00edho, kter\u00e1 jsou tak\u00e9 inspirov\u00e1na donquijotskou tematikou.<\/p>\n<p style=\"text-align: justify;\">Festival bude zah\u00e1jen Pr\u016fvodem masek, ma\u0161kar a ob\u0159\u00edch loutek, kter\u00fd bude proch\u00e1zet ulicemi Lipnice nad S\u00e1zavou, trasa se zapo\u010dne v amfite\u00e1tru pod hradem a bude pokra\u010dovat kolem Divadeln\u00edho domku a\u017e ke st\u0159edov\u011bk\u00e9mu hradu Lipnice nad S\u00e1zavou. Sou\u010d\u00e1st\u00ed festivalu je tak\u00e9 p\u016flno\u010dn\u00ed happening nazvan\u00fd Exhumaniza\u010dn\u00ed pochod za Jaroslava Ha\u0161ka.<\/p>\n<p><a href=\"https:\/\/kdfoto.rajce.idnes.cz\/Vernisaz_vystavy_-_hrad_Lipnice_nad_Sazavou\">-Fotky z vernis\u00e1\u017ee v\u00fdstavy-\u00a0<\/a><\/p>\n","protected":false},"excerpt":{"rendered":"<p>III. RO\u010cN\u00cdK LIPNICE NAD S\u00c1ZAVOU 25. SRPNA &#8211; 27. SRPNA 2016 PROGRAM\u00a0\u00a0\u00a0\u00a0\u00a0\u00a0\u00a0\u00a0\u00a0\u00a0\u00a0\u00a0\u00a0\u00a0\u00a0\u00a0\u00a0\u00a0\u00a0\u00a0\u00a0\u00a0\u00a0\u00a0\u00a0\u00a0\u00a0\u00a0\u00a0\u00a0\u00a0 PARTNE\u0158I III. ro\u010dn\u00edk festivalu Quijotova \u0161edes\u00e1tka v Lipnici nad S\u00e1zavou se letos kon\u00e1 na sam\u00e9m sklonku letn\u00edch pr\u00e1zdnin, o posledn\u00edm srpnov\u00e9m v\u00edkendu: 25.-27. 8. 2016. Program festivalu se n\u00e1m letos roz\u0161\u00ed\u0159il na cel\u00e9 t\u0159i dny. Stejn\u011b jako v lo\u0148sk\u00e9m roce, z\u016fstane zachov\u00e1n integra\u010dn\u00ed [&hellip;]<\/p>\n","protected":false},"author":1,"featured_media":1407,"parent":0,"menu_order":0,"comment_status":"closed","ping_status":"open","template":"","meta":{"footnotes":""},"class_list":["post-1277","page","type-page","status-publish","has-post-thumbnail","hentry"],"yoast_head":"<!-- This site is optimized with the Yoast SEO plugin v27.5 - https:\/\/yoast.com\/product\/yoast-seo-wordpress\/ -->\n<title>QUIJOTOVA \u0160EDES\u00c1TKA 2016 - DIVADLO KLAUNIKY BRNO<\/title>\n<meta name=\"robots\" content=\"index, follow, max-snippet:-1, max-image-preview:large, max-video-preview:-1\" \/>\n<link rel=\"canonical\" href=\"https:\/\/www.klaunika.eu\/?page_id=1277\" \/>\n<meta property=\"og:locale\" content=\"cs_CZ\" \/>\n<meta property=\"og:type\" content=\"article\" \/>\n<meta property=\"og:title\" content=\"QUIJOTOVA \u0160EDES\u00c1TKA 2016 - DIVADLO KLAUNIKY BRNO\" \/>\n<meta property=\"og:description\" content=\"III. RO\u010cN\u00cdK LIPNICE NAD S\u00c1ZAVOU 25. SRPNA &#8211; 27. SRPNA 2016 PROGRAM\u00a0\u00a0\u00a0\u00a0\u00a0\u00a0\u00a0\u00a0\u00a0\u00a0\u00a0\u00a0\u00a0\u00a0\u00a0\u00a0\u00a0\u00a0\u00a0\u00a0\u00a0\u00a0\u00a0\u00a0\u00a0\u00a0\u00a0\u00a0\u00a0\u00a0\u00a0 PARTNE\u0158I III. ro\u010dn\u00edk festivalu Quijotova \u0161edes\u00e1tka v Lipnici nad S\u00e1zavou se letos kon\u00e1 na sam\u00e9m sklonku letn\u00edch pr\u00e1zdnin, o posledn\u00edm srpnov\u00e9m v\u00edkendu: 25.-27. 8. 2016. Program festivalu se n\u00e1m letos roz\u0161\u00ed\u0159il na cel\u00e9 t\u0159i dny. Stejn\u011b jako v lo\u0148sk\u00e9m roce, z\u016fstane zachov\u00e1n integra\u010dn\u00ed [&hellip;]\" \/>\n<meta property=\"og:url\" content=\"https:\/\/www.klaunika.eu\/?page_id=1277\" \/>\n<meta property=\"og:site_name\" content=\"DIVADLO KLAUNIKY BRNO\" \/>\n<meta property=\"article:modified_time\" content=\"2023-05-27T18:56:14+00:00\" \/>\n<meta property=\"og:image\" content=\"https:\/\/www.klaunika.eu\/wp-content\/uploads\/2016\/05\/14101555_10207431536930752_1143334951_n.jpg\" \/>\n\t<meta property=\"og:image:width\" content=\"803\" \/>\n\t<meta property=\"og:image:height\" content=\"315\" \/>\n\t<meta property=\"og:image:type\" content=\"image\/jpeg\" \/>\n<meta name=\"twitter:card\" content=\"summary_large_image\" \/>\n<meta name=\"twitter:label1\" content=\"Odhadovan\u00e1 doba \u010dten\u00ed\" \/>\n\t<meta name=\"twitter:data1\" content=\"3 minuty\" \/>\n<script type=\"application\/ld+json\" class=\"yoast-schema-graph\">{\"@context\":\"https:\\\/\\\/schema.org\",\"@graph\":[{\"@type\":\"WebPage\",\"@id\":\"https:\\\/\\\/www.klaunika.eu\\\/?page_id=1277\",\"url\":\"https:\\\/\\\/www.klaunika.eu\\\/?page_id=1277\",\"name\":\"QUIJOTOVA \u0160EDES\u00c1TKA 2016 - DIVADLO KLAUNIKY BRNO\",\"isPartOf\":{\"@id\":\"https:\\\/\\\/www.klaunika.eu\\\/#website\"},\"primaryImageOfPage\":{\"@id\":\"https:\\\/\\\/www.klaunika.eu\\\/?page_id=1277#primaryimage\"},\"image\":{\"@id\":\"https:\\\/\\\/www.klaunika.eu\\\/?page_id=1277#primaryimage\"},\"thumbnailUrl\":\"https:\\\/\\\/www.klaunika.eu\\\/wp-content\\\/uploads\\\/2016\\\/05\\\/14101555_10207431536930752_1143334951_n.jpg\",\"datePublished\":\"2016-05-26T14:31:05+00:00\",\"dateModified\":\"2023-05-27T18:56:14+00:00\",\"breadcrumb\":{\"@id\":\"https:\\\/\\\/www.klaunika.eu\\\/?page_id=1277#breadcrumb\"},\"inLanguage\":\"cs\",\"potentialAction\":[{\"@type\":\"ReadAction\",\"target\":[\"https:\\\/\\\/www.klaunika.eu\\\/?page_id=1277\"]}]},{\"@type\":\"ImageObject\",\"inLanguage\":\"cs\",\"@id\":\"https:\\\/\\\/www.klaunika.eu\\\/?page_id=1277#primaryimage\",\"url\":\"https:\\\/\\\/www.klaunika.eu\\\/wp-content\\\/uploads\\\/2016\\\/05\\\/14101555_10207431536930752_1143334951_n.jpg\",\"contentUrl\":\"https:\\\/\\\/www.klaunika.eu\\\/wp-content\\\/uploads\\\/2016\\\/05\\\/14101555_10207431536930752_1143334951_n.jpg\",\"width\":803,\"height\":315},{\"@type\":\"BreadcrumbList\",\"@id\":\"https:\\\/\\\/www.klaunika.eu\\\/?page_id=1277#breadcrumb\",\"itemListElement\":[{\"@type\":\"ListItem\",\"position\":1,\"name\":\"Dom\u016f\",\"item\":\"https:\\\/\\\/www.klaunika.eu\\\/\"},{\"@type\":\"ListItem\",\"position\":2,\"name\":\"QUIJOTOVA \u0160EDES\u00c1TKA 2016\"}]},{\"@type\":\"WebSite\",\"@id\":\"https:\\\/\\\/www.klaunika.eu\\\/#website\",\"url\":\"https:\\\/\\\/www.klaunika.eu\\\/\",\"name\":\"DIVADLO KLAUNIKY BRNO\",\"description\":\"SOUKROM\u00c1 SC\u00c9NA HUMORU\",\"publisher\":{\"@id\":\"https:\\\/\\\/www.klaunika.eu\\\/#organization\"},\"potentialAction\":[{\"@type\":\"SearchAction\",\"target\":{\"@type\":\"EntryPoint\",\"urlTemplate\":\"https:\\\/\\\/www.klaunika.eu\\\/?s={search_term_string}\"},\"query-input\":{\"@type\":\"PropertyValueSpecification\",\"valueRequired\":true,\"valueName\":\"search_term_string\"}}],\"inLanguage\":\"cs\"},{\"@type\":\"Organization\",\"@id\":\"https:\\\/\\\/www.klaunika.eu\\\/#organization\",\"name\":\"DIVADLO KLAUNIKY BRNO\",\"url\":\"https:\\\/\\\/www.klaunika.eu\\\/\",\"logo\":{\"@type\":\"ImageObject\",\"inLanguage\":\"cs\",\"@id\":\"https:\\\/\\\/www.klaunika.eu\\\/#\\\/schema\\\/logo\\\/image\\\/\",\"url\":\"https:\\\/\\\/www.klaunika.eu\\\/wp-content\\\/uploads\\\/2021\\\/11\\\/cropped-cropped-PSX_20211123_210259.jpg\",\"contentUrl\":\"https:\\\/\\\/www.klaunika.eu\\\/wp-content\\\/uploads\\\/2021\\\/11\\\/cropped-cropped-PSX_20211123_210259.jpg\",\"width\":248,\"height\":248,\"caption\":\"DIVADLO KLAUNIKY BRNO\"},\"image\":{\"@id\":\"https:\\\/\\\/www.klaunika.eu\\\/#\\\/schema\\\/logo\\\/image\\\/\"}}]}<\/script>\n<!-- \/ Yoast SEO plugin. -->","yoast_head_json":{"title":"QUIJOTOVA \u0160EDES\u00c1TKA 2016 - DIVADLO KLAUNIKY BRNO","robots":{"index":"index","follow":"follow","max-snippet":"max-snippet:-1","max-image-preview":"max-image-preview:large","max-video-preview":"max-video-preview:-1"},"canonical":"https:\/\/www.klaunika.eu\/?page_id=1277","og_locale":"cs_CZ","og_type":"article","og_title":"QUIJOTOVA \u0160EDES\u00c1TKA 2016 - DIVADLO KLAUNIKY BRNO","og_description":"III. RO\u010cN\u00cdK LIPNICE NAD S\u00c1ZAVOU 25. SRPNA &#8211; 27. SRPNA 2016 PROGRAM\u00a0\u00a0\u00a0\u00a0\u00a0\u00a0\u00a0\u00a0\u00a0\u00a0\u00a0\u00a0\u00a0\u00a0\u00a0\u00a0\u00a0\u00a0\u00a0\u00a0\u00a0\u00a0\u00a0\u00a0\u00a0\u00a0\u00a0\u00a0\u00a0\u00a0\u00a0 PARTNE\u0158I III. ro\u010dn\u00edk festivalu Quijotova \u0161edes\u00e1tka v Lipnici nad S\u00e1zavou se letos kon\u00e1 na sam\u00e9m sklonku letn\u00edch pr\u00e1zdnin, o posledn\u00edm srpnov\u00e9m v\u00edkendu: 25.-27. 8. 2016. Program festivalu se n\u00e1m letos roz\u0161\u00ed\u0159il na cel\u00e9 t\u0159i dny. Stejn\u011b jako v lo\u0148sk\u00e9m roce, z\u016fstane zachov\u00e1n integra\u010dn\u00ed [&hellip;]","og_url":"https:\/\/www.klaunika.eu\/?page_id=1277","og_site_name":"DIVADLO KLAUNIKY BRNO","article_modified_time":"2023-05-27T18:56:14+00:00","og_image":[{"width":803,"height":315,"url":"https:\/\/www.klaunika.eu\/wp-content\/uploads\/2016\/05\/14101555_10207431536930752_1143334951_n.jpg","type":"image\/jpeg"}],"twitter_card":"summary_large_image","twitter_misc":{"Odhadovan\u00e1 doba \u010dten\u00ed":"3 minuty"},"schema":{"@context":"https:\/\/schema.org","@graph":[{"@type":"WebPage","@id":"https:\/\/www.klaunika.eu\/?page_id=1277","url":"https:\/\/www.klaunika.eu\/?page_id=1277","name":"QUIJOTOVA \u0160EDES\u00c1TKA 2016 - DIVADLO KLAUNIKY BRNO","isPartOf":{"@id":"https:\/\/www.klaunika.eu\/#website"},"primaryImageOfPage":{"@id":"https:\/\/www.klaunika.eu\/?page_id=1277#primaryimage"},"image":{"@id":"https:\/\/www.klaunika.eu\/?page_id=1277#primaryimage"},"thumbnailUrl":"https:\/\/www.klaunika.eu\/wp-content\/uploads\/2016\/05\/14101555_10207431536930752_1143334951_n.jpg","datePublished":"2016-05-26T14:31:05+00:00","dateModified":"2023-05-27T18:56:14+00:00","breadcrumb":{"@id":"https:\/\/www.klaunika.eu\/?page_id=1277#breadcrumb"},"inLanguage":"cs","potentialAction":[{"@type":"ReadAction","target":["https:\/\/www.klaunika.eu\/?page_id=1277"]}]},{"@type":"ImageObject","inLanguage":"cs","@id":"https:\/\/www.klaunika.eu\/?page_id=1277#primaryimage","url":"https:\/\/www.klaunika.eu\/wp-content\/uploads\/2016\/05\/14101555_10207431536930752_1143334951_n.jpg","contentUrl":"https:\/\/www.klaunika.eu\/wp-content\/uploads\/2016\/05\/14101555_10207431536930752_1143334951_n.jpg","width":803,"height":315},{"@type":"BreadcrumbList","@id":"https:\/\/www.klaunika.eu\/?page_id=1277#breadcrumb","itemListElement":[{"@type":"ListItem","position":1,"name":"Dom\u016f","item":"https:\/\/www.klaunika.eu\/"},{"@type":"ListItem","position":2,"name":"QUIJOTOVA \u0160EDES\u00c1TKA 2016"}]},{"@type":"WebSite","@id":"https:\/\/www.klaunika.eu\/#website","url":"https:\/\/www.klaunika.eu\/","name":"DIVADLO KLAUNIKY BRNO","description":"SOUKROM\u00c1 SC\u00c9NA HUMORU","publisher":{"@id":"https:\/\/www.klaunika.eu\/#organization"},"potentialAction":[{"@type":"SearchAction","target":{"@type":"EntryPoint","urlTemplate":"https:\/\/www.klaunika.eu\/?s={search_term_string}"},"query-input":{"@type":"PropertyValueSpecification","valueRequired":true,"valueName":"search_term_string"}}],"inLanguage":"cs"},{"@type":"Organization","@id":"https:\/\/www.klaunika.eu\/#organization","name":"DIVADLO KLAUNIKY BRNO","url":"https:\/\/www.klaunika.eu\/","logo":{"@type":"ImageObject","inLanguage":"cs","@id":"https:\/\/www.klaunika.eu\/#\/schema\/logo\/image\/","url":"https:\/\/www.klaunika.eu\/wp-content\/uploads\/2021\/11\/cropped-cropped-PSX_20211123_210259.jpg","contentUrl":"https:\/\/www.klaunika.eu\/wp-content\/uploads\/2021\/11\/cropped-cropped-PSX_20211123_210259.jpg","width":248,"height":248,"caption":"DIVADLO KLAUNIKY BRNO"},"image":{"@id":"https:\/\/www.klaunika.eu\/#\/schema\/logo\/image\/"}}]}},"_links":{"self":[{"href":"https:\/\/www.klaunika.eu\/index.php?rest_route=\/wp\/v2\/pages\/1277","targetHints":{"allow":["GET"]}}],"collection":[{"href":"https:\/\/www.klaunika.eu\/index.php?rest_route=\/wp\/v2\/pages"}],"about":[{"href":"https:\/\/www.klaunika.eu\/index.php?rest_route=\/wp\/v2\/types\/page"}],"author":[{"embeddable":true,"href":"https:\/\/www.klaunika.eu\/index.php?rest_route=\/wp\/v2\/users\/1"}],"replies":[{"embeddable":true,"href":"https:\/\/www.klaunika.eu\/index.php?rest_route=%2Fwp%2Fv2%2Fcomments&post=1277"}],"version-history":[{"count":7,"href":"https:\/\/www.klaunika.eu\/index.php?rest_route=\/wp\/v2\/pages\/1277\/revisions"}],"predecessor-version":[{"id":4127,"href":"https:\/\/www.klaunika.eu\/index.php?rest_route=\/wp\/v2\/pages\/1277\/revisions\/4127"}],"wp:featuredmedia":[{"embeddable":true,"href":"https:\/\/www.klaunika.eu\/index.php?rest_route=\/wp\/v2\/media\/1407"}],"wp:attachment":[{"href":"https:\/\/www.klaunika.eu\/index.php?rest_route=%2Fwp%2Fv2%2Fmedia&parent=1277"}],"curies":[{"name":"wp","href":"https:\/\/api.w.org\/{rel}","templated":true}]}}