{"id":102,"date":"2015-06-01T12:08:00","date_gmt":"2015-06-01T10:08:00","guid":{"rendered":"http:\/\/www.klaunika.eu\/?page_id=102"},"modified":"2026-03-07T17:27:58","modified_gmt":"2026-03-07T16:27:58","slug":"clenove-divadla","status":"publish","type":"page","link":"https:\/\/www.klaunika.eu\/?page_id=102","title":{"rendered":"\u010cLENOV\u00c9 DIVADLA"},"content":{"rendered":"\t\t<div data-elementor-type=\"wp-page\" data-elementor-id=\"102\" class=\"elementor elementor-102\">\n\t\t\t\t\t\t<section class=\"elementor-section elementor-top-section elementor-element elementor-element-31ec792e elementor-section-boxed elementor-section-height-default elementor-section-height-default\" data-id=\"31ec792e\" data-element_type=\"section\" data-e-type=\"section\">\n\t\t\t\t\t\t<div class=\"elementor-container elementor-column-gap-default\">\n\t\t\t\t\t<div class=\"elementor-column elementor-col-100 elementor-top-column elementor-element elementor-element-628b3144\" data-id=\"628b3144\" data-element_type=\"column\" data-e-type=\"column\">\n\t\t\t<div class=\"elementor-widget-wrap elementor-element-populated\">\n\t\t\t\t\t\t<div class=\"elementor-element elementor-element-258209b9 elementor-widget elementor-widget-text-editor\" data-id=\"258209b9\" data-element_type=\"widget\" data-e-type=\"widget\" data-widget_type=\"text-editor.default\">\n\t\t\t\t<div class=\"elementor-widget-container\">\n\t\t\t\t\t\t\t\t\t<p style=\"text-align: center;\"><strong>ZDEN\u011aK MAZ\u00c1\u010c<\/strong><\/p><p style=\"text-align: center;\"><a href=\"https:\/\/www.klaunika.eu\/wp-content\/uploads\/2015\/07\/zdenalkruh.jpg\"><img fetchpriority=\"high\" decoding=\"async\" class=\"aligncenter\" src=\"https:\/\/www.klaunika.eu\/wp-content\/uploads\/2015\/07\/zdenalkruh-300x253.jpg\" alt=\"zdenalkruh\" width=\"300\" height=\"253\" \/><\/a><\/p><ul><li>Re\u017eis\u00e9r, autor, ne-herec<\/li><li>Princip\u00e1l divadla, duchovn\u00ed otec klaunick\u00fdch divadeln\u00edch my\u0161lenek.<\/li><li>Jeho re\u017eijn\u00edm debutem byla inscenace Mro\u017ckov\u00fdch <em>Emigrant\u016f<\/em>, kterou v\u0161ak cenzura nakonec zak\u00e1zala.<\/li><li>V\u00e1\u0161niv\u00fd anim\u00e1tor kultury.<\/li><li>Milovn\u00edk \u0160vejka a v prav\u00e9m smyslu nositel Ha\u0161kova odkazu &#8211; humoru, provokace a mystifikac\u00ed.<\/li><li>Ideolog <em>Strany m\u00edrn\u00e9ho pokroku v mez\u00edch z\u00e1kona tedy p\u0159\u00edrodn\u00edho.<\/em><\/li><li>Zanechal po sob\u011b p\u011bt d\u011bt\u00ed a t\u0159i vnou\u010data.<\/li><li>Opustil n\u00e1s v prosinci 2024<br \/><hr \/><\/li><\/ul><p style=\"text-align: center;\"><strong>ZDEN\u011aK KOR\u010cI\u00c1N<\/strong><\/p><p style=\"text-align: center;\"><a href=\"https:\/\/www.klaunika.eu\/wp-content\/uploads\/2015\/07\/kor\u010dakruh.jpg\"><img decoding=\"async\" class=\"aligncenter\" src=\"https:\/\/www.klaunika.eu\/wp-content\/uploads\/2015\/07\/kor\u010dakruh-244x300.jpg\" alt=\"kor\u010dakruh\" width=\"244\" height=\"300\" \/><\/a><\/p><ul><li>\u00a0Autor, gagman, herec.<\/li><li>Dr. \u017e\u00e1k Bolka Pol\u00edvky<\/li><li>Svoje \u017e\u00e1kovstv\u00ed zapo\u010dal v 80. letech minul\u00e9ho stolet\u00ed minul\u00e9ho tis\u00edcilet\u00ed. Od t\u00e9 doby m\u00e1 za sebou stovky repr\u00edz u n\u00e1s i v zahrani\u010d\u00ed<br \/>v nej\u00fasp\u011b\u0161n\u011bj\u0161\u00edm autorsk\u00e9m divadeln\u00edm p\u0159edstaven\u00ed Divadla Klauniky Brno &#8211; <em>Don Quijote de la Mancha<\/em> v roli Sancho Panzy, kter\u00e9 Boleslav Pol\u00edvka re\u017eijn\u011b vedl.<\/li><li>Po boku sv\u00e9ho u\u010ditele hr\u00e1l tak\u00e9 v jeho p\u0159edstaven\u00ed <em>Don Quijote, Mickey Mouse a ti druz\u00ed<\/em> v roli re\u017eis\u00e9ra Vetch\u00e9ho.<\/li><li>Dodnes vystupuje ve vlastn\u00ed autorsk\u00e9 h\u0159e <em>Nesly\u0161iteln\u00fd \u0159ev um\u011bn\u00ed.<\/em><\/li><li style=\"text-align: left;\">V sou\u010dasn\u00e9 dob\u011b funguje tak\u00e9 jako penzionista v Horn\u00ed Lipov\u00e9, kde V\u00e1s v\u017edy r\u00e1d uv\u00edt\u00e1 ve sv\u00e9m <a href=\"http:\/\/penzionheligon.cz\/\">Dom\u011b u ospal\u00e9ho helig\u00f3nu<\/a>.<br \/><hr \/><\/li><\/ul><p style=\"text-align: center;\"><strong>MONIKA MAZ\u00c1\u010cOV\u00c1 (HOMOLOV\u00c1)<\/strong><\/p><p style=\"text-align: center;\"><a href=\"https:\/\/www.klaunika.eu\/wp-content\/uploads\/2015\/07\/moni-kruh.jpg\"><img decoding=\"async\" class=\"aligncenter\" src=\"https:\/\/www.klaunika.eu\/wp-content\/uploads\/2015\/07\/moni-kruh-300x296.jpg\" alt=\"moni kruh\" width=\"300\" height=\"296\" \/><\/a><\/p><ul><li>Here\u010dka, \u0161\u00e9fmana\u017e\u00e9rka a produk\u010dn\u00ed, teatroterapeut.<\/li><li>Jej\u00ed odborn\u00e9 specializace jsou dramatick\u00e1 v\u00fdchova a speci\u00e1ln\u00ed pedagogika.<\/li><li>Od d\u011btstv\u00ed se anga\u017eovala v dramatick\u00fdch krou\u017ec\u00edch, n\u00e1sledn\u011b byla \u010dlenem n\u011bkolika amat\u00e9rsk\u00fdch soubor\u016f.<\/li><li>Hr\u00e1vala na bic\u00ed, nyn\u00ed se v\u00edce v\u011bnuje zp\u011bvu.<\/li><li>Hrd\u00e1 majitelka a state\u010dn\u00e1 hoteli\u00e9rka na <a href=\"http:\/\/penzionlipuvka.eu\">Penzionu Lip\u016fvka<\/a>, kde m\u00e1 sv\u016fj person\u00e1l v\u017edy pod palcem.<\/li><li>Je\u0161t\u011b hrd\u011bj\u0161\u00ed matka dvou d\u011bt\u00ed.<\/li><li>D\u00e1le je majitelkou jednoho psa, dvou ko\u010dek a v n\u00e1jmu m\u00edv\u00e1 dv\u011b ovce\u00a0 a jednoho pon\u00edka.<br \/><hr \/><\/li><\/ul><p style=\"text-align: center;\"><strong>ZUZANA PER\u016eTKOV\u00c1<\/strong><\/p><p style=\"text-align: center;\"><a href=\"https:\/\/www.klaunika.eu\/wp-content\/uploads\/2015\/07\/zuzakruh.jpg\"><img loading=\"lazy\" decoding=\"async\" class=\"aligncenter\" src=\"https:\/\/www.klaunika.eu\/wp-content\/uploads\/2015\/07\/zuzakruh-300x225.jpg\" alt=\"zuzakruh\" width=\"300\" height=\"225\" \/><\/a><\/p><ul><li>Ne-here\u010dka, produk\u010dn\u00ed, dramaturgick\u00e9 oko.<\/li><li>Teatrolog.<\/li><li>Teatroterapeut.<\/li><li>Od teorie plynule p\u0159e\u0161la k praxi. Od \u010desk\u00e9ho kabaretu k dramatice\u00a0 \u00a0 \u00a0 \u00a0 o holocaustu. Od teatroterapie k dramatick\u00e9 v\u00fdchov\u011b.<\/li><li>Dlouhodob\u011b rekonstruuje byt.<\/li><li>Chov\u00e1 l\u00edtou zv\u011b\u0159, mezi jej\u00ed nejv\u011bt\u0161\u00ed krotitelsk\u00e9 \u00fasp\u011bchy pat\u0159\u00ed Antonie.<br \/><hr \/><\/li><\/ul><p style=\"text-align: center;\"><strong>LIBU\u0160E PE\u010cENKOV\u00c1<\/strong><\/p><p><img loading=\"lazy\" decoding=\"async\" class=\"aligncenter\" src=\"https:\/\/www.klaunika.eu\/wp-content\/uploads\/2024\/07\/na-WEB-Klauniky-1-1024x894.jpg\" alt=\"\" width=\"400\" height=\"349\" \/><\/p><ul style=\"font-size: 18px; text-align: left; letter-spacing: -0.3px;\"><li>Produk\u010dn\u00ed se specializac\u00ed na realizaci divadeln\u00edch p\u0159edstaven\u00ed <br \/>v kuri\u00f3zn\u00edch vesni\u010dk\u00e1ch.<\/li><li style=\"text-align: left;\">Divadeln\u00ed el\u00e9vka a tv\u016fr\u010d\u00ed grafi\u010dka.<\/li><li>T\u00e9\u017e asistentka poslanc\u016f Strany &#8211; sepisuje <em><a href=\"https:\/\/www.klaunika.eu\/?page_id=2329\">Kroniku odposlech\u016f<\/a> Strany m\u00edrn\u00e9ho pokroku v mez\u00edch z\u00e1kona, tedy p\u0159\u00edrodn\u00edho.<\/em><\/li><li>Ned\u00e1vno vystudovala Management v kultu\u0159e.<\/li><li>\u0158\u00e1dn\u00fd \u010dlen Divadla Klauniky p\u0159edev\u0161\u00edm d\u00edky inscenaci \u00a0<a href=\"https:\/\/www.klaunika.eu\/?page_id=2030\">DonDon \u0160ajn<\/a>.<\/li><\/ul><hr \/><div><p style=\"font-size: 18px; text-align: center; letter-spacing: -0.3px;\"><strong style=\"font-size: inherit; letter-spacing: -0.3px;\">MARCELA V\u00cdTKOV\u00c1<\/strong><span style=\"font-size: inherit; letter-spacing: -0.3px;\">\u00a0<\/span><\/p><\/div><p style=\"text-align: center;\"><a href=\"https:\/\/www.klaunika.eu\/wp-content\/uploads\/2015\/07\/marsikruh.jpg\"><img loading=\"lazy\" decoding=\"async\" class=\"aligncenter\" src=\"https:\/\/www.klaunika.eu\/wp-content\/uploads\/2015\/07\/marsikruh-300x271.jpg\" alt=\"marsikruh\" width=\"300\" height=\"271\" \/><\/a><\/p><ul><li style=\"list-style-type: none;\"><ul><li>Here\u010dka, kabareti\u00e9rka, teatroterapeut.<\/li><li>Absolventka tane\u010dn\u00ed konzervato\u0159e.<\/li><li>V\u00edce se prosadila v klaunick\u00e9m pokusu o erotodrama <em>Gruppenstisku<\/em>, kde vystupovala v rou\u0161e Evin\u011b.<\/li><li>Jej\u00ed v\u00fdtvarn\u00e9 vlohy ji p\u0159ivedly k pr\u00e1ci s pap\u00edrem, pletivem a s\u00e1drou.<\/li><li>Sta\u010dila b\u00fdti topi\u010dem tuh\u00fdch paliv, barmankou, om\u00fdva\u010dkou v\u00fdloh, p\u00edsmomal\u00ed\u0159kou\u2026etc.<\/li><li>Po obdob\u00ed str\u00e1ven\u00e9m v zahrani\u010d\u00ed, vr\u00e1tila se do rodn\u00e9ho Brna\u00a0 a stala se \u0159\u00e1dnou \u010dlenkou Divadla Klauniky, kterou je podnes a \u00fa\u010dastn\u00ed se s t\u00edmto souborem rozli\u010dn\u00fdch kulturn\u00edch i jinak prosp\u011b\u0161n\u00fdch akc\u00ed.<\/li><li>Nyn\u00ed pob\u00fdv\u00e1 v obci M\u00edrovka (Friedenau) u Havl\u00ed\u010dkova Brodu, kde chov\u00e1 p\u00e1rek Pomo\u0159ansk\u00fdch hus\u00ed a piln\u011b se cvi\u010d\u00ed ve zp\u011bvu<\/li><\/ul><\/li><\/ul><hr \/><p style=\"text-align: center;\"><strong>\u00a0<\/strong><\/p><p style=\"text-align: center;\"><strong>LIBU\u0160E KVA\u0160N\u00c1<\/strong><\/p><p style=\"text-align: center;\"><a href=\"https:\/\/www.klaunika.eu\/wp-content\/uploads\/2015\/06\/libikruh.jpg\"><img loading=\"lazy\" decoding=\"async\" class=\"aligncenter\" src=\"https:\/\/www.klaunika.eu\/wp-content\/uploads\/2015\/06\/libikruh-300x198.jpg\" alt=\"libikruh\" width=\"300\" height=\"198\" \/><\/a><\/p><ul><li>Here\u010dka, zp\u011bva\u010dka, choreografka a pedago\u017eka v jedn\u00e9 osob\u011b.<\/li><li>Tak\u00e9 teatroterapeut.<\/li><li>Dlouholet\u00e1 v\u00fdznamn\u00e1 \u010dlenka folkl\u00f3rn\u00edho souboru Ostravica.<\/li><li>V Brn\u011b se pod\u00edlela na mno\u017estv\u00ed divadeln\u00edch projekt\u016f spolu se studenty JAMU.<\/li><li>N\u011bkdej\u0161\u00ed \u010dlenka D\u011btsk\u00e9ho studia Divadla Husa na prov\u00e1zku.<\/li><li>Ze zv\u00ed\u0159at vlastn\u00ed pouze jednoho Sysla.<\/li><\/ul>\t\t\t\t\t\t\t\t<\/div>\n\t\t\t\t<\/div>\n\t\t\t\t\t<\/div>\n\t\t<\/div>\n\t\t\t\t\t<\/div>\n\t\t<\/section>\n\t\t\t\t<\/div>\n\t\t","protected":false},"excerpt":{"rendered":"<p>ZDEN\u011aK MAZ\u00c1\u010c Re\u017eis\u00e9r, autor, ne-herec Princip\u00e1l divadla, duchovn\u00ed otec klaunick\u00fdch divadeln\u00edch my\u0161lenek. Jeho re\u017eijn\u00edm debutem byla inscenace Mro\u017ckov\u00fdch Emigrant\u016f, kterou v\u0161ak cenzura nakonec zak\u00e1zala. V\u00e1\u0161niv\u00fd anim\u00e1tor kultury. Milovn\u00edk \u0160vejka a v prav\u00e9m smyslu nositel Ha\u0161kova odkazu &#8211; humoru, provokace a mystifikac\u00ed. Ideolog Strany m\u00edrn\u00e9ho pokroku v mez\u00edch z\u00e1kona tedy p\u0159\u00edrodn\u00edho. Zanechal po sob\u011b p\u011bt d\u011bt\u00ed [&hellip;]<\/p>\n","protected":false},"author":1,"featured_media":0,"parent":0,"menu_order":0,"comment_status":"closed","ping_status":"open","template":"","meta":{"footnotes":""},"class_list":["post-102","page","type-page","status-publish","hentry"],"yoast_head":"<!-- This site is optimized with the Yoast SEO plugin v27.4 - https:\/\/yoast.com\/product\/yoast-seo-wordpress\/ -->\n<title>\u010cLENOV\u00c9 DIVADLA - DIVADLO KLAUNIKY BRNO<\/title>\n<meta name=\"description\" content=\"\u010clenov\u00e9 Divadla Klauniky Brno\" \/>\n<meta name=\"robots\" content=\"index, follow, max-snippet:-1, max-image-preview:large, max-video-preview:-1\" \/>\n<link rel=\"canonical\" href=\"https:\/\/www.klaunika.eu\/?page_id=102\" \/>\n<meta property=\"og:locale\" content=\"cs_CZ\" \/>\n<meta property=\"og:type\" content=\"article\" \/>\n<meta property=\"og:title\" content=\"\u010cLENOV\u00c9 DIVADLA - DIVADLO KLAUNIKY BRNO\" \/>\n<meta property=\"og:description\" content=\"\u010clenov\u00e9 Divadla Klauniky Brno\" \/>\n<meta property=\"og:url\" content=\"https:\/\/www.klaunika.eu\/?page_id=102\" \/>\n<meta property=\"og:site_name\" content=\"DIVADLO KLAUNIKY BRNO\" \/>\n<meta property=\"article:modified_time\" content=\"2026-03-07T16:27:58+00:00\" \/>\n<meta property=\"og:image\" content=\"http:\/\/www.klaunika.eu\/wp-content\/uploads\/2015\/07\/zdenalkruh-300x253.jpg\" \/>\n<meta name=\"twitter:card\" content=\"summary_large_image\" \/>\n<meta name=\"twitter:label1\" content=\"Odhadovan\u00e1 doba \u010dten\u00ed\" \/>\n\t<meta name=\"twitter:data1\" content=\"4 minuty\" \/>\n<script type=\"application\/ld+json\" class=\"yoast-schema-graph\">{\"@context\":\"https:\\\/\\\/schema.org\",\"@graph\":[{\"@type\":\"WebPage\",\"@id\":\"https:\\\/\\\/www.klaunika.eu\\\/?page_id=102\",\"url\":\"https:\\\/\\\/www.klaunika.eu\\\/?page_id=102\",\"name\":\"\u010cLENOV\u00c9 DIVADLA - DIVADLO KLAUNIKY BRNO\",\"isPartOf\":{\"@id\":\"https:\\\/\\\/www.klaunika.eu\\\/#website\"},\"primaryImageOfPage\":{\"@id\":\"https:\\\/\\\/www.klaunika.eu\\\/?page_id=102#primaryimage\"},\"image\":{\"@id\":\"https:\\\/\\\/www.klaunika.eu\\\/?page_id=102#primaryimage\"},\"thumbnailUrl\":\"http:\\\/\\\/www.klaunika.eu\\\/wp-content\\\/uploads\\\/2015\\\/07\\\/zdenalkruh-300x253.jpg\",\"datePublished\":\"2015-06-01T10:08:00+00:00\",\"dateModified\":\"2026-03-07T16:27:58+00:00\",\"description\":\"\u010clenov\u00e9 Divadla Klauniky Brno\",\"breadcrumb\":{\"@id\":\"https:\\\/\\\/www.klaunika.eu\\\/?page_id=102#breadcrumb\"},\"inLanguage\":\"cs\",\"potentialAction\":[{\"@type\":\"ReadAction\",\"target\":[\"https:\\\/\\\/www.klaunika.eu\\\/?page_id=102\"]}]},{\"@type\":\"ImageObject\",\"inLanguage\":\"cs\",\"@id\":\"https:\\\/\\\/www.klaunika.eu\\\/?page_id=102#primaryimage\",\"url\":\"http:\\\/\\\/www.klaunika.eu\\\/wp-content\\\/uploads\\\/2015\\\/07\\\/zdenalkruh-300x253.jpg\",\"contentUrl\":\"http:\\\/\\\/www.klaunika.eu\\\/wp-content\\\/uploads\\\/2015\\\/07\\\/zdenalkruh-300x253.jpg\"},{\"@type\":\"BreadcrumbList\",\"@id\":\"https:\\\/\\\/www.klaunika.eu\\\/?page_id=102#breadcrumb\",\"itemListElement\":[{\"@type\":\"ListItem\",\"position\":1,\"name\":\"Dom\u016f\",\"item\":\"https:\\\/\\\/www.klaunika.eu\\\/\"},{\"@type\":\"ListItem\",\"position\":2,\"name\":\"\u010cLENOV\u00c9 DIVADLA\"}]},{\"@type\":\"WebSite\",\"@id\":\"https:\\\/\\\/www.klaunika.eu\\\/#website\",\"url\":\"https:\\\/\\\/www.klaunika.eu\\\/\",\"name\":\"DIVADLO KLAUNIKY BRNO\",\"description\":\"SOUKROM\u00c1 SC\u00c9NA HUMORU\",\"publisher\":{\"@id\":\"https:\\\/\\\/www.klaunika.eu\\\/#organization\"},\"potentialAction\":[{\"@type\":\"SearchAction\",\"target\":{\"@type\":\"EntryPoint\",\"urlTemplate\":\"https:\\\/\\\/www.klaunika.eu\\\/?s={search_term_string}\"},\"query-input\":{\"@type\":\"PropertyValueSpecification\",\"valueRequired\":true,\"valueName\":\"search_term_string\"}}],\"inLanguage\":\"cs\"},{\"@type\":\"Organization\",\"@id\":\"https:\\\/\\\/www.klaunika.eu\\\/#organization\",\"name\":\"DIVADLO KLAUNIKY BRNO\",\"url\":\"https:\\\/\\\/www.klaunika.eu\\\/\",\"logo\":{\"@type\":\"ImageObject\",\"inLanguage\":\"cs\",\"@id\":\"https:\\\/\\\/www.klaunika.eu\\\/#\\\/schema\\\/logo\\\/image\\\/\",\"url\":\"https:\\\/\\\/www.klaunika.eu\\\/wp-content\\\/uploads\\\/2021\\\/11\\\/cropped-cropped-PSX_20211123_210259.jpg\",\"contentUrl\":\"https:\\\/\\\/www.klaunika.eu\\\/wp-content\\\/uploads\\\/2021\\\/11\\\/cropped-cropped-PSX_20211123_210259.jpg\",\"width\":248,\"height\":248,\"caption\":\"DIVADLO KLAUNIKY BRNO\"},\"image\":{\"@id\":\"https:\\\/\\\/www.klaunika.eu\\\/#\\\/schema\\\/logo\\\/image\\\/\"}}]}<\/script>\n<!-- \/ Yoast SEO plugin. -->","yoast_head_json":{"title":"\u010cLENOV\u00c9 DIVADLA - DIVADLO KLAUNIKY BRNO","description":"\u010clenov\u00e9 Divadla Klauniky Brno","robots":{"index":"index","follow":"follow","max-snippet":"max-snippet:-1","max-image-preview":"max-image-preview:large","max-video-preview":"max-video-preview:-1"},"canonical":"https:\/\/www.klaunika.eu\/?page_id=102","og_locale":"cs_CZ","og_type":"article","og_title":"\u010cLENOV\u00c9 DIVADLA - DIVADLO KLAUNIKY BRNO","og_description":"\u010clenov\u00e9 Divadla Klauniky Brno","og_url":"https:\/\/www.klaunika.eu\/?page_id=102","og_site_name":"DIVADLO KLAUNIKY BRNO","article_modified_time":"2026-03-07T16:27:58+00:00","og_image":[{"url":"http:\/\/www.klaunika.eu\/wp-content\/uploads\/2015\/07\/zdenalkruh-300x253.jpg","type":"","width":"","height":""}],"twitter_card":"summary_large_image","twitter_misc":{"Odhadovan\u00e1 doba \u010dten\u00ed":"4 minuty"},"schema":{"@context":"https:\/\/schema.org","@graph":[{"@type":"WebPage","@id":"https:\/\/www.klaunika.eu\/?page_id=102","url":"https:\/\/www.klaunika.eu\/?page_id=102","name":"\u010cLENOV\u00c9 DIVADLA - DIVADLO KLAUNIKY BRNO","isPartOf":{"@id":"https:\/\/www.klaunika.eu\/#website"},"primaryImageOfPage":{"@id":"https:\/\/www.klaunika.eu\/?page_id=102#primaryimage"},"image":{"@id":"https:\/\/www.klaunika.eu\/?page_id=102#primaryimage"},"thumbnailUrl":"http:\/\/www.klaunika.eu\/wp-content\/uploads\/2015\/07\/zdenalkruh-300x253.jpg","datePublished":"2015-06-01T10:08:00+00:00","dateModified":"2026-03-07T16:27:58+00:00","description":"\u010clenov\u00e9 Divadla Klauniky Brno","breadcrumb":{"@id":"https:\/\/www.klaunika.eu\/?page_id=102#breadcrumb"},"inLanguage":"cs","potentialAction":[{"@type":"ReadAction","target":["https:\/\/www.klaunika.eu\/?page_id=102"]}]},{"@type":"ImageObject","inLanguage":"cs","@id":"https:\/\/www.klaunika.eu\/?page_id=102#primaryimage","url":"http:\/\/www.klaunika.eu\/wp-content\/uploads\/2015\/07\/zdenalkruh-300x253.jpg","contentUrl":"http:\/\/www.klaunika.eu\/wp-content\/uploads\/2015\/07\/zdenalkruh-300x253.jpg"},{"@type":"BreadcrumbList","@id":"https:\/\/www.klaunika.eu\/?page_id=102#breadcrumb","itemListElement":[{"@type":"ListItem","position":1,"name":"Dom\u016f","item":"https:\/\/www.klaunika.eu\/"},{"@type":"ListItem","position":2,"name":"\u010cLENOV\u00c9 DIVADLA"}]},{"@type":"WebSite","@id":"https:\/\/www.klaunika.eu\/#website","url":"https:\/\/www.klaunika.eu\/","name":"DIVADLO KLAUNIKY BRNO","description":"SOUKROM\u00c1 SC\u00c9NA HUMORU","publisher":{"@id":"https:\/\/www.klaunika.eu\/#organization"},"potentialAction":[{"@type":"SearchAction","target":{"@type":"EntryPoint","urlTemplate":"https:\/\/www.klaunika.eu\/?s={search_term_string}"},"query-input":{"@type":"PropertyValueSpecification","valueRequired":true,"valueName":"search_term_string"}}],"inLanguage":"cs"},{"@type":"Organization","@id":"https:\/\/www.klaunika.eu\/#organization","name":"DIVADLO KLAUNIKY BRNO","url":"https:\/\/www.klaunika.eu\/","logo":{"@type":"ImageObject","inLanguage":"cs","@id":"https:\/\/www.klaunika.eu\/#\/schema\/logo\/image\/","url":"https:\/\/www.klaunika.eu\/wp-content\/uploads\/2021\/11\/cropped-cropped-PSX_20211123_210259.jpg","contentUrl":"https:\/\/www.klaunika.eu\/wp-content\/uploads\/2021\/11\/cropped-cropped-PSX_20211123_210259.jpg","width":248,"height":248,"caption":"DIVADLO KLAUNIKY BRNO"},"image":{"@id":"https:\/\/www.klaunika.eu\/#\/schema\/logo\/image\/"}}]}},"_links":{"self":[{"href":"https:\/\/www.klaunika.eu\/index.php?rest_route=\/wp\/v2\/pages\/102","targetHints":{"allow":["GET"]}}],"collection":[{"href":"https:\/\/www.klaunika.eu\/index.php?rest_route=\/wp\/v2\/pages"}],"about":[{"href":"https:\/\/www.klaunika.eu\/index.php?rest_route=\/wp\/v2\/types\/page"}],"author":[{"embeddable":true,"href":"https:\/\/www.klaunika.eu\/index.php?rest_route=\/wp\/v2\/users\/1"}],"replies":[{"embeddable":true,"href":"https:\/\/www.klaunika.eu\/index.php?rest_route=%2Fwp%2Fv2%2Fcomments&post=102"}],"version-history":[{"count":56,"href":"https:\/\/www.klaunika.eu\/index.php?rest_route=\/wp\/v2\/pages\/102\/revisions"}],"predecessor-version":[{"id":5923,"href":"https:\/\/www.klaunika.eu\/index.php?rest_route=\/wp\/v2\/pages\/102\/revisions\/5923"}],"wp:attachment":[{"href":"https:\/\/www.klaunika.eu\/index.php?rest_route=%2Fwp%2Fv2%2Fmedia&parent=102"}],"curies":[{"name":"wp","href":"https:\/\/api.w.org\/{rel}","templated":true}]}}